{"id":7791,"date":"2025-04-04T07:56:43","date_gmt":"2025-04-04T07:56:43","guid":{"rendered":"https:\/\/fmp-components.com\/?post_type=product&#038;p=7791"},"modified":"2025-04-04T08:14:26","modified_gmt":"2025-04-04T08:14:26","slug":"ring-gear-for-aerospace-and-satellite","status":"publish","type":"product","link":"https:\/\/fmp-components.com\/fr\/product\/ring-gear-for-aerospace-and-satellite\/","title":{"rendered":"Couronne dent\u00e9e pour l&#039;a\u00e9rospatiale et les satellites"},"content":{"rendered":"<p>UN <a href=\"https:\/\/fmp-components.com\/fr\/ring-gear\/\">couronne dent\u00e9e<\/a> Con\u00e7ue pour les applications a\u00e9rospatiales et satellitaires, cette denture interne de pr\u00e9cision pr\u00e9sente g\u00e9n\u00e9ralement un profil de dent en d\u00e9veloppante sur la surface int\u00e9rieure d'une bague cylindrique l\u00e9g\u00e8re et r\u00e9sistante. Elle joue un r\u00f4le essentiel dans les syst\u00e8mes d'engrenages plan\u00e9taires, assurant un couple \u00e9lev\u00e9 et une transmission de puissance fiable, tout en respectant les contraintes strictes de taille et de poids propres \u00e0 l'environnement a\u00e9rospatial. Fabriqu\u00e9e \u00e0 partir de mat\u00e9riaux de pointe comme le titane ou des alliages \u00e0 haute r\u00e9sistance, elle garantit un rapport r\u00e9sistance\/poids exceptionnel et une excellente r\u00e9sistance aux temp\u00e9ratures et vibrations extr\u00eames. Cette denture permet un engr\u00e8nement fluide et efficace avec les engrenages plan\u00e9taires, assurant des fonctions critiques telles que les m\u00e9canismes de positionnement des satellites ou les syst\u00e8mes d'actionnement des a\u00e9ronefs, o\u00f9 la pr\u00e9cision et la fiabilit\u00e9 sont primordiales.<\/p>\n<h2>Sp\u00e9cifications de la couronne dent\u00e9e<\/h2>\n<table border=\"1\">\n<tbody>\n<tr>\n<td>Utiliser<\/td>\n<td>Les couronnes dent\u00e9es sont fr\u00e9quemment utilis\u00e9es dans les applications a\u00e9rospatiales et satellitaires ou dans toute situation o\u00f9 il est n\u00e9cessaire de convertir un couple.<\/td>\n<\/tr>\n<tr>\n<td>Nombre de dents<\/td>\n<td>Jusqu'\u00e0 197 dents sont disponibles<\/td>\n<\/tr>\n<tr>\n<td>Angle de pression<\/td>\n<td>Des angles de pression de 14, 20 et 25 degr\u00e9s sont disponibles.<\/td>\n<\/tr>\n<tr>\n<td>\u00c9paisseur<\/td>\n<td>Ouvrir jusqu'\u00e0 1.<\/td>\n<\/tr>\n<tr>\n<td>DP \u2013 Pas diam\u00e9tral<\/td>\n<td>Jusqu'\u00e0 250+ DP<\/td>\n<\/tr>\n<tr>\n<td>diam\u00e8tre int\u00e9rieur<\/td>\n<td>Ouvrir jusqu'\u00e0 48.<\/td>\n<\/tr>\n<tr>\n<td>diam\u00e8tre ext\u00e9rieur<\/td>\n<td>Disponible avec un diam\u00e8tre ext\u00e9rieur d'engrenage allant de 0,05\u2033 \u00e0 30\u2033<\/td>\n<\/tr>\n<tr>\n<td>Contr\u00f4le de qualit\u00e9<\/td>\n<td>Conforme aux exigences g\u00e9n\u00e9rales de contr\u00f4le de la qualit\u00e9 militaire comme suit : MIL-I-45208A, MIL-STD-45662A, conforme \u00e0 la norme ISO 9001:2000 et certification des dispositifs m\u00e9dicaux ISO 13485 en cours.<\/td>\n<\/tr>\n<tr>\n<td>Applications<\/td>\n<td>Nous nous sp\u00e9cialisons dans la fourniture d'engrenages annulaires aux industries satellitaires, militaires et a\u00e9rospatiales.<\/td>\n<\/tr>\n<tr>\n<td>Quantit\u00e9s<\/td>\n<td>10+<\/td>\n<\/tr>\n<tr>\n<td>D\u00e9lai de mise en \u0153uvre<\/td>\n<td>Le d\u00e9lai de livraison moyen pour les commandes de couronnes dent\u00e9es est de quatre semaines.<\/td>\n<\/tr>\n<tr>\n<td>Formats de dessin pr\u00e9f\u00e9r\u00e9s<\/td>\n<td>Nous pr\u00e9f\u00e9rons recevoir les fichiers CAO de vos conceptions au format DXF.<\/td>\n<\/tr>\n<\/tbody>\n<\/table>\n<h2>Capacit\u00e9s<\/h2>\n<table border=\"1\">\n<tbody>\n<tr>\n<td>Industries<\/td>\n<td>Engrenages a\u00e9rospatiaux<br \/>\n\u00c9quipements de d\u00e9fense<br \/>\nEngrenages gouvernementaux<br \/>\nEngrenages industrielsEngrenages d'instrumentation<br \/>\nEngrenages pour dispositifs m\u00e9dicaux<br \/>\n\u00c9quipements militaires<br \/>\nEngrenages pour l'industrie p\u00e9troli\u00e8re et gazi\u00e8re<\/td>\n<\/tr>\n<tr>\n<td>Mat\u00e9riels<\/td>\n<td>Acier<br \/>\nAcier inoxydable 303<br \/>\nAcier inoxydable 17-4<br \/>\nAcier inoxydable trait\u00e9 thermiquement 440<br \/>\nAcier au carbone<br \/>\nacier inoxydable chrom\u00e9<br \/>\nAcier au chrome<br \/>\nAcier au chrome-molybd\u00e8ne<br \/>\nAcier au chrome-molybd\u00e8ne-vanadium<br \/>\nAcier au chrome-vanadium<br \/>\nAcier \u00e0 haute r\u00e9sistance (Impact\u2122, MicroTec\u00ae, WHS-100\u2122)<br \/>\nAcier haute temp\u00e9rature<br \/>\nAcier au mangan\u00e8se Acier au molybd\u00e8ne<br \/>\nAcier au nickel-chrome<br \/>\nAcier au nickel-chrome-molybd\u00e8ne<br \/>\nAcier au nickel-molybd\u00e8ne<br \/>\nAcier au silicium-mangan\u00e8se<br \/>\nAcier \u00e0 roulement sp\u00e9cial<br \/>\nAluminium<br \/>\nFonte<br \/>\nBronze<br \/>\nPlastique<br \/>\nAVEC<br \/>\nNylon<br \/>\nDelrin<\/td>\n<\/tr>\n<tr>\n<td>Normes<\/td>\n<td>Capable de r\u00e9pondre au niveau de qualit\u00e9 AGMA 12 pour tous les engrenages (Pr\u00e9cision 3), ANSI\/AGMA 2001. Engrenages pour dispositifs m\u00e9dicaux, engrenages a\u00e9rospatiaux sur mesure, engrenages robotiques sur mesure, fournisseur d'engrenages sur mesure.<\/td>\n<\/tr>\n<\/tbody>\n<\/table>\n<h2>Caract\u00e9ristiques de la couronne dent\u00e9e<\/h2>\n<div>\n<p class=\"break-words\" dir=\"auto\">Une couronne dent\u00e9e, souvent une roue dent\u00e9e interne, est constitu\u00e9e de dents taill\u00e9es sur la surface int\u00e9rieure d'un anneau cylindrique, g\u00e9n\u00e9ralement selon un profil en d\u00e9veloppante, pour un engr\u00e8nement fluide et efficace avec des roues dent\u00e9es externes, comme les plan\u00e9taires d'un syst\u00e8me plan\u00e9taire. Cette conception assure un rapport de vitesse angulaire constant et une r\u00e9partition optimale de la charge sur les dents, am\u00e9liorant ainsi la durabilit\u00e9 et les performances. Son orientation interne lui permet d'entourer les roues dent\u00e9es en prise, offrant une combinaison unique de compacit\u00e9 et de robustesse, adapt\u00e9e \u00e0 divers syst\u00e8mes m\u00e9caniques.<\/p>\n<p class=\"break-words\" dir=\"auto\">Le grand diam\u00e8tre et la g\u00e9om\u00e9trie concave des dents de la couronne dent\u00e9e permettent une transmission de couple \u00e9lev\u00e9e et des rapports de r\u00e9duction importants, ce qui en fait un composant essentiel pour les applications n\u00e9cessitant de la puissance dans des espaces restreints. Elle tourne dans le m\u00eame sens que les engrenages qui la composent, simplifiant ainsi la dynamique des mouvements dans des syst\u00e8mes tels que les r\u00e9ducteurs plan\u00e9taires. Souvent fabriqu\u00e9e avec un profil d\u00e9cal\u00e9 pour \u00e9viter les interf\u00e9rences et renforcer la denture, elle excelle dans les applications \u00e0 fortes charges, des diff\u00e9rentiels automobiles aux machines industrielles.<\/p>\n<p class=\"break-words\" dir=\"auto\">La fabrication d'une couronne dent\u00e9e fait g\u00e9n\u00e9ralement appel au taillage par g\u00e9n\u00e9ration plut\u00f4t qu'au taillage par fraise-m\u00e8re, en raison de sa structure interne. Cette m\u00e9thode exige une grande pr\u00e9cision afin de garantir des tol\u00e9rances serr\u00e9es et d'\u00e9viter les probl\u00e8mes d'engr\u00e8nement. Les mat\u00e9riaux utilis\u00e9s varient, de l'acier pour les applications courantes aux alliages l\u00e9gers pour les applications sp\u00e9cifiques, offrant ainsi un bon compromis entre r\u00e9sistance et poids. Sa polyvalence, sa fiabilit\u00e9 et sa capacit\u00e9 \u00e0 supporter des charges complexes en font un outil indispensable dans de nombreux secteurs, notamment l'a\u00e9rospatiale, l'automobile et la robotique.<\/p>\n<\/div>","protected":false},"excerpt":{"rendered":"<p>A ring gear designed for aerospace and satellite applications is a precision-engineered internal gear, typically featuring an involute tooth profile on the inner surface of a lightweight, durable cylindrical ring. It plays a critical role in planetary gear systems, providing high torque and reliable power transmission within the stringent size and weight constraints of aerospace [&hellip;]<\/p>","protected":false},"featured_media":4644,"comment_status":"open","ping_status":"closed","template":"","meta":{"_et_pb_use_builder":"","_et_pb_old_content":"","_et_gb_content_width":""},"product_brand":[],"product_cat":[114],"product_tag":[],"class_list":{"0":"post-7791","1":"product","2":"type-product","3":"status-publish","4":"has-post-thumbnail","6":"product_cat-ring-gear","8":"first","9":"instock","10":"shipping-taxable","11":"product-type-simple"},"_links":{"self":[{"href":"https:\/\/fmp-components.com\/fr\/wp-json\/wp\/v2\/product\/7791","targetHints":{"allow":["GET"]}}],"collection":[{"href":"https:\/\/fmp-components.com\/fr\/wp-json\/wp\/v2\/product"}],"about":[{"href":"https:\/\/fmp-components.com\/fr\/wp-json\/wp\/v2\/types\/product"}],"replies":[{"embeddable":true,"href":"https:\/\/fmp-components.com\/fr\/wp-json\/wp\/v2\/comments?post=7791"}],"wp:featuredmedia":[{"embeddable":true,"href":"https:\/\/fmp-components.com\/fr\/wp-json\/wp\/v2\/media\/4644"}],"wp:attachment":[{"href":"https:\/\/fmp-components.com\/fr\/wp-json\/wp\/v2\/media?parent=7791"}],"wp:term":[{"taxonomy":"product_brand","embeddable":true,"href":"https:\/\/fmp-components.com\/fr\/wp-json\/wp\/v2\/product_brand?post=7791"},{"taxonomy":"product_cat","embeddable":true,"href":"https:\/\/fmp-components.com\/fr\/wp-json\/wp\/v2\/product_cat?post=7791"},{"taxonomy":"product_tag","embeddable":true,"href":"https:\/\/fmp-components.com\/fr\/wp-json\/wp\/v2\/product_tag?post=7791"}],"curies":[{"name":"wp","href":"https:\/\/api.w.org\/{rel}","templated":true}]}}