{"id":7787,"date":"2025-04-04T07:21:01","date_gmt":"2025-04-04T07:21:01","guid":{"rendered":"https:\/\/fmp-components.com\/?post_type=product&#038;p=7787"},"modified":"2025-04-04T07:21:43","modified_gmt":"2025-04-04T07:21:43","slug":"internal-spur-gear","status":"publish","type":"product","link":"https:\/\/fmp-components.com\/fr\/product\/internal-spur-gear\/","title":{"rendered":"Engrenage droit interne"},"content":{"rendered":"<div>\n<p class=\"break-words\" dir=\"auto\">Les engrenages cylindriques \u00e0 denture interne se distinguent des engrenages cylindriques classiques par le fait que leurs dents sont form\u00e9es sur la face interne de l'\u00e9bauche. Ces engrenages sont g\u00e9n\u00e9ralement plus robustes et plus efficaces que le pignon auquel ils s'engr\u00e8nent. Pour un fonctionnement optimal, le diam\u00e8tre primitif de l'engrenage interne doit \u00eatre au moins 1,5 fois sup\u00e9rieur \u00e0 celui du pignon auquel il s'engr\u00e8ne\u00a0; dans le cas contraire, les extr\u00e9mit\u00e9s des dents risquent de se g\u00eaner.<\/p>\n<p class=\"break-words\" dir=\"auto\">Les engrenages internes offrent aux concepteurs l'avantage d'obtenir des rapports de contact et de transmission plus \u00e9lev\u00e9s sur des entraxes plus courts que les engrenages droits classiques. De plus, ils permettent des ajustements de vitesse sans inversion de sens de rotation, \u00e9liminant ainsi le besoin d'une roue interm\u00e9diaire, n\u00e9cessaire avec les engrenages droits traditionnels.<\/p>\n<\/div>\n<h2>Sp\u00e9cifications du produit<\/h2>\n<div class=\"table-responsive\">\n<table class=\"table\" style=\"width: 101.427%; height: 279px;\" border=\"1\">\n<tbody>\n<tr>\n<td>Forme de la dent<\/td>\n<td>Conform\u00e9ment aux exigences du client<\/td>\n<\/tr>\n<tr>\n<td>Mat\u00e9riel<\/td>\n<td>Conform\u00e9ment aux exigences du client<\/td>\n<\/tr>\n<tr>\n<td>Forme<\/td>\n<td>Conform\u00e9ment aux exigences du client<\/td>\n<\/tr>\n<tr>\n<td>Grade<\/td>\n<td>Conform\u00e9ment aux exigences du client<\/td>\n<\/tr>\n<tr>\n<td>Technique<\/td>\n<td>Conform\u00e9ment aux exigences du client<\/td>\n<\/tr>\n<tr>\n<td>Angle de pression<\/td>\n<td>Conform\u00e9ment aux exigences du client<\/td>\n<\/tr>\n<tr>\n<td>Diam\u00e8tre<\/td>\n<td>Conform\u00e9ment aux exigences du client<\/td>\n<\/tr>\n<tr>\n<td>Taille<\/td>\n<td>Conform\u00e9ment aux exigences du client<\/td>\n<\/tr>\n<tr>\n<td>Quantit\u00e9 minimale de commande<\/td>\n<td>1 unit\u00e9<\/td>\n<\/tr>\n<\/tbody>\n<\/table>\n<div>\n<h3 class=\"\" dir=\"auto\">L'excellence des engrenages cylindriques \u00e0 denture droite internes de FMP pour les march\u00e9s italiens<\/h3>\n<p class=\"break-words\" dir=\"auto\">FMP est un fabricant de premier plan d'engrenages cylindriques \u00e0 denture droite, offrant une qualit\u00e9 sup\u00e9rieure <a href=\"https:\/\/fmp-components.com\/fr\/ring-gear\/\">couronnes dent\u00e9es<\/a> Nous fournissons des engrenages \u00e0 l'ensemble des industries italiennes, de Milan \u00e0 Venise. Notre catalogue complet propose une vaste gamme d'engrenages, con\u00e7us pour offrir pr\u00e9cision et fiabilit\u00e9 dans les secteurs de la m\u00e9canique, de l'automobile et bien plus encore. Que vous soyez \u00e0 Florence ou \u00e0 Bologne, FMP vous garantit que chaque engrenage cylindrique \u00e0 denture droite r\u00e9pond aux normes les plus exigeantes, gr\u00e2ce \u00e0 une technologie de pointe, afin de soutenir le dynamisme des industries italiennes. Nous sommes votre partenaire privil\u00e9gi\u00e9 pour des solutions d'engrenages durables et performantes, adapt\u00e9es \u00e0 vos besoins locaux.<\/p>\n<h3 class=\"\" dir=\"auto\">Engrenages internes sur mesure pour vos besoins sp\u00e9cifiques<\/h3>\n<p class=\"break-words\" dir=\"auto\">Chez FMP, nous allons au-del\u00e0 des solutions standard en proposant des engrenages cylindriques internes enti\u00e8rement personnalisables pour r\u00e9pondre \u00e0 vos besoins sp\u00e9cifiques. Si vous \u00eates \u00e0 Milan, Venise, Florence ou Bologne et que vous ne trouvez pas le mod\u00e8le exact qu'il vous faut dans notre catalogue, il est probable qu'il ne soit pas encore en ligne\u00a0: notre stock est constamment mis \u00e0 jour. Contactez-nous par e-mail en nous pr\u00e9cisant vos sp\u00e9cifications, et nos ing\u00e9nieurs qualifi\u00e9s vous r\u00e9pondront sous 24\u00a0heures avec des solutions personnalis\u00e9es. Quelle que soit la complexit\u00e9 de votre demande, FMP s'engage \u00e0 fournir un service rapide et expert ainsi que des engrenages de haute qualit\u00e9 aux entreprises de toute l'Italie.<\/p>\n<\/div>\n<\/div>","protected":false},"excerpt":{"rendered":"<p>Internal Spur Gears differ from typical spur gears in that their teeth are formed on the inner surface of the blank. These gears tend to be stronger and more efficient compared to the pinion gear they mesh with. For proper function, the pitch diameter of the internal gear should be at least 1.5 times that [&hellip;]<\/p>","protected":false},"featured_media":4639,"comment_status":"open","ping_status":"closed","template":"","meta":{"_et_pb_use_builder":"","_et_pb_old_content":"","_et_gb_content_width":""},"product_brand":[],"product_cat":[114],"product_tag":[],"class_list":{"0":"post-7787","1":"product","2":"type-product","3":"status-publish","4":"has-post-thumbnail","6":"product_cat-ring-gear","8":"first","9":"instock","10":"shipping-taxable","11":"product-type-simple"},"_links":{"self":[{"href":"https:\/\/fmp-components.com\/fr\/wp-json\/wp\/v2\/product\/7787","targetHints":{"allow":["GET"]}}],"collection":[{"href":"https:\/\/fmp-components.com\/fr\/wp-json\/wp\/v2\/product"}],"about":[{"href":"https:\/\/fmp-components.com\/fr\/wp-json\/wp\/v2\/types\/product"}],"replies":[{"embeddable":true,"href":"https:\/\/fmp-components.com\/fr\/wp-json\/wp\/v2\/comments?post=7787"}],"wp:featuredmedia":[{"embeddable":true,"href":"https:\/\/fmp-components.com\/fr\/wp-json\/wp\/v2\/media\/4639"}],"wp:attachment":[{"href":"https:\/\/fmp-components.com\/fr\/wp-json\/wp\/v2\/media?parent=7787"}],"wp:term":[{"taxonomy":"product_brand","embeddable":true,"href":"https:\/\/fmp-components.com\/fr\/wp-json\/wp\/v2\/product_brand?post=7787"},{"taxonomy":"product_cat","embeddable":true,"href":"https:\/\/fmp-components.com\/fr\/wp-json\/wp\/v2\/product_cat?post=7787"},{"taxonomy":"product_tag","embeddable":true,"href":"https:\/\/fmp-components.com\/fr\/wp-json\/wp\/v2\/product_tag?post=7787"}],"curies":[{"name":"wp","href":"https:\/\/api.w.org\/{rel}","templated":true}]}}