{"id":7781,"date":"2025-04-04T06:46:54","date_gmt":"2025-04-04T06:46:54","guid":{"rendered":"https:\/\/fmp-components.com\/?post_type=product&#038;p=7781"},"modified":"2025-04-04T06:48:36","modified_gmt":"2025-04-04T06:48:36","slug":"internal-gears-for-tractors-and-cranes","status":"publish","type":"product","link":"https:\/\/fmp-components.com\/fr\/product\/internal-gears-for-tractors-and-cranes\/","title":{"rendered":"Engrenages internes pour tracteurs et grues"},"content":{"rendered":"<h2>Sp\u00e9cifications du produit<\/h2>\n<div class=\"table-responsive\">\n<table class=\"table\" style=\"width: 99.2193%;\" border=\"1\">\n<tbody>\n<tr>\n<td style=\"width: 56.4286%;\">Type de produit<\/td>\n<td style=\"width: 281.083%;\">Pi\u00e8ces d'engrenage<\/td>\n<\/tr>\n<tr>\n<td style=\"width: 56.4286%;\">Utilisation\/Application<\/td>\n<td style=\"width: 281.083%;\">Tracteur et grue<\/td>\n<\/tr>\n<tr>\n<td style=\"width: 56.4286%;\">Mat\u00e9riel<\/td>\n<td style=\"width: 281.083%;\">Acier doux<\/td>\n<\/tr>\n<tr>\n<td style=\"width: 56.4286%;\">Forme<\/td>\n<td style=\"width: 281.083%;\">Rond<\/td>\n<\/tr>\n<tr>\n<td style=\"width: 56.4286%;\">Type d'emballage<\/td>\n<td style=\"width: 281.083%;\">Bo\u00eete<\/td>\n<\/tr>\n<tr>\n<td style=\"width: 56.4286%;\">Quantit\u00e9 minimale de commande<\/td>\n<td style=\"width: 281.083%;\">Num\u00e9ro 10<\/td>\n<\/tr>\n<\/tbody>\n<\/table>\n<\/div>\n<p>Gr\u00e2ce \u00e0 la sinc\u00e9rit\u00e9 et au travail acharn\u00e9 de nos professionnels, nous nous sommes taill\u00e9 une place dans ce domaine en proposant une gamme d'\u00e9quipements internes de qualit\u00e9 sup\u00e9rieure.<\/p>\n<div>\n<h3 class=\"\" dir=\"auto\">Am\u00e9liorez les performances de vos tracteurs et grues gr\u00e2ce aux engrenages internes de FMP en Italie<\/h3>\n<p class=\"break-words\" dir=\"auto\">Les engrenages internes jouent un r\u00f4le essentiel dans le bon fonctionnement des machines lourdes comme les tracteurs et les grues, fournissant puissance et pr\u00e9cision l\u00e0 o\u00f9 elles sont essentielles. Chez FMP, nous produisons une grande vari\u00e9t\u00e9 de couronnes dent\u00e9es, notamment des engrenages internes de haute qualit\u00e9 con\u00e7us pour r\u00e9sister aux exigences des environnements agricoles et de construction. Des champs fertiles pr\u00e8s de Florence aux p\u00f4les industriels de Milan, nos engrenages garantissent durabilit\u00e9, efficacit\u00e9 et maintenance r\u00e9duite \u00e0 vos \u00e9quipements. Que vous exploitiez des grues dans les ports anim\u00e9s de Venise ou des tracteurs dans la campagne bolognaise, FMP propose des solutions fiables et adapt\u00e9es aux divers secteurs industriels italiens.<\/p>\n<h3 class=\"\" dir=\"auto\">Engrenages internes personnalis\u00e9s pour vos besoins \u2013 Contactez FMP d\u00e8s aujourd\u2019hui\u00a0!<\/h3>\n<p class=\"break-words\" dir=\"auto\">FMP s'engage \u00e0 r\u00e9pondre \u00e0 vos besoins sp\u00e9cifiques gr\u00e2ce \u00e0 notre vaste gamme de <a href=\"https:\/\/fmp-components.com\/fr\/ring-gear\/\">couronnes dent\u00e9es<\/a> et des capacit\u00e9s de fabrication sur mesure. Si vous recherchez des engrenages internes pour tracteurs ou grues et que vous ne trouvez pas le mod\u00e8le exact dans notre liste de produits, il est probable que nous ne l'ayons pas encore mis en ligne\u00a0; notre stock est en constante expansion. Contactez-nous par e-mail pour nous faire part de vos besoins, que vous soyez \u00e0 Milan, Venise, Florence ou ailleurs, et nos ing\u00e9nieurs qualifi\u00e9s vous r\u00e9pondront sous 24\u00a0heures avec une solution personnalis\u00e9e. Faites confiance \u00e0 FMP pour une qualit\u00e9 et un support exceptionnels, et \u00e9quiper vos machines partout en Italie avec pr\u00e9cision et expertise.<\/p>\n<\/div>","protected":false},"excerpt":{"rendered":"<p>Product Specification Product Type Gear Parts Usage\/Application Tractor and crane Material Mild Steel Shape Round Packaging Type Box Minimum Order Quantity 10 Number With our professionals&#8217; sincerity and hard work, we have carved a niche for ourselves in this domain by offering a premium quality gamut of Internal Gear. Boost Tractor and Crane Performance with [&hellip;]<\/p>","protected":false},"featured_media":4638,"comment_status":"open","ping_status":"closed","template":"","meta":{"_et_pb_use_builder":"","_et_pb_old_content":"","_et_gb_content_width":""},"product_brand":[],"product_cat":[114],"product_tag":[],"class_list":{"0":"post-7781","1":"product","2":"type-product","3":"status-publish","4":"has-post-thumbnail","6":"product_cat-ring-gear","8":"first","9":"instock","10":"shipping-taxable","11":"product-type-simple"},"_links":{"self":[{"href":"https:\/\/fmp-components.com\/fr\/wp-json\/wp\/v2\/product\/7781","targetHints":{"allow":["GET"]}}],"collection":[{"href":"https:\/\/fmp-components.com\/fr\/wp-json\/wp\/v2\/product"}],"about":[{"href":"https:\/\/fmp-components.com\/fr\/wp-json\/wp\/v2\/types\/product"}],"replies":[{"embeddable":true,"href":"https:\/\/fmp-components.com\/fr\/wp-json\/wp\/v2\/comments?post=7781"}],"wp:featuredmedia":[{"embeddable":true,"href":"https:\/\/fmp-components.com\/fr\/wp-json\/wp\/v2\/media\/4638"}],"wp:attachment":[{"href":"https:\/\/fmp-components.com\/fr\/wp-json\/wp\/v2\/media?parent=7781"}],"wp:term":[{"taxonomy":"product_brand","embeddable":true,"href":"https:\/\/fmp-components.com\/fr\/wp-json\/wp\/v2\/product_brand?post=7781"},{"taxonomy":"product_cat","embeddable":true,"href":"https:\/\/fmp-components.com\/fr\/wp-json\/wp\/v2\/product_cat?post=7781"},{"taxonomy":"product_tag","embeddable":true,"href":"https:\/\/fmp-components.com\/fr\/wp-json\/wp\/v2\/product_tag?post=7781"}],"curies":[{"name":"wp","href":"https:\/\/api.w.org\/{rel}","templated":true}]}}