{"id":7776,"date":"2025-04-04T06:37:01","date_gmt":"2025-04-04T06:37:01","guid":{"rendered":"https:\/\/fmp-components.com\/?post_type=product&#038;p=7776"},"modified":"2025-04-04T06:39:57","modified_gmt":"2025-04-04T06:39:57","slug":"plastic-internal-gear","status":"publish","type":"product","link":"https:\/\/fmp-components.com\/fr\/product\/plastic-internal-gear\/","title":{"rendered":"Engrenage interne en plastique"},"content":{"rendered":"<h3>Sp\u00e9cifications des engrenages internes en plastique<\/h3>\n<div class=\"table-responsive\">\n<table class=\"table\" style=\"width: 100.732%;\" border=\"1\" cellspacing=\"0\" cellpadding=\"0\">\n<tbody>\n<tr>\n<td style=\"width: 182.865%;\" colspan=\"2\">Engrenage interne en plastique<\/td>\n<\/tr>\n<tr>\n<td style=\"width: 23.299%;\">Dimension<\/td>\n<td style=\"width: 159.566%;\">\u03a660 mm<\/td>\n<\/tr>\n<tr>\n<td style=\"width: 23.299%;\">Module<\/td>\n<td style=\"width: 159.566%;\">M0.15-M2.0<\/td>\n<\/tr>\n<tr>\n<td style=\"width: 23.299%;\">Type de mat\u00e9riau<\/td>\n<td style=\"width: 159.566%;\">POM, PA, PPA, PBT PEEK sur mesure<\/td>\n<\/tr>\n<tr>\n<td style=\"width: 23.299%;\">Grade de maillage<\/td>\n<td style=\"width: 159.566%;\">ISO6, JGMA 1, JIS 6, AGMA 13, DIN 6, Din5, AGMA12<\/td>\n<\/tr>\n<tr>\n<td style=\"width: 23.299%;\">Application<\/td>\n<td style=\"width: 159.566%;\">Automobile, Militaire, A\u00e9ronautique, M\u00e9canique, Industrie, M\u00e9dical<\/td>\n<\/tr>\n<tr>\n<td style=\"width: 23.299%;\">Personnalis\u00e9<\/td>\n<td style=\"width: 159.566%;\">Prise en charge ODM\/OEM<\/td>\n<\/tr>\n<tr>\n<td style=\"width: 23.299%;\">\u00c9chantillon<\/td>\n<td style=\"width: 159.566%;\">\u00c9chantillon disponible<\/td>\n<\/tr>\n<tr>\n<td style=\"width: 23.299%;\">Modes d'emballage<\/td>\n<td style=\"width: 159.566%;\">Emball\u00e9 sous vide avec plateau en plastique<\/td>\n<\/tr>\n<tr>\n<td style=\"width: 23.299%;\">Modes de livraison<\/td>\n<td style=\"width: 159.566%;\">DHL UPS<\/td>\n<\/tr>\n<tr>\n<td style=\"width: 23.299%;\">Certificat<\/td>\n<td style=\"width: 159.566%;\">ISO 9001:2008\/TS16949<\/td>\n<\/tr>\n<\/tbody>\n<\/table>\n<h2>Module d'engrenage annulaire interne en plastique 1 dent 20 -140<\/h2>\n<table style=\"border-collapse: collapse; width: 101.877%; height: 5px;\" border=\"0\" width=\"162\" cellspacing=\"0\" cellpadding=\"0\">\n<tbody>\n<tr style=\"height: 14.40pt;\">\n<td style=\"height: 14.40pt; width: 48.60pt;\" align=\"right\" width=\"81\" height=\"24\"><img loading=\"lazy\" decoding=\"async\" class=\"size-full wp-image-7777 aligncenter\" src=\"https:\/\/fmp-components.com\/wp-content\/uploads\/2025\/04\/Plastic-Internal-Ring-Gear-3.webp\" alt=\"Engrenage annulaire interne en plastique\" width=\"600\" height=\"600\" title=\"\" srcset=\"https:\/\/fmp-components.com\/wp-content\/uploads\/2025\/04\/Plastic-Internal-Ring-Gear-3.webp 600w, https:\/\/fmp-components.com\/wp-content\/uploads\/2025\/04\/Plastic-Internal-Ring-Gear-3-480x480.webp 480w\" sizes=\"(min-width: 0px) and (max-width: 480px) 480px, (min-width: 481px) 600px, 100vw\" \/><\/td>\n<td style=\"width: 48.60pt;\" align=\"right\" width=\"81\"><img loading=\"lazy\" decoding=\"async\" class=\"size-full wp-image-7778 aligncenter\" src=\"https:\/\/fmp-components.com\/wp-content\/uploads\/2025\/04\/Plastic-Internal-Ring-Gear.webp\" alt=\"Engrenage annulaire interne en plastique\" width=\"600\" height=\"600\" title=\"\" srcset=\"https:\/\/fmp-components.com\/wp-content\/uploads\/2025\/04\/Plastic-Internal-Ring-Gear.webp 600w, https:\/\/fmp-components.com\/wp-content\/uploads\/2025\/04\/Plastic-Internal-Ring-Gear-480x480.webp 480w\" sizes=\"(min-width: 0px) and (max-width: 480px) 480px, (min-width: 481px) 600px, 100vw\" \/><\/td>\n<\/tr>\n<\/tbody>\n<\/table>\n<p>Angle de pression : 20\u00b0<\/p>\n<p>Mati\u00e8re : POM-C naturel<\/p>\n<p>Denture fabriqu\u00e9e m\u00e9caniquement,<\/p>\n<p>excellente qualit\u00e9.<\/p>\n<p>Angle d'h\u00e9lice : 0\u00b0 (flancs droits)<\/p>\n<table style=\"width: 101.252%;\" border=\"1\" cellspacing=\"0\" cellpadding=\"0\">\n<tbody>\n<tr>\n<td style=\"width: 15.1436%;\">\n<p align=\"center\"><b>Num\u00e9ro de pi\u00e8ce<\/b><\/p>\n<\/td>\n<td style=\"width: 26.2867%;\">\n<p align=\"center\"><b>Nombre de dents<\/b><\/p>\n<\/td>\n<td style=\"width: 11.0501%;\">\n<p align=\"center\"><strong>b<\/strong><\/p>\n<\/td>\n<td style=\"width: 8.61619%;\">\n<p align=\"center\"><strong>UN.<\/strong><\/p>\n<\/td>\n<td style=\"width: 8.61619%;\">\n<p align=\"center\"><strong>\u00f8D<\/strong><\/p>\n<\/td>\n<td style=\"width: 8.61619%;\">\n<p align=\"center\"><strong>D'ACCORD<\/strong><\/p>\n<\/td>\n<td style=\"width: 12.7937%;\">\n<p align=\"center\"><strong>\u00f8C<\/strong><\/p>\n<\/td>\n<td style=\"width: 154.308%;\">\n<p align=\"center\"><strong>\u00f8TK<\/strong><\/p>\n<\/td>\n<\/tr>\n<tr>\n<td class=\"xl1871\" style=\"width: 15.1436%;\" height=\"20\">\n<p align=\"center\">Articles:<\/p>\n<\/td>\n<td class=\"xl1871\" style=\"width: 26.2867%;\">\n<p align=\"center\">\n<\/td>\n<td class=\"xl1872\" style=\"width: 11.0501%;\">\n<p align=\"center\">[mm]<\/p>\n<\/td>\n<td class=\"xl1872\" style=\"width: 8.61619%;\">\n<p align=\"center\">[mm]<\/p>\n<\/td>\n<td class=\"xl1872\" style=\"width: 8.61619%;\">\n<p align=\"center\">[mm]<\/p>\n<\/td>\n<td class=\"xl1872\" style=\"width: 8.61619%;\">\n<p align=\"center\">[mm]<\/p>\n<\/td>\n<td class=\"xl1872\" style=\"width: 12.7937%;\">\n<p align=\"center\">[mm]<\/p>\n<\/td>\n<td class=\"xl1872\" style=\"width: 154.308%;\">\n<p align=\"center\">[mm]<\/p>\n<\/td>\n<\/tr>\n<tr>\n<td class=\"xl1871\" style=\"width: 15.1436%;\" height=\"20\">\n<p align=\"center\">HR1-20<\/p>\n<\/td>\n<td class=\"xl1872\" style=\"width: 26.2867%;\">\n<p align=\"center\">20<\/p>\n<\/td>\n<td class=\"xl1872\" style=\"width: 11.0501%;\">\n<p align=\"center\">5<\/p>\n<\/td>\n<td class=\"xl1872\" style=\"width: 8.61619%;\">\n<p align=\"center\">35<\/p>\n<\/td>\n<td class=\"xl1872\" style=\"width: 8.61619%;\">\n<p align=\"center\">20<\/p>\n<\/td>\n<td class=\"xl1872\" style=\"width: 8.61619%;\">\n<p align=\"center\">18<\/p>\n<\/td>\n<td class=\"xl1872\" style=\"width: 12.7937%;\">\n<p align=\"center\">2,8 (3x)<\/p>\n<\/td>\n<td class=\"xl1872\" style=\"width: 154.308%;\">\n<p align=\"center\">29<\/p>\n<\/td>\n<\/tr>\n<tr>\n<td class=\"xl1871\" style=\"width: 15.1436%;\" height=\"20\">\n<p align=\"center\">HR1-30<\/p>\n<\/td>\n<td class=\"xl1872\" style=\"width: 26.2867%;\">\n<p align=\"center\">30<\/p>\n<\/td>\n<td class=\"xl1872\" style=\"width: 11.0501%;\">\n<p align=\"center\">5<\/p>\n<\/td>\n<td class=\"xl1872\" style=\"width: 8.61619%;\">\n<p align=\"center\">45<\/p>\n<\/td>\n<td class=\"xl1872\" style=\"width: 8.61619%;\">\n<p align=\"center\">30<\/p>\n<\/td>\n<td class=\"xl1872\" style=\"width: 8.61619%;\">\n<p align=\"center\">28<\/p>\n<\/td>\n<td class=\"xl1872\" style=\"width: 12.7937%;\">\n<p align=\"center\">2,8 (3x)<\/p>\n<\/td>\n<td class=\"xl1872\" style=\"width: 154.308%;\">\n<p align=\"center\">39<\/p>\n<\/td>\n<\/tr>\n<tr>\n<td class=\"xl1871\" style=\"width: 15.1436%;\" height=\"20\">\n<p align=\"center\">HR1-40<\/p>\n<\/td>\n<td class=\"xl1872\" style=\"width: 26.2867%;\">\n<p align=\"center\">40<\/p>\n<\/td>\n<td class=\"xl1872\" style=\"width: 11.0501%;\">\n<p align=\"center\">5<\/p>\n<\/td>\n<td class=\"xl1872\" style=\"width: 8.61619%;\">\n<p align=\"center\">55<\/p>\n<\/td>\n<td class=\"xl1872\" style=\"width: 8.61619%;\">\n<p align=\"center\">40<\/p>\n<\/td>\n<td class=\"xl1872\" style=\"width: 8.61619%;\">\n<p align=\"center\">38<\/p>\n<\/td>\n<td class=\"xl1872\" style=\"width: 12.7937%;\">\n<p align=\"center\">2,8 (3x)<\/p>\n<\/td>\n<td class=\"xl1872\" style=\"width: 154.308%;\">\n<p align=\"center\">49<\/p>\n<\/td>\n<\/tr>\n<tr>\n<td class=\"xl1871\" style=\"width: 15.1436%;\" height=\"20\">\n<p align=\"center\">HR1-50<\/p>\n<\/td>\n<td class=\"xl1872\" style=\"width: 26.2867%;\">\n<p align=\"center\">50<\/p>\n<\/td>\n<td class=\"xl1872\" style=\"width: 11.0501%;\">\n<p align=\"center\">5<\/p>\n<\/td>\n<td class=\"xl1872\" style=\"width: 8.61619%;\">\n<p align=\"center\">65<\/p>\n<\/td>\n<td class=\"xl1872\" style=\"width: 8.61619%;\">\n<p align=\"center\">50<\/p>\n<\/td>\n<td class=\"xl1872\" style=\"width: 8.61619%;\">\n<p align=\"center\">48<\/p>\n<\/td>\n<td class=\"xl1872\" style=\"width: 12.7937%;\">\n<p align=\"center\">2,8 (3x)<\/p>\n<\/td>\n<td class=\"xl1872\" style=\"width: 154.308%;\">\n<p align=\"center\">59<\/p>\n<\/td>\n<\/tr>\n<tr>\n<td class=\"xl1871\" style=\"width: 15.1436%;\" height=\"20\">\n<p align=\"center\">HR1-60<\/p>\n<\/td>\n<td class=\"xl1872\" style=\"width: 26.2867%;\">\n<p align=\"center\">60<\/p>\n<\/td>\n<td class=\"xl1872\" style=\"width: 11.0501%;\">\n<p align=\"center\">5<\/p>\n<\/td>\n<td class=\"xl1872\" style=\"width: 8.61619%;\">\n<p align=\"center\">75<\/p>\n<\/td>\n<td class=\"xl1872\" style=\"width: 8.61619%;\">\n<p align=\"center\">60<\/p>\n<\/td>\n<td class=\"xl1872\" style=\"width: 8.61619%;\">\n<p align=\"center\">58<\/p>\n<\/td>\n<td class=\"xl1872\" style=\"width: 12.7937%;\">\n<p align=\"center\">2,8 (6x)<\/p>\n<\/td>\n<td class=\"xl1872\" style=\"width: 154.308%;\">\n<p align=\"center\">69<\/p>\n<\/td>\n<\/tr>\n<tr>\n<td class=\"xl1871\" style=\"width: 15.1436%;\" height=\"20\">\n<p align=\"center\">HR1-70<\/p>\n<\/td>\n<td class=\"xl1872\" style=\"width: 26.2867%;\">\n<p align=\"center\">70<\/p>\n<\/td>\n<td class=\"xl1872\" style=\"width: 11.0501%;\">\n<p align=\"center\">5<\/p>\n<\/td>\n<td class=\"xl1872\" style=\"width: 8.61619%;\">\n<p align=\"center\">85<\/p>\n<\/td>\n<td class=\"xl1872\" style=\"width: 8.61619%;\">\n<p align=\"center\">70<\/p>\n<\/td>\n<td class=\"xl1872\" style=\"width: 8.61619%;\">\n<p align=\"center\">68<\/p>\n<\/td>\n<td class=\"xl1872\" style=\"width: 12.7937%;\">\n<p align=\"center\">2,8 (6x)<\/p>\n<\/td>\n<td class=\"xl1872\" style=\"width: 154.308%;\">\n<p align=\"center\">79<\/p>\n<\/td>\n<\/tr>\n<tr>\n<td class=\"xl1871\" style=\"width: 15.1436%;\" height=\"20\">\n<p align=\"center\">HR1-80<\/p>\n<\/td>\n<td class=\"xl1872\" style=\"width: 26.2867%;\">\n<p align=\"center\">80<\/p>\n<\/td>\n<td class=\"xl1872\" style=\"width: 11.0501%;\">\n<p align=\"center\">5<\/p>\n<\/td>\n<td class=\"xl1872\" style=\"width: 8.61619%;\">\n<p align=\"center\">95<\/p>\n<\/td>\n<td class=\"xl1872\" style=\"width: 8.61619%;\">\n<p align=\"center\">80<\/p>\n<\/td>\n<td class=\"xl1872\" style=\"width: 8.61619%;\">\n<p align=\"center\">78<\/p>\n<\/td>\n<td class=\"xl1872\" style=\"width: 12.7937%;\">\n<p align=\"center\">2,8 (6x)<\/p>\n<\/td>\n<td class=\"xl1872\" style=\"width: 154.308%;\">\n<p align=\"center\">89<\/p>\n<\/td>\n<\/tr>\n<tr>\n<td class=\"xl1871\" style=\"width: 15.1436%;\" height=\"20\">\n<p align=\"center\">HR1-90<\/p>\n<\/td>\n<td class=\"xl1872\" style=\"width: 26.2867%;\">\n<p align=\"center\">90<\/p>\n<\/td>\n<td class=\"xl1872\" style=\"width: 11.0501%;\">\n<p align=\"center\">5<\/p>\n<\/td>\n<td class=\"xl1872\" style=\"width: 8.61619%;\">\n<p align=\"center\">105<\/p>\n<\/td>\n<td class=\"xl1872\" style=\"width: 8.61619%;\">\n<p align=\"center\">90<\/p>\n<\/td>\n<td class=\"xl1872\" style=\"width: 8.61619%;\">\n<p align=\"center\">88<\/p>\n<\/td>\n<td class=\"xl1872\" style=\"width: 12.7937%;\">\n<p align=\"center\">2,8 (6x)<\/p>\n<\/td>\n<td class=\"xl1872\" style=\"width: 154.308%;\">\n<p align=\"center\">99<\/p>\n<\/td>\n<\/tr>\n<tr>\n<td class=\"xl1871\" style=\"width: 15.1436%;\" height=\"20\">\n<p align=\"center\">HR1-100<\/p>\n<\/td>\n<td class=\"xl1872\" style=\"width: 26.2867%;\">\n<p align=\"center\">100<\/p>\n<\/td>\n<td class=\"xl1872\" style=\"width: 11.0501%;\">\n<p align=\"center\">5<\/p>\n<\/td>\n<td class=\"xl1872\" style=\"width: 8.61619%;\">\n<p align=\"center\">115<\/p>\n<\/td>\n<td class=\"xl1872\" style=\"width: 8.61619%;\">\n<p align=\"center\">100<\/p>\n<\/td>\n<td class=\"xl1872\" style=\"width: 8.61619%;\">\n<p align=\"center\">98<\/p>\n<\/td>\n<td class=\"xl1872\" style=\"width: 12.7937%;\">\n<p align=\"center\">2,8 (6x)<\/p>\n<\/td>\n<td class=\"xl1872\" style=\"width: 154.308%;\">\n<p align=\"center\">109<\/p>\n<\/td>\n<\/tr>\n<tr>\n<td class=\"xl1871\" style=\"width: 15.1436%;\" height=\"20\">\n<p align=\"center\">HR1-110<\/p>\n<\/td>\n<td class=\"xl1872\" style=\"width: 26.2867%;\">\n<p align=\"center\">110<\/p>\n<\/td>\n<td class=\"xl1872\" style=\"width: 11.0501%;\">\n<p align=\"center\">5<\/p>\n<\/td>\n<td class=\"xl1872\" style=\"width: 8.61619%;\">\n<p align=\"center\">125<\/p>\n<\/td>\n<td class=\"xl1872\" style=\"width: 8.61619%;\">\n<p align=\"center\">110<\/p>\n<\/td>\n<td class=\"xl1872\" style=\"width: 8.61619%;\">\n<p align=\"center\">108<\/p>\n<\/td>\n<td class=\"xl1872\" style=\"width: 12.7937%;\">\n<p align=\"center\">2,8 (6x)<\/p>\n<\/td>\n<td class=\"xl1872\" style=\"width: 154.308%;\">\n<p align=\"center\">119<\/p>\n<\/td>\n<\/tr>\n<tr>\n<td class=\"xl1871\" style=\"width: 15.1436%;\" height=\"20\">\n<p align=\"center\">HR1-120<\/p>\n<\/td>\n<td class=\"xl1872\" style=\"width: 26.2867%;\">\n<p align=\"center\">120<\/p>\n<\/td>\n<td class=\"xl1872\" style=\"width: 11.0501%;\">\n<p align=\"center\">5<\/p>\n<\/td>\n<td class=\"xl1872\" style=\"width: 8.61619%;\">\n<p align=\"center\">135<\/p>\n<\/td>\n<td class=\"xl1872\" style=\"width: 8.61619%;\">\n<p align=\"center\">120<\/p>\n<\/td>\n<td class=\"xl1872\" style=\"width: 8.61619%;\">\n<p align=\"center\">118<\/p>\n<\/td>\n<td class=\"xl1872\" style=\"width: 12.7937%;\">\n<p align=\"center\">2,8 (8x)<\/p>\n<\/td>\n<td class=\"xl1872\" style=\"width: 154.308%;\">\n<p align=\"center\">129<\/p>\n<\/td>\n<\/tr>\n<tr>\n<td class=\"xl1871\" style=\"width: 15.1436%;\" height=\"20\">\n<p align=\"center\">HR1-130<\/p>\n<\/td>\n<td class=\"xl1872\" style=\"width: 26.2867%;\">\n<p align=\"center\">130<\/p>\n<\/td>\n<td class=\"xl1872\" style=\"width: 11.0501%;\">\n<p align=\"center\">5<\/p>\n<\/td>\n<td class=\"xl1872\" style=\"width: 8.61619%;\">\n<p align=\"center\">145<\/p>\n<\/td>\n<td class=\"xl1872\" style=\"width: 8.61619%;\">\n<p align=\"center\">130<\/p>\n<\/td>\n<td class=\"xl1872\" style=\"width: 8.61619%;\">\n<p align=\"center\">128<\/p>\n<\/td>\n<td class=\"xl1872\" style=\"width: 12.7937%;\">\n<p align=\"center\">2,8 (8x)<\/p>\n<\/td>\n<td class=\"xl1872\" style=\"width: 154.308%;\">\n<p align=\"center\">139<\/p>\n<\/td>\n<\/tr>\n<tr>\n<td class=\"xl1871\" style=\"width: 15.1436%;\" height=\"20\">\n<p align=\"center\">HR1-140<\/p>\n<\/td>\n<td class=\"xl1872\" style=\"width: 26.2867%;\">\n<p align=\"center\">140<\/p>\n<\/td>\n<td class=\"xl1872\" style=\"width: 11.0501%;\">\n<p align=\"center\">5<\/p>\n<\/td>\n<td class=\"xl1872\" style=\"width: 8.61619%;\">\n<p align=\"center\">155<\/p>\n<\/td>\n<td class=\"xl1872\" style=\"width: 8.61619%;\">\n<p align=\"center\">140<\/p>\n<\/td>\n<td class=\"xl1872\" style=\"width: 8.61619%;\">\n<p align=\"center\">138<\/p>\n<\/td>\n<td class=\"xl1872\" style=\"width: 12.7937%;\">\n<p align=\"center\">2,8 (8x)<\/p>\n<\/td>\n<td class=\"xl1872\" style=\"width: 154.308%;\">\n<p align=\"center\">149<\/p>\n<\/td>\n<\/tr>\n<\/tbody>\n<\/table>\n<p>D'autres dimensions sont possibles sur demande, ainsi que la production de bagues d'engrenage internes en plastique selon des dessins.<\/p>\n<table style=\"border-collapse: collapse; width: 101.662%; height: 5px;\" border=\"0\" width=\"162\" cellspacing=\"0\" cellpadding=\"0\">\n<tbody>\n<tr style=\"height: 14.40pt;\">\n<td style=\"height: 14.40pt; width: 48.60pt;\" align=\"right\" width=\"81\" height=\"24\"><img loading=\"lazy\" decoding=\"async\" class=\"size-full wp-image-7779 aligncenter\" src=\"https:\/\/fmp-components.com\/wp-content\/uploads\/2025\/04\/Internal-Gear-image.webp\" alt=\"Image d&#039;engrenage interne\" width=\"2048\" height=\"1951\" title=\"\" srcset=\"https:\/\/fmp-components.com\/wp-content\/uploads\/2025\/04\/Internal-Gear-image.webp 2048w, https:\/\/fmp-components.com\/wp-content\/uploads\/2025\/04\/Internal-Gear-image-1280x1219.webp 1280w, https:\/\/fmp-components.com\/wp-content\/uploads\/2025\/04\/Internal-Gear-image-980x934.webp 980w, https:\/\/fmp-components.com\/wp-content\/uploads\/2025\/04\/Internal-Gear-image-480x457.webp 480w\" sizes=\"(min-width: 0px) and (max-width: 480px) 480px, (min-width: 481px) and (max-width: 980px) 980px, (min-width: 981px) and (max-width: 1280px) 1280px, (min-width: 1281px) 2048px, 100vw\" \/><\/td>\n<td style=\"width: 48.60pt;\" align=\"right\" width=\"81\"><img loading=\"lazy\" decoding=\"async\" class=\"size-full wp-image-7780 aligncenter\" src=\"https:\/\/fmp-components.com\/wp-content\/uploads\/2025\/04\/Plastic-Internal-Gear2.webp\" alt=\"Image d&#039;engrenage interne\" width=\"480\" height=\"480\" title=\"\" srcset=\"https:\/\/fmp-components.com\/wp-content\/uploads\/2025\/04\/Plastic-Internal-Gear2.webp 480w, https:\/\/fmp-components.com\/wp-content\/uploads\/2025\/04\/Plastic-Internal-Gear2-300x300.webp 300w, https:\/\/fmp-components.com\/wp-content\/uploads\/2025\/04\/Plastic-Internal-Gear2-150x150.webp 150w, https:\/\/fmp-components.com\/wp-content\/uploads\/2025\/04\/Plastic-Internal-Gear2-12x12.webp 12w, https:\/\/fmp-components.com\/wp-content\/uploads\/2025\/04\/Plastic-Internal-Gear2-100x100.webp 100w\" sizes=\"(max-width: 480px) 100vw, 480px\" \/><\/td>\n<\/tr>\n<\/tbody>\n<\/table>\n<div class=\"message-bubble rounded-3xl prose dark:prose-invert break-words text-primary min-h-7 prose-p:opacity-95 prose-strong:opacity-100 w-full max-w-none\" dir=\"auto\">\n<h3 class=\"\" dir=\"auto\">Optimisez vos machines avec les engrenages internes en plastique de FMP en Italie<\/h3>\n<p class=\"break-words\" dir=\"auto\">Pour optimiser les performances de vos machines, les engrenages internes en plastique constituent une solution l\u00e9g\u00e8re, durable et \u00e9conomique. Chez FMP, nous sommes sp\u00e9cialis\u00e9s dans la fabrication d'une large gamme de <a href=\"https:\/\/fmp-components.com\/fr\/ring-gear\/\">couronnes dent\u00e9es<\/a>Nous proposons une gamme compl\u00e8te d'engrenages, notamment des engrenages internes en plastique, con\u00e7us pour r\u00e9pondre aux besoins vari\u00e9s des industries italiennes, des usines milanaises aux ateliers v\u00e9nitiens. Fabriqu\u00e9s avec pr\u00e9cision, nos produits garantissent un faible niveau sonore, un rendement \u00e9lev\u00e9 et une grande r\u00e9sistance \u00e0 l'usure, ce qui les rend id\u00e9aux pour les applications automobiles, la robotique et les \u00e9quipements industriels. Que vous soyez \u00e0 Florence \u00e0 la recherche de composants fiables ou \u00e0 Bologne pour optimiser vos lignes de production, FMP vous fournit des engrenages de haute qualit\u00e9, adapt\u00e9s \u00e0 vos sp\u00e9cifications.<\/p>\n<h3 class=\"\" dir=\"auto\">Engrenages internes en plastique sur mesure disponibles \u2013 Contactez-nous d\u00e8s aujourd'hui\u00a0!<\/h3>\n<p class=\"break-words\" dir=\"auto\">Chez FMP, nous sommes fiers de proposer non seulement des couronnes dent\u00e9es standard, mais aussi des solutions enti\u00e8rement personnalis\u00e9es pour r\u00e9pondre \u00e0 vos besoins sp\u00e9cifiques. Si vous ne trouvez pas le mod\u00e8le de couronne dent\u00e9e interne en plastique que vous recherchez dans notre catalogue, n'h\u00e9sitez pas \u00e0 nous contacter\u00a0: notre catalogue est constamment mis \u00e0 jour et il se peut que nous ne l'ayons pas encore ajout\u00e9. Envoyez-nous simplement un e-mail avec vos sp\u00e9cifications et l'un de nos ing\u00e9nieurs d\u00e9di\u00e9s vous r\u00e9pondra sous 24\u00a0heures pour vous apporter une assistance personnalis\u00e9e et la solution la mieux adapt\u00e9e \u00e0 votre projet. Faites confiance \u00e0 FMP pour accompagner votre innovation en Italie gr\u00e2ce \u00e0 une qualit\u00e9 et un service in\u00e9gal\u00e9s.<\/p>\n<\/div>\n<\/div>","protected":false},"excerpt":{"rendered":"<p>Plastic Internal Gear Specification Plastic Internal Gear Dimension \u03a660mm Module M0.15-M2.0 Material Type POM, PA, PPA, PBT PEEK as customized Meshing Grade ISO6, JGMA 1, JIS 6, AGMA 13, DIN 6,Din5,AGMA12 Application Automotive, Military, Aircraft, Mechanical, industrial, Medical Customized ODM\/OEM supported Sample Sample available Modes of Packing Vacuum-packed with Plastic Tray Modes of Delivery DHL [&hellip;]<\/p>","protected":false},"featured_media":7779,"comment_status":"open","ping_status":"closed","template":"","meta":{"_et_pb_use_builder":"","_et_pb_old_content":"","_et_gb_content_width":""},"product_brand":[],"product_cat":[114],"product_tag":[],"class_list":{"0":"post-7776","1":"product","2":"type-product","3":"status-publish","4":"has-post-thumbnail","6":"product_cat-ring-gear","8":"first","9":"instock","10":"shipping-taxable","11":"product-type-simple"},"_links":{"self":[{"href":"https:\/\/fmp-components.com\/fr\/wp-json\/wp\/v2\/product\/7776","targetHints":{"allow":["GET"]}}],"collection":[{"href":"https:\/\/fmp-components.com\/fr\/wp-json\/wp\/v2\/product"}],"about":[{"href":"https:\/\/fmp-components.com\/fr\/wp-json\/wp\/v2\/types\/product"}],"replies":[{"embeddable":true,"href":"https:\/\/fmp-components.com\/fr\/wp-json\/wp\/v2\/comments?post=7776"}],"wp:featuredmedia":[{"embeddable":true,"href":"https:\/\/fmp-components.com\/fr\/wp-json\/wp\/v2\/media\/7779"}],"wp:attachment":[{"href":"https:\/\/fmp-components.com\/fr\/wp-json\/wp\/v2\/media?parent=7776"}],"wp:term":[{"taxonomy":"product_brand","embeddable":true,"href":"https:\/\/fmp-components.com\/fr\/wp-json\/wp\/v2\/product_brand?post=7776"},{"taxonomy":"product_cat","embeddable":true,"href":"https:\/\/fmp-components.com\/fr\/wp-json\/wp\/v2\/product_cat?post=7776"},{"taxonomy":"product_tag","embeddable":true,"href":"https:\/\/fmp-components.com\/fr\/wp-json\/wp\/v2\/product_tag?post=7776"}],"curies":[{"name":"wp","href":"https:\/\/api.w.org\/{rel}","templated":true}]}}