{"id":7774,"date":"2025-04-04T06:19:01","date_gmt":"2025-04-04T06:19:01","guid":{"rendered":"https:\/\/fmp-components.com\/?post_type=product&#038;p=7774"},"modified":"2025-04-04T06:39:10","modified_gmt":"2025-04-04T06:39:10","slug":"automotive-internal-gear","status":"publish","type":"product","link":"https:\/\/fmp-components.com\/fr\/product\/automotive-internal-gear\/","title":{"rendered":"Engrenage interne automobile"},"content":{"rendered":"<h3>sp\u00e9cification<\/h3>\n<table class=\"table\" style=\"width: 100.875%; height: 310px;\" border=\"1\">\n<tbody>\n<tr>\n<td colspan=\"2\">Engrenage interne automobile<\/td>\n<\/tr>\n<tr>\n<td>Dimension<\/td>\n<td>\u03a650mm<\/td>\n<\/tr>\n<tr>\n<td>Module<\/td>\n<td>M0.15-M2.2<\/td>\n<\/tr>\n<tr>\n<td>Type de mat\u00e9riau<\/td>\n<td>M\u00e9tal, bronze, acier, alliage, POM, zinc, aluminium, fer, acier inoxydable, laiton, cuivre<\/td>\n<\/tr>\n<tr>\n<td>Grade de maillage<\/td>\n<td>ISO6, JGMA 1, JIS 6, AGMA 13, DIN 6, Din5, AGMA12<\/td>\n<\/tr>\n<tr>\n<td>Application<\/td>\n<td>Automobile, Militaire, A\u00e9ronautique, M\u00e9canique, Industrie, M\u00e9dical<\/td>\n<\/tr>\n<tr>\n<td>Personnalis\u00e9<\/td>\n<td>ODM\/OEM<\/td>\n<\/tr>\n<tr>\n<td>\u00c9chantillon<\/td>\n<td>\u00c9chantillon disponible<\/td>\n<\/tr>\n<tr>\n<td>Modes d'emballage<\/td>\n<td>Emball\u00e9 sous vide avec plateau en plastique<\/td>\n<\/tr>\n<tr>\n<td>Modes de livraison<\/td>\n<td>DHL UPS<\/td>\n<\/tr>\n<tr>\n<td>Certificat<\/td>\n<td>ISO 9001:2008\/TS16949<\/td>\n<\/tr>\n<\/tbody>\n<\/table>\n<p><span style=\"color: #333333; font-size: 22px;\">Optimisez vos solutions de transmission interne automobile avec FMP en Italie<\/span><\/p>\n<div>\n<p class=\"break-words\" dir=\"auto\">Engrenages internes, \u00e9galement appel\u00e9s <a href=\"https:\/\/fmp-components.com\/fr\/ring-gear\/\">couronnes dent\u00e9es<\/a>Les engrenages jouent un r\u00f4le essentiel dans la transmission de puissance au sein de syst\u00e8mes compacts et performants. Contrairement aux engrenages externes, dont les dents sont taill\u00e9es sur le diam\u00e8tre ext\u00e9rieur, les engrenages internes poss\u00e8dent des dents sur la surface int\u00e9rieure d'une structure cylindrique, ce qui les rend id\u00e9aux pour les applications exigeant un transfert de couple efficace dans des espaces restreints. Chez FMP, nous sommes sp\u00e9cialis\u00e9s dans la fabrication d'une large gamme d'engrenages annulaires, notamment \u00e0 denture droite et h\u00e9lico\u00efdale, con\u00e7us pour r\u00e9pondre aux besoins des industries italiennes, des p\u00f4les automobiles dynamiques de Milan aux entreprises d'ing\u00e9nierie de pr\u00e9cision de Venise.<\/p>\n<p class=\"break-words\" dir=\"auto\">FMP est fier de proposer des solutions d'engrenages internes sur mesure, adapt\u00e9es \u00e0 vos besoins sp\u00e9cifiques. Si vous recherchez un mod\u00e8le particulier et ne le trouvez pas dans notre catalogue de produits (que vous soyez \u00e0 Milan, Venise, Florence ou ailleurs), n'h\u00e9sitez pas \u00e0 nous contacter\u00a0: il n'est tout simplement pas encore r\u00e9f\u00e9renc\u00e9. Envoyez-nous un e-mail avec vos sp\u00e9cifications et nos ing\u00e9nieurs qualifi\u00e9s vous r\u00e9pondront sous 24\u00a0heures avec une solution personnalis\u00e9e. De la r\u00e9solution des probl\u00e8mes de conception, comme les interf\u00e9rences d'engrenages, \u00e0 l'optimisation des profils de dents pour des performances accrues, FMP est votre partenaire de confiance pour les engrenages internes automobiles en Italie, garantissant pr\u00e9cision et fiabilit\u00e9 pour chaque projet.<\/p>\n<\/div>\n<p><img loading=\"lazy\" decoding=\"async\" class=\"size-full wp-image-7775 aligncenter\" src=\"https:\/\/fmp-components.com\/wp-content\/uploads\/2025\/04\/Internal-gear.webp\" alt=\"Engrenage interne\" width=\"771\" height=\"543\" title=\"\" srcset=\"https:\/\/fmp-components.com\/wp-content\/uploads\/2025\/04\/Internal-gear.webp 771w, https:\/\/fmp-components.com\/wp-content\/uploads\/2025\/04\/Internal-gear-480x338.webp 480w\" sizes=\"(min-width: 0px) and (max-width: 480px) 480px, (min-width: 481px) 771px, 100vw\" \/><\/p>","protected":false},"excerpt":{"rendered":"<p>specification Automotive Internal Gear Dimension \u03a650mm Module M0.15-M2.2 Material Type Metal, Bronze, Steel, Alloy, POM, Zinc, Aluminum, Iron, Stainless, Brass, Copper Meshing Grade ISO6, JGMA 1, JIS 6, AGMA 13, DIN 6,Din5,AGMA12 Application Automotive, Military, Aircraft, Mechanical, industrial, Medical Customized ODM\/OEM Sample Sample available Modes of Packing Vacuum-packed with Plastic Tray Modes of Delivery DHL [&hellip;]<\/p>","protected":false},"featured_media":4635,"comment_status":"open","ping_status":"closed","template":"","meta":{"_et_pb_use_builder":"","_et_pb_old_content":"","_et_gb_content_width":""},"product_brand":[],"product_cat":[114],"product_tag":[],"class_list":{"0":"post-7774","1":"product","2":"type-product","3":"status-publish","4":"has-post-thumbnail","6":"product_cat-ring-gear","8":"first","9":"instock","10":"shipping-taxable","11":"product-type-simple"},"_links":{"self":[{"href":"https:\/\/fmp-components.com\/fr\/wp-json\/wp\/v2\/product\/7774","targetHints":{"allow":["GET"]}}],"collection":[{"href":"https:\/\/fmp-components.com\/fr\/wp-json\/wp\/v2\/product"}],"about":[{"href":"https:\/\/fmp-components.com\/fr\/wp-json\/wp\/v2\/types\/product"}],"replies":[{"embeddable":true,"href":"https:\/\/fmp-components.com\/fr\/wp-json\/wp\/v2\/comments?post=7774"}],"wp:featuredmedia":[{"embeddable":true,"href":"https:\/\/fmp-components.com\/fr\/wp-json\/wp\/v2\/media\/4635"}],"wp:attachment":[{"href":"https:\/\/fmp-components.com\/fr\/wp-json\/wp\/v2\/media?parent=7774"}],"wp:term":[{"taxonomy":"product_brand","embeddable":true,"href":"https:\/\/fmp-components.com\/fr\/wp-json\/wp\/v2\/product_brand?post=7774"},{"taxonomy":"product_cat","embeddable":true,"href":"https:\/\/fmp-components.com\/fr\/wp-json\/wp\/v2\/product_cat?post=7774"},{"taxonomy":"product_tag","embeddable":true,"href":"https:\/\/fmp-components.com\/fr\/wp-json\/wp\/v2\/product_tag?post=7774"}],"curies":[{"name":"wp","href":"https:\/\/api.w.org\/{rel}","templated":true}]}}