{"id":7773,"date":"2025-04-04T06:08:44","date_gmt":"2025-04-04T06:08:44","guid":{"rendered":"https:\/\/fmp-components.com\/?post_type=product&#038;p=7773"},"modified":"2025-04-04T06:38:52","modified_gmt":"2025-04-04T06:38:52","slug":"metal-internal-gear","status":"publish","type":"product","link":"https:\/\/fmp-components.com\/fr\/product\/metal-internal-gear\/","title":{"rendered":"Engrenage interne en m\u00e9tal"},"content":{"rendered":"<h2>Qu'est-ce qu'un engrenage interne en m\u00e9tal ?<\/h2>\n<p>L'engrenage interne m\u00e9tallique est un composant de pr\u00e9cision largement utilis\u00e9 dans les syst\u00e8mes m\u00e9caniques. Il se caract\u00e9rise par des dents taill\u00e9es dans la surface int\u00e9rieure d'une bague m\u00e9tallique cylindrique. Contrairement aux engrenages externes, les engrenages internes s'engr\u00e8nent avec les engrenages externes \u00e0 l'int\u00e9rieur de leur circonf\u00e9rence, ce qui permet des conceptions compactes et une transmission de puissance efficace. G\u00e9n\u00e9ralement fabriqu\u00e9s \u00e0 partir de m\u00e9taux \u00e0 haute r\u00e9sistance comme l'acier ou des alliages, ils offrent durabilit\u00e9 et r\u00e9sistance \u00e0 l'usure, ce qui les rend id\u00e9aux pour les applications de transmission automobile, de machines industrielles et de robotique. Leur conception unique assure un fonctionnement fluide, une r\u00e9duction du bruit et une capacit\u00e9 de couple accrue dans les environnements restreints.<\/p>\n<h3>Sp\u00e9cification<\/h3>\n<table class=\"table\" style=\"width: 100.982%; height: 321px;\" border=\"1\">\n<tbody>\n<tr>\n<td colspan=\"2\">Engrenage interne en m\u00e9tal<\/td>\n<\/tr>\n<tr>\n<td>Dimension<\/td>\n<td>\u03a660 mm<\/td>\n<\/tr>\n<tr>\n<td>Module<\/td>\n<td>M0.15-M3.0<\/td>\n<\/tr>\n<tr>\n<td>Type de mat\u00e9riau<\/td>\n<td>M\u00e9tal, bronze, acier, alliage, POM, zinc, aluminium, fer, acier inoxydable, laiton, cuivre<\/td>\n<\/tr>\n<tr>\n<td>Grade de maillage<\/td>\n<td>ISO6, JGMA 1, JIS 6, AGMA 13, DIN 6, Din5, AGMA12<\/td>\n<\/tr>\n<tr>\n<td>Application<\/td>\n<td>Automobile, Militaire, A\u00e9ronautique, M\u00e9canique, Industrie, M\u00e9dical<\/td>\n<\/tr>\n<tr>\n<td>Personnalis\u00e9<\/td>\n<td>ODM\/OEM<\/td>\n<\/tr>\n<tr>\n<td>\u00c9chantillon<\/td>\n<td>\u00c9chantillon disponible<\/td>\n<\/tr>\n<tr>\n<td>Modes d'emballage<\/td>\n<td>Emball\u00e9 sous vide avec plateau en plastique<\/td>\n<\/tr>\n<tr>\n<td>Modes de livraison<\/td>\n<td>DHL et UPS<\/td>\n<\/tr>\n<tr>\n<td>Certificat<\/td>\n<td>ISO 9001:2008\/TS16949<\/td>\n<\/tr>\n<\/tbody>\n<\/table>\n<div>\n<h3 class=\"\" dir=\"auto\">Engrenage interne en m\u00e9tal\u00a0: ing\u00e9nierie de pr\u00e9cision par FMP<\/h3>\n<p class=\"break-words\" dir=\"auto\">En mati\u00e8re d'engrenages internes m\u00e9talliques, FMP est un fabricant leader de couronnes dent\u00e9es haut de gamme pour les industries italiennes, des centres industriels milanais aux ateliers sp\u00e9cialis\u00e9s v\u00e9nitiens. Ces engrenages sont essentiels \u00e0 une transmission de puissance efficace des machines, offrant durabilit\u00e9 et pr\u00e9cision dans des applications allant de l'automobile aux \u00e9quipements lourds. Chez FMP, nous produisons une gamme diversifi\u00e9e de <a href=\"https:\/\/fmp-components.com\/fr\/ring-gear\/\">Couronnes dent\u00e9es<\/a> Nous utilisons des m\u00e9taux \u00e0 haute r\u00e9sistance et une technologie de pointe pour garantir des performances sup\u00e9rieures adapt\u00e9es aux besoins de nos clients de Florence, Bologne et d'ailleurs. Notre engagement qualit\u00e9 fait de nous un partenaire de confiance pour les entreprises en qu\u00eate de solutions m\u00e9caniques fiables.<\/p>\n<h3 class=\"\" dir=\"auto\">Personnalisation et support pour les clients italiens<\/h3>\n<p class=\"break-words\" dir=\"auto\">Vous ne trouvez pas le mod\u00e8le exact dans notre liste de produits\u00a0? Pas d'inqui\u00e9tude, cela signifie simplement que nous ne l'avons pas encore mis en ligne. Envoyez-nous simplement un e-mail avec vos besoins et nos ing\u00e9nieurs experts vous r\u00e9pondront sous 24\u00a0heures avec une solution sur mesure. Choisissez FMP pour la pr\u00e9cision, la flexibilit\u00e9 et l'excellence d'inspiration italienne de chaque engrenage que nous fabriquons\u00a0!<\/p>\n<\/div>","protected":false},"excerpt":{"rendered":"<p>What is Metal Internal Gear? Metal Internal Gear is a precision-engineered component widely used in mechanical systems, characterized by its teeth being cut into the inner surface of a cylindrical metal ring. Unlike external gears, internal gears mesh with external gears inside their circumference, enabling compact designs and efficient power transmission. Typically made from high-strength [&hellip;]<\/p>","protected":false},"featured_media":4641,"comment_status":"open","ping_status":"closed","template":"","meta":{"_et_pb_use_builder":"","_et_pb_old_content":"","_et_gb_content_width":""},"product_brand":[],"product_cat":[114],"product_tag":[],"class_list":{"0":"post-7773","1":"product","2":"type-product","3":"status-publish","4":"has-post-thumbnail","6":"product_cat-ring-gear","8":"first","9":"instock","10":"shipping-taxable","11":"product-type-simple"},"_links":{"self":[{"href":"https:\/\/fmp-components.com\/fr\/wp-json\/wp\/v2\/product\/7773","targetHints":{"allow":["GET"]}}],"collection":[{"href":"https:\/\/fmp-components.com\/fr\/wp-json\/wp\/v2\/product"}],"about":[{"href":"https:\/\/fmp-components.com\/fr\/wp-json\/wp\/v2\/types\/product"}],"replies":[{"embeddable":true,"href":"https:\/\/fmp-components.com\/fr\/wp-json\/wp\/v2\/comments?post=7773"}],"wp:featuredmedia":[{"embeddable":true,"href":"https:\/\/fmp-components.com\/fr\/wp-json\/wp\/v2\/media\/4641"}],"wp:attachment":[{"href":"https:\/\/fmp-components.com\/fr\/wp-json\/wp\/v2\/media?parent=7773"}],"wp:term":[{"taxonomy":"product_brand","embeddable":true,"href":"https:\/\/fmp-components.com\/fr\/wp-json\/wp\/v2\/product_brand?post=7773"},{"taxonomy":"product_cat","embeddable":true,"href":"https:\/\/fmp-components.com\/fr\/wp-json\/wp\/v2\/product_cat?post=7773"},{"taxonomy":"product_tag","embeddable":true,"href":"https:\/\/fmp-components.com\/fr\/wp-json\/wp\/v2\/product_tag?post=7773"}],"curies":[{"name":"wp","href":"https:\/\/api.w.org\/{rel}","templated":true}]}}