{"id":7769,"date":"2025-04-04T05:45:33","date_gmt":"2025-04-04T05:45:33","guid":{"rendered":"https:\/\/fmp-components.com\/?post_type=product&#038;p=7769"},"modified":"2025-04-04T05:50:43","modified_gmt":"2025-04-04T05:50:43","slug":"aircraft-internal-gear","status":"publish","type":"product","link":"https:\/\/fmp-components.com\/fr\/product\/aircraft-internal-gear\/","title":{"rendered":"Engrenage interne d&#039;avion"},"content":{"rendered":"<div>\n<h2 dir=\"auto\">Engrenages internes d'a\u00e9ronefs\u00a0: pr\u00e9cision et performance par FMP<\/h2>\n<p class=\"break-words\" dir=\"auto\">La couronne dent\u00e9e interne est un composant essentiel des syst\u00e8mes de transmission m\u00e9canique, notamment dans le secteur a\u00e9ronautique, o\u00f9 pr\u00e9cision et durabilit\u00e9 sont des exigences essentielles. Chez FMP, nous sommes sp\u00e9cialis\u00e9s dans la production de couronnes dent\u00e9es internes de haute qualit\u00e9, adapt\u00e9es \u00e0 divers secteurs, notamment l'a\u00e9ronautique, l'automobile et les machines industrielles. Gr\u00e2ce \u00e0 des techniques de fabrication avanc\u00e9es et \u00e0 des normes de qualit\u00e9 rigoureuses, nos couronnes dent\u00e9es internes garantissent des performances optimales \u00e0 nos clients dans toute l'Italie\u00a0: des p\u00f4les industriels dynamiques de Milan aux ateliers d'ing\u00e9nierie de Venise, en passant par le patrimoine artisanal de Florence et le secteur technologique innovant de Bologne. Que vous ayez besoin de solutions standard ou sur mesure, FMP est votre partenaire de confiance pour l'excellence.<\/p>\n<h2 dir=\"auto\">Sp\u00e9cification<\/h2>\n<\/div>\n<table class=\"table\" style=\"width: 99.8032%; height: 344px;\" border=\"1\">\n<tbody>\n<tr>\n<td colspan=\"2\">Engrenage interne d&#039;avion<\/td>\n<\/tr>\n<tr>\n<td>Dimension<\/td>\n<td>\u03a660 mm<\/td>\n<\/tr>\n<tr>\n<td>Module<\/td>\n<td>M0.15-M2.0<\/td>\n<\/tr>\n<tr>\n<td>Type de mat\u00e9riau<\/td>\n<td>M\u00e9tal, bronze, acier, alliage, POM, zinc, aluminium, fer, acier inoxydable, laiton, cuivre<\/td>\n<\/tr>\n<tr>\n<td>Grade de maillage<\/td>\n<td>ISO6, JGMA 1, JIS 6, AGMA 13, DIN 6, Din5, AGMA12<\/td>\n<\/tr>\n<tr>\n<td>Application<\/td>\n<td>Automobile, Militaire, A\u00e9ronautique, M\u00e9canique, Industrie, M\u00e9dical<\/td>\n<\/tr>\n<tr>\n<td>Personnalis\u00e9<\/td>\n<td>ODM\/OEM<\/td>\n<\/tr>\n<tr>\n<td>\u00c9chantillon<\/td>\n<td>\u00c9chantillon disponible<\/td>\n<\/tr>\n<tr>\n<td>Modes d'emballage<\/td>\n<td>Emball\u00e9 sous vide avec plateau en plastique<\/td>\n<\/tr>\n<tr>\n<td>Modes de livraison<\/td>\n<td>DHL et UPS<\/td>\n<\/tr>\n<tr>\n<td>Certificat<\/td>\n<td>ISO 9001:2008\/TS16949<\/td>\n<\/tr>\n<\/tbody>\n<\/table>\n<p><img loading=\"lazy\" decoding=\"async\" class=\"size-full wp-image-7771 aligncenter\" src=\"https:\/\/fmp-components.com\/wp-content\/uploads\/2025\/04\/Aircraft-Internal-Gear-2.webp\" alt=\"Train d&#039;atterrissage interne d&#039;avion\" width=\"1205\" height=\"400\" title=\"\" srcset=\"https:\/\/fmp-components.com\/wp-content\/uploads\/2025\/04\/Aircraft-Internal-Gear-2.webp 1205w, https:\/\/fmp-components.com\/wp-content\/uploads\/2025\/04\/Aircraft-Internal-Gear-2-980x325.webp 980w, https:\/\/fmp-components.com\/wp-content\/uploads\/2025\/04\/Aircraft-Internal-Gear-2-480x159.webp 480w\" sizes=\"(min-width: 0px) and (max-width: 480px) 480px, (min-width: 481px) and (max-width: 980px) 980px, (min-width: 981px) 1205px, 100vw\" \/> <img loading=\"lazy\" decoding=\"async\" class=\"size-full wp-image-7772 aligncenter\" src=\"https:\/\/fmp-components.com\/wp-content\/uploads\/2025\/04\/Aircraft-Internal-Gear-1.webp\" alt=\"Train d&#039;atterrissage interne d&#039;avion\" width=\"1196\" height=\"402\" title=\"\" srcset=\"https:\/\/fmp-components.com\/wp-content\/uploads\/2025\/04\/Aircraft-Internal-Gear-1.webp 1196w, https:\/\/fmp-components.com\/wp-content\/uploads\/2025\/04\/Aircraft-Internal-Gear-1-980x329.webp 980w, https:\/\/fmp-components.com\/wp-content\/uploads\/2025\/04\/Aircraft-Internal-Gear-1-480x161.webp 480w\" sizes=\"(min-width: 0px) and (max-width: 480px) 480px, (min-width: 481px) and (max-width: 980px) 980px, (min-width: 981px) 1196px, 100vw\" \/><\/p>\n<p><span style=\"color: #333333; font-size: 18px;\">Caract\u00e9ristiques du produit<\/span><\/p>\n<div>\n<p class=\"break-words\" dir=\"auto\">Nos engrenages internes d'a\u00e9ronefs se distinguent par leur savoir-faire exceptionnel :<\/p>\n<ol class=\"marker:text-secondary\" dir=\"auto\">\n<li class=\"break-words\">Fabrication de haute pr\u00e9cision : gr\u00e2ce \u00e0 l'usinage CNC de pointe, nous garantissons des profils et un alignement pr\u00e9cis des dents, minimisant le bruit et les vibrations pour un fonctionnement fluide, id\u00e9al pour les applications a\u00e9rospatiales dans des villes comme Milan et Bologne.<\/li>\n<li class=\"break-words\">Mat\u00e9riaux \u00e0 haute r\u00e9sistance : Fabriqu\u00e9s \u00e0 partir d'acier alli\u00e9 de qualit\u00e9 sup\u00e9rieure avec un traitement thermique avanc\u00e9, nos engrenages offrent une durabilit\u00e9 in\u00e9gal\u00e9e sous de lourdes charges, servant les clients de Venise \u00e0 Florence avec une fiabilit\u00e9 durable.<\/li>\n<li class=\"break-words\">Excellente r\u00e9sistance \u00e0 l'usure : les surfaces sp\u00e9cialement trait\u00e9es garantissent une r\u00e9sistance \u00e0 l'usure sup\u00e9rieure, maintenant l'efficacit\u00e9 au fil du temps, une solution parfaite pour les industries exigeantes de l'Italie.<\/li>\n<li class=\"break-words\">Conception personnalisable : Chez FMP, nous fournissons des couronnes dent\u00e9es enti\u00e8rement personnalisables, adaptant la taille, les param\u00e8tres des dents et les mat\u00e9riaux \u00e0 vos besoins sp\u00e9cifiques, o\u00f9 que vous soyez en Italie.<\/li>\n<\/ol>\n<div>\n<h4 class=\"\" dir=\"auto\">Personnalisation et disponibilit\u00e9<\/h4>\n<p class=\"break-words\" dir=\"auto\">FMP fabrique fi\u00e8rement une large gamme de <a href=\"https:\/\/fmp-components.com\/fr\/ring-gear\/\">Couronnes dent\u00e9es<\/a> Nous acceptons les commandes personnalis\u00e9es pour r\u00e9pondre \u00e0 vos sp\u00e9cifications sp\u00e9cifiques. Si vous ne trouvez pas le mod\u00e8le exact dont vous avez besoin dans notre catalogue, que vous soyez \u00e0 Milan, Venise, Florence ou Bologne, cela signifie simplement que nous ne l'avons pas encore mis en ligne. N'h\u00e9sitez pas \u00e0 nous envoyer un e-mail avec vos besoins. Nos ing\u00e9nieurs experts vous r\u00e9pondront sous 24 heures et vous proposeront des solutions sur mesure pour que vos projets soient couronn\u00e9s de succ\u00e8s. Contactez FMP d\u00e8s aujourd'hui et d\u00e9couvrez la pr\u00e9cision d'inspiration italienne alli\u00e9e \u00e0 une expertise mondiale\u00a0!<\/p>\n<\/div>\n<p>&nbsp;<\/p>\n<\/div>","protected":false},"excerpt":{"rendered":"<p>Aircraft Internal Gear: Precision and Performance by FMP The internal gear ring is a vital component in mechanical transmission systems, especially within the aerospace sector, where precision and durability are non-negotiable. At FMP, we specialize in producing high-quality Ring Gears tailored to various industries, including aerospace, automotive, and industrial machinery. Based on advanced manufacturing techniques [&hellip;]<\/p>","protected":false},"featured_media":4648,"comment_status":"open","ping_status":"closed","template":"","meta":{"_et_pb_use_builder":"","_et_pb_old_content":"","_et_gb_content_width":""},"product_brand":[],"product_cat":[114],"product_tag":[],"class_list":{"0":"post-7769","1":"product","2":"type-product","3":"status-publish","4":"has-post-thumbnail","6":"product_cat-ring-gear","8":"first","9":"instock","10":"shipping-taxable","11":"product-type-simple"},"_links":{"self":[{"href":"https:\/\/fmp-components.com\/fr\/wp-json\/wp\/v2\/product\/7769","targetHints":{"allow":["GET"]}}],"collection":[{"href":"https:\/\/fmp-components.com\/fr\/wp-json\/wp\/v2\/product"}],"about":[{"href":"https:\/\/fmp-components.com\/fr\/wp-json\/wp\/v2\/types\/product"}],"replies":[{"embeddable":true,"href":"https:\/\/fmp-components.com\/fr\/wp-json\/wp\/v2\/comments?post=7769"}],"wp:featuredmedia":[{"embeddable":true,"href":"https:\/\/fmp-components.com\/fr\/wp-json\/wp\/v2\/media\/4648"}],"wp:attachment":[{"href":"https:\/\/fmp-components.com\/fr\/wp-json\/wp\/v2\/media?parent=7769"}],"wp:term":[{"taxonomy":"product_brand","embeddable":true,"href":"https:\/\/fmp-components.com\/fr\/wp-json\/wp\/v2\/product_brand?post=7769"},{"taxonomy":"product_cat","embeddable":true,"href":"https:\/\/fmp-components.com\/fr\/wp-json\/wp\/v2\/product_cat?post=7769"},{"taxonomy":"product_tag","embeddable":true,"href":"https:\/\/fmp-components.com\/fr\/wp-json\/wp\/v2\/product_tag?post=7769"}],"curies":[{"name":"wp","href":"https:\/\/api.w.org\/{rel}","templated":true}]}}