{"id":7760,"date":"2025-04-04T04:01:26","date_gmt":"2025-04-04T04:01:26","guid":{"rendered":"https:\/\/fmp-components.com\/?post_type=product&#038;p=7760"},"modified":"2025-04-04T05:33:52","modified_gmt":"2025-04-04T05:33:52","slug":"stainless-steel-ring-gear-for-wind-turbine","status":"publish","type":"product","link":"https:\/\/fmp-components.com\/fr\/product\/stainless-steel-ring-gear-for-wind-turbine\/","title":{"rendered":"Couronne dent\u00e9e en acier inoxydable pour \u00e9olienne"},"content":{"rendered":"<div>\n<h2 dir=\"auto\">Anneaux en acier inoxydable\u00a0: Alimenter les \u00e9oliennes<\/h2>\n<p class=\"break-words\" dir=\"auto\">Les anneaux en acier inoxydable sont des composants essentiels de l'ing\u00e9nierie moderne, pris\u00e9s pour leur r\u00e9sistance exceptionnelle \u00e0 la corrosion, leur durabilit\u00e9 \u00e0 l'usure et leurs propri\u00e9t\u00e9s antirouille. Dans les \u00e9oliennes, ces anneaux, souvent con\u00e7us comme des engrenages internes, jouent un r\u00f4le vital dans les syst\u00e8mes d'orientation et de tangage, garantissant un mouvement pr\u00e9cis et une fiabilit\u00e9 \u00e0 long terme m\u00eame dans des conditions environnementales difficiles. L'Italie, avec son secteur des \u00e9nergies renouvelables en pleine expansion dans des villes comme Milan et Bologne, compte sur ces composants de haute pr\u00e9cision pour soutenir une production d'\u00e9nergie durable. Fabriqu\u00e9s en acier inoxydable de premi\u00e8re qualit\u00e9, ces anneaux excellent dans des applications exigeantes, des machines lourdes aux \u00e9quipements maritimes \u00e0 Venise, en passant par les innovations a\u00e9rospatiales \u00e0 Florence, ce qui les rend indispensables \u00e0 l'excellence industrielle.<\/p>\n<\/div>\n<table class=\"aliDataTable\" style=\"width: 100.293%;\" border=\"1\">\n<tbody>\n<tr>\n<td style=\"width: 374.349%;\" colspan=\"2\">\n<div><b data-spm-anchor-id=\"a2700.details.0.i27.bf425d5dOqoAqD\">Caract\u00e9ristiques<\/b><\/div>\n<\/td>\n<\/tr>\n<tr>\n<td style=\"width: 33.7449%;\">\n<div>Forme<\/div>\n<\/td>\n<td style=\"width: 340.604%;\">\n<div><a href=\"https:\/\/fmp-components.com\/fr\/ring-gear\/\">Couronne dent\u00e9e<\/a><\/div>\n<\/td>\n<\/tr>\n<tr>\n<td style=\"width: 33.7449%;\">\n<div>Profil dentaire<\/div>\n<\/td>\n<td style=\"width: 340.604%;\">involut\u00e9<\/td>\n<\/tr>\n<tr>\n<td style=\"width: 33.7449%;\">\n<div>Description<\/div>\n<\/td>\n<td style=\"width: 340.604%;\">\n<div>Couronne de transmission<\/div>\n<\/td>\n<\/tr>\n<tr>\n<td style=\"width: 33.7449%;\">\n<div>Taille<\/div>\n<\/td>\n<td style=\"width: 340.604%;\">\n<div>Selon le dessin<\/div>\n<\/td>\n<\/tr>\n<\/tbody>\n<\/table>\n<div><\/div>\n<div>\n<div id=\"3u9z5\">\n<div id=\"ali-anchor-AliMaya-kiqiy\" data-section=\"AliMaya-kiqiy\" data-section-title=\"Technical Detail\" data-spm-anchor-id=\"a2700.details.0.i29.bf425d5dOqoAqD\">D\u00e9tails techniques<\/div>\n<\/div>\n<div>\n<div id=\"6re8y\">\n<table class=\"aliDataTable\" style=\"width: 99.9363%;\" border=\"1\">\n<tbody>\n<tr>\n<td style=\"width: 16.5312%;\" rowspan=\"3\">\n<div>\n<div><\/div>\n<div><\/div>\n<div>Mat\u00e9riaux s\u00e9lectionn\u00e9s<\/div>\n<\/div>\n<\/td>\n<td style=\"width: 18.6992%;\">\n<div>Acier au carbone<\/div>\n<\/td>\n<td style=\"width: 90.1521%;\">\n<div>SAE1020, SAE1045, Cr12, 40Cr, Y15Pb, 1214L, etc.<\/div>\n<\/td>\n<\/tr>\n<tr>\n<td style=\"width: 18.6992%;\">\n<div>Acier alli\u00e9<\/div>\n<\/td>\n<td style=\"width: 90.1521%;\">\n<div>20CrMnTi, 16MnCr5, 20CrMnMo, 41CrMo, 17CrNiMo5, etc.<\/div>\n<\/td>\n<\/tr>\n<tr>\n<td style=\"width: 18.6992%;\">\n<div>Laiton\/Bronze<\/div>\n<\/td>\n<td style=\"width: 90.1521%;\">\n<div>HPb59-1, H70, CuZn39Pb2, CuZn40Pb2, C38000, CuZn40 etc<\/div>\n<\/td>\n<\/tr>\n<tr>\n<td style=\"width: 16.5312%;\">\n<div>\n<div>Modules<\/div>\n<\/div>\n<\/td>\n<td style=\"width: 108.851%;\" colspan=\"2\">\n<div>1,0, 1,25, 1,5, 1,75, 2,0, 2,25, 2,5\u2026.8,0 etc.<\/div>\n<\/td>\n<\/tr>\n<tr>\n<td style=\"width: 16.5312%;\">\n<div>\n<div>Processus d'usinage<\/div>\n<\/div>\n<\/td>\n<td style=\"width: 108.851%;\" colspan=\"2\">\n<div>Taillage d'engrenages par fraisage, fraisage d'engrenages, fa\u00e7onnage d'engrenages, brochage d'engrenages<br \/>\nRasage, rectification et rodage d'engrenages<\/div>\n<\/td>\n<\/tr>\n<tr>\n<td style=\"width: 16.5312%;\" rowspan=\"2\">\n<div>\n<div><\/div>\n<div>Contr\u00f4le de tol\u00e9rance<\/div>\n<\/div>\n<\/td>\n<td style=\"width: 18.6992%;\">\n<div>Diam\u00e8tre ext\u00e9rieur<\/div>\n<\/td>\n<td style=\"width: 90.1521%;\">\n<div>\u00b10,005 mm<\/div>\n<\/td>\n<\/tr>\n<tr>\n<td style=\"width: 18.6992%;\">\n<div>Dimension de longueur<\/div>\n<\/td>\n<td style=\"width: 90.1521%;\">\n<div>\u00b10,05 mm<\/div>\n<\/td>\n<\/tr>\n<tr>\n<td style=\"width: 16.5312%;\">\n<div>\n<div>Traitement thermique<\/div>\n<\/div>\n<\/td>\n<td style=\"width: 108.851%;\" colspan=\"2\">\n<div>Trempe et revenu, c\u00e9mentation et trempe, trempe haute fr\u00e9quence, carbonitruration\u2026<\/div>\n<\/td>\n<\/tr>\n<tr>\n<td style=\"width: 16.5312%;\">\n<div>\n<div>Pr\u00e9cision des dents<\/div>\n<\/div>\n<\/td>\n<td style=\"width: 108.851%;\" colspan=\"2\">\n<div>DIN Classe 4, ISO\/GB Classe 4, AGMA Classe 13, JIS Classe 0<\/div>\n<\/td>\n<\/tr>\n<tr>\n<td style=\"width: 16.5312%;\">\n<div>\n<div>Traitement de surface<\/div>\n<\/div>\n<\/td>\n<td style=\"width: 108.851%;\" colspan=\"2\">\n<div>Noircissement, polissage, anodisation, chromage, zingage, nickelage\u2026<\/div>\n<\/td>\n<\/tr>\n<\/tbody>\n<\/table>\n<div class=\"sliderTable mt10 mb10 sliderTable-index0 change-to-org\">\n<div class=\"inner\">\n<table border=\"1\" width=\"100%\">\n<tbody>\n<tr class=\"firstRow\">\n<th colspan=\"2\" valign=\"top\">Donn\u00e9es de base sur l'\u00e9quipement<\/th>\n<\/tr>\n<tr>\n<td valign=\"center\">Forme de la dent d'engrenage<\/td>\n<td valign=\"center\">involut\u00e9<\/td>\n<\/tr>\n<tr>\n<td valign=\"center\">Mat\u00e9riau de l'engrenage<\/td>\n<td valign=\"center\">42CrMo<\/td>\n<\/tr>\n<tr>\n<td valign=\"center\">Processus d'engrenage<\/td>\n<td valign=\"center\">n\u00e9bulisation, durabilit\u00e9, fraisage des dents, rectification interne et plane, meulage des dents<\/td>\n<\/tr>\n<tr>\n<td valign=\"center\">Angle de pression<\/td>\n<td valign=\"center\">20\u00b0<\/td>\n<\/tr>\n<tr>\n<td valign=\"center\">Niveau de qualit\u00e9<\/td>\n<td valign=\"center\">DIN 3962 classe 7<\/td>\n<\/tr>\n<tr>\n<td valign=\"center\">Type d'engrenage<\/td>\n<td valign=\"center\">Mn=6, Z=109, \u03b2=0\u00b0, X=-0,25<\/td>\n<\/tr>\n<\/tbody>\n<\/table>\n<\/div>\n<\/div>\n<p>CAPACIT\u00c9S DES ENGRENAGES\/CANNES<\/p>\n<div class=\"sliderTable mt10 mb10 sliderTable-index1 change-to-org\">\n<div class=\"inner\">\n<table border=\"1\" width=\"100%\">\n<tbody>\n<tr class=\"firstRow\">\n<th colspan=\"4\" valign=\"top\">ENGRENAGES INTERNES ET CANNELURES INTERNES<\/th>\n<\/tr>\n<tr>\n<td valign=\"top\"><\/td>\n<td valign=\"top\">BROYAGE<\/td>\n<td valign=\"top\">FA\u00c7ONNEMENT<\/td>\n<td valign=\"top\">GRINCEMENT DE DENTS<\/td>\n<\/tr>\n<tr>\n<td valign=\"top\">Diam\u00e8tre ext\u00e9rieur maximal<\/td>\n<td valign=\"top\">2500 mm<\/td>\n<td valign=\"top\">2500 mm<\/td>\n<td valign=\"top\">2500 mm<\/td>\n<\/tr>\n<tr>\n<td valign=\"top\">ID minimum<\/td>\n<td valign=\"top\">650 mm<\/td>\n<td valign=\"top\">50 mm<\/td>\n<td valign=\"top\">100 mm<\/td>\n<\/tr>\n<tr>\n<td valign=\"top\">Largeur maximale du visage<\/td>\n<td valign=\"top\">500 mm<\/td>\n<td valign=\"top\">500 mm<\/td>\n<td valign=\"top\">500 mm<\/td>\n<\/tr>\n<tr>\n<td valign=\"top\">Pas diam\u00e9tral maximal<\/td>\n<td valign=\"top\">DP 1<\/td>\n<td valign=\"top\">DP 1<\/td>\n<td valign=\"top\">DP 0,5<\/td>\n<\/tr>\n<tr>\n<td valign=\"top\">Module maximum<\/td>\n<td valign=\"top\">26 mm<\/td>\n<td valign=\"top\">26 mm<\/td>\n<td valign=\"top\">45 mm<\/td>\n<\/tr>\n<tr>\n<td valign=\"top\">Niveau AGMA\/Niveau DIN<\/td>\n<td valign=\"top\">DIN Classe 8<\/td>\n<td valign=\"top\">DIN Classe 8<\/td>\n<td valign=\"top\">DIN Classe 4<\/td>\n<\/tr>\n<tr>\n<td valign=\"top\">Finition de la surface des dents<\/td>\n<td valign=\"top\">Ra 3.2<\/td>\n<td valign=\"top\">Ra 3.2<\/td>\n<td valign=\"top\">Ra 0,6<\/td>\n<\/tr>\n<tr>\n<td valign=\"top\">Angle d'h\u00e9lice maximal<\/td>\n<td valign=\"top\">\u00b122,5\u00b0<\/td>\n<td valign=\"top\">\u00b122,5\u00b0<\/td>\n<td valign=\"top\">\u00b145\u00b0<\/td>\n<\/tr>\n<tr>\n<th colspan=\"4\" valign=\"top\">ENGRENAGES EXTERNES ET CANNELURES EXTERNES<\/th>\n<\/tr>\n<tr>\n<td valign=\"top\"><\/td>\n<td valign=\"top\">HACHAGE<\/td>\n<td valign=\"top\">BROYAGE<\/td>\n<td valign=\"top\">GRINCEMENT DE DENTS<\/td>\n<\/tr>\n<tr>\n<td valign=\"top\">Diam\u00e8tre ext\u00e9rieur maximal<\/td>\n<td valign=\"top\">1250 mm<\/td>\n<td valign=\"top\">2500 mm<\/td>\n<td valign=\"top\">2500 mm<\/td>\n<\/tr>\n<tr>\n<td valign=\"top\">Diam\u00e8tre ext\u00e9rieur minimum<\/td>\n<td valign=\"top\">20 mm<\/td>\n<td valign=\"top\">200 mm<\/td>\n<td valign=\"top\">20 mm<\/td>\n<\/tr>\n<tr>\n<td valign=\"top\">Largeur maximale du visage<\/td>\n<td valign=\"top\">500 mm<\/td>\n<td valign=\"top\">500 mm<\/td>\n<td valign=\"top\">1480 mm<\/td>\n<\/tr>\n<tr>\n<td valign=\"top\">Pas diam\u00e9tral maximal<\/td>\n<td valign=\"top\">DP 1<\/td>\n<td valign=\"top\">DP 1<\/td>\n<td valign=\"top\">DP 0,5<\/td>\n<\/tr>\n<tr>\n<td valign=\"top\">Module maximum<\/td>\n<td valign=\"top\">26 mm<\/td>\n<td valign=\"top\">26 mm<\/td>\n<td valign=\"top\">45 mm<\/td>\n<\/tr>\n<tr>\n<td valign=\"top\">Niveau AGMA\/Niveau DIN<\/td>\n<td valign=\"top\">DIN Classe 8<\/td>\n<td valign=\"top\">DIN Classe 8<\/td>\n<td valign=\"top\">DIN Classe 4<\/td>\n<\/tr>\n<tr>\n<td valign=\"top\">Finition de la surface des dents<\/td>\n<td valign=\"top\">Ra 3.2<\/td>\n<td valign=\"top\">Ra 3.2<\/td>\n<td valign=\"top\">Ra 0,6<\/td>\n<\/tr>\n<tr>\n<td valign=\"top\">Angle d'h\u00e9lice maximal<\/td>\n<td valign=\"top\">\u00b145\u00b0<\/td>\n<td valign=\"top\">\u00b145\u00b0<\/td>\n<td valign=\"top\">\u00b145\u00b0<\/td>\n<\/tr>\n<\/tbody>\n<\/table>\n<p><span style=\"color: #333333; font-size: 22px;\">FMP\u00a0: Votre fournisseur de couronnes dent\u00e9es en acier inoxydable de qualit\u00e9 sup\u00e9rieure<\/span><\/p>\n<div>\n<p class=\"break-words\" dir=\"auto\">FMP est un fabricant, exportateur et fournisseur de premier plan de composants de machines lourdes de haute qualit\u00e9, comprenant une gamme diversifi\u00e9e de <strong>couronnes dent\u00e9es<\/strong> Fabriqu\u00e9s en acier inoxydable, nos produits sont con\u00e7us et fabriqu\u00e9s en Italie. Bas\u00e9s en Italie, nous fournissons des produits robustes et r\u00e9sistants \u00e0 l'usure aux industries de Milan, Venise, Florence et Bologne. Nos traitements de surface durables minimisent la corrosion et optimisent la long\u00e9vit\u00e9, le tout \u00e0 des prix comp\u00e9titifs. Notre expertise couvre les solutions sur mesure pour les engrenages de sucreries, les couronnes dent\u00e9es m\u00e9caniques et les anneaux sp\u00e9ciaux en acier inoxydable pour \u00e9oliennes. Que vous alimentiez des projets d'\u00e9nergies renouvelables \u00e0 Bologne ou des syst\u00e8mes maritimes \u00e0 Venise, FMP propose des conceptions personnalis\u00e9es r\u00e9pondant \u00e0 vos sp\u00e9cifications exactes, garantissant des performances optimales et une int\u00e9grit\u00e9 structurelle irr\u00e9prochable.<\/p>\n<\/div>\n<table style=\"border-collapse: collapse; width: 100.345%; height: 5px;\" border=\"0\" width=\"243\" cellspacing=\"0\" cellpadding=\"0\">\n<tbody>\n<tr style=\"height: 14.40pt;\">\n<td style=\"height: 14.4pt; width: 33.2978%;\" align=\"right\" width=\"81\" height=\"24\">\u00a0<img loading=\"lazy\" decoding=\"async\" class=\"alignnone size-full wp-image-7766\" src=\"https:\/\/fmp-components.com\/wp-content\/uploads\/2025\/04\/Stainless_Steel_Ring_Gear_For_Wind_Turbine_1.webp\" alt=\"Couronne dent\u00e9e en acier inoxydable pour \u00e9olienne\" width=\"1024\" height=\"1024\" title=\"\" srcset=\"https:\/\/fmp-components.com\/wp-content\/uploads\/2025\/04\/Stainless_Steel_Ring_Gear_For_Wind_Turbine_1.webp 1024w, https:\/\/fmp-components.com\/wp-content\/uploads\/2025\/04\/Stainless_Steel_Ring_Gear_For_Wind_Turbine_1-980x980.webp 980w, https:\/\/fmp-components.com\/wp-content\/uploads\/2025\/04\/Stainless_Steel_Ring_Gear_For_Wind_Turbine_1-480x480.webp 480w\" sizes=\"(min-width: 0px) and (max-width: 480px) 480px, (min-width: 481px) and (max-width: 980px) 980px, (min-width: 981px) 1024px, 100vw\" \/><\/td>\n<td style=\"width: 33.2978%;\" align=\"right\" width=\"81\"><img loading=\"lazy\" decoding=\"async\" class=\"alignnone size-full wp-image-7765\" src=\"https:\/\/fmp-components.com\/wp-content\/uploads\/2025\/04\/Stainless_Steel_Ring_Gear_For_Wind_Turbine_3.webp\" alt=\"Couronne dent\u00e9e en acier inoxydable pour \u00e9olienne\" width=\"1024\" height=\"1024\" title=\"\" srcset=\"https:\/\/fmp-components.com\/wp-content\/uploads\/2025\/04\/Stainless_Steel_Ring_Gear_For_Wind_Turbine_3.webp 1024w, https:\/\/fmp-components.com\/wp-content\/uploads\/2025\/04\/Stainless_Steel_Ring_Gear_For_Wind_Turbine_3-980x980.webp 980w, https:\/\/fmp-components.com\/wp-content\/uploads\/2025\/04\/Stainless_Steel_Ring_Gear_For_Wind_Turbine_3-480x480.webp 480w\" sizes=\"(min-width: 0px) and (max-width: 480px) 480px, (min-width: 481px) and (max-width: 980px) 980px, (min-width: 981px) 1024px, 100vw\" \/><\/td>\n<td style=\"width: 33.2978%;\" align=\"right\" width=\"81\"><img loading=\"lazy\" decoding=\"async\" class=\"alignnone size-full wp-image-7767\" src=\"https:\/\/fmp-components.com\/wp-content\/uploads\/2025\/04\/Stainless_Steel_Ring_Gear_For_Wind_Turbine_2.webp\" alt=\"Couronne dent\u00e9e en acier inoxydable pour \u00e9olienne\" width=\"1024\" height=\"1024\" title=\"\" srcset=\"https:\/\/fmp-components.com\/wp-content\/uploads\/2025\/04\/Stainless_Steel_Ring_Gear_For_Wind_Turbine_2.webp 1024w, https:\/\/fmp-components.com\/wp-content\/uploads\/2025\/04\/Stainless_Steel_Ring_Gear_For_Wind_Turbine_2-980x980.webp 980w, https:\/\/fmp-components.com\/wp-content\/uploads\/2025\/04\/Stainless_Steel_Ring_Gear_For_Wind_Turbine_2-480x480.webp 480w\" sizes=\"(min-width: 0px) and (max-width: 480px) 480px, (min-width: 481px) and (max-width: 980px) 980px, (min-width: 981px) 1024px, 100vw\" \/><\/td>\n<\/tr>\n<\/tbody>\n<\/table>\n<div>\n<h3 class=\"\" dir=\"auto\">Commandes personnalis\u00e9es et assistance rapide de FMP<\/h3>\n<p class=\"break-words\" dir=\"auto\">Vous ne trouvez pas le mod\u00e8le de couronne dent\u00e9e en acier inoxydable qu'il vous faut pour votre \u00e9olienne ou autre application\u00a0? Chez FMP, nous fabriquons une large gamme de couronnes dent\u00e9es et acceptons les commandes sur mesure pour r\u00e9pondre \u00e0 vos besoins sp\u00e9cifiques. Si le mod\u00e8le que vous recherchez n'est pas list\u00e9, il est probable que nous ne l'ayons pas encore ajout\u00e9 \u00e0 notre catalogue. Envoyez-nous simplement vos sp\u00e9cifications par e-mail et nos ing\u00e9nieurs experts vous r\u00e9pondront sous 24\u00a0heures avec une solution adapt\u00e9e. Pr\u00e9sents dans les principaux p\u00f4les industriels italiens tels que Milan, Florence, Venise et Bologne, nous nous engageons \u00e0 accompagner vos projets avec pr\u00e9cision et rapidit\u00e9. Contactez FMP d\u00e8s aujourd'hui pour optimiser vos \u00e9oliennes gr\u00e2ce \u00e0 nos couronnes dent\u00e9es en acier inoxydable haut de gamme\u00a0!<\/p>\n<\/div>\n<\/div>\n<\/div>\n<\/div>\n<\/div>\n<\/div>","protected":false},"excerpt":{"rendered":"<p>Stainless Steel Rings: Powering Wind Turbines Stainless steel rings are critical components in modern engineering, prized for their exceptional corrosion resistance, wear durability, and rust-proof properties. In wind turbines, these rings\u2014often designed as internal ring gears\u2014play a vital role in the yaw and pitch systems, ensuring precise movement and long-term reliability under harsh environmental conditions. [&hellip;]<\/p>","protected":false},"featured_media":7766,"comment_status":"open","ping_status":"closed","template":"","meta":{"_et_pb_use_builder":"","_et_pb_old_content":"","_et_gb_content_width":""},"product_brand":[],"product_cat":[114],"product_tag":[],"class_list":{"0":"post-7760","1":"product","2":"type-product","3":"status-publish","4":"has-post-thumbnail","6":"product_cat-ring-gear","8":"first","9":"instock","10":"shipping-taxable","11":"product-type-simple"},"_links":{"self":[{"href":"https:\/\/fmp-components.com\/fr\/wp-json\/wp\/v2\/product\/7760","targetHints":{"allow":["GET"]}}],"collection":[{"href":"https:\/\/fmp-components.com\/fr\/wp-json\/wp\/v2\/product"}],"about":[{"href":"https:\/\/fmp-components.com\/fr\/wp-json\/wp\/v2\/types\/product"}],"replies":[{"embeddable":true,"href":"https:\/\/fmp-components.com\/fr\/wp-json\/wp\/v2\/comments?post=7760"}],"wp:featuredmedia":[{"embeddable":true,"href":"https:\/\/fmp-components.com\/fr\/wp-json\/wp\/v2\/media\/7766"}],"wp:attachment":[{"href":"https:\/\/fmp-components.com\/fr\/wp-json\/wp\/v2\/media?parent=7760"}],"wp:term":[{"taxonomy":"product_brand","embeddable":true,"href":"https:\/\/fmp-components.com\/fr\/wp-json\/wp\/v2\/product_brand?post=7760"},{"taxonomy":"product_cat","embeddable":true,"href":"https:\/\/fmp-components.com\/fr\/wp-json\/wp\/v2\/product_cat?post=7760"},{"taxonomy":"product_tag","embeddable":true,"href":"https:\/\/fmp-components.com\/fr\/wp-json\/wp\/v2\/product_tag?post=7760"}],"curies":[{"name":"wp","href":"https:\/\/api.w.org\/{rel}","templated":true}]}}