{"id":7751,"date":"2025-04-04T03:10:57","date_gmt":"2025-04-04T03:10:57","guid":{"rendered":"https:\/\/fmp-components.com\/?post_type=product&#038;p=7751"},"modified":"2025-04-04T05:33:32","modified_gmt":"2025-04-04T05:33:32","slug":"ring-gear-for-cement-mixer","status":"publish","type":"product","link":"https:\/\/fmp-components.com\/fr\/product\/ring-gear-for-cement-mixer\/","title":{"rendered":"Couronne dent\u00e9e pour b\u00e9tonni\u00e8re"},"content":{"rendered":"<div>\n<h2 dir=\"auto\">Couronnes dent\u00e9es de haute qualit\u00e9 pour b\u00e9tonni\u00e8res, par FMP<\/h2>\n<p class=\"break-words\" dir=\"auto\">Dans les p\u00f4les de construction italiens en pleine effervescence, tels que Milan, Venise, Florence et Bologne, la demande en b\u00e9tonni\u00e8res fiables est constante. Un composant essentiel de ces machines est le <a href=\"https:\/\/fmp-components.com\/fr\/ring-gear\/\">couronne dent\u00e9e<\/a> Pour les b\u00e9tonni\u00e8res, une couronne dent\u00e9e robuste assure la rotation du tambour et un m\u00e9lange efficace du b\u00e9ton. Chez FMP, nous sommes sp\u00e9cialis\u00e9s dans la production de diff\u00e9rents types de couronnes dent\u00e9es, notamment la couronne dent\u00e9e cylindrique \u00e0 denture h\u00e9lico\u00efdale double, \u00e0 segments en acier alli\u00e9 moul\u00e9, de grande taille et \u00e0 module \u00e9lev\u00e9. Fabriqu\u00e9es en acier alli\u00e9 haute r\u00e9sistance et b\u00e9n\u00e9ficiant de traitements de c\u00e9mentation ou de trempe superficielle, nos couronnes dent\u00e9es offrent une capacit\u00e9 de charge et une durabilit\u00e9 exceptionnelles. Que vous travailliez sur des gratte-ciel modernes \u00e0 Milan ou que vous restauriez des \u00e9difices historiques \u00e0 Florence, les couronnes dent\u00e9es FMP garantissent une transmission stable, avec de faibles impacts, vibrations et un faible niveau sonore \u2013 id\u00e9ales pour les machines \u00e0 grande vitesse et \u00e0 forte charge.<\/p>\n<h2 dir=\"auto\">Sp\u00e9cification<\/h2>\n<\/div>\n<table style=\"width: 100%;\" border=\"1\" width=\"100%\" cellspacing=\"0\" cellpadding=\"0\">\n<tbody>\n<tr>\n<td colspan=\"2\" width=\"160\">Nom du produit<\/td>\n<td colspan=\"2\" width=\"611\">Couronne dent\u00e9e<\/td>\n<\/tr>\n<tr>\n<td colspan=\"2\" width=\"160\">Marque<\/td>\n<td colspan=\"2\" width=\"611\">FMP<\/td>\n<\/tr>\n<tr>\n<td colspan=\"2\" width=\"160\">Processus<\/td>\n<td colspan=\"2\" width=\"611\">Forgeage, usinage, traitement thermique<\/td>\n<\/tr>\n<tr>\n<td colspan=\"2\" width=\"160\"><\/td>\n<td colspan=\"2\" rowspan=\"2\" width=\"611\">machines d'impression de grande taille, avions, machines de production, industrie portuaire, machines pour l'industrie lourde, etc.<\/td>\n<\/tr>\n<tr>\n<td colspan=\"2\" width=\"160\">Application<\/td>\n<\/tr>\n<tr>\n<td colspan=\"2\" width=\"160\">Mat\u00e9riaux de traitement<\/td>\n<td colspan=\"2\" width=\"611\">45#40CR 20CRM O20CRNIMO 17CRNIMO620CRMNTI42CRMO etc.<\/td>\n<\/tr>\n<\/tbody>\n<\/table>\n<p>&nbsp;<\/p>\n<table style=\"width: 100%;\" border=\"1\" width=\"100%\" cellspacing=\"0\" cellpadding=\"0\">\n<tbody>\n<tr style=\"height: 27.60pt;\">\n<td class=\"et2\" style=\"height: 27.60pt; width: 48.00pt;\" width=\"80\" height=\"46\">Module d'engrenage<\/td>\n<td class=\"et3\" style=\"width: 48.00pt;\" width=\"80\">8-120<\/td>\n<\/tr>\n<tr style=\"height: 41.40pt;\">\n<td class=\"et4\" style=\"height: 41.40pt; width: 48.00pt;\" width=\"80\" height=\"69\">Meulage d'engrenages<\/td>\n<td class=\"et5\" style=\"width: 48.00pt;\" width=\"80\">Module MAX 25<\/td>\n<\/tr>\n<tr style=\"height: 41.40pt;\">\n<td class=\"et4\" style=\"height: 41.40pt; width: 48.00pt;\" width=\"80\" height=\"69\">Diam\u00e8tre de la roue dent\u00e9e<\/td>\n<td class=\"et5\" style=\"width: 48.00pt;\" width=\"80\">MAX 13 000 mm<\/td>\n<\/tr>\n<tr style=\"height: 41.40pt;\">\n<td class=\"et4\" style=\"height: 41.40pt; width: 48.00pt;\" width=\"80\" height=\"69\">Diam\u00e8tre de l'engrenage h\u00e9lico\u00efdal<\/td>\n<td class=\"et5\" style=\"width: 48.00pt;\" width=\"80\">MAX. 2 200 mm<\/td>\n<\/tr>\n<tr style=\"height: 41.40pt;\">\n<td class=\"et4\" style=\"height: 41.40pt; width: 48.00pt;\" width=\"80\" height=\"69\">Longueur de l'arbre d'engrenage<\/td>\n<td class=\"et5\" style=\"width: 48.00pt;\" width=\"80\">MAX 5 000 mm<\/td>\n<\/tr>\n<tr style=\"height: 82.80pt;\">\n<td class=\"et4\" style=\"height: 82.80pt; width: 48.00pt;\" width=\"80\" height=\"138\">Traitement des dents d'engrenage<\/td>\n<td class=\"et5\" style=\"width: 48.00pt;\" width=\"80\">Durcissement superficiel, c\u00e9mentation et trempe<\/td>\n<\/tr>\n<tr style=\"height: 55.95pt;\">\n<td class=\"et6\" style=\"height: 55.95pt; width: 48.00pt;\" width=\"80\" height=\"93\">Usine de travail<\/td>\n<td class=\"et7\" style=\"width: 48.00pt;\" width=\"80\">Forgeage, fonderie et soudage<\/td>\n<\/tr>\n<\/tbody>\n<\/table>\n<p><span style=\"color: #333333; font-size: 22px;\">L'expertise de FMP dans la fabrication de couronnes dent\u00e9es sur mesure<\/span><\/p>\n<div>\n<p class=\"break-words\" dir=\"auto\">FMP s'impose comme un partenaire de confiance pour les secteurs italiens de la construction et de l'ing\u00e9nierie, offrant une vaste gamme d'engrenages annulaires (droits, h\u00e9lico\u00efdaux et \u00e0 chevrons), tous con\u00e7us sur mesure selon les sp\u00e9cifications du client. Nos techniques de fabrication avanc\u00e9es, incluant la m\u00e9tallurgie des poudres et des proc\u00e9d\u00e9s de traitement thermique uniques, optimisent la structure des engrenages, am\u00e9liorant ainsi leur duret\u00e9, leur r\u00e9sistance \u00e0 l'usure et leur r\u00e9sistance aux chocs. Nous utilisons de l'acier \u00e0 haute r\u00e9sistance et privil\u00e9gions la stabilit\u00e9 \u00e0 long terme, garantissant ainsi la performance de nos composants m\u00eame dans les conditions exigeantes du malaxage du ciment. Que ce soit pour les entreprises v\u00e9nitiennes r\u00e9alisant des projets uniques en bord de canal ou pour les industries de pointe de Bologne, FMP accepte les commandes personnalis\u00e9es afin de r\u00e9pondre \u00e0 vos besoins sp\u00e9cifiques. Nos capacit\u00e9s s'\u00e9tendent au forgeage, \u00e0 la fonderie et au soudage \u00e0 grande \u00e9chelle, avec des traitements compl\u00e9mentaires tels que la rectification et la nitruration disponibles sur demande.<\/p>\n<\/div>\n<table style=\"border-collapse: collapse; width: 101.637%; height: 5px;\" border=\"0\" width=\"270\" cellspacing=\"0\" cellpadding=\"0\">\n<tbody>\n<tr style=\"height: 14.40pt;\">\n<td style=\"height: 14.4pt; width: 34.4985%;\" align=\"right\" width=\"90\" height=\"24\"><img loading=\"lazy\" decoding=\"async\" class=\"size-full wp-image-7756 aligncenter\" src=\"https:\/\/fmp-components.com\/wp-content\/uploads\/2025\/04\/Ring-Gear-For-Cement-Mixer-Factory-1.webp\" alt=\"Couronne dent\u00e9e pour b\u00e9tonni\u00e8re\" width=\"889\" height=\"570\" title=\"\" srcset=\"https:\/\/fmp-components.com\/wp-content\/uploads\/2025\/04\/Ring-Gear-For-Cement-Mixer-Factory-1.webp 889w, https:\/\/fmp-components.com\/wp-content\/uploads\/2025\/04\/Ring-Gear-For-Cement-Mixer-Factory-1-480x308.webp 480w\" sizes=\"(min-width: 0px) and (max-width: 480px) 480px, (min-width: 481px) 889px, 100vw\" \/><\/td>\n<td style=\"width: 32.7072%;\" align=\"right\" width=\"90\"><img loading=\"lazy\" decoding=\"async\" class=\"size-full wp-image-7757 aligncenter\" src=\"https:\/\/fmp-components.com\/wp-content\/uploads\/2025\/04\/Ring-Gear-For-Cement-Mixer-Factory-2.webp\" alt=\"Couronne dent\u00e9e pour b\u00e9tonni\u00e8re\" width=\"885\" height=\"608\" title=\"\" srcset=\"https:\/\/fmp-components.com\/wp-content\/uploads\/2025\/04\/Ring-Gear-For-Cement-Mixer-Factory-2.webp 885w, https:\/\/fmp-components.com\/wp-content\/uploads\/2025\/04\/Ring-Gear-For-Cement-Mixer-Factory-2-480x330.webp 480w\" sizes=\"(min-width: 0px) and (max-width: 480px) 480px, (min-width: 481px) 885px, 100vw\" \/><\/td>\n<td style=\"width: 31.8642%;\" align=\"right\" width=\"90\"><img loading=\"lazy\" decoding=\"async\" class=\"size-full wp-image-7758 aligncenter\" src=\"https:\/\/fmp-components.com\/wp-content\/uploads\/2025\/04\/Ring-Gear-For-Cement-Mixer-Factory-3.webp\" alt=\"Couronne dent\u00e9e pour b\u00e9tonni\u00e8re\" width=\"500\" height=\"360\" title=\"\" srcset=\"https:\/\/fmp-components.com\/wp-content\/uploads\/2025\/04\/Ring-Gear-For-Cement-Mixer-Factory-3.webp 500w, https:\/\/fmp-components.com\/wp-content\/uploads\/2025\/04\/Ring-Gear-For-Cement-Mixer-Factory-3-480x346.webp 480w\" sizes=\"(min-width: 0px) and (max-width: 480px) 480px, (min-width: 481px) 500px, 100vw\" \/><\/td>\n<\/tr>\n<\/tbody>\n<\/table>\n<div>\n<h3 class=\"\" dir=\"auto\">Besoin d'un mod\u00e8le sp\u00e9cifique\u00a0? Contactez FMP pour une r\u00e9ponse sous 24\u00a0h.<\/h3>\n<p class=\"break-words\" dir=\"auto\">Chez FMP, nous nous engageons \u00e0 fournir des solutions sur mesure. Envoyez-nous simplement vos sp\u00e9cifications par e-mail, et nos ing\u00e9nieurs qualifi\u00e9s vous r\u00e9pondront sous 24 heures avec des conseils d'experts ou une proposition de conception personnalis\u00e9e. Notre r\u00e9activit\u00e9 et notre capacit\u00e9 \u00e0 g\u00e9rer des productions en grande s\u00e9rie et \u00e0 cycles courts font de nous le partenaire id\u00e9al pour le march\u00e9 de la construction italien, en constante \u00e9volution. Optimisez l'efficacit\u00e9 de vos projets gr\u00e2ce aux couronnes dent\u00e9es robustes et performantes de FMP\u00a0: contactez-nous d\u00e8s aujourd'hui pour donner vie \u00e0 votre prochain projet\u00a0!<\/p>\n<table style=\"border-collapse: collapse; width: 97.6392%; height: 54px;\" border=\"0\" width=\"243\" cellspacing=\"0\" cellpadding=\"0\">\n<tbody>\n<tr style=\"height: 14.40pt;\">\n<td style=\"height: 14.4pt; width: 31.0307%;\" align=\"right\" width=\"81\" height=\"24\">\u00a0<img loading=\"lazy\" decoding=\"async\" class=\"size-full wp-image-7763 aligncenter\" src=\"https:\/\/fmp-components.com\/wp-content\/uploads\/2025\/04\/Ring-Gear-For-Cement-Mixer-2.webp\" alt=\"Couronne dent\u00e9e pour b\u00e9tonni\u00e8re\" width=\"550\" height=\"550\" title=\"\" srcset=\"https:\/\/fmp-components.com\/wp-content\/uploads\/2025\/04\/Ring-Gear-For-Cement-Mixer-2.webp 550w, https:\/\/fmp-components.com\/wp-content\/uploads\/2025\/04\/Ring-Gear-For-Cement-Mixer-2-480x480.webp 480w\" sizes=\"(min-width: 0px) and (max-width: 480px) 480px, (min-width: 481px) 550px, 100vw\" \/><\/td>\n<td style=\"width: 32.7851%;\" align=\"right\" width=\"81\"><img loading=\"lazy\" decoding=\"async\" class=\"size-full wp-image-7764 aligncenter\" src=\"https:\/\/fmp-components.com\/wp-content\/uploads\/2025\/04\/Ring-Gear-For-Cement-Mixer-3.webp\" alt=\"Couronne dent\u00e9e pour b\u00e9tonni\u00e8re\" width=\"550\" height=\"550\" title=\"\" srcset=\"https:\/\/fmp-components.com\/wp-content\/uploads\/2025\/04\/Ring-Gear-For-Cement-Mixer-3.webp 550w, https:\/\/fmp-components.com\/wp-content\/uploads\/2025\/04\/Ring-Gear-For-Cement-Mixer-3-480x480.webp 480w\" sizes=\"(min-width: 0px) and (max-width: 480px) 480px, (min-width: 481px) 550px, 100vw\" \/><\/td>\n<td style=\"width: 36.1842%;\" align=\"right\" width=\"81\"><img loading=\"lazy\" decoding=\"async\" class=\"size-full wp-image-7762 aligncenter\" src=\"https:\/\/fmp-components.com\/wp-content\/uploads\/2025\/04\/Ring-Gear-For-Cement-Mixer-5.webp\" alt=\"Couronne dent\u00e9e pour b\u00e9tonni\u00e8re\" width=\"1024\" height=\"756\" title=\"\" srcset=\"https:\/\/fmp-components.com\/wp-content\/uploads\/2025\/04\/Ring-Gear-For-Cement-Mixer-5.webp 1024w, https:\/\/fmp-components.com\/wp-content\/uploads\/2025\/04\/Ring-Gear-For-Cement-Mixer-5-980x724.webp 980w, https:\/\/fmp-components.com\/wp-content\/uploads\/2025\/04\/Ring-Gear-For-Cement-Mixer-5-480x354.webp 480w\" sizes=\"(min-width: 0px) and (max-width: 480px) 480px, (min-width: 481px) and (max-width: 980px) 980px, (min-width: 981px) 1024px, 100vw\" \/><\/td>\n<\/tr>\n<\/tbody>\n<\/table>\n<\/div>","protected":false},"excerpt":{"rendered":"<p>High-Quality Ring Gears for Cement Mixers by FMP In the bustling construction hubs of Italy, such as Milan, Venice, Florence, and Bologna, the demand for reliable cement mixers is ever-present. A key component in these machines is the ring gear for cement mixers, a robust circular gear that drives the drum\u2019s rotation to blend concrete [&hellip;]<\/p>","protected":false},"featured_media":7759,"comment_status":"open","ping_status":"closed","template":"","meta":{"_et_pb_use_builder":"","_et_pb_old_content":"","_et_gb_content_width":""},"product_brand":[],"product_cat":[114],"product_tag":[],"class_list":{"0":"post-7751","1":"product","2":"type-product","3":"status-publish","4":"has-post-thumbnail","6":"product_cat-ring-gear","8":"first","9":"instock","10":"shipping-taxable","11":"product-type-simple"},"_links":{"self":[{"href":"https:\/\/fmp-components.com\/fr\/wp-json\/wp\/v2\/product\/7751","targetHints":{"allow":["GET"]}}],"collection":[{"href":"https:\/\/fmp-components.com\/fr\/wp-json\/wp\/v2\/product"}],"about":[{"href":"https:\/\/fmp-components.com\/fr\/wp-json\/wp\/v2\/types\/product"}],"replies":[{"embeddable":true,"href":"https:\/\/fmp-components.com\/fr\/wp-json\/wp\/v2\/comments?post=7751"}],"wp:featuredmedia":[{"embeddable":true,"href":"https:\/\/fmp-components.com\/fr\/wp-json\/wp\/v2\/media\/7759"}],"wp:attachment":[{"href":"https:\/\/fmp-components.com\/fr\/wp-json\/wp\/v2\/media?parent=7751"}],"wp:term":[{"taxonomy":"product_brand","embeddable":true,"href":"https:\/\/fmp-components.com\/fr\/wp-json\/wp\/v2\/product_brand?post=7751"},{"taxonomy":"product_cat","embeddable":true,"href":"https:\/\/fmp-components.com\/fr\/wp-json\/wp\/v2\/product_cat?post=7751"},{"taxonomy":"product_tag","embeddable":true,"href":"https:\/\/fmp-components.com\/fr\/wp-json\/wp\/v2\/product_tag?post=7751"}],"curies":[{"name":"wp","href":"https:\/\/api.w.org\/{rel}","templated":true}]}}