{"id":7749,"date":"2025-04-04T02:41:12","date_gmt":"2025-04-04T02:41:12","guid":{"rendered":"https:\/\/fmp-components.com\/?post_type=product&#038;p=7749"},"modified":"2025-04-04T05:33:18","modified_gmt":"2025-04-04T05:33:18","slug":"alloy-steel-internal-ring-gear","status":"publish","type":"product","link":"https:\/\/fmp-components.com\/fr\/product\/alloy-steel-internal-ring-gear\/","title":{"rendered":"Couronne dent\u00e9e interne en acier alli\u00e9"},"content":{"rendered":"<div>\n<h2 dir=\"auto\">Couronnes dent\u00e9es internes en acier alli\u00e9\u00a0: ing\u00e9nierie de pr\u00e9cision pour les industries italiennes<\/h2>\n<p class=\"break-words\" dir=\"auto\">Acier alli\u00e9 interne <a href=\"https:\/\/fmp-components.com\/fr\/ring-gear\/\">couronnes dent\u00e9es<\/a> Les engrenages sont des composants essentiels des syst\u00e8mes m\u00e9caniques, reconnus pour leur grande robustesse et leur r\u00e9sistance \u00e0 l'usure, ce qui les rend id\u00e9aux pour des applications exigeantes comme les syst\u00e8mes d'engrenages plan\u00e9taires dans les machines automobiles et industrielles. Dans les p\u00f4les industriels italiens comme Milan et Bologne, ces engrenages \u00e9quipent des \u00e9quipements de pr\u00e9cision, tandis que Venise les utilise pour l'ing\u00e9nierie maritime, et Florence les int\u00e8gre \u00e0 sa riche tradition d'artisanat et de technologie moderne. Fabriqu\u00e9s en acier alli\u00e9, souvent enrichi d'\u00e9l\u00e9ments comme le chrome ou le molybd\u00e8ne, ces engrenages garantissent durabilit\u00e9 et performance sous fortes charges, r\u00e9pondant ainsi aux besoins du paysage technique italien diversifi\u00e9.<\/p>\n<h3 dir=\"auto\">Sp\u00e9cification<\/h3>\n<p>(1). Tous types d'engrenages, roues dent\u00e9es, arbres de transmission, engrenages de pr\u00e9cision et engrenages CNC.<br \/>\n(2). Sp\u00e9cialis\u00e9 dans la fabrication de toutes sortes de pi\u00e8ces automobiles forg\u00e9es avec dessins<br \/>\n(3). Mat\u00e9riaux\u00a0: fonte ductile, bronze, acier au carbone, acier inoxydable, acier alli\u00e9 et cuivre<br \/>\n(4). Modules : M1 \u00e0 M5<br \/>\n(5). Conforme aux normes ISO, DIN et ASTM<br \/>\n(6). Cat\u00e9gorie\u00a0: SUS201,SUS304,SUS316,A2-70,A2-80,A4-80,4,8 6,8 8,8 10,9 12,9<br \/>\n(7). Taille : Selon le dessin<br \/>\n(8). Certification : ISO\/TS16949:2009<\/p>\n<table style=\"width: 99.5203%; height: 640px;\" border=\"1\" width=\"813\" cellspacing=\"0\" cellpadding=\"0\">\n<tbody>\n<tr>\n<td rowspan=\"3\" width=\"179\">\n<p align=\"left\"><span data-spm-anchor-id=\"a2700.details-description.0.i4.7d85I1zII1zIju\">Mat\u00e9riel<\/span><\/p>\n<\/td>\n<td width=\"190\">\n<p align=\"left\">\u00a0Acier au carbone<\/p>\n<\/td>\n<td width=\"439\">\n<p align=\"left\">\u00a0SAE1020, SAE1045, Cr12, 40Cr, Y15Pb, 1214L etc.<\/p>\n<\/td>\n<\/tr>\n<tr>\n<td width=\"190\">\n<p align=\"left\">\u00a0Acier alli\u00e9<\/p>\n<\/td>\n<td width=\"439\">\n<p align=\"left\">\u00a020CrMnTi, 16MnCr5, 20CrMnMo, 41CrMo, 17CrNiMo5, etc.<\/p>\n<\/td>\n<\/tr>\n<tr>\n<td width=\"190\">\n<p align=\"left\">\u00a0Laiton\/Bronze<\/p>\n<\/td>\n<td width=\"439\">\n<p align=\"left\">\u00a0HPb59-1, H70, CuZn39Pb2, CuZn40Pb2, C38000, CuZn40, etc.<\/p>\n<\/td>\n<\/tr>\n<tr>\n<td rowspan=\"2\" width=\"179\">\n<p align=\"left\">Contr\u00f4le de tol\u00e9rance<\/p>\n<\/td>\n<td width=\"190\">\n<p align=\"left\">Diam\u00e8tre ext\u00e9rieur<\/p>\n<\/td>\n<td width=\"439\">\n<p align=\"left\">\u00a0Bas\u00e9 sur le dessin<\/p>\n<\/td>\n<\/tr>\n<tr>\n<td width=\"190\">\n<p align=\"left\">Dimension de longueur<\/p>\n<\/td>\n<td width=\"439\">\n<p align=\"left\">\u00a0Bas\u00e9 sur le dessin<\/p>\n<\/td>\n<\/tr>\n<tr>\n<td width=\"179\">\n<p align=\"left\">Processus d'usinage<\/p>\n<\/td>\n<td colspan=\"2\" width=\"630\">\n<p align=\"left\">Taillage d'engrenages, fraisage d'engrenages, fa\u00e7onnage d'engrenages, brochage d'engrenages, arasage d'engrenages, rectification d'engrenages et rodage d'engrenages<\/p>\n<\/td>\n<\/tr>\n<tr>\n<td width=\"179\">\n<p align=\"left\">Pr\u00e9cision des dents<\/p>\n<\/td>\n<td colspan=\"2\" width=\"630\">\n<p align=\"left\">DIN Classe 4, ISO\/GB Classe 4, AGMA Classe 13, JIS Classe 0<\/p>\n<\/td>\n<\/tr>\n<tr>\n<td width=\"179\">\n<p align=\"left\">Modules<\/p>\n<\/td>\n<td colspan=\"2\" width=\"630\">\n<p align=\"left\">1,0, 1,25, 1,5, 1,75, 2,0, 2,25, 2,5\u2026.8,0 etc.<\/p>\n<\/td>\n<\/tr>\n<tr>\n<td width=\"179\">\n<p align=\"left\">Traitement thermique<\/p>\n<\/td>\n<td colspan=\"2\" width=\"630\">\n<p align=\"left\">Trempe et revenu, c\u00e9mentation et trempe, durcissement haute fr\u00e9quence, carbonitruration<\/p>\n<\/td>\n<\/tr>\n<tr>\n<td width=\"179\">\n<p align=\"left\">Traitement de surface<\/p>\n<\/td>\n<td colspan=\"2\" width=\"630\">\n<p align=\"left\">Noircissement, polissage, anodisation, chromage, zingage, nickelage<\/p>\n<\/td>\n<\/tr>\n<tr>\n<td width=\"179\">\n<p align=\"left\">Standard<\/p>\n<\/td>\n<td colspan=\"2\" width=\"630\">\n<p align=\"left\">DIN, ISO\/GB, AGMA, JIS<\/p>\n<\/td>\n<\/tr>\n<\/tbody>\n<\/table>\n<div>\n<h3 class=\"\" dir=\"auto\">FMP\u00a0: votre partenaire de confiance pour vos couronnes dent\u00e9es personnalis\u00e9es en Italie<\/h3>\n<p class=\"break-words\" dir=\"auto\">Nous proposons \u00e9galement des solutions sur mesure pour r\u00e9pondre \u00e0 vos besoins sp\u00e9cifiques. Si vous ne trouvez pas le mod\u00e8le qu'il vous faut dans notre liste de produits, il est probable qu'il ne soit pas encore disponible. N'h\u00e9sitez pas \u00e0 nous envoyer vos sp\u00e9cifications par e-mail. Nos ing\u00e9nieurs qualifi\u00e9s vous r\u00e9pondront sous 24 heures, vous garantissant ainsi l'engrenage id\u00e9al pour votre projet, que vous soyez dans le secteur manufacturier de Milan ou dans le c\u0153ur automobile de Bologne. FMP est votre partenaire de confiance pour vos engrenages de pr\u00e9cision en Italie.<\/p>\n<table style=\"border-collapse: collapse; width: 97.75%; height: 53px;\" border=\"0\" width=\"270\" cellspacing=\"0\" cellpadding=\"0\">\n<tbody>\n<tr style=\"height: 14.40pt;\">\n<td style=\"height: 14.40pt; width: 54.00pt;\" align=\"right\" width=\"90\" height=\"24\"><img loading=\"lazy\" decoding=\"async\" class=\"size-full wp-image-7753 aligncenter\" src=\"https:\/\/fmp-components.com\/wp-content\/uploads\/2025\/04\/Alloy-Steel-Internal-Ring-Gear-1.webp\" alt=\"Couronne dent\u00e9e interne en acier alli\u00e9\" width=\"650\" height=\"650\" title=\"\" srcset=\"https:\/\/fmp-components.com\/wp-content\/uploads\/2025\/04\/Alloy-Steel-Internal-Ring-Gear-1.webp 650w, https:\/\/fmp-components.com\/wp-content\/uploads\/2025\/04\/Alloy-Steel-Internal-Ring-Gear-1-480x480.webp 480w\" sizes=\"(min-width: 0px) and (max-width: 480px) 480px, (min-width: 481px) 650px, 100vw\" \/><\/td>\n<td style=\"width: 54.00pt;\" align=\"right\" width=\"90\"><img loading=\"lazy\" decoding=\"async\" class=\"size-full wp-image-7754 aligncenter\" src=\"https:\/\/fmp-components.com\/wp-content\/uploads\/2025\/04\/Alloy-Steel-Internal-Ring-Gear-2.webp\" alt=\"Couronne dent\u00e9e interne en acier alli\u00e9\" width=\"650\" height=\"650\" title=\"\" srcset=\"https:\/\/fmp-components.com\/wp-content\/uploads\/2025\/04\/Alloy-Steel-Internal-Ring-Gear-2.webp 650w, https:\/\/fmp-components.com\/wp-content\/uploads\/2025\/04\/Alloy-Steel-Internal-Ring-Gear-2-480x480.webp 480w\" sizes=\"(min-width: 0px) and (max-width: 480px) 480px, (min-width: 481px) 650px, 100vw\" \/><\/td>\n<td style=\"width: 54.00pt;\" align=\"right\" width=\"90\"><img loading=\"lazy\" decoding=\"async\" class=\"size-full wp-image-7755 aligncenter\" src=\"https:\/\/fmp-components.com\/wp-content\/uploads\/2025\/04\/Alloy-Steel-Internal-Ring-Gear-3.webp\" alt=\"Couronne dent\u00e9e interne en acier alli\u00e9\" width=\"650\" height=\"650\" title=\"\" srcset=\"https:\/\/fmp-components.com\/wp-content\/uploads\/2025\/04\/Alloy-Steel-Internal-Ring-Gear-3.webp 650w, https:\/\/fmp-components.com\/wp-content\/uploads\/2025\/04\/Alloy-Steel-Internal-Ring-Gear-3-480x480.webp 480w\" sizes=\"(min-width: 0px) and (max-width: 480px) 480px, (min-width: 481px) 650px, 100vw\" \/><\/td>\n<\/tr>\n<\/tbody>\n<\/table>\n<\/div>\n<\/div>","protected":false},"excerpt":{"rendered":"<p>Alloy Steel Internal Ring Gears: Precision Engineering for Italy\u2019s Industries Alloy steel internal ring gears are vital components in mechanical systems, known for their high strength and wear resistance, making them ideal for demanding applications like planetary gear systems in automotive and industrial machinery. In Italy\u2019s industrial hubs such as Milan and Bologna, these gears [&hellip;]<\/p>","protected":false},"featured_media":7750,"comment_status":"open","ping_status":"closed","template":"","meta":{"_et_pb_use_builder":"","_et_pb_old_content":"","_et_gb_content_width":""},"product_brand":[],"product_cat":[114],"product_tag":[],"class_list":{"0":"post-7749","1":"product","2":"type-product","3":"status-publish","4":"has-post-thumbnail","6":"product_cat-ring-gear","8":"first","9":"instock","10":"shipping-taxable","11":"product-type-simple"},"_links":{"self":[{"href":"https:\/\/fmp-components.com\/fr\/wp-json\/wp\/v2\/product\/7749","targetHints":{"allow":["GET"]}}],"collection":[{"href":"https:\/\/fmp-components.com\/fr\/wp-json\/wp\/v2\/product"}],"about":[{"href":"https:\/\/fmp-components.com\/fr\/wp-json\/wp\/v2\/types\/product"}],"replies":[{"embeddable":true,"href":"https:\/\/fmp-components.com\/fr\/wp-json\/wp\/v2\/comments?post=7749"}],"wp:featuredmedia":[{"embeddable":true,"href":"https:\/\/fmp-components.com\/fr\/wp-json\/wp\/v2\/media\/7750"}],"wp:attachment":[{"href":"https:\/\/fmp-components.com\/fr\/wp-json\/wp\/v2\/media?parent=7749"}],"wp:term":[{"taxonomy":"product_brand","embeddable":true,"href":"https:\/\/fmp-components.com\/fr\/wp-json\/wp\/v2\/product_brand?post=7749"},{"taxonomy":"product_cat","embeddable":true,"href":"https:\/\/fmp-components.com\/fr\/wp-json\/wp\/v2\/product_cat?post=7749"},{"taxonomy":"product_tag","embeddable":true,"href":"https:\/\/fmp-components.com\/fr\/wp-json\/wp\/v2\/product_tag?post=7749"}],"curies":[{"name":"wp","href":"https:\/\/api.w.org\/{rel}","templated":true}]}}