{"id":7727,"date":"2025-04-03T06:15:43","date_gmt":"2025-04-03T06:15:43","guid":{"rendered":"https:\/\/fmp-components.com\/?post_type=product&#038;p=7727"},"modified":"2025-04-03T06:27:46","modified_gmt":"2025-04-03T06:27:46","slug":"planetary-ring-gear","status":"publish","type":"product","link":"https:\/\/fmp-components.com\/fr\/product\/planetary-ring-gear\/","title":{"rendered":"Couronne plan\u00e9taire"},"content":{"rendered":"<div>\n<h2>Couronnes plan\u00e9taires haut de gamme avec FMP en Italie<\/h2>\n<p class=\"break-words\">En mati\u00e8re d'ing\u00e9nierie de pr\u00e9cision et de composants m\u00e9caniques fiables, une couronne plan\u00e9taire est un \u00e9l\u00e9ment essentiel dans de nombreuses applications, des syst\u00e8mes automobiles aux \u00e9quipements industriels. Chez FMP, nous sommes fiers d'\u00eatre un fabricant leader de couronnes plan\u00e9taires de haute qualit\u00e9, au service d'entreprises et d'industries dans toute l'Italie, notamment \u00e0 Milan, Venise, Florence et Bologne. Notre vaste gamme de couronnes plan\u00e9taires est con\u00e7ue pour r\u00e9pondre \u00e0 divers besoins de performance, garantissant durabilit\u00e9, efficacit\u00e9 et int\u00e9gration parfaite \u00e0 vos syst\u00e8mes.<\/p>\n<\/div>\n<h3>Sp\u00e9cification<\/h3>\n<table style=\"width: 100%;\" border=\"1\" width=\"100%\" cellspacing=\"0\" cellpadding=\"0\">\n<tbody>\n<tr style=\"height: 30.00pt;\">\n<td class=\"et2\" style=\"height: 30.00pt; width: 48.00pt;\" width=\"80\" height=\"50\">Num\u00e9ro de mod\u00e8le<\/td>\n<td class=\"et2\" style=\"width: 318.60pt;\" width=\"531\">M3, M4, M5, M8, M12 et etc.<\/td>\n<\/tr>\n<tr style=\"height: 30.00pt;\">\n<td class=\"et2\" style=\"height: 30.00pt; width: 48.00pt;\" width=\"80\" height=\"50\">Mat\u00e9riel<\/td>\n<td class=\"et2\" style=\"width: 318.60pt;\" width=\"531\">Laiton, acier C45, acier inoxydable, cuivre, POM, aluminium, alliage, etc.<\/td>\n<\/tr>\n<tr style=\"height: 30.00pt;\">\n<td class=\"et2\" style=\"height: 60.00pt; width: 48.00pt;\" rowspan=\"2\" width=\"80\" height=\"100\">Traitement de surface<\/td>\n<td class=\"et2\" style=\"width: 318.60pt;\" width=\"531\">Zingu\u00e9, Nickel\u00e9, Passivation, Oxydation, Anodisation,<\/td>\n<\/tr>\n<tr style=\"height: 30.00pt;\">\n<td class=\"et2\" style=\"width: 318.60pt;\" width=\"531\">G\u00e9omet, Dacromet, oxyde noir, phosphatation, rev\u00eatement en poudre et \u00e9lectrophor\u00e8se<\/td>\n<\/tr>\n<tr style=\"height: 30.00pt;\">\n<td class=\"et2\" style=\"height: 30.00pt; width: 48.00pt;\" width=\"80\" height=\"50\">Standard<\/td>\n<td class=\"et2\" style=\"width: 318.60pt;\" width=\"531\">ISO, DIN, ANSI, JIS, BS et non standard.<\/td>\n<\/tr>\n<tr style=\"height: 30.00pt;\">\n<td class=\"et2\" style=\"height: 30.00pt; width: 48.00pt;\" width=\"80\" height=\"50\">Pr\u00e9cision<\/td>\n<td class=\"et2\" style=\"width: 318.60pt;\" width=\"531\">DIN6, DIN7, DIN8, DIN9.<\/td>\n<\/tr>\n<tr style=\"height: 45.00pt;\">\n<td class=\"et2\" style=\"height: 45.00pt; width: 48.00pt;\" width=\"80\" height=\"75\">Traitement des dents<\/td>\n<td class=\"et2\" style=\"width: 318.60pt;\" width=\"531\">Tremp\u00e9, frais\u00e9 ou rectifi\u00e9<\/td>\n<\/tr>\n<tr style=\"height: 30.00pt;\">\n<td class=\"et2\" style=\"height: 30.00pt; width: 48.00pt;\" width=\"80\" height=\"50\">Tol\u00e9rance<\/td>\n<td class=\"et2\" style=\"width: 318.60pt;\" width=\"531\">0,001 mm-0,01 mm-0,1 mm<\/td>\n<\/tr>\n<tr style=\"height: 30.00pt;\">\n<td class=\"et2\" style=\"height: 30.00pt; width: 48.00pt;\" width=\"80\" height=\"50\">Finition<\/td>\n<td class=\"et2\" style=\"width: 318.60pt;\" width=\"531\">grenaillage\/sablage, traitement thermique, recuit, revenu, polissage, anodisation, zingage<\/td>\n<\/tr>\n<tr style=\"height: 30.00pt;\">\n<td class=\"et2\" style=\"height: 30.00pt; width: 48.00pt;\" width=\"80\" height=\"50\">Emballage des articles<\/td>\n<td class=\"et2\" style=\"width: 318.60pt;\" width=\"531\">Sac en plastique + cartons ou emballage en bois<\/td>\n<\/tr>\n<tr style=\"height: 15.00pt;\">\n<td class=\"et2\" style=\"height: 30.00pt; width: 48.00pt;\" rowspan=\"2\" width=\"80\" height=\"50\">\u00c9chantillons<\/td>\n<td class=\"et2\" style=\"width: 318.60pt;\" width=\"531\">Gamme de prix d&#039;\u00e9chantillon de $2 \u00e0 $100.<\/td>\n<\/tr>\n<tr style=\"height: 15.00pt;\">\n<td class=\"et2\" style=\"width: 318.60pt;\" width=\"531\">exemple de demande express pay\u00e9 par les clients<\/td>\n<\/tr>\n<tr style=\"height: 15.00pt;\">\n<td class=\"et2\" style=\"height: 135.00pt; width: 48.00pt;\" rowspan=\"8\" width=\"80\" height=\"225\">Application<\/td>\n<td class=\"et2\" style=\"width: 318.60pt;\" width=\"531\">1. Machine de contr\u00f4le automatique<\/td>\n<\/tr>\n<tr style=\"height: 15.00pt;\">\n<td class=\"et2\" style=\"width: 318.60pt;\" width=\"531\">2. Industrie des semi-conducteurs<\/td>\n<\/tr>\n<tr style=\"height: 15.00pt;\">\n<td class=\"et2\" style=\"width: 318.60pt;\" width=\"531\">3. Machines pour l&#039;industrie g\u00e9n\u00e9rale<\/td>\n<\/tr>\n<tr style=\"height: 15.00pt;\">\n<td class=\"et2\" style=\"width: 318.60pt;\" width=\"531\">4. \u00c9quipement m\u00e9dical<\/td>\n<\/tr>\n<tr style=\"height: 15.00pt;\">\n<td class=\"et2\" style=\"width: 318.60pt;\" width=\"531\">5. \u00c9quipement d&#039;\u00e9nergie solaire<\/td>\n<\/tr>\n<tr style=\"height: 15.00pt;\">\n<td class=\"et2\" style=\"width: 318.60pt;\" width=\"531\">6. Machine-outil<\/td>\n<\/tr>\n<tr style=\"height: 15.00pt;\">\n<td class=\"et2\" style=\"width: 318.60pt;\" width=\"531\">7. Syst\u00e8me de stationnement<\/td>\n<\/tr>\n<tr style=\"height: 30.00pt;\">\n<td class=\"et2\" style=\"width: 318.60pt;\" width=\"531\">8. \u00c9quipements de transport ferroviaire \u00e0 grande vitesse et a\u00e9rien, etc.<\/td>\n<\/tr>\n<\/tbody>\n<\/table>\n<div>\n<h4>Pourquoi choisir FMP pour les couronnes plan\u00e9taires ?<\/h4>\n<p class=\"break-words\">Implant\u00e9e au c\u0153ur de l'Italie, FMP est sp\u00e9cialis\u00e9e dans la production de diff\u00e9rents types de couronnes plan\u00e9taires adapt\u00e9es \u00e0 vos besoins sp\u00e9cifiques. Que vous soyez \u00e0 Milan \u00e0 la recherche de composants pour la fabrication de pointe, \u00e0 Venise pour des projets d'ing\u00e9nierie navale, \u00e0 Florence pour l'am\u00e9lioration de syst\u00e8mes d'automatisation ou \u00e0 Bologne pour la modernisation de la conception automobile, nous avons la solution qu'il vous faut. Nos produits sont fabriqu\u00e9s avec pr\u00e9cision et con\u00e7us pour r\u00e9sister aux conditions les plus difficiles, ce qui en fait un choix de choix pour les industries italiennes.<\/p>\n<p class=\"break-words\">Au-del\u00e0 de nos offres standard, nous proposons \u00e9galement des couronnes plan\u00e9taires sur mesure pour r\u00e9pondre \u00e0 vos sp\u00e9cifications sp\u00e9cifiques. Chez FMP, nous comprenons que chaque projet est unique et notre \u00e9quipe d'ing\u00e9nieurs qualifi\u00e9s est pr\u00eate \u00e0 collaborer avec vous pour cr\u00e9er la solution id\u00e9ale. Du choix des mat\u00e9riaux au dimensionnement des engrenages, nous garantissons le parfait fonctionnement de votre couronne sur mesure pour votre application.<\/p>\n<\/div>\n<table style=\"width: 99.375%; height: 49px;\" border=\"0\" width=\"240\" cellspacing=\"0\" cellpadding=\"0\">\n<tbody>\n<tr>\n<td width=\"80\" height=\"24\">\u00a0\u00a0<img loading=\"lazy\" decoding=\"async\" class=\"size-full wp-image-7731 aligncenter\" src=\"https:\/\/fmp-components.com\/wp-content\/uploads\/2025\/04\/Internal-Spur-Gear-Rings-3.webp\" alt=\"Couronnes d&#039;engrenages droits internes\" width=\"600\" height=\"600\" title=\"\" srcset=\"https:\/\/fmp-components.com\/wp-content\/uploads\/2025\/04\/Internal-Spur-Gear-Rings-3.webp 600w, https:\/\/fmp-components.com\/wp-content\/uploads\/2025\/04\/Internal-Spur-Gear-Rings-3-480x480.webp 480w\" sizes=\"(min-width: 0px) and (max-width: 480px) 480px, (min-width: 481px) 600px, 100vw\" \/><\/td>\n<td width=\"80\"><img loading=\"lazy\" decoding=\"async\" class=\"size-full wp-image-7729 aligncenter\" src=\"https:\/\/fmp-components.com\/wp-content\/uploads\/2025\/04\/Internal-Spur-Gear-Rings-1.webp\" alt=\"Couronnes d&#039;engrenages droits internes\" width=\"600\" height=\"600\" title=\"\" srcset=\"https:\/\/fmp-components.com\/wp-content\/uploads\/2025\/04\/Internal-Spur-Gear-Rings-1.webp 600w, https:\/\/fmp-components.com\/wp-content\/uploads\/2025\/04\/Internal-Spur-Gear-Rings-1-480x480.webp 480w\" sizes=\"(min-width: 0px) and (max-width: 480px) 480px, (min-width: 481px) 600px, 100vw\" \/><\/td>\n<td width=\"80\"><strong><img loading=\"lazy\" decoding=\"async\" class=\"size-full wp-image-7730 aligncenter\" src=\"https:\/\/fmp-components.com\/wp-content\/uploads\/2025\/04\/Internal-Spur-Gear-Rings-4.webp\" alt=\"Couronnes d&#039;engrenages droits internes\" width=\"1024\" height=\"1024\" title=\"\" srcset=\"https:\/\/fmp-components.com\/wp-content\/uploads\/2025\/04\/Internal-Spur-Gear-Rings-4.webp 1024w, https:\/\/fmp-components.com\/wp-content\/uploads\/2025\/04\/Internal-Spur-Gear-Rings-4-980x980.webp 980w, https:\/\/fmp-components.com\/wp-content\/uploads\/2025\/04\/Internal-Spur-Gear-Rings-4-480x480.webp 480w\" sizes=\"(min-width: 0px) and (max-width: 480px) 480px, (min-width: 481px) and (max-width: 980px) 980px, (min-width: 981px) 1024px, 100vw\" \/><\/strong><\/td>\n<\/tr>\n<\/tbody>\n<\/table>\n<p>&nbsp;<\/p>","protected":false},"excerpt":{"rendered":"<p>Premium Planetary Ring Gears with FMP in Italy When it comes to precision engineering and reliable machinery components, a planetary ring gear is a critical element in countless applications, from automotive systems to industrial equipment. At FMP, we take pride in being a leading manufacturer of high-quality planetary ring gears, serving businesses and industries across [&hellip;]<\/p>","protected":false},"featured_media":7729,"comment_status":"open","ping_status":"closed","template":"","meta":{"_et_pb_use_builder":"","_et_pb_old_content":"","_et_gb_content_width":""},"product_brand":[],"product_cat":[113],"product_tag":[],"class_list":{"0":"post-7727","1":"product","2":"type-product","3":"status-publish","4":"has-post-thumbnail","6":"product_cat-planetary-gear","8":"first","9":"instock","10":"shipping-taxable","11":"product-type-simple"},"_links":{"self":[{"href":"https:\/\/fmp-components.com\/fr\/wp-json\/wp\/v2\/product\/7727","targetHints":{"allow":["GET"]}}],"collection":[{"href":"https:\/\/fmp-components.com\/fr\/wp-json\/wp\/v2\/product"}],"about":[{"href":"https:\/\/fmp-components.com\/fr\/wp-json\/wp\/v2\/types\/product"}],"replies":[{"embeddable":true,"href":"https:\/\/fmp-components.com\/fr\/wp-json\/wp\/v2\/comments?post=7727"}],"wp:featuredmedia":[{"embeddable":true,"href":"https:\/\/fmp-components.com\/fr\/wp-json\/wp\/v2\/media\/7729"}],"wp:attachment":[{"href":"https:\/\/fmp-components.com\/fr\/wp-json\/wp\/v2\/media?parent=7727"}],"wp:term":[{"taxonomy":"product_brand","embeddable":true,"href":"https:\/\/fmp-components.com\/fr\/wp-json\/wp\/v2\/product_brand?post=7727"},{"taxonomy":"product_cat","embeddable":true,"href":"https:\/\/fmp-components.com\/fr\/wp-json\/wp\/v2\/product_cat?post=7727"},{"taxonomy":"product_tag","embeddable":true,"href":"https:\/\/fmp-components.com\/fr\/wp-json\/wp\/v2\/product_tag?post=7727"}],"curies":[{"name":"wp","href":"https:\/\/api.w.org\/{rel}","templated":true}]}}