{"id":7721,"date":"2025-04-03T05:48:55","date_gmt":"2025-04-03T05:48:55","guid":{"rendered":"https:\/\/fmp-components.com\/?post_type=product&#038;p=7721"},"modified":"2025-04-03T05:54:27","modified_gmt":"2025-04-03T05:54:27","slug":"internal-planetary-gear","status":"publish","type":"product","link":"https:\/\/fmp-components.com\/fr\/product\/internal-planetary-gear\/","title":{"rendered":"Engrenage plan\u00e9taire interne"},"content":{"rendered":"<h2>Engrenages plan\u00e9taires internes\u00a0: pr\u00e9cision et puissance par FMP<\/h2>\n<p>Les engrenages plan\u00e9taires internes, composant essentiel des m\u00e9canismes \u00e0 engrenages plan\u00e9taires, sont r\u00e9put\u00e9s pour leur capacit\u00e9 \u00e0 fournir un couple \u00e9lev\u00e9 et une r\u00e9duction de vitesse pr\u00e9cise dans des conceptions compactes. Ces syst\u00e8mes sont dot\u00e9s d'un plan\u00e9taire central, de satellites orbitaux et d'une couronne dent\u00e9e interne engrenant avec les satellites. Cette configuration unique rend les engrenages plan\u00e9taires internes indispensables pour les industries italiennes, des ateliers automobiles de Milan aux centres de machines de Bologne. Chez FMP, nous sommes sp\u00e9cialis\u00e9s dans la conception de ces syst\u00e8mes d'engrenages avanc\u00e9s et proposons des solutions sur mesure pour r\u00e9pondre aux divers besoins de nos clients.<\/p>\n<div>\n<h3>Que sont les engrenages plan\u00e9taires internes\u00a0?<\/h3>\n<p class=\"break-words\">Un syst\u00e8me d'engrenage plan\u00e9taire interne se compose de :<\/p>\n<ul class=\"marker:text-secondary\">\n<li class=\"break-words\"><strong>Engrenage solaire<\/strong>:L'engrenage central qui entra\u00eene le m\u00e9canisme.<\/li>\n<li class=\"break-words\"><strong>Engrenages plan\u00e9taires<\/strong>:Engrenages qui gravitent autour du plan\u00e9taire, reli\u00e9s par un support.<\/li>\n<li class=\"break-words\"><strong>Engrenage interne (couronne dent\u00e9e)<\/strong>:Un engrenage avec des dents sur sa surface int\u00e9rieure, engrenant avec les engrenages plan\u00e9taires.<\/li>\n<\/ul>\n<p class=\"break-words\">Contrairement aux syst\u00e8mes \u00e0 engrenages externes, la conception \u00e0 engrenages internes permet des rapports de r\u00e9duction plus \u00e9lev\u00e9s dans un encombrement r\u00e9duit, ce qui la rend id\u00e9ale pour les applications exigeant puissance et gain de place. En fixant diff\u00e9rents composants (comme l'engrenage interne ou le support), le syst\u00e8me permet d'obtenir diff\u00e9rents rapports de r\u00e9duction, offrant ainsi une grande flexibilit\u00e9 aux ing\u00e9nieurs du monde entier.<\/p>\n<\/div>\n<h3>Sp\u00e9cification<\/h3>\n<table style=\"width: 100%;\" border=\"1\" width=\"100%\" cellspacing=\"0\" cellpadding=\"0\">\n<tbody>\n<tr>\n<td width=\"80\">Num\u00e9ro de mod\u00e8le<\/td>\n<td width=\"531\">M3, M4, M5, M8, M12 et etc.<\/td>\n<\/tr>\n<tr>\n<td width=\"80\">Mat\u00e9riel<\/td>\n<td width=\"531\">Laiton, acier C45, acier inoxydable, cuivre, POM, aluminium, alliage, etc.<\/td>\n<\/tr>\n<tr>\n<td rowspan=\"2\" width=\"80\">Traitement de surface<\/td>\n<td width=\"531\">Zingu\u00e9, Nickel\u00e9, Passivation, Oxydation, Anodisation,<\/td>\n<\/tr>\n<tr>\n<td width=\"531\">G\u00e9omet, Dacromet, oxyde noir, phosphatation, rev\u00eatement en poudre et \u00e9lectrophor\u00e8se<\/td>\n<\/tr>\n<tr>\n<td width=\"80\">Standard<\/td>\n<td width=\"531\">ISO, DIN, ANSI, JIS, BS et non standard.<\/td>\n<\/tr>\n<tr>\n<td width=\"80\">Pr\u00e9cision<\/td>\n<td width=\"531\">DIN6, DIN7, DIN8, DIN9.<\/td>\n<\/tr>\n<tr>\n<td width=\"80\">Traitement des dents<\/td>\n<td width=\"531\">Tremp\u00e9, frais\u00e9 ou rectifi\u00e9<\/td>\n<\/tr>\n<tr>\n<td width=\"80\">Tol\u00e9rance<\/td>\n<td width=\"531\">0,001 mm-0,01 mm-0,1 mm<\/td>\n<\/tr>\n<tr>\n<td width=\"80\">Finition<\/td>\n<td width=\"531\">grenaillage\/sablage, traitement thermique, recuit, revenu, polissage, anodisation, zingage<\/td>\n<\/tr>\n<tr>\n<td width=\"80\">Emballage des articles<\/td>\n<td width=\"531\">Sac en plastique + cartons ou emballage en bois<\/td>\n<\/tr>\n<tr>\n<td width=\"80\">D\u00e9lai de production<\/td>\n<td width=\"531\">20 jours ouvrables pour l&#039;\u00e9chantillon, 25 jours pour le gros<\/td>\n<\/tr>\n<tr>\n<td rowspan=\"8\" width=\"80\">Application<\/td>\n<td width=\"531\">1. Machine de contr\u00f4le automatique<\/td>\n<\/tr>\n<tr>\n<td width=\"531\">2. Industrie des semi-conducteurs<\/td>\n<\/tr>\n<tr>\n<td width=\"531\">3. Machines pour l&#039;industrie g\u00e9n\u00e9rale<\/td>\n<\/tr>\n<tr>\n<td width=\"531\">4. \u00c9quipement m\u00e9dical<\/td>\n<\/tr>\n<tr>\n<td width=\"531\">5. \u00c9quipement d&#039;\u00e9nergie solaire<\/td>\n<\/tr>\n<tr>\n<td width=\"531\">6. Machine-outil<\/td>\n<\/tr>\n<tr>\n<td width=\"531\">7. Syst\u00e8me de stationnement<\/td>\n<\/tr>\n<tr>\n<td width=\"531\">8. \u00c9quipements de transport ferroviaire \u00e0 grande vitesse et a\u00e9rien, etc.<\/td>\n<\/tr>\n<\/tbody>\n<\/table>\n<div>\n<h3>Pourquoi choisir des engrenages plan\u00e9taires internes ?<\/h3>\n<p class=\"break-words\">Les avantages des engrenages plan\u00e9taires internes comprennent\u00a0:<\/p>\n<ul class=\"marker:text-secondary\">\n<li class=\"break-words\"><strong>Rapports de r\u00e9duction \u00e9lev\u00e9s<\/strong>:Obtenu gr\u00e2ce \u00e0 l'interaction de l'engrenage interne avec les engrenages plan\u00e9taires.<\/li>\n<li class=\"break-words\"><strong>Taille compacte<\/strong>:Parfait pour les applications \u00e0 espace restreint.<\/li>\n<li class=\"break-words\"><strong>Couple de sortie robuste<\/strong>:Id\u00e9al pour les t\u00e2ches lourdes.<\/li>\n<li class=\"break-words\"><strong>Versatilit\u00e9<\/strong>:Les configurations r\u00e9glables s'adaptent \u00e0 une gamme de besoins.<\/li>\n<\/ul>\n<p class=\"break-words\">Pour les entreprises du secteur automobile de Milan ou des zones industrielles de Florence, ces avantages se traduisent par une efficacit\u00e9 et une durabilit\u00e9 accrues.<\/p>\n<h2>FMP\u00a0: votre expert en engrenages plan\u00e9taires internes en Italie<\/h2>\n<p class=\"break-words\">Chez FMP, nous sommes fiers d'\u00eatre un fabricant leader d'engrenages plan\u00e9taires internes, au service de clients de Venise \u00e0 Bologne. Nos offres comprennent\u00a0:<\/p>\n<ul class=\"marker:text-secondary\">\n<li class=\"break-words\"><strong>Gamme diversifi\u00e9e<\/strong>:Nous produisons diff\u00e9rents types d'engrenages plan\u00e9taires internes, des conceptions standard aux syst\u00e8mes complexes.<\/li>\n<li class=\"break-words\"><strong>Personnalisation<\/strong>Besoin d'une solution sur mesure\u00a0? Nos ing\u00e9nieurs peuvent concevoir et fabriquer des engrenages plan\u00e9taires internes sur mesure, adapt\u00e9s \u00e0 vos sp\u00e9cifications.<\/li>\n<li class=\"break-words\"><strong>Artisanat de pr\u00e9cision<\/strong>:Gr\u00e2ce \u00e0 une technologie de pointe, nous garantissons que chaque \u00e9quipement r\u00e9pond \u00e0 des normes de qualit\u00e9 strictes.<\/li>\n<\/ul>\n<table style=\"width: 100.875%; height: 89px;\" border=\"0\" width=\"240\" cellspacing=\"0\" cellpadding=\"0\">\n<tbody>\n<tr>\n<td width=\"80\" height=\"24\"><img loading=\"lazy\" decoding=\"async\" class=\"size-full wp-image-7717 aligncenter\" src=\"https:\/\/fmp-components.com\/wp-content\/uploads\/2025\/04\/Planetary-Gear-set-factory-2-scaled.webp\" sizes=\"(min-width: 0px) and (max-width: 480px) 480px, (min-width: 481px) and (max-width: 980px) 980px, (min-width: 981px) and (max-width: 1280px) 1280px, (min-width: 1281px) 2560px, 100vw\" srcset=\"https:\/\/fmp-components.com\/wp-content\/uploads\/2025\/04\/Planetary-Gear-set-factory-2-scaled.webp 2560w, https:\/\/fmp-components.com\/wp-content\/uploads\/2025\/04\/Planetary-Gear-set-factory-2-1280x1280.webp 1280w, https:\/\/fmp-components.com\/wp-content\/uploads\/2025\/04\/Planetary-Gear-set-factory-2-980x980.webp 980w, https:\/\/fmp-components.com\/wp-content\/uploads\/2025\/04\/Planetary-Gear-set-factory-2-480x480.webp 480w\" alt=\"\u884c\u661f\u9f7f\u8f6e\u7ec4\u5de5\u5382\" width=\"2560\" height=\"2560\" title=\"\"><\/td>\n<td width=\"80\"><img loading=\"lazy\" decoding=\"async\" class=\"size-full wp-image-7718 aligncenter\" src=\"https:\/\/fmp-components.com\/wp-content\/uploads\/2025\/04\/Planetary-Gear-set-factory-4.webp\" sizes=\"(min-width: 0px) and (max-width: 480px) 480px, (min-width: 481px) 600px, 100vw\" srcset=\"https:\/\/fmp-components.com\/wp-content\/uploads\/2025\/04\/Planetary-Gear-set-factory-4.webp 600w, https:\/\/fmp-components.com\/wp-content\/uploads\/2025\/04\/Planetary-Gear-set-factory-4-480x480.webp 480w\" alt=\"\u884c\u661f\u9f7f\u8f6e\u7ec4\u5de5\u5382\" width=\"600\" height=\"600\" title=\"\"><\/td>\n<td width=\"80\"><strong><img loading=\"lazy\" decoding=\"async\" class=\"size-full wp-image-7719 aligncenter\" src=\"https:\/\/fmp-components.com\/wp-content\/uploads\/2025\/04\/Planetary-Gear-set-factory-1-scaled.webp\" sizes=\"(min-width: 0px) and (max-width: 480px) 480px, (min-width: 481px) and (max-width: 980px) 980px, (min-width: 981px) and (max-width: 1280px) 1280px, (min-width: 1281px) 2560px, 100vw\" srcset=\"https:\/\/fmp-components.com\/wp-content\/uploads\/2025\/04\/Planetary-Gear-set-factory-1-scaled.webp 2560w, https:\/\/fmp-components.com\/wp-content\/uploads\/2025\/04\/Planetary-Gear-set-factory-1-1280x1280.webp 1280w, https:\/\/fmp-components.com\/wp-content\/uploads\/2025\/04\/Planetary-Gear-set-factory-1-980x980.webp 980w, https:\/\/fmp-components.com\/wp-content\/uploads\/2025\/04\/Planetary-Gear-set-factory-1-480x480.webp 480w\" alt=\"\u884c\u661f\u9f7f\u8f6e\u7ec4\u5de5\u5382\" width=\"2560\" height=\"2560\" title=\"\"><\/strong><\/td>\n<\/tr>\n<\/tbody>\n<\/table>\n<\/div>","protected":false},"excerpt":{"rendered":"<p>Internal Planetary Gears: Precision and Power by FMP Internal planetary gears, a vital component of planetary gear mechanisms, are renowned for their ability to deliver high torque and precise speed reduction in compact designs. These systems feature a central sun gear, orbiting planet gears, and an internal ring gear that meshes internally with the planet [&hellip;]<\/p>","protected":false},"featured_media":4625,"comment_status":"open","ping_status":"closed","template":"","meta":{"_et_pb_use_builder":"","_et_pb_old_content":"","_et_gb_content_width":""},"product_brand":[],"product_cat":[113],"product_tag":[],"class_list":{"0":"post-7721","1":"product","2":"type-product","3":"status-publish","4":"has-post-thumbnail","6":"product_cat-planetary-gear","8":"first","9":"instock","10":"shipping-taxable","11":"product-type-simple"},"_links":{"self":[{"href":"https:\/\/fmp-components.com\/fr\/wp-json\/wp\/v2\/product\/7721","targetHints":{"allow":["GET"]}}],"collection":[{"href":"https:\/\/fmp-components.com\/fr\/wp-json\/wp\/v2\/product"}],"about":[{"href":"https:\/\/fmp-components.com\/fr\/wp-json\/wp\/v2\/types\/product"}],"replies":[{"embeddable":true,"href":"https:\/\/fmp-components.com\/fr\/wp-json\/wp\/v2\/comments?post=7721"}],"wp:featuredmedia":[{"embeddable":true,"href":"https:\/\/fmp-components.com\/fr\/wp-json\/wp\/v2\/media\/4625"}],"wp:attachment":[{"href":"https:\/\/fmp-components.com\/fr\/wp-json\/wp\/v2\/media?parent=7721"}],"wp:term":[{"taxonomy":"product_brand","embeddable":true,"href":"https:\/\/fmp-components.com\/fr\/wp-json\/wp\/v2\/product_brand?post=7721"},{"taxonomy":"product_cat","embeddable":true,"href":"https:\/\/fmp-components.com\/fr\/wp-json\/wp\/v2\/product_cat?post=7721"},{"taxonomy":"product_tag","embeddable":true,"href":"https:\/\/fmp-components.com\/fr\/wp-json\/wp\/v2\/product_tag?post=7721"}],"curies":[{"name":"wp","href":"https:\/\/api.w.org\/{rel}","templated":true}]}}