{"id":7451,"date":"2025-03-26T07:59:56","date_gmt":"2025-03-26T07:59:56","guid":{"rendered":"https:\/\/fmp-components.com\/?post_type=product&#038;p=7451"},"modified":"2025-03-26T08:37:56","modified_gmt":"2025-03-26T08:37:56","slug":"plastic-spur-gears","status":"publish","type":"product","link":"https:\/\/fmp-components.com\/fr\/product\/plastic-spur-gears\/","title":{"rendered":"Engrenages droits en plastique"},"content":{"rendered":"<h2>Engrenages cylindriques \u00e0 denture droite en plastique\u00a0: qualit\u00e9 et personnalisation<\/h2>\n<p class=\"break-words\">Les engrenages cylindriques \u00e0 denture droite en plastique sont des composants essentiels des machines modernes, jouant un r\u00f4le cl\u00e9 dans des secteurs tels que l'automobile, l'\u00e9lectronique et le mat\u00e9riel m\u00e9dical. L\u00e9gers et r\u00e9sistants, ces engrenages sont con\u00e7us pour transmettre efficacement le mouvement tout en r\u00e9duisant le bruit et l'usure. Chez FMP, nous sommes fiers d'\u00eatre un fabricant leader d'engrenages en plastique. <a href=\"https:\/\/fmp-components.com\/fr\/spur-gear-2\/\">Engrenages droits<\/a>FMP propose une vaste gamme d'options standard et des solutions sur mesure pour r\u00e9pondre \u00e0 vos besoins sp\u00e9cifiques. Que vous soyez bas\u00e9 \u00e0 Milan, Venise, Florence ou Bologne, FMP est votre partenaire de confiance pour des solutions d'engrenages de haute qualit\u00e9.<\/p>\n<table style=\"border-collapse: collapse; width: 98.5%; height: 51px;\" border=\"0\" width=\"240\" cellspacing=\"0\" cellpadding=\"0\">\n<tbody>\n<tr style=\"height: 14.40pt;\">\n<td style=\"height: 14.40pt; width: 48.00pt;\" align=\"right\" width=\"80\" height=\"24\">\u00a0\u00a0<img loading=\"lazy\" decoding=\"async\" class=\"size-full wp-image-7456 aligncenter\" src=\"https:\/\/fmp-components.com\/wp-content\/uploads\/2025\/03\/plastic-spur-gear-5_1.webp\" alt=\"engrenage droit en plastique\" width=\"600\" height=\"600\" title=\"\" srcset=\"https:\/\/fmp-components.com\/wp-content\/uploads\/2025\/03\/plastic-spur-gear-5_1.webp 600w, https:\/\/fmp-components.com\/wp-content\/uploads\/2025\/03\/plastic-spur-gear-5_1-480x480.webp 480w\" sizes=\"(min-width: 0px) and (max-width: 480px) 480px, (min-width: 481px) 600px, 100vw\" \/><\/td>\n<td style=\"width: 48.00pt;\" align=\"right\" width=\"80\"><img loading=\"lazy\" decoding=\"async\" class=\"size-full wp-image-7457 aligncenter\" src=\"https:\/\/fmp-components.com\/wp-content\/uploads\/2025\/03\/plastic-spur-gear-4_1.webp\" alt=\"engrenage droit en plastique\" width=\"800\" height=\"800\" title=\"\" srcset=\"https:\/\/fmp-components.com\/wp-content\/uploads\/2025\/03\/plastic-spur-gear-4_1.webp 800w, https:\/\/fmp-components.com\/wp-content\/uploads\/2025\/03\/plastic-spur-gear-4_1-480x480.webp 480w\" sizes=\"(min-width: 0px) and (max-width: 480px) 480px, (min-width: 481px) 800px, 100vw\" \/><\/td>\n<td style=\"width: 48.00pt;\" align=\"right\" width=\"80\"><img loading=\"lazy\" decoding=\"async\" class=\"size-full wp-image-7458 aligncenter\" src=\"https:\/\/fmp-components.com\/wp-content\/uploads\/2025\/03\/plastic-spur-gear-3.webp\" alt=\"engrenage droit en plastique\" width=\"600\" height=\"600\" title=\"\" srcset=\"https:\/\/fmp-components.com\/wp-content\/uploads\/2025\/03\/plastic-spur-gear-3.webp 600w, https:\/\/fmp-components.com\/wp-content\/uploads\/2025\/03\/plastic-spur-gear-3-480x480.webp 480w\" sizes=\"(min-width: 0px) and (max-width: 480px) 480px, (min-width: 481px) 600px, 100vw\" \/><\/td>\n<\/tr>\n<\/tbody>\n<\/table>\n<h3>FMP : Votre fabricant expert d'engrenages cylindriques en plastique<\/h3>\n<p class=\"break-words\">FMP est un fabricant professionnel sp\u00e9cialis\u00e9 dans la production d'engrenages cylindriques \u00e0 denture droite en plastique. Gr\u00e2ce \u00e0 une technologie de pointe et \u00e0 une \u00e9quipe d'ing\u00e9nieurs qualifi\u00e9s, nous fournissons des produits r\u00e9pondant aux normes de qualit\u00e9 les plus exigeantes. Notre engagement envers l'excellence fait de nous un fournisseur privil\u00e9gi\u00e9 pour les entreprises en Italie et \u00e0 l'international.<\/p>\n<div>\n<h3>Caract\u00e9ristiques des engrenages droits en plastique de FMP<\/h3>\n<p class=\"break-words\">Nos engrenages droits en plastique sont fabriqu\u00e9s \u00e0 partir de mat\u00e9riaux de premi\u00e8re qualit\u00e9, offrant des avantages consid\u00e9rables par rapport aux mod\u00e8les m\u00e9talliques traditionnels. Voici ce qui distingue nos produits\u00a0:<\/p>\n<ul class=\"marker:text-secondary\">\n<li class=\"break-words\"><strong>Durabilit\u00e9<\/strong>Con\u00e7u pour r\u00e9sister \u00e0 l'usure, assurant une fiabilit\u00e9 \u00e0 long terme m\u00eame dans des conditions exigeantes.<\/li>\n<li class=\"break-words\"><strong>Conception l\u00e9g\u00e8re<\/strong>: Id\u00e9al pour les applications o\u00f9 la r\u00e9duction du poids est essentielle, comme dans les appareils portables ou les v\u00e9hicules.<\/li>\n<li class=\"break-words\"><strong>Fonctionnement silencieux<\/strong>: R\u00e9duisent le niveau sonore, ce qui les rend id\u00e9aux pour les environnements sensibles au bruit comme les \u00e9tablissements m\u00e9dicaux ou les bureaux.<\/li>\n<li class=\"break-words\"><strong>R\u00e9sistance \u00e0 la corrosion<\/strong>Contrairement aux engrenages m\u00e9talliques, nos engrenages en plastique r\u00e9sistent \u00e0 la rouille et \u00e0 la d\u00e9gradation, offrant des performances sup\u00e9rieures dans les environnements difficiles.<\/li>\n<\/ul>\n<p class=\"break-words\">Nous produisons diff\u00e9rents types d'engrenages cylindriques \u00e0 denture droite en plastique pour r\u00e9pondre \u00e0 diverses applications, des mod\u00e8les standard aux conceptions sp\u00e9cialis\u00e9es offrant une r\u00e9sistance accrue ou des sp\u00e9cifications uniques.<\/p>\n<div>\n<h2>Engrenages droits en plastique sur mesure, adapt\u00e9s \u00e0 vos besoins<\/h2>\n<p class=\"break-words\">Chez FMP, nous savons que les solutions standard ne conviennent pas \u00e0 tous les projets. C'est pourquoi nous proposons des services de personnalisation complets. Que vous ayez besoin d'une taille, d'un mat\u00e9riau ou d'une configuration sp\u00e9cifique, notre \u00e9quipe est en mesure de concevoir et de fabriquer des engrenages cylindriques \u00e0 denture droite en plastique r\u00e9pondant pr\u00e9cis\u00e9ment \u00e0 vos exigences.<\/p>\n<p class=\"break-words\">Si vous ne trouvez pas le mod\u00e8le que vous recherchez dans notre liste de produits, ne vous inqui\u00e9tez pas\u00a0: il se peut simplement que nous n\u2019ayons pas encore eu le temps de mettre \u00e0 jour notre catalogue. Veuillez nous contacter par courriel \u00e0 l\u2019adresse suivante\u00a0: <a href=\"mailto:info@fmpcomponents.it\">info@fmpcomponents.it<\/a>\u00a0Veuillez nous indiquer vos besoins en d\u00e9tail. Nos ing\u00e9nieurs vous r\u00e9pondront sous 24 heures et vous proposeront une solution sur mesure, adapt\u00e9e \u00e0 vos exigences.<\/p>\n<table style=\"border-collapse: collapse; width: 98.5%; height: 41px;\" border=\"0\" width=\"240\" cellspacing=\"0\" cellpadding=\"0\">\n<tbody>\n<tr style=\"height: 14.40pt;\">\n<td style=\"height: 14.40pt; width: 48.00pt;\" align=\"right\" width=\"80\" height=\"24\"><img loading=\"lazy\" decoding=\"async\" class=\"size-full wp-image-7455 aligncenter\" src=\"https:\/\/fmp-components.com\/wp-content\/uploads\/2025\/03\/plastic-spur-gear-6_1.webp\" alt=\"engrenage droit en plastique\" width=\"600\" height=\"600\" title=\"\" srcset=\"https:\/\/fmp-components.com\/wp-content\/uploads\/2025\/03\/plastic-spur-gear-6_1.webp 600w, https:\/\/fmp-components.com\/wp-content\/uploads\/2025\/03\/plastic-spur-gear-6_1-480x480.webp 480w\" sizes=\"(min-width: 0px) and (max-width: 480px) 480px, (min-width: 481px) 600px, 100vw\" \/><\/td>\n<td style=\"width: 48.00pt;\" align=\"right\" width=\"80\"><img loading=\"lazy\" decoding=\"async\" class=\"alignnone size-full wp-image-7459\" src=\"https:\/\/fmp-components.com\/wp-content\/uploads\/2025\/03\/plastic-spur-gear-2.webp\" alt=\"engrenage droit en plastique\" width=\"720\" height=\"720\" title=\"\" srcset=\"https:\/\/fmp-components.com\/wp-content\/uploads\/2025\/03\/plastic-spur-gear-2.webp 720w, https:\/\/fmp-components.com\/wp-content\/uploads\/2025\/03\/plastic-spur-gear-2-480x480.webp 480w\" sizes=\"(min-width: 0px) and (max-width: 480px) 480px, (min-width: 481px) 720px, 100vw\" \/><\/td>\n<td style=\"width: 48.00pt;\" align=\"right\" width=\"80\"><img loading=\"lazy\" decoding=\"async\" class=\"alignnone size-full wp-image-7454\" src=\"https:\/\/fmp-components.com\/wp-content\/uploads\/2025\/03\/plastic-spur-gear-7.webp\" alt=\"engrenage droit en plastique\" width=\"600\" height=\"600\" title=\"\" srcset=\"https:\/\/fmp-components.com\/wp-content\/uploads\/2025\/03\/plastic-spur-gear-7.webp 600w, https:\/\/fmp-components.com\/wp-content\/uploads\/2025\/03\/plastic-spur-gear-7-480x480.webp 480w\" sizes=\"(min-width: 0px) and (max-width: 480px) 480px, (min-width: 481px) 600px, 100vw\" \/><\/td>\n<\/tr>\n<\/tbody>\n<\/table>\n<\/div>\n<\/div>","protected":false},"excerpt":{"rendered":"<p>Plastic Spur Gears: Quality and Customization Plastic Spur Gears are vital components in modern machinery, playing a key role in industries such as automotive, electronics, and medical equipment. These lightweight, durable gears are designed to transmit motion efficiently while reducing noise and wear. At FMP, we take pride in being a leading manufacturer of Plastic [&hellip;]<\/p>","protected":false},"featured_media":7452,"comment_status":"open","ping_status":"closed","template":"","meta":{"_et_pb_use_builder":"","_et_pb_old_content":"","_et_gb_content_width":""},"product_brand":[],"product_cat":[109],"product_tag":[],"class_list":{"0":"post-7451","1":"product","2":"type-product","3":"status-publish","4":"has-post-thumbnail","6":"product_cat-spur-gear","8":"first","9":"instock","10":"shipping-taxable","11":"product-type-simple"},"_links":{"self":[{"href":"https:\/\/fmp-components.com\/fr\/wp-json\/wp\/v2\/product\/7451","targetHints":{"allow":["GET"]}}],"collection":[{"href":"https:\/\/fmp-components.com\/fr\/wp-json\/wp\/v2\/product"}],"about":[{"href":"https:\/\/fmp-components.com\/fr\/wp-json\/wp\/v2\/types\/product"}],"replies":[{"embeddable":true,"href":"https:\/\/fmp-components.com\/fr\/wp-json\/wp\/v2\/comments?post=7451"}],"wp:featuredmedia":[{"embeddable":true,"href":"https:\/\/fmp-components.com\/fr\/wp-json\/wp\/v2\/media\/7452"}],"wp:attachment":[{"href":"https:\/\/fmp-components.com\/fr\/wp-json\/wp\/v2\/media?parent=7451"}],"wp:term":[{"taxonomy":"product_brand","embeddable":true,"href":"https:\/\/fmp-components.com\/fr\/wp-json\/wp\/v2\/product_brand?post=7451"},{"taxonomy":"product_cat","embeddable":true,"href":"https:\/\/fmp-components.com\/fr\/wp-json\/wp\/v2\/product_cat?post=7451"},{"taxonomy":"product_tag","embeddable":true,"href":"https:\/\/fmp-components.com\/fr\/wp-json\/wp\/v2\/product_tag?post=7451"}],"curies":[{"name":"wp","href":"https:\/\/api.w.org\/{rel}","templated":true}]}}