{"id":744,"date":"2024-12-18T05:28:55","date_gmt":"2024-12-18T05:28:55","guid":{"rendered":"https:\/\/fmp-components.com\/?page_id=8"},"modified":"2024-12-18T05:32:12","modified_gmt":"2024-12-18T05:32:12","slug":"drilling-platform-steel-wire-rope-tensioner-cylinder","status":"publish","type":"product","link":"https:\/\/fmp-components.com\/fr\/product\/drilling-platform-steel-wire-rope-tensioner-cylinder\/","title":{"rendered":"V\u00e9rin tendeur de c\u00e2ble en acier pour plate-forme de forage"},"content":{"rendered":"<p style=\"text-align: center;\"><span style=\"font-size: 18pt;\">V\u00e9rin tendeur de c\u00e2ble en acier pour plate-forme de forage<\/span><\/p>\n<p>Le v\u00e9rin tendeur de c\u00e2ble d'acier pour plateforme de forage est un composant hydraulique essentiel con\u00e7u pour assurer une tension optimale des c\u00e2bles d'acier utilis\u00e9s dans les applications de forage. Ce v\u00e9rin joue un r\u00f4le crucial dans la s\u00e9curit\u00e9 et l'efficacit\u00e9 des op\u00e9rations de forage en fournissant la force n\u00e9cessaire pour ajuster et stabiliser la tension du c\u00e2ble, essentielle au bon fonctionnement de l'\u00e9quipement de forage.<\/p>\n<p><img loading=\"lazy\" decoding=\"async\" class=\"alignnone size-full wp-image-745\" src=\"https:\/\/fmp-components.com\/wp-content\/uploads\/2024\/12\/Drilling-Platform-Steel-Wire-Rope-Tensioner-Cylinder.webp\" alt=\"V\u00e9rin tendeur de c\u00e2ble en acier pour plate-forme de forage\" width=\"1024\" height=\"607\" title=\"\" srcset=\"https:\/\/fmp-components.com\/wp-content\/uploads\/2024\/12\/Drilling-Platform-Steel-Wire-Rope-Tensioner-Cylinder.webp 1024w, https:\/\/fmp-components.com\/wp-content\/uploads\/2024\/12\/Drilling-Platform-Steel-Wire-Rope-Tensioner-Cylinder-980x581.webp 980w, https:\/\/fmp-components.com\/wp-content\/uploads\/2024\/12\/Drilling-Platform-Steel-Wire-Rope-Tensioner-Cylinder-480x285.webp 480w\" sizes=\"(min-width: 0px) and (max-width: 480px) 480px, (min-width: 481px) and (max-width: 980px) 980px, (min-width: 981px) 1024px, 100vw\" \/><\/p>\n<h4>Caract\u00e9ristiques principales :<\/h4>\n<ul>\n<li><strong>Capacit\u00e9 de haute tension :<\/strong> Con\u00e7u pour supporter des charges importantes, ce v\u00e9rin g\u00e8re efficacement la tension des c\u00e2bles en acier, garantissant des performances constantes dans des conditions exigeantes.<\/li>\n<li><strong>Construction robuste :<\/strong> Fabriqu\u00e9 \u00e0 partir de mat\u00e9riaux \u00e0 haute r\u00e9sistance, le cylindre tendeur est con\u00e7u pour r\u00e9sister aux environnements difficiles et aux pressions \u00e9lev\u00e9es typiques des op\u00e9rations de forage, offrant une durabilit\u00e9 et une fiabilit\u00e9 durables.<\/li>\n<li><strong>Fonctionnement fluide :<\/strong> La conception hydraulique avanc\u00e9e permet des r\u00e9glages fluides et pr\u00e9cis, facilitant des changements rapides de tension selon les besoins lors des activit\u00e9s de forage.<\/li>\n<li><strong>M\u00e9canismes de s\u00e9curit\u00e9 :<\/strong> Int\u00e8gre des dispositifs de s\u00e9curit\u00e9 qui emp\u00eachent la surtension et assurent un fonctionnement s\u00e9curis\u00e9, am\u00e9liorant ainsi la s\u00e9curit\u00e9 globale des op\u00e9rations de forage.<\/li>\n<li><strong>Application polyvalente :<\/strong> Adapt\u00e9 \u00e0 une vari\u00e9t\u00e9 de plates-formes de forage, ce v\u00e9rin peut s'adapter \u00e0 diff\u00e9rents besoins op\u00e9rationnels, ce qui en fait un choix polyvalent pour divers environnements de forage.<\/li>\n<li><strong>Faibles besoins d&#039;entretien :<\/strong> Con\u00e7u pour une usure minimale, il r\u00e9duit les besoins de maintenance et les temps d'arr\u00eat op\u00e9rationnels, contribuant ainsi \u00e0 une productivit\u00e9 accrue.<\/li>\n<\/ul>\n<p>En r\u00e9sum\u00e9, le v\u00e9rin tendeur de c\u00e2ble en acier de plate-forme de forage est indispensable pour optimiser les performances et la s\u00e9curit\u00e9 des op\u00e9rations de forage, am\u00e9liorant consid\u00e9rablement l'efficacit\u00e9 et la fiabilit\u00e9 des plates-formes de forage sur le terrain.<\/p>\n<h2>V\u00e9rin tendeur de c\u00e2ble en acier pour plate-forme de forage<\/h2>\n<p><img loading=\"lazy\" decoding=\"async\" class=\"size-full wp-image-749 aligncenter\" src=\"https:\/\/fmp-components.com\/wp-content\/uploads\/2024\/12\/Drilling-Platform-Steel-Wire-Rope-Tensioner-Cylinder-1-1.webp\" alt=\"V\u00e9rin tendeur de c\u00e2ble en acier pour plate-forme de forage\" width=\"600\" height=\"600\" title=\"\" srcset=\"https:\/\/fmp-components.com\/wp-content\/uploads\/2024\/12\/Drilling-Platform-Steel-Wire-Rope-Tensioner-Cylinder-1-1.webp 600w, https:\/\/fmp-components.com\/wp-content\/uploads\/2024\/12\/Drilling-Platform-Steel-Wire-Rope-Tensioner-Cylinder-1-1-480x480.webp 480w\" sizes=\"(min-width: 0px) and (max-width: 480px) 480px, (min-width: 481px) 600px, 100vw\" \/><\/p>\n<table style=\"width: 96.3174%; height: 185px;\" border=\"1\" cellspacing=\"0\" cellpadding=\"0\">\n<tbody>\n<tr>\n<td>Nom du produit<\/td>\n<td>V\u00e9rin tendeur de c\u00e2ble en acier pour plate-forme de forage<\/td>\n<\/tr>\n<tr>\n<td>Caract\u00e9ristiques:<\/td>\n<td>Fournit une force de pouss\u00e9e et fournit une tension au c\u00e2ble m\u00e9tallique \u00e0 travers la poulie<\/td>\n<\/tr>\n<tr>\n<td>Diam\u00e8tre d&#039;al\u00e9sage :<\/td>\n<td>Jusqu'\u00e0 620 mm<\/td>\n<\/tr>\n<tr>\n<td>Diam\u00e8tre de la tige :<\/td>\n<td>Jusqu'\u00e0 580 mm<\/td>\n<\/tr>\n<tr>\n<td>Force de pouss\u00e9e :<\/td>\n<td>Maximum 8500KN<\/td>\n<\/tr>\n<tr>\n<td>Caract\u00e9ristiques:<\/td>\n<td>Fournit des cylindres de 889 KN, 1112 KN, 1245 KN et autres avec diff\u00e9rentes exigences de tension<\/td>\n<\/tr>\n<tr>\n<td>Applications :<\/td>\n<td>Plateforme offshore auto\u00e9l\u00e9vatrice<\/td>\n<\/tr>\n<\/tbody>\n<\/table>\n<h2>Avantages du v\u00e9rin tendeur de c\u00e2ble en acier pour plate-forme de forage<\/h2>\n<p>Le v\u00e9rin tendeur de c\u00e2ble en acier pour plateforme de forage offre de nombreux avantages qui soulignent son importance pour les op\u00e9rations de forage offshore. En voici quelques-uns\u00a0:<\/p>\n<p>L'un des principaux avantages r\u00e9side dans le contr\u00f4le pr\u00e9cis de la tension. Ce v\u00e9rin permet aux op\u00e9rateurs d'ajuster finement la tension appliqu\u00e9e aux c\u00e2bles d'acier en modulant la pression hydraulique. Obtenir les bons niveaux de tension est crucial pour garantir une performance optimale des c\u00e2bles pendant les op\u00e9rations de forage.<\/p>\n<p>Un autre avantage significatif r\u00e9side dans la s\u00e9curit\u00e9 accrue. Le v\u00e9rin tendeur est \u00e9quip\u00e9 de dispositifs de s\u00e9curit\u00e9 avanc\u00e9s, tels que des capteurs de pression et des m\u00e9canismes de protection, qui emp\u00eachent toute tension excessive ou tout rel\u00e2chement soudain de la tension. Ces dispositifs garantissent un fonctionnement s\u00fbr, prot\u00e9geant le personnel et l'\u00e9quipement des dangers potentiels.<\/p>\n<p>Le v\u00e9rin contribue \u00e9galement \u00e0 am\u00e9liorer l'efficacit\u00e9 op\u00e9rationnelle. En maintenant la tension appropri\u00e9e des c\u00e2bles, il assure un mouvement fluide et contr\u00f4l\u00e9 du train de tiges et facilite le levage de charges lourdes. Il en r\u00e9sulte une productivit\u00e9 accrue et une r\u00e9duction des temps d'arr\u00eat des op\u00e9rations de forage.<\/p>\n<p>De plus, la durabilit\u00e9 et la fiabilit\u00e9 du v\u00e9rin tendeur sont remarquables. Fabriqu\u00e9 \u00e0 partir de mat\u00e9riaux haute r\u00e9sistance, il est con\u00e7u pour r\u00e9sister aux conditions difficiles du forage offshore, notamment l'eau sal\u00e9e corrosive, les pressions \u00e9lev\u00e9es et les temp\u00e9ratures extr\u00eames. Cette durabilit\u00e9 garantit des performances constantes dans le temps.<\/p>\n<p>De plus, le v\u00e9rin tendeur offre une grande polyvalence d'application. Il peut \u00eatre utilis\u00e9 avec diff\u00e9rents types et tailles de c\u00e2bles en acier, ce qui le rend adaptable \u00e0 diverses t\u00e2ches de forage, telles que le forage, le levage et la manutention de charges. Cette flexibilit\u00e9 offre une solution compl\u00e8te pour maintenir la tension des c\u00e2bles lors de multiples op\u00e9rations.<\/p>\n<p>Enfin, la conception du v\u00e9rin tendeur privil\u00e9gie la maintenance et la facilit\u00e9 d'entretien. Ses composants sont facilement accessibles pour l'inspection et l'entretien r\u00e9gulier, ce qui garantit un fonctionnement optimal et minimise les temps d'arr\u00eat. Cette facilit\u00e9 d'entretien contribue \u00e0 l'efficacit\u00e9 globale des op\u00e9rations de forage, garantissant ainsi le maintien de l'\u00e9quipement en parfait \u00e9tat.<\/p>\n<p><img loading=\"lazy\" decoding=\"async\" class=\"alignnone wp-image-746\" src=\"https:\/\/fmp-components.com\/wp-content\/uploads\/2024\/12\/Drilling-Platform-Steel-Wire-Rope-Tensioner-Cylinder-1.webp\" alt=\"V\u00e9rin tendeur de c\u00e2ble en acier pour plate-forme de forage\" width=\"925\" height=\"648\" title=\"\" srcset=\"https:\/\/fmp-components.com\/wp-content\/uploads\/2024\/12\/Drilling-Platform-Steel-Wire-Rope-Tensioner-Cylinder-1.webp 925w, https:\/\/fmp-components.com\/wp-content\/uploads\/2024\/12\/Drilling-Platform-Steel-Wire-Rope-Tensioner-Cylinder-1-480x336.webp 480w\" sizes=\"(min-width: 0px) and (max-width: 480px) 480px, (min-width: 481px) 925px, 100vw\" \/><\/p>\n<h3>\u00c0 propos de FMP<\/h3>\n<p>FMP est une entreprise de fabrication m\u00e9canique sp\u00e9cialis\u00e9e dans la production de v\u00e9rins hydrauliques. Depuis sa cr\u00e9ation, l&#039;entreprise s&#039;est concentr\u00e9e sur la recherche et la fabrication de technologies hydrauliques, passant avec succ\u00e8s d&#039;une gamme de produits diversifi\u00e9e, incluant les machines de r\u00e9colte et de construction, \u00e0 une sp\u00e9cialisation dans les composants de tracteurs agricoles. Forte de plus de dix ans d&#039;exp\u00e9rience en fabrication et en gestion, FMP garantit des produits de haute qualit\u00e9 gr\u00e2ce \u00e0 des techniques de production avanc\u00e9es.<\/p>\n<p>Au fil de son \u00e9volution, l&#039;entreprise a d\u00e9velopp\u00e9 une ligne compl\u00e8te de production d&#039;usinage, d&#039;assemblage et de rev\u00eatement. Notre \u00e9quipe est compos\u00e9e d&#039;un personnel de direction qualifi\u00e9, de concepteurs m\u00e9caniques exp\u00e9riment\u00e9s et de techniciens hautement qualifi\u00e9s qui travaillent ensemble pour maintenir une qualit\u00e9 de production stable tout en contr\u00f4lant efficacement la continuit\u00e9 et l&#039;efficacit\u00e9 des processus.<\/p>\n<p>FMP adh\u00e8re \u00e0 la philosophie suivante\u00a0: \u00ab\u00a0L&#039;innovation technologique est le moteur du progr\u00e8s, la qualit\u00e9 cr\u00e9e des marques, le savoir-faire garantit la qualit\u00e9 et \u00e9tablit des relations gagnant-gagnant \u00e0 long terme.\u00a0\u00bb Notre engagement \u00e0 fournir des produits de haute qualit\u00e9 et un service client irr\u00e9prochable demeure un objectif essentiel pour r\u00e9pondre aux besoins changeants du march\u00e9.<\/p>\n<p><img loading=\"lazy\" decoding=\"async\" class=\"alignnone size-full wp-image-426\" src=\"https:\/\/fmp-components.com\/wp-content\/uploads\/2024\/12\/Sanitation-Machinery-Locking-Hydraulic-Cylinder-factory.webp\" sizes=\"(min-width: 0px) and (max-width: 480px) 480px, (min-width: 481px) and (max-width: 980px) 980px, (min-width: 981px) and (max-width: 1280px) 1280px, (min-width: 1281px) 1414px, 100vw\" srcset=\"https:\/\/fmp-components.com\/wp-content\/uploads\/2024\/12\/Sanitation-Machinery-Locking-Hydraulic-Cylinder-factory.webp 1414w, https:\/\/fmp-components.com\/wp-content\/uploads\/2024\/12\/Sanitation-Machinery-Locking-Hydraulic-Cylinder-factory-1280x529.webp 1280w, https:\/\/fmp-components.com\/wp-content\/uploads\/2024\/12\/Sanitation-Machinery-Locking-Hydraulic-Cylinder-factory-980x405.webp 980w, https:\/\/fmp-components.com\/wp-content\/uploads\/2024\/12\/Sanitation-Machinery-Locking-Hydraulic-Cylinder-factory-480x198.webp 480w\" alt=\"Usine de machines sanitaires, de verrouillage, de v\u00e9rins hydrauliques\" width=\"1414\" height=\"584\" title=\"\"><\/p>\n<p>Auteur : CX<\/p>","protected":false},"excerpt":{"rendered":"<p>Le v\u00e9rin tendeur de c\u00e2ble d'acier pour plateforme de forage est un composant hydraulique essentiel con\u00e7u pour maintenir une tension optimale des c\u00e2bles d'acier utilis\u00e9s lors des op\u00e9rations de forage. Ce v\u00e9rin fournit la force n\u00e9cessaire pour ajuster et stabiliser la tension des c\u00e2bles, garantissant ainsi un fonctionnement s\u00fbr et efficace de la plateforme. Fabriqu\u00e9 \u00e0 partir de mat\u00e9riaux haute r\u00e9sistance, il est con\u00e7u pour r\u00e9sister aux conditions exigeantes et aux pressions \u00e9lev\u00e9es typiques des environnements de forage, garantissant durabilit\u00e9 et fiabilit\u00e9. Son action hydraulique fluide permet des r\u00e9glages pr\u00e9cis, am\u00e9liorant ainsi l'efficacit\u00e9 et la s\u00e9curit\u00e9 op\u00e9rationnelles pendant les op\u00e9rations de forage. Ce v\u00e9rin tendeur est essentiel \u00e0 l'optimisation des performances des plateformes de forage, contribuant significativement \u00e0 l'efficacit\u00e9 des op\u00e9rations et \u00e0 l'int\u00e9grit\u00e9 globale de l'\u00e9quipement.<\/p>","protected":false},"featured_media":749,"comment_status":"open","ping_status":"closed","template":"","meta":{"_et_pb_use_builder":"","_et_pb_old_content":"","_et_gb_content_width":""},"product_brand":[],"product_cat":[28],"product_tag":[],"class_list":{"0":"post-744","1":"product","2":"type-product","3":"status-publish","4":"has-post-thumbnail","6":"product_cat-offshore-hydraulic-cylinders","8":"first","9":"instock","10":"shipping-taxable","11":"product-type-simple"},"_links":{"self":[{"href":"https:\/\/fmp-components.com\/fr\/wp-json\/wp\/v2\/product\/744","targetHints":{"allow":["GET"]}}],"collection":[{"href":"https:\/\/fmp-components.com\/fr\/wp-json\/wp\/v2\/product"}],"about":[{"href":"https:\/\/fmp-components.com\/fr\/wp-json\/wp\/v2\/types\/product"}],"replies":[{"embeddable":true,"href":"https:\/\/fmp-components.com\/fr\/wp-json\/wp\/v2\/comments?post=744"}],"wp:featuredmedia":[{"embeddable":true,"href":"https:\/\/fmp-components.com\/fr\/wp-json\/wp\/v2\/media\/749"}],"wp:attachment":[{"href":"https:\/\/fmp-components.com\/fr\/wp-json\/wp\/v2\/media?parent=744"}],"wp:term":[{"taxonomy":"product_brand","embeddable":true,"href":"https:\/\/fmp-components.com\/fr\/wp-json\/wp\/v2\/product_brand?post=744"},{"taxonomy":"product_cat","embeddable":true,"href":"https:\/\/fmp-components.com\/fr\/wp-json\/wp\/v2\/product_cat?post=744"},{"taxonomy":"product_tag","embeddable":true,"href":"https:\/\/fmp-components.com\/fr\/wp-json\/wp\/v2\/product_tag?post=744"}],"curies":[{"name":"wp","href":"https:\/\/api.w.org\/{rel}","templated":true}]}}