{"id":7437,"date":"2025-03-26T06:16:07","date_gmt":"2025-03-26T06:16:07","guid":{"rendered":"https:\/\/fmp-components.com\/?post_type=product&#038;p=7437"},"modified":"2025-03-26T08:37:43","modified_gmt":"2025-03-26T08:37:43","slug":"nylon-spur-gears","status":"publish","type":"product","link":"https:\/\/fmp-components.com\/fr\/product\/nylon-spur-gears\/","title":{"rendered":"Engrenages droits en nylon"},"content":{"rendered":"<h2>Que sont les engrenages droits en nylon\u00a0?<\/h2>\n<p class=\"break-words\">Nylon <a href=\"https:\/\/fmp-components.com\/fr\/spur-gear-2\/\">Engrenages droits<\/a> Les engrenages en plastique sont largement utilis\u00e9s dans de nombreux secteurs industriels pour leurs propri\u00e9t\u00e9s exceptionnelles. Fabriqu\u00e9s \u00e0 partir de plastiques techniques comme le nylon MC (une r\u00e9sine polyamide) et le polyac\u00e9tal (POM), ces engrenages pr\u00e9sentent des dents droites sur une surface cylindrique, ce qui les rend id\u00e9aux pour la transmission de mouvement et de puissance entre arbres parall\u00e8les. Leur importance s'\u00e9tend \u00e0 des secteurs tels que l'agroalimentaire, l'\u00e9lectronique grand public, la chimie, le jouet et le mat\u00e9riel m\u00e9dical, gr\u00e2ce \u00e0 leur l\u00e9g\u00e8ret\u00e9, leur r\u00e9sistance \u00e0 la corrosion et leur fonctionnement silencieux.<\/p>\n<p><img loading=\"lazy\" decoding=\"async\" class=\"size-full wp-image-7447 aligncenter\" src=\"https:\/\/fmp-components.com\/wp-content\/uploads\/2025\/03\/Nylon-Spur-Gears-2.webp\" alt=\"Engrenages \u00e0 denture droite en nylon\" width=\"1024\" height=\"800\" title=\"\" srcset=\"https:\/\/fmp-components.com\/wp-content\/uploads\/2025\/03\/Nylon-Spur-Gears-2.webp 1024w, https:\/\/fmp-components.com\/wp-content\/uploads\/2025\/03\/Nylon-Spur-Gears-2-980x766.webp 980w, https:\/\/fmp-components.com\/wp-content\/uploads\/2025\/03\/Nylon-Spur-Gears-2-480x375.webp 480w\" sizes=\"(min-width: 0px) and (max-width: 480px) 480px, (min-width: 481px) and (max-width: 980px) 980px, (min-width: 981px) 1024px, 100vw\" \/><\/p>\n<div>\n<h2>Pourquoi choisir des engrenages droits en nylon ?<\/h2>\n<h3>Principaux avantages<\/h3>\n<ul class=\"marker:text-secondary\">\n<li class=\"break-words\"><strong>L\u00e9ger<\/strong>Compar\u00e9es aux engrenages m\u00e9talliques, les engrenages cylindriques \u00e0 denture droite en nylon r\u00e9duisent consid\u00e9rablement le poids des machines, am\u00e9liorant ainsi leur efficacit\u00e9.<\/li>\n<li class=\"break-words\"><strong>Antirouille<\/strong>Contrairement \u00e0 l'acier, le nylon ne se corrode pas, ce qui le rend id\u00e9al pour les environnements humides ou corrosifs.<\/li>\n<li class=\"break-words\"><strong>Fonctionnement silencieux<\/strong>Leur pouvoir lubrifiant intrins\u00e8que garantit un fonctionnement fluide et silencieux, id\u00e9al pour les appareils \u00e9lectroniques grand public ou les dispositifs m\u00e9dicaux.<\/li>\n<li class=\"break-words\"><strong>Autolubrifiant<\/strong>De nombreux engrenages en nylon fonctionnent sans lubrification suppl\u00e9mentaire lorsqu'ils sont associ\u00e9s \u00e0 des engrenages m\u00e9talliques, ce qui r\u00e9duit les co\u00fbts de maintenance.<\/li>\n<li class=\"break-words\"><strong>Rentable<\/strong>Le moulage par injection permet une production \u00e0 grande \u00e9chelle \u00e0 moindre co\u00fbt.<\/li>\n<\/ul>\n<h3>Candidatures \u00e0 travers l'Italie<\/h3>\n<p class=\"break-words\">Des usines agroalimentaires de Milan \u00e0 la fabrication de jouets \u00e0 Florence, en passant par la production d'\u00e9quipements m\u00e9dicaux \u00e0 Bologne, les engrenages cylindriques \u00e0 denture droite en nylon offrent une grande polyvalence. \u00c0 Venise, o\u00f9 la r\u00e9sistance \u00e0 l'humidit\u00e9 est essentielle en raison du climat humide, leurs propri\u00e9t\u00e9s antirouille sont un atout majeur.<\/p>\n<h2>Les mat\u00e9riaux derri\u00e8re la magie<\/h2>\n<p class=\"break-words\">La soci\u00e9t\u00e9 FMP utilise des plastiques haute performance tels que\u00a0:<\/p>\n<ul class=\"marker:text-secondary\">\n<li class=\"break-words\"><strong>MC Nylon<\/strong>Reconnu pour sa r\u00e9sistance et sa stabilit\u00e9 thermique accrues, c'est un \u00e9l\u00e9ment essentiel de nos s\u00e9ries standard PS et PSA.<\/li>\n<li class=\"break-words\"><strong>Copolym\u00e8re ac\u00e9tal (POM)<\/strong>: Un thermoplastique cristallin offrant une excellente r\u00e9sistance chimique et une grande durabilit\u00e9, utilis\u00e9 dans nos engrenages cylindriques moul\u00e9s.<\/li>\n<\/ul>\n<p class=\"break-words\">Pour les applications exigeantes, telles que celles avec de fortes fluctuations de temp\u00e9rature ou des charges lourdes, nous pouvons incorporer des moyeux m\u00e9talliques (par exemple, S45C ou acier inoxydable) fusionn\u00e9s ou viss\u00e9s aux dents en nylon, assurant la durabilit\u00e9 sans sacrifier les avantages du plastique.<\/p>\n<h3>Propri\u00e9t\u00e9s m\u00e9caniques et thermiques<\/h3>\n<p class=\"break-words\">Voici un aper\u00e7u de ce qui distingue ces mat\u00e9riaux\u00a0:<\/p>\n<div class=\"overflow-x-auto my-2\">\n<table style=\"width: 100%;\" border=\"1\" width=\"100%\" cellspacing=\"0\" cellpadding=\"0\">\n<thead class=\"border-b border-primary\/20\">\n<tr class=\"border-primary\/10\">\n<th class=\"break-words\"><strong>Propri\u00e9t\u00e9<\/strong><\/th>\n<th class=\"break-words\"><strong>MC Nylon<\/strong><\/th>\n<th class=\"break-words\"><strong>copolym\u00e8re ac\u00e9tal<\/strong><\/th>\n<\/tr>\n<\/thead>\n<tbody>\n<tr class=\"border-primary\/10\">\n<td class=\"break-words\"><strong>R\u00e9sistance \u00e0 la traction<\/strong><\/td>\n<td class=\"break-words\">Haut<\/td>\n<td class=\"break-words\">Mod\u00e9r\u00e9<\/td>\n<\/tr>\n<tr class=\"border-primary\/10\">\n<td class=\"break-words\"><strong>Dilatation thermique<\/strong><\/td>\n<td class=\"break-words\">9\u00d710\u207b\u2075 \/\u00b0C<\/td>\n<td class=\"break-words\">Inf\u00e9rieur au nylon<\/td>\n<\/tr>\n<tr class=\"border-primary\/10\">\n<td class=\"break-words\"><strong>r\u00e9sistance chimique<\/strong><\/td>\n<td class=\"break-words\">Excellent<\/td>\n<td class=\"break-words\">Excellent<\/td>\n<\/tr>\n<tr class=\"border-primary\/10\">\n<td class=\"break-words\"><strong>Absorption d'eau<\/strong><\/td>\n<td class=\"break-words\">Plus haut<\/td>\n<td class=\"break-words\">Inf\u00e9rieur<\/td>\n<\/tr>\n<\/tbody>\n<\/table>\n<\/div>\n<p class=\"break-words\"><em>Note<\/em>Les donn\u00e9es relatives au nylon MC sont bas\u00e9es sur des conditions s\u00e8ches ; la r\u00e9sistance diminue avec l'augmentation de la temp\u00e9rature ou l'absorption d'humidit\u00e9.<\/p>\n<div>\n<h4>Exemple de changement dimensionnel<\/h4>\n<p class=\"break-words\">Consid\u00e9rons une cr\u00e9maill\u00e8re en nylon MC (longueur\u00a0: 1010\u00a0mm) \u00e0 20\u00a0\u00b0C. Si la temp\u00e9rature monte \u00e0 40\u00a0\u00b0C\u00a0:<\/p>\n<ul class=\"marker:text-secondary\">\n<li class=\"break-words\"><strong>Coefficient d'expansion lin\u00e9aire<\/strong>: 9\u00d710\u207b\u2075 \/\u00b0C<\/li>\n<li class=\"break-words\"><strong>Calcul<\/strong>Variation dimensionnelle = 9 \u00d7 10\u207b\u2075 \u00d7 10\u00b9\u2070 mm \u00d7 20 \u00b0C = 1,818 mm<\/li>\n<\/ul>\n<p class=\"break-words\">Cet allongement souligne la n\u00e9cessit\u00e9 de prendre en compte les effets thermiques et d'humidit\u00e9 dans la conception \u2013 une consid\u00e9ration que les ing\u00e9nieurs de FMP ma\u00eetrisent parfaitement.<\/p>\n<div>\n<h2>FMP Company : Vos experts en engrenages \u00e0 \u00e9perons en nylon<\/h2>\n<p class=\"break-words\">\u00c0 <strong>Soci\u00e9t\u00e9 FMP<\/strong>Nous sommes sp\u00e9cialis\u00e9s dans la fabrication d'une large gamme d'engrenages cylindriques \u00e0 denture droite en nylon, r\u00e9pondant \u00e0 divers besoins en Italie et \u00e0 l'international. Notre offre comprend\u00a0:<\/p>\n<ul class=\"marker:text-secondary\">\n<li class=\"break-words\"><strong>S\u00e9rie DSL<\/strong>Fixation facile pour engrenages et axes.<\/li>\n<li class=\"break-words\"><strong>S\u00e9ries NSU et PU<\/strong>: Dents en nylon avec noyaux m\u00e9talliques pour une r\u00e9sistance accrue et une usinage facilit\u00e9.<\/li>\n<li class=\"break-words\"><strong>S\u00e9ries PS et PSA<\/strong>Options standard MC Nylon, avec PSA dot\u00e9 d'une conception sans bossage.<\/li>\n<li class=\"break-words\"><strong>S\u00e9rie DS<\/strong>Engrenages \u00e9conomiques et peu r\u00e9sistants, fabriqu\u00e9s par moulage par injection.<\/li>\n<\/ul>\n<h3>Solutions personnalis\u00e9es<\/h3>\n<p class=\"break-words\">Vous ne trouvez pas le mod\u00e8le qu'il vous faut dans notre catalogue\u00a0? Aucun souci\u00a0! FMP Company excelle dans les commandes sur mesure. Que vous soyez \u00e0 Milan pour la conception d'\u00e9lectronique grand public ou \u00e0 Venise pour la fabrication d'\u00e9quipements chimiques, nous produirons des engrenages adapt\u00e9s \u00e0 vos sp\u00e9cifications. Si un mod\u00e8le n'est pas list\u00e9, c'est simplement que nous ne l'avons pas encore ajout\u00e9. Contactez-nous par e-mail \u00e0 l'adresse suivante\u00a0: <a href=\"mailto:info@fmpcomponents.it\">info@fmpcomponents.it<\/a> Faites-nous part de vos besoins et nos ing\u00e9nieurs vous r\u00e9pondront dans les plus brefs d\u00e9lais. <strong>24 heures<\/strong> avec une solution.<\/p>\n<table style=\"border-collapse: collapse; width: 99.375%; height: 66px;\" border=\"0\" width=\"240\" cellspacing=\"0\" cellpadding=\"0\">\n<tbody>\n<tr style=\"height: 14.40pt;\">\n<td style=\"height: 14.40pt; width: 48.00pt;\" align=\"right\" width=\"80\" height=\"24\"><img loading=\"lazy\" decoding=\"async\" class=\"alignnone size-full wp-image-7448\" src=\"https:\/\/fmp-components.com\/wp-content\/uploads\/2025\/03\/nylon-spur-gear-5.webp\" alt=\"engrenage \u00e0 \u00e9peron en nylon\" width=\"768\" height=\"768\" title=\"\" srcset=\"https:\/\/fmp-components.com\/wp-content\/uploads\/2025\/03\/nylon-spur-gear-5.webp 768w, https:\/\/fmp-components.com\/wp-content\/uploads\/2025\/03\/nylon-spur-gear-5-480x480.webp 480w\" sizes=\"(min-width: 0px) and (max-width: 480px) 480px, (min-width: 481px) 768px, 100vw\" \/><\/td>\n<td style=\"width: 48.00pt;\" align=\"right\" width=\"80\"><img loading=\"lazy\" decoding=\"async\" class=\"alignnone size-full wp-image-7449\" src=\"https:\/\/fmp-components.com\/wp-content\/uploads\/2025\/03\/nylon-spur-gear-6.webp\" alt=\"engrenage \u00e0 \u00e9peron en nylon\" width=\"750\" height=\"750\" title=\"\" srcset=\"https:\/\/fmp-components.com\/wp-content\/uploads\/2025\/03\/nylon-spur-gear-6.webp 750w, https:\/\/fmp-components.com\/wp-content\/uploads\/2025\/03\/nylon-spur-gear-6-480x480.webp 480w\" sizes=\"(min-width: 0px) and (max-width: 480px) 480px, (min-width: 481px) 750px, 100vw\" \/><\/td>\n<td style=\"width: 48.00pt;\" align=\"right\" width=\"80\"><img loading=\"lazy\" decoding=\"async\" class=\"alignnone size-full wp-image-7450\" src=\"https:\/\/fmp-components.com\/wp-content\/uploads\/2025\/03\/nylon-spur-gear-7.webp\" alt=\"engrenage \u00e0 \u00e9peron en nylon\" width=\"540\" height=\"540\" title=\"\" srcset=\"https:\/\/fmp-components.com\/wp-content\/uploads\/2025\/03\/nylon-spur-gear-7.webp 540w, https:\/\/fmp-components.com\/wp-content\/uploads\/2025\/03\/nylon-spur-gear-7-480x480.webp 480w\" sizes=\"(min-width: 0px) and (max-width: 480px) 480px, (min-width: 481px) 540px, 100vw\" \/><\/td>\n<\/tr>\n<\/tbody>\n<\/table>\n<\/div>\n<\/div>\n<\/div>","protected":false},"excerpt":{"rendered":"<p>What Are Nylon Spur Gears? Nylon Spur Gears are a type of plastic gear widely used across industries for their exceptional properties. Made from engineering plastics like MC Nylon (a polyamide resin) and polyacetal (POM), these gears feature straight teeth on a cylindrical surface, making them ideal for transmitting motion and power between parallel shafts. [&hellip;]<\/p>","protected":false},"featured_media":7445,"comment_status":"open","ping_status":"closed","template":"","meta":{"_et_pb_use_builder":"","_et_pb_old_content":"","_et_gb_content_width":""},"product_brand":[],"product_cat":[109],"product_tag":[],"class_list":{"0":"post-7437","1":"product","2":"type-product","3":"status-publish","4":"has-post-thumbnail","6":"product_cat-spur-gear","8":"first","9":"instock","10":"shipping-taxable","11":"product-type-simple"},"_links":{"self":[{"href":"https:\/\/fmp-components.com\/fr\/wp-json\/wp\/v2\/product\/7437","targetHints":{"allow":["GET"]}}],"collection":[{"href":"https:\/\/fmp-components.com\/fr\/wp-json\/wp\/v2\/product"}],"about":[{"href":"https:\/\/fmp-components.com\/fr\/wp-json\/wp\/v2\/types\/product"}],"replies":[{"embeddable":true,"href":"https:\/\/fmp-components.com\/fr\/wp-json\/wp\/v2\/comments?post=7437"}],"wp:featuredmedia":[{"embeddable":true,"href":"https:\/\/fmp-components.com\/fr\/wp-json\/wp\/v2\/media\/7445"}],"wp:attachment":[{"href":"https:\/\/fmp-components.com\/fr\/wp-json\/wp\/v2\/media?parent=7437"}],"wp:term":[{"taxonomy":"product_brand","embeddable":true,"href":"https:\/\/fmp-components.com\/fr\/wp-json\/wp\/v2\/product_brand?post=7437"},{"taxonomy":"product_cat","embeddable":true,"href":"https:\/\/fmp-components.com\/fr\/wp-json\/wp\/v2\/product_cat?post=7437"},{"taxonomy":"product_tag","embeddable":true,"href":"https:\/\/fmp-components.com\/fr\/wp-json\/wp\/v2\/product_tag?post=7437"}],"curies":[{"name":"wp","href":"https:\/\/api.w.org\/{rel}","templated":true}]}}