{"id":7420,"date":"2025-03-26T03:25:42","date_gmt":"2025-03-26T03:25:42","guid":{"rendered":"https:\/\/fmp-components.com\/?post_type=product&#038;p=7420"},"modified":"2025-03-26T08:36:10","modified_gmt":"2025-03-26T08:36:10","slug":"forging-spur-gear","status":"publish","type":"product","link":"https:\/\/fmp-components.com\/fr\/product\/forging-spur-gear\/","title":{"rendered":"Engrenage droit forg\u00e9"},"content":{"rendered":"<h2>Engrenages cylindriques forg\u00e9s\u00a0: fabrication de pr\u00e9cision par FMP Company pour l\u2019Italie et au-del\u00e0<\/h2>\n<p class=\"break-words\">En mati\u00e8re de production de haute qualit\u00e9 <a href=\"https:\/\/fmp-components.com\/fr\/spur-gear-2\/\">engrenages droits<\/a>Le forgeage demeure une technique de fabrication ancestrale et de pointe. Chez FMP Company, nous sommes sp\u00e9cialis\u00e9s dans la fabrication d'engrenages cylindriques \u00e0 denture droite forg\u00e9s, r\u00e9pondant aux besoins vari\u00e9s des industries italiennes\u00a0: des p\u00f4les automobiles milanais aux ateliers d'ing\u00e9nierie v\u00e9nitiens, en passant par les entreprises innovantes de Florence et les centres industriels de Bologne. Nous fournissons des engrenages cylindriques \u00e0 denture droite quasi-finie ou finie, n\u00e9cessitant un minimum de finition, et garantissant robustesse, durabilit\u00e9 et efficacit\u00e9 pour des applications dans les secteurs de l'automobile, de l'a\u00e9rospatiale, de l'agriculture, de l'\u00e9nergie et bien d'autres.<\/p>\n<p><img loading=\"lazy\" decoding=\"async\" class=\"size-full wp-image-7421 aligncenter\" src=\"https:\/\/fmp-components.com\/wp-content\/uploads\/2025\/03\/forged-spur-gears-product-1.webp\" alt=\"engrenages droits forg\u00e9s\" width=\"2000\" height=\"800\" title=\"\" srcset=\"https:\/\/fmp-components.com\/wp-content\/uploads\/2025\/03\/forged-spur-gears-product-1.webp 2000w, https:\/\/fmp-components.com\/wp-content\/uploads\/2025\/03\/forged-spur-gears-product-1-1280x512.webp 1280w, https:\/\/fmp-components.com\/wp-content\/uploads\/2025\/03\/forged-spur-gears-product-1-980x392.webp 980w, https:\/\/fmp-components.com\/wp-content\/uploads\/2025\/03\/forged-spur-gears-product-1-480x192.webp 480w\" sizes=\"(min-width: 0px) and (max-width: 480px) 480px, (min-width: 481px) and (max-width: 980px) 980px, (min-width: 981px) and (max-width: 1280px) 1280px, (min-width: 1281px) 2000px, 100vw\" \/><\/p>\n<h3>Que sont les engrenages droits forg\u00e9s\u00a0?<\/h3>\n<p class=\"break-words\">Les engrenages cylindriques forg\u00e9s sont fabriqu\u00e9s gr\u00e2ce \u00e0 un proc\u00e9d\u00e9 de forgeage \u00e0 la presse m\u00e9ticuleux. Des billettes de m\u00e9tal chauff\u00e9es \u2013 telles que l'acier faiblement alli\u00e9, le laiton, les alliages d'aluminium, l'acier inoxydable, le titane ou les alliages r\u00e9fractaires \u2013 sont mises en forme sous haute pression \u00e0 l'aide de matrices sp\u00e9cifiques. Ce proc\u00e9d\u00e9 comprime le grain du m\u00e9tal, ce qui conf\u00e8re aux engrenages une r\u00e9sistance \u00e0 la fatigue et une capacit\u00e9 de charge exceptionnelles. Contrairement aux engrenages taill\u00e9s, les engrenages cylindriques forg\u00e9s pr\u00e9sentent un flux de grains profil\u00e9 qui \u00e9pouse le profil de la dent, ce qui renforce leur r\u00e9sistance sans augmenter leur taille. Chez FMP, nous utilisons des techniques telles que le forgeage en matrice ferm\u00e9e et le forgeage \u00e0 haute \u00e9nergie (HERF) pour produire des engrenages r\u00e9pondant \u00e0 des tol\u00e9rances et des normes de finition de surface tr\u00e8s strictes.<\/p>\n<div>\n<h3>Le processus de forgeage chez FMP<\/h3>\n<p class=\"break-words\">Chez FMP Company, notre proc\u00e9d\u00e9 de forgeage est con\u00e7u pour offrir pr\u00e9cision, efficacit\u00e9 et durabilit\u00e9, r\u00e9pondant ainsi aux besoins d'un large \u00e9ventail de secteurs industriels, notamment pour les applications de machines lourdes en Italie et \u00e0 l'international. Qu'il s'agisse d'une roue dent\u00e9e cylindrique compacte pour l'automobile ou d'une roue dent\u00e9e cylindrique forg\u00e9e massive de 600 mm de diam\u00e8tre en acier 40CrMn pour broyeurs \u00e0 boulets, nos techniques de pointe garantissent une qualit\u00e9 optimale. Voici comment nous fabriquons nos roues dent\u00e9es cylindriques forg\u00e9es\u00a0:<\/p>\n<ol class=\"marker:text-secondary\">\n<li class=\"break-words\"><strong>Chauffage des \u00e9bauches d'engrenages<\/strong>Nous chauffons les lingots m\u00e9talliques \u00e0 des temp\u00e9ratures pr\u00e9cises \u2014 par exemple 1230 \u00b0C pour l'acier 8620 ou des plages de temp\u00e9ratures adapt\u00e9es pour l'acier 40CrMn \u2014 afin d'am\u00e9liorer leur usinabilit\u00e9 et de garantir un forgeage uniforme. Cette \u00e9tape est cruciale pour obtenir la r\u00e9sistance requise pour les engrenages haute performance.<\/li>\n<li class=\"break-words\"><strong>Forgeage par matrice<\/strong>Gr\u00e2ce \u00e0 des presses de pointe et au forgeage \u00e0 haute \u00e9nergie (HERF), nous fa\u00e7onnons des billettes en pi\u00e8ces quasi-finies en un minimum de frappes. Des marteaux \u00e0 grande vitesse d\u00e9livrent des forces allant jusqu'\u00e0 353\u00a0000 J pour forger en une seule op\u00e9ration une roue dent\u00e9e de 4,5 kg \u00e0 partir d'une billette d'acier 8620 de 75 mm, ou jusqu'\u00e0 271\u00a0000 J pour un volant moteur automobile de 11 kg en fonte grise de grade 40.<\/li>\n<li class=\"break-words\"><strong>D\u00e9coupe et finition<\/strong>Les exc\u00e9dents de mati\u00e8re sont soigneusement \u00e9limin\u00e9s et les engrenages sont usin\u00e9s avec pr\u00e9cision. Pour les engrenages standard, nous conservons une sur\u00e9paisseur de 0,13 \u00e0 0,51 mm pour l'usinage final, tandis que les composants haute performance, comme nos engrenages cylindriques \u00e0 denture droite de 600 mm en acier 40CrMn pour broyeurs \u00e0 boulets, sont forg\u00e9s \u00e0 des dimensions quasi-finies avec des tol\u00e9rances aussi serr\u00e9es que +0,00\/-0,18 mm.<\/li>\n<\/ol>\n<h4>Pi\u00e8ces forg\u00e9es pour machines lourdes<\/h4>\n<p class=\"break-words\">Au-del\u00e0 des applications classiques, FMP excelle dans la production d'engrenages cylindriques forg\u00e9s pour machines lourdes. Prenons l'exemple de notre engrenage cylindrique forg\u00e9 en acier 40CrMn\u00a0: d'un diam\u00e8tre de 600\u00a0mm, ce composant robuste est sp\u00e9cialement con\u00e7u pour les broyeurs \u00e0 boulets utilis\u00e9s dans les secteurs minier et industriel. Forg\u00e9 en acier 40CrMn haute r\u00e9sistance, il offre une durabilit\u00e9 et une r\u00e9sistance \u00e0 l'usure exceptionnelles, ce qui le rend id\u00e9al pour les environnements exigeants. Fabriqu\u00e9 \u00e0 Luoyang, cet engrenage est disponible \u00e0 partir de 10\u00a0pi\u00e8ces, conditionn\u00e9 dans des caisses en bois robustes et livr\u00e9 sous 25\u00a0jours ouvr\u00e9s. Avec une capacit\u00e9 de production de 10\u00a0000\u00a0pi\u00e8ces et une capacit\u00e9 de forgeage maximale de 40\u00a0tonnes, FMP est en mesure de r\u00e9pondre aux besoins des industries lourdes italiennes, des usines de Milan aux fournisseurs d'\u00e9quipements miniers de Bologne.<\/p>\n<table style=\"border-collapse: collapse; width: 99.375%; height: 139px;\" border=\"0\" width=\"160\" cellspacing=\"0\" cellpadding=\"0\">\n<tbody>\n<tr style=\"height: 14.40pt;\">\n<td class=\"et2\" style=\"height: 28.8pt; width: 67.3831%;\" rowspan=\"2\" width=\"80\" height=\"48\"><img loading=\"lazy\" decoding=\"async\" class=\"alignnone size-full wp-image-7427\" src=\"https:\/\/fmp-components.com\/wp-content\/uploads\/2025\/03\/Forging-Spur-Gear-heavy-machinery-4.webp\" alt=\"Engrenages droits forg\u00e9s pour machines lourdes\" width=\"1024\" height=\"1024\" title=\"\" srcset=\"https:\/\/fmp-components.com\/wp-content\/uploads\/2025\/03\/Forging-Spur-Gear-heavy-machinery-4.webp 1024w, https:\/\/fmp-components.com\/wp-content\/uploads\/2025\/03\/Forging-Spur-Gear-heavy-machinery-4-980x980.webp 980w, https:\/\/fmp-components.com\/wp-content\/uploads\/2025\/03\/Forging-Spur-Gear-heavy-machinery-4-480x480.webp 480w\" sizes=\"(min-width: 0px) and (max-width: 480px) 480px, (min-width: 481px) and (max-width: 980px) 980px, (min-width: 981px) 1024px, 100vw\" \/><\/td>\n<td style=\"width: 32.4905%;\" align=\"right\" width=\"80\"><img loading=\"lazy\" decoding=\"async\" class=\"size-full wp-image-7426 aligncenter\" src=\"https:\/\/fmp-components.com\/wp-content\/uploads\/2025\/03\/Forging-Spur-Gear-heavy-machinery-3.webp\" alt=\"Engrenages droits forg\u00e9s pour machines lourdes\" width=\"1024\" height=\"1024\" title=\"\" srcset=\"https:\/\/fmp-components.com\/wp-content\/uploads\/2025\/03\/Forging-Spur-Gear-heavy-machinery-3.webp 1024w, https:\/\/fmp-components.com\/wp-content\/uploads\/2025\/03\/Forging-Spur-Gear-heavy-machinery-3-980x980.webp 980w, https:\/\/fmp-components.com\/wp-content\/uploads\/2025\/03\/Forging-Spur-Gear-heavy-machinery-3-480x480.webp 480w\" sizes=\"(min-width: 0px) and (max-width: 480px) 480px, (min-width: 481px) and (max-width: 980px) 980px, (min-width: 981px) 1024px, 100vw\" \/><\/td>\n<\/tr>\n<tr style=\"height: 14.40pt;\">\n<td style=\"width: 32.4905%;\" align=\"right\"><img loading=\"lazy\" decoding=\"async\" class=\"size-full wp-image-7428 aligncenter\" src=\"https:\/\/fmp-components.com\/wp-content\/uploads\/2025\/03\/Forging-Spur-Gear-heavy-machinery-5.webp\" alt=\"Engrenages droits forg\u00e9s pour machines lourdes\" width=\"1024\" height=\"1024\" title=\"\" srcset=\"https:\/\/fmp-components.com\/wp-content\/uploads\/2025\/03\/Forging-Spur-Gear-heavy-machinery-5.webp 1024w, https:\/\/fmp-components.com\/wp-content\/uploads\/2025\/03\/Forging-Spur-Gear-heavy-machinery-5-980x980.webp 980w, https:\/\/fmp-components.com\/wp-content\/uploads\/2025\/03\/Forging-Spur-Gear-heavy-machinery-5-480x480.webp 480w\" sizes=\"(min-width: 0px) and (max-width: 480px) 480px, (min-width: 481px) and (max-width: 980px) 980px, (min-width: 981px) 1024px, 100vw\" \/><\/td>\n<\/tr>\n<\/tbody>\n<\/table>\n<table style=\"border-collapse: collapse; width: 97.3538%; height: 5px;\" border=\"0\" width=\"162\" cellspacing=\"0\" cellpadding=\"0\">\n<tbody>\n<tr style=\"height: 14.40pt;\">\n<td style=\"height: 14.4pt; width: 43.6129%;\" align=\"right\" width=\"81\" height=\"24\"><img loading=\"lazy\" decoding=\"async\" class=\"size-full wp-image-7425 aligncenter\" src=\"https:\/\/fmp-components.com\/wp-content\/uploads\/2025\/03\/Forging-Spur-Gear-heavy-machinery-2.webp\" alt=\"Engrenages droits forg\u00e9s pour machines lourdes\" width=\"1024\" height=\"1024\" title=\"\" srcset=\"https:\/\/fmp-components.com\/wp-content\/uploads\/2025\/03\/Forging-Spur-Gear-heavy-machinery-2.webp 1024w, https:\/\/fmp-components.com\/wp-content\/uploads\/2025\/03\/Forging-Spur-Gear-heavy-machinery-2-980x980.webp 980w, https:\/\/fmp-components.com\/wp-content\/uploads\/2025\/03\/Forging-Spur-Gear-heavy-machinery-2-480x480.webp 480w\" sizes=\"(min-width: 0px) and (max-width: 480px) 480px, (min-width: 481px) and (max-width: 980px) 980px, (min-width: 981px) 1024px, 100vw\" \/><\/td>\n<td style=\"width: 56.2581%;\" align=\"right\" width=\"81\"><img loading=\"lazy\" decoding=\"async\" class=\"size-full wp-image-7429 aligncenter\" src=\"https:\/\/fmp-components.com\/wp-content\/uploads\/2025\/03\/Forging-Spur-Gear-heavy-machinery-1.webp\" alt=\"Engrenages droits forg\u00e9s pour machines lourdes\" width=\"1024\" height=\"768\" title=\"\" srcset=\"https:\/\/fmp-components.com\/wp-content\/uploads\/2025\/03\/Forging-Spur-Gear-heavy-machinery-1.webp 1024w, https:\/\/fmp-components.com\/wp-content\/uploads\/2025\/03\/Forging-Spur-Gear-heavy-machinery-1-980x735.webp 980w, https:\/\/fmp-components.com\/wp-content\/uploads\/2025\/03\/Forging-Spur-Gear-heavy-machinery-1-480x360.webp 480w\" sizes=\"(min-width: 0px) and (max-width: 480px) 480px, (min-width: 481px) and (max-width: 980px) 980px, (min-width: 981px) 1024px, 100vw\" \/><\/td>\n<\/tr>\n<\/tbody>\n<\/table>\n<h4>L'excellence technique dans chaque vitesse<\/h4>\n<p class=\"break-words\">Nos comp\u00e9tences s'\u00e9tendent aux arbres d'engrenages de grande dimension et aux pi\u00e8ces forg\u00e9es sur mesure, comme nos arbres d'engrenages cylindriques \u00e0 denture droite de grand module, fabriqu\u00e9s \u00e0 partir de mat\u00e9riaux tels que l'acier inoxydable 35#, 45#, 40Cr ou 42CrMo. Ces composants, d'un diam\u00e8tre pouvant atteindre 1\u00a0850 mm et d'une longueur de 12 m\u00e8tres, sont largement utilis\u00e9s dans les transmissions, les variateurs de vitesse et les syst\u00e8mes rotatifs pour les \u00e9quipements civils et industriels. Gr\u00e2ce \u00e0 une pr\u00e9cision d'usinage de 0,01 mm et \u00e0 des tests rigoureux (ultrasons, magn\u00e9tisme, traction et p\u00e9n\u00e9tration), nous garantissons que chaque engrenage est conforme aux normes internationales telles que DIN, GB et ISO.<\/p>\n<h4>Exemples concrets<\/h4>\n<ul class=\"marker:text-secondary\">\n<li class=\"break-words\">Un engrenage droit de 4,5 kg forg\u00e9 \u00e0 partir d'acier 8620 atteint une forme quasi-nette avec une \u00e2me d'\u00e9paisseur finale et une quantit\u00e9 minimale de dents, pr\u00eat pour la finition dans des applications telles que les transmissions automobiles.<\/li>\n<li class=\"break-words\">Un volant moteur automobile de 11 kg, forg\u00e9 en fonte grise de grade 40 \u00e0 955 \u00b0C avec 271 000 J, r\u00e9pond \u00e0 des tol\u00e9rances strictes pour une utilisation imm\u00e9diate.<\/li>\n<li class=\"break-words\">Notre engrenage droit de 600 mm en acier 40CrMn, con\u00e7u pour les broyeurs \u00e0 boulets, illustre notre capacit\u00e9 \u00e0 forger des engrenages de grande taille et haute performance pour les machines lourdes, avec des traitements de surface tels que la trempe ou le polissage disponibles sur demande.<\/li>\n<\/ul>\n<p class=\"break-words\">Chez FMP, nous combinons le forgeage de pr\u00e9cision avec la capacit\u00e9 de r\u00e9pondre aux exigences les plus strictes, garantissant ainsi que nos engrenages offrent une fiabilit\u00e9 et des performances in\u00e9gal\u00e9es.<\/p>\n<table style=\"border-collapse: collapse; width: 99.875%; height: 99px;\" border=\"0\" width=\"160\" cellspacing=\"0\" cellpadding=\"0\">\n<tbody>\n<tr style=\"height: 14.40pt;\">\n<td style=\"height: 14.40pt; width: 48.00pt;\" align=\"right\" width=\"80\" height=\"24\"><img loading=\"lazy\" decoding=\"async\" class=\"size-full wp-image-7430 aligncenter\" src=\"https:\/\/fmp-components.com\/wp-content\/uploads\/2025\/03\/Forging-Spur-Gear-heavy-machinery-7.webp\" alt=\"Engrenages droits forg\u00e9s pour machines lourdes\" width=\"680\" height=\"680\" title=\"\" srcset=\"https:\/\/fmp-components.com\/wp-content\/uploads\/2025\/03\/Forging-Spur-Gear-heavy-machinery-7.webp 680w, https:\/\/fmp-components.com\/wp-content\/uploads\/2025\/03\/Forging-Spur-Gear-heavy-machinery-7-480x480.webp 480w\" sizes=\"(min-width: 0px) and (max-width: 480px) 480px, (min-width: 481px) 680px, 100vw\" \/><\/td>\n<td style=\"width: 48.00pt;\" align=\"right\" width=\"80\"><img loading=\"lazy\" decoding=\"async\" class=\"size-full wp-image-7431 aligncenter\" src=\"https:\/\/fmp-components.com\/wp-content\/uploads\/2025\/03\/Forging-Spur-Gear-heavy-machinery-6.webp\" alt=\"Engrenages droits forg\u00e9s pour machines lourdes\" width=\"680\" height=\"680\" title=\"\" srcset=\"https:\/\/fmp-components.com\/wp-content\/uploads\/2025\/03\/Forging-Spur-Gear-heavy-machinery-6.webp 680w, https:\/\/fmp-components.com\/wp-content\/uploads\/2025\/03\/Forging-Spur-Gear-heavy-machinery-6-480x480.webp 480w\" sizes=\"(min-width: 0px) and (max-width: 480px) 480px, (min-width: 481px) 680px, 100vw\" \/><\/td>\n<\/tr>\n<\/tbody>\n<\/table>\n<\/div>","protected":false},"excerpt":{"rendered":"<p>Forging Spur Gears: Precision Manufacturing by FMP Company for Italy and Beyond When it comes to producing high-quality spur gears, forging remains a time-honored and advanced manufacturing technique. At FMP Company, we specialize in crafting forging spur gears that meet the diverse needs of industries across Italy\u2014from Milan\u2019s automotive hubs to Venice\u2019s engineering workshops, Florence\u2019s [&hellip;]<\/p>","protected":false},"featured_media":7422,"comment_status":"open","ping_status":"closed","template":"","meta":{"_et_pb_use_builder":"","_et_pb_old_content":"","_et_gb_content_width":""},"product_brand":[],"product_cat":[109],"product_tag":[],"class_list":{"0":"post-7420","1":"product","2":"type-product","3":"status-publish","4":"has-post-thumbnail","6":"product_cat-spur-gear","8":"first","9":"instock","10":"shipping-taxable","11":"product-type-simple"},"_links":{"self":[{"href":"https:\/\/fmp-components.com\/fr\/wp-json\/wp\/v2\/product\/7420","targetHints":{"allow":["GET"]}}],"collection":[{"href":"https:\/\/fmp-components.com\/fr\/wp-json\/wp\/v2\/product"}],"about":[{"href":"https:\/\/fmp-components.com\/fr\/wp-json\/wp\/v2\/types\/product"}],"replies":[{"embeddable":true,"href":"https:\/\/fmp-components.com\/fr\/wp-json\/wp\/v2\/comments?post=7420"}],"wp:featuredmedia":[{"embeddable":true,"href":"https:\/\/fmp-components.com\/fr\/wp-json\/wp\/v2\/media\/7422"}],"wp:attachment":[{"href":"https:\/\/fmp-components.com\/fr\/wp-json\/wp\/v2\/media?parent=7420"}],"wp:term":[{"taxonomy":"product_brand","embeddable":true,"href":"https:\/\/fmp-components.com\/fr\/wp-json\/wp\/v2\/product_brand?post=7420"},{"taxonomy":"product_cat","embeddable":true,"href":"https:\/\/fmp-components.com\/fr\/wp-json\/wp\/v2\/product_cat?post=7420"},{"taxonomy":"product_tag","embeddable":true,"href":"https:\/\/fmp-components.com\/fr\/wp-json\/wp\/v2\/product_tag?post=7420"}],"curies":[{"name":"wp","href":"https:\/\/api.w.org\/{rel}","templated":true}]}}