{"id":7404,"date":"2025-03-25T07:23:21","date_gmt":"2025-03-25T07:23:21","guid":{"rendered":"https:\/\/fmp-components.com\/?post_type=product&#038;p=7404"},"modified":"2025-03-26T08:39:36","modified_gmt":"2025-03-26T08:39:36","slug":"medical-stainless-spur-gear","status":"publish","type":"product","link":"https:\/\/fmp-components.com\/fr\/product\/medical-stainless-spur-gear\/","title":{"rendered":"Engrenage droit m\u00e9dical en acier inoxydable"},"content":{"rendered":"<div>\n<h3>Engrenages droits en acier inoxydable pour applications m\u00e9dicales<\/h3>\n<p class=\"break-words\">En mati\u00e8re d'ing\u00e9nierie de pr\u00e9cision, les engrenages cylindriques \u00e0 denture droite en acier inoxydable s'imposent comme un composant essentiel dans de nombreux secteurs, notamment le secteur m\u00e9dical. Chez FMP, nous sommes sp\u00e9cialis\u00e9s dans la production d'engrenages cylindriques \u00e0 denture droite en acier inoxydable de haute qualit\u00e9, con\u00e7us pour r\u00e9pondre aux exigences rigoureuses des \u00e9quipements m\u00e9dicaux. Que vous soyez \u00e0 Milan, Venise, Florence, Bologne ou ailleurs en Italie, notre expertise vous garantit des engrenages durables et fiables. <a href=\"https:\/\/fmp-components.com\/fr\/spur-gear-2\/\">engrenages droits<\/a> sont accueillies avec excellence.<\/p>\n<table style=\"border-collapse: collapse; width: 98.7077%; height: 14px;\" border=\"0\" width=\"162\" cellspacing=\"0\" cellpadding=\"0\">\n<tbody>\n<tr style=\"height: 14.40pt;\">\n<td style=\"height: 14px; width: 49.8728%;\" align=\"right\" width=\"81\" height=\"24\"><img loading=\"lazy\" decoding=\"async\" class=\"size-full wp-image-7414 aligncenter\" src=\"https:\/\/fmp-components.com\/wp-content\/uploads\/2025\/03\/Stainless-steel-Spur-Gear-1.webp\" alt=\"Engrenage droit en acier inoxydable\" width=\"250\" height=\"250\" title=\"\" srcset=\"https:\/\/fmp-components.com\/wp-content\/uploads\/2025\/03\/Stainless-steel-Spur-Gear-1.webp 250w, https:\/\/fmp-components.com\/wp-content\/uploads\/2025\/03\/Stainless-steel-Spur-Gear-1-150x150.webp 150w, https:\/\/fmp-components.com\/wp-content\/uploads\/2025\/03\/Stainless-steel-Spur-Gear-1-12x12.webp 12w, https:\/\/fmp-components.com\/wp-content\/uploads\/2025\/03\/Stainless-steel-Spur-Gear-1-100x100.webp 100w\" sizes=\"(max-width: 250px) 100vw, 250px\" \/><\/td>\n<td style=\"width: 49.8728%; height: 14px;\" align=\"right\" width=\"81\"><img loading=\"lazy\" decoding=\"async\" class=\"size-full wp-image-7413 aligncenter\" src=\"https:\/\/fmp-components.com\/wp-content\/uploads\/2025\/03\/Stainless-steel-Spur-Gear-2.webp\" alt=\"Engrenage droit en acier inoxydable\" width=\"300\" height=\"300\" title=\"\" srcset=\"https:\/\/fmp-components.com\/wp-content\/uploads\/2025\/03\/Stainless-steel-Spur-Gear-2.webp 300w, https:\/\/fmp-components.com\/wp-content\/uploads\/2025\/03\/Stainless-steel-Spur-Gear-2-150x150.webp 150w, https:\/\/fmp-components.com\/wp-content\/uploads\/2025\/03\/Stainless-steel-Spur-Gear-2-12x12.webp 12w, https:\/\/fmp-components.com\/wp-content\/uploads\/2025\/03\/Stainless-steel-Spur-Gear-2-100x100.webp 100w\" sizes=\"(max-width: 300px) 100vw, 300px\" \/><\/td>\n<\/tr>\n<\/tbody>\n<\/table>\n<h2>Que sont les engrenages droits en acier inoxydable\u00a0?<\/h2>\n<p class=\"break-words\">Les engrenages cylindriques \u00e0 denture droite sont les engrenages de pr\u00e9cision les plus simples et les plus \u00e9conomiques. Leurs dents droites sont align\u00e9es parall\u00e8lement \u00e0 l'axe de rotation. Ils transmettent efficacement le mouvement et la puissance entre des arbres parall\u00e8les tournant en sens inverse. L'acier inoxydable, gr\u00e2ce \u00e0 sa r\u00e9sistance \u00e0 la corrosion et \u00e0 sa durabilit\u00e9, en fait un choix id\u00e9al pour les applications exigeant hygi\u00e8ne et long\u00e9vit\u00e9, des qualit\u00e9s essentielles dans le domaine m\u00e9dical.<\/p>\n<p class=\"break-words\">Chez FMP, nous proposons des engrenages cylindriques \u00e0 denture droite qui respectent et d\u00e9passent les normes de qualit\u00e9 de l'AGMA (American Gear Manufacturers Association). Nos engrenages cylindriques \u00e0 denture droite en acier inoxydable sont disponibles avec des options personnalisables, notamment des angles de pression de 14,5\u00b0 ou 20\u00b0, diff\u00e9rents diam\u00e8tres d'al\u00e9sage et des diam\u00e8tres primitifs allant de 4 DP \u00e0 96 DP.<\/p>\n<\/div>\n<h2>Sp\u00e9cification<\/h2>\n<p>Dimensions : \u03a63 mm - \u03a6120 mm<br \/>\nModule : M0.25<br \/>\nType de mat\u00e9riau\u00a0: Acier inoxydable, selon les exigences du client<\/p>\n<div class=\"table-responsive\">\n<table class=\"table\" style=\"width: 101.186%; height: 344px;\" border=\"1\">\n<tbody>\n<tr>\n<td colspan=\"2\">Engrenage droit m\u00e9dical en acier inoxydable<\/td>\n<\/tr>\n<tr>\n<td>Dimension<\/td>\n<td>\u03a65mm<\/td>\n<\/tr>\n<tr>\n<td>Module<\/td>\n<td>M0,15, M0,2, M0,25-M0,8, M0,8<br \/>\nM1.0<\/td>\n<\/tr>\n<tr>\n<td>Type de mat\u00e9riau<\/td>\n<td>Acier inoxydable<\/td>\n<\/tr>\n<tr>\n<td>Grade de maillage<\/td>\n<td>OIN 6, JGMA 1, JIS 6, AGMA 13, DIN 6, Din5, AGMA12<\/td>\n<\/tr>\n<tr>\n<td>Application<\/td>\n<td>Automobile, militaire, a\u00e9ronautique, m\u00e9canique<\/td>\n<\/tr>\n<tr>\n<td>Personnalis\u00e9<\/td>\n<td>ODM\/OEM<\/td>\n<\/tr>\n<tr>\n<td>\u00c9chantillon<\/td>\n<td>\u00c9chantillon disponible<\/td>\n<\/tr>\n<tr>\n<td>Modes d'emballage<\/td>\n<td>Emball\u00e9 sous vide avec plateau en plastique<\/td>\n<\/tr>\n<tr>\n<td>Modes de livraison<\/td>\n<td>DHL UPS<\/td>\n<\/tr>\n<tr>\n<td>Certificat<\/td>\n<td>ISO 9001:2008\/TS16949<\/td>\n<\/tr>\n<\/tbody>\n<\/table>\n<div>\n<h3>Applications des engrenages cylindriques \u00e0 denture droite en acier inoxydable dans les \u00e9quipements m\u00e9dicaux<\/h3>\n<p class=\"break-words\">Dans le secteur m\u00e9dical, la pr\u00e9cision, la fiabilit\u00e9 et la propret\u00e9 sont des imp\u00e9ratifs. Les engrenages cylindriques \u00e0 denture droite en acier inoxydable jouent un r\u00f4le crucial dans des dispositifs tels que\u00a0:<\/p>\n<ul class=\"marker:text-secondary\">\n<li class=\"break-words\"><strong>Centrifugeuses<\/strong>Utilis\u00e9es dans les laboratoires de Milan et de Bologne pour s\u00e9parer les fluides, ces machines fonctionnent gr\u00e2ce \u00e0 des engrenages droits qui assurent une puissance de rotation constante.<\/li>\n<li class=\"break-words\"><strong>Pompes m\u00e9dicales<\/strong>Des pompes \u00e0 perfusion aux machines de dialyse, les engrenages droits en acier inoxydable assurent une distribution de fluides fluide et pr\u00e9cise, une n\u00e9cessit\u00e9 dans les h\u00f4pitaux de Venise et de Florence.<\/li>\n<li class=\"break-words\"><strong>Instruments chirurgicaux<\/strong>Les instruments de pr\u00e9cision, tels que les syst\u00e8mes de chirurgie robotique, d\u00e9pendent de la durabilit\u00e9 et de la r\u00e9sistance \u00e0 la corrosion des engrenages en acier inoxydable pour un fonctionnement irr\u00e9prochable.<\/li>\n<li class=\"break-words\"><strong>Crics et appareils de levage<\/strong>Dans les \u00e9quipements de r\u00e9\u00e9ducation ou les tables d'op\u00e9ration, les engrenages droits offrent l'avantage m\u00e9canique n\u00e9cessaire \u00e0 la manutention s\u00e9curitaire des patients.<\/li>\n<\/ul>\n<p class=\"break-words\">Les propri\u00e9t\u00e9s intrins\u00e8ques de l'acier inoxydable \u2014 r\u00e9sistance \u00e0 la rouille, facilit\u00e9 de st\u00e9rilisation et robustesse \u2014 en font le mat\u00e9riau de choix pour ces applications, garantissant ainsi le respect des normes m\u00e9dicales les plus strictes.<\/p>\n<div>\n<h4>FMP : Votre partenaire de confiance pour les engrenages cylindriques \u00e0 denture droite en acier inoxydable en Italie<\/h4>\n<p class=\"break-words\">Chez FMP, nous sommes fiers d'\u00eatre un fabricant leader d'engrenages cylindriques \u00e0 denture droite en acier inoxydable, au service des \u00e9quipementiers, des distributeurs et du march\u00e9 des machines de pr\u00e9cision. Forts de nombreuses ann\u00e9es d'expertise, nous produisons une large gamme d'engrenages cylindriques \u00e0 denture droite en divers mat\u00e9riaux, notamment l'acier, l'acier inoxydable, l'aluminium et le laiton. Notre offre comprend\u00a0:<\/p>\n<ul class=\"marker:text-secondary\">\n<li class=\"break-words\"><strong>Engrenages droits d'origine<\/strong>Disponibles avec moyeux, diam\u00e8tres d'al\u00e9sage \u00e0 partir de 0,437 pouce et diam\u00e8tres inter-moyeux personnalisables.<\/li>\n<li class=\"break-words\"><strong>Engrenages droits personnalis\u00e9s<\/strong>Adapt\u00e9 \u00e0 vos exigences sp\u00e9cifiques, qu'il s'agisse d'un nombre de dents unique, d'un angle de pression ou d'un mat\u00e9riau.<\/li>\n<\/ul>\n<p class=\"break-words\">Nous savons que chaque projet est unique. C'est pourquoi nous proposons la fabrication d'engrenages sur mesure \u00e0 nos clients dans toute l'Italie, des p\u00f4les industriels dynamiques de Milan aux centres technologiques innovants de Venise. Que vous ayez besoin d'engrenages droits, coniques, h\u00e9lico\u00efdaux ou m\u00eame d'\u00e9bauches d'engrenages, nos ing\u00e9nieurs sont \u00e0 m\u00eame de vous fournir des solutions de haute pr\u00e9cision.<\/p>\n<h4>Vous ne trouvez pas votre mod\u00e8le\u00a0? Contactez-nous\u00a0!<\/h4>\n<p class=\"break-words\">Si vous ne trouvez pas l'engrenage droit en acier inoxydable que vous recherchez dans notre catalogue, ne vous inqui\u00e9tez pas\u00a0: nous n'avons probablement pas encore eu le temps de l'ajouter. Notre stock est vaste et nos capacit\u00e9s d\u00e9passent largement les produits pr\u00e9sent\u00e9s. Envoyez-nous simplement un e-mail avec vos besoins et notre \u00e9quipe vous r\u00e9pondra dans les plus brefs d\u00e9lais. <strong>24 heures<\/strong>.<\/p>\n<p class=\"break-words\">\n<\/div>\n<\/div>\n<\/div>","protected":false},"excerpt":{"rendered":"<p>Engrenages cylindriques \u00e0 denture droite en acier inoxydable pour applications m\u00e9dicales. En mati\u00e8re d'ing\u00e9nierie de pr\u00e9cision, les engrenages cylindriques \u00e0 denture droite en acier inoxydable s'imposent comme un composant essentiel dans de nombreux secteurs, notamment le secteur m\u00e9dical. Chez FMP, nous sommes sp\u00e9cialis\u00e9s dans la production d'engrenages cylindriques \u00e0 denture droite en acier inoxydable de haute qualit\u00e9, con\u00e7us pour r\u00e9pondre aux exigences rigoureuses des \u00e9quipements m\u00e9dicaux. Que vous soyez \u00e0 Milan, [\u2026]<\/p>","protected":false},"featured_media":7412,"comment_status":"open","ping_status":"closed","template":"","meta":{"_et_pb_use_builder":"","_et_pb_old_content":"","_et_gb_content_width":""},"product_brand":[],"product_cat":[109],"product_tag":[],"class_list":{"0":"post-7404","1":"product","2":"type-product","3":"status-publish","4":"has-post-thumbnail","6":"product_cat-spur-gear","8":"first","9":"instock","10":"shipping-taxable","11":"product-type-simple"},"_links":{"self":[{"href":"https:\/\/fmp-components.com\/fr\/wp-json\/wp\/v2\/product\/7404","targetHints":{"allow":["GET"]}}],"collection":[{"href":"https:\/\/fmp-components.com\/fr\/wp-json\/wp\/v2\/product"}],"about":[{"href":"https:\/\/fmp-components.com\/fr\/wp-json\/wp\/v2\/types\/product"}],"replies":[{"embeddable":true,"href":"https:\/\/fmp-components.com\/fr\/wp-json\/wp\/v2\/comments?post=7404"}],"wp:featuredmedia":[{"embeddable":true,"href":"https:\/\/fmp-components.com\/fr\/wp-json\/wp\/v2\/media\/7412"}],"wp:attachment":[{"href":"https:\/\/fmp-components.com\/fr\/wp-json\/wp\/v2\/media?parent=7404"}],"wp:term":[{"taxonomy":"product_brand","embeddable":true,"href":"https:\/\/fmp-components.com\/fr\/wp-json\/wp\/v2\/product_brand?post=7404"},{"taxonomy":"product_cat","embeddable":true,"href":"https:\/\/fmp-components.com\/fr\/wp-json\/wp\/v2\/product_cat?post=7404"},{"taxonomy":"product_tag","embeddable":true,"href":"https:\/\/fmp-components.com\/fr\/wp-json\/wp\/v2\/product_tag?post=7404"}],"curies":[{"name":"wp","href":"https:\/\/api.w.org\/{rel}","templated":true}]}}