{"id":7398,"date":"2025-03-25T03:17:43","date_gmt":"2025-03-25T03:17:43","guid":{"rendered":"https:\/\/fmp-components.com\/?post_type=product&#038;p=7398"},"modified":"2025-03-26T08:39:56","modified_gmt":"2025-03-26T08:39:56","slug":"plastic-spur-gears-with-steel-core","status":"publish","type":"product","link":"https:\/\/fmp-components.com\/fr\/product\/plastic-spur-gears-with-steel-core\/","title":{"rendered":"Engrenages droits en plastique avec noyau en acier"},"content":{"rendered":"<div>\n<h3>Engrenages droits en plastique de haute qualit\u00e9<\/h3>\n<p class=\"break-words\">En mati\u00e8re de composants m\u00e9caniques fiables et performants, les engrenages cylindriques \u00e0 denture droite en plastique constituent une solution polyvalente et \u00e9conomique. Chez FMP, nous sommes fiers d'\u00eatre un fabricant leader d'engrenages cylindriques \u00e0 denture droite en plastique, proposant une large gamme de produits standard et des solutions sur mesure adapt\u00e9es \u00e0 vos besoins sp\u00e9cifiques. Que vous soyez \u00e0 Milan, Venise, Florence, Bologne ou ailleurs en Italie, FMP est votre partenaire de confiance pour des engrenages cylindriques \u00e0 denture droite en plastique haut de gamme, con\u00e7us pour r\u00e9pondre aux exigences de divers secteurs industriels.<\/p>\n<p><img loading=\"lazy\" decoding=\"async\" class=\"wp-image-7405 aligncenter\" src=\"https:\/\/fmp-components.com\/wp-content\/uploads\/2025\/03\/Plastic-spur-Gears.webp\" alt=\"Engrenages \u00e0 denture droite en plastique\" width=\"734\" height=\"418\" title=\"\" srcset=\"https:\/\/fmp-components.com\/wp-content\/uploads\/2025\/03\/Plastic-spur-Gears.webp 734w, https:\/\/fmp-components.com\/wp-content\/uploads\/2025\/03\/Plastic-spur-Gears-480x273.webp 480w\" sizes=\"(min-width: 0px) and (max-width: 480px) 480px, (min-width: 481px) 734px, 100vw\" \/><\/p>\n<h4>Pourquoi choisir des engrenages droits en plastique ?<\/h4>\n<p class=\"break-words\">Les engrenages cylindriques \u00e0 denture droite en plastique sont tr\u00e8s appr\u00e9ci\u00e9s pour leur l\u00e9g\u00e8ret\u00e9, leur r\u00e9sistance \u00e0 la corrosion et leur fonctionnement silencieux, contrairement aux engrenages m\u00e9talliques. Ils sont parfaitement adapt\u00e9s aux applications dans les syst\u00e8mes automobiles, les dispositifs m\u00e9dicaux, la robotique et l'\u00e9lectronique grand public. Chez FMP, nous utilisons des mat\u00e9riaux de pointe comme le nylon, l'ac\u00e9tal (POM) et le polycarbonate pour garantir durabilit\u00e9, pr\u00e9cision et performances optimales dans diverses conditions.<\/p>\n<\/div>\n<table style=\"border-collapse: collapse; width: 98.7077%; height: 14px;\" border=\"0\" width=\"162\" cellspacing=\"0\" cellpadding=\"0\">\n<tbody>\n<tr style=\"height: 14.40pt;\">\n<td style=\"height: 14px; width: 48.6pt;\" align=\"right\" width=\"81\" height=\"24\"><img loading=\"lazy\" decoding=\"async\" class=\"wp-image-7399 aligncenter\" src=\"https:\/\/fmp-components.com\/wp-content\/uploads\/2025\/03\/spur-gear-5.webp\" alt=\"Engrenage droit en plastique\" width=\"435\" height=\"290\" title=\"\" srcset=\"https:\/\/fmp-components.com\/wp-content\/uploads\/2025\/03\/spur-gear-5.webp 300w, https:\/\/fmp-components.com\/wp-content\/uploads\/2025\/03\/spur-gear-5-18x12.webp 18w\" sizes=\"(max-width: 435px) 100vw, 435px\" \/><\/td>\n<td style=\"width: 48.6pt; height: 14px;\" align=\"right\" width=\"81\"><img loading=\"lazy\" decoding=\"async\" class=\"wp-image-7400 aligncenter\" src=\"https:\/\/fmp-components.com\/wp-content\/uploads\/2025\/03\/spur-gear-4.webp\" alt=\"Engrenage droit en plastique\" width=\"410\" height=\"273\" title=\"\" srcset=\"https:\/\/fmp-components.com\/wp-content\/uploads\/2025\/03\/spur-gear-4.webp 300w, https:\/\/fmp-components.com\/wp-content\/uploads\/2025\/03\/spur-gear-4-18x12.webp 18w\" sizes=\"(max-width: 410px) 100vw, 410px\" \/><\/td>\n<\/tr>\n<\/tbody>\n<\/table>\n<h2>Sp\u00e9cification<\/h2>\n<div class=\"row\">\n<div class=\"col-xs-12\">\n<div id=\"specifications\" class=\"pdct-table\">\n<div class=\"row\">\n<div class=\"col-xs-12 col-sm-6\">\n<div class=\"table-wrap\">\n<table class=\"table table-striped\" style=\"height: 400px; width: 100%; border-style: solid; border-color: #0f0b0b;\" border=\"1\">\n<thead>\n<tr>\n<th colspan=\"2\">Sp\u00e9cifications des engrenages cylindriques \u00e0 denture droite en plastique avec noyau en acier<\/th>\n<\/tr>\n<\/thead>\n<tbody class=\"specification-table\">\n<tr>\n<td><b>Qualit\u00e9 de pr\u00e9cision<\/b><\/td>\n<td>Niveau JIS N9 (JIS B1702-1\u00a0: 1998) Niveau JIS 5 (JIS B1702\u00a0: 1976)<\/td>\n<\/tr>\n<tr>\n<td><b>Dents d'engrenage<\/b><\/td>\n<td>Profondeur standard<\/td>\n<\/tr>\n<tr>\n<td><b>Angle de pression<\/b><\/td>\n<td>20\u00b0<\/td>\n<\/tr>\n<tr>\n<td><b>Mat\u00e9riel<\/b><\/td>\n<td>MC602ST avec noyau S45C<\/td>\n<\/tr>\n<tr>\n<td><b>Traitement thermique<\/b><\/td>\n<td>\u2014<\/td>\n<\/tr>\n<tr>\n<td><b>Duret\u00e9 des dents<\/b><\/td>\n<td>(115 ~ 120HRR)<\/td>\n<\/tr>\n<\/tbody>\n<\/table>\n<\/div>\n<\/div>\n<div class=\"col-xs-12 col-sm-6\">\n<div class=\"table-wrap\"><span style=\"color: #333333; font-size: 26px;\">\u00a0<\/span><\/div>\n<\/div>\n<\/div>\n<\/div>\n<\/div>\n<\/div>\n<div id=\"table-wrap\">\n<div class=\"gear-rge\">\n<div class=\"table-responsive\">\n<table class=\"product-list-table table-striped table table-bordered\" style=\"height: 352px; width: 100%; border-style: solid; border-color: #0f0b0b;\" border=\"1\">\n<tbody>\n<tr class=\"product-names\" style=\"height: 44px;\">\n<th style=\"height: 44px;\" colspan=\"4\">R\u00e9f\u00e9rence produit\u00a0: NSU1-50<\/th>\n<\/tr>\n<tr class=\"product-fields\" style=\"height: 44px;\">\n<th class=\"odd\" style=\"height: 44px;\">Module<\/th>\n<td class=\"odd\" style=\"height: 44px;\">1<\/td>\n<th class=\"even\" style=\"height: 44px;\">Nombre de dents<\/th>\n<td class=\"even\" style=\"height: 44px;\">50<\/td>\n<\/tr>\n<tr class=\"product-fields\" style=\"height: 44px;\">\n<th class=\"odd\" style=\"height: 44px;\">Forme<\/th>\n<td class=\"odd\" style=\"height: 44px;\">S1<\/td>\n<th class=\"even\" style=\"height: 44px;\">Al\u00e9sage (A)<\/th>\n<td class=\"even\" style=\"height: 44px;\">10 mm<\/td>\n<\/tr>\n<tr class=\"product-fields\" style=\"height: 44px;\">\n<th class=\"odd\" style=\"height: 44px;\">Diam\u00e8tre du moyeu (B)<\/th>\n<td class=\"odd\" style=\"height: 44px;\">30 mm<\/td>\n<th class=\"even\" style=\"height: 44px;\">Diam\u00e8tre primitif (C)<\/th>\n<td class=\"even\" style=\"height: 44px;\">50 mm<\/td>\n<\/tr>\n<tr class=\"product-fields\" style=\"height: 44px;\">\n<th class=\"odd\" style=\"height: 44px;\">Diam\u00e8tre ext\u00e9rieur (D)<\/th>\n<td class=\"odd\" style=\"height: 44px;\">52 mm<\/td>\n<th class=\"even\" style=\"height: 44px;\">Largeur de face (E)<\/th>\n<td class=\"even\" style=\"height: 44px;\">10 mm<\/td>\n<\/tr>\n<tr class=\"product-fields\" style=\"height: 44px;\">\n<th class=\"odd\" style=\"height: 44px;\">Largeur du moyeu (F)<\/th>\n<td class=\"odd\" style=\"height: 44px;\">10 mm<\/td>\n<th class=\"even\" style=\"height: 44px;\">Longueur totale (G)<\/th>\n<td class=\"even\" style=\"height: 44px;\">20 mm<\/td>\n<\/tr>\n<tr class=\"product-fields\" style=\"height: 44px;\">\n<th class=\"odd\" style=\"height: 44px;\">Diam\u00e8tre du noyau m\u00e9tallique<\/th>\n<td class=\"odd\" style=\"height: 44px;\">34<\/td>\n<th class=\"even\" style=\"height: 44px;\">Code de s\u00e9rie<\/th>\n<td class=\"even\" style=\"height: 44px;\">12<\/td>\n<\/tr>\n<tr class=\"product-fields\" style=\"height: 44px;\">\n<th class=\"odd\" style=\"height: 44px;\">R\u00e9action n\u00e9gative faible<\/th>\n<td class=\"odd\" style=\"height: 44px;\">0 mm<\/td>\n<th class=\"even\" style=\"height: 44px;\">R\u00e9action n\u00e9gative<\/th>\n<td class=\"even\" style=\"height: 44px;\">0,34 mm<\/td>\n<\/tr>\n<\/tbody>\n<\/table>\n<div>\n<table style=\"border-collapse: collapse; width: 98.7077%; height: 14px;\" border=\"0\" width=\"162\" cellspacing=\"0\" cellpadding=\"0\">\n<tbody>\n<tr style=\"height: 14.40pt;\">\n<td style=\"height: 14px; width: 48.6pt;\" align=\"right\" width=\"81\" height=\"24\"><img loading=\"lazy\" decoding=\"async\" class=\"wp-image-7402 aligncenter\" src=\"https:\/\/fmp-components.com\/wp-content\/uploads\/2025\/03\/spur-gear-7.webp\" alt=\"engrenage droit\" width=\"353\" height=\"235\" title=\"\" srcset=\"https:\/\/fmp-components.com\/wp-content\/uploads\/2025\/03\/spur-gear-7.webp 300w, https:\/\/fmp-components.com\/wp-content\/uploads\/2025\/03\/spur-gear-7-18x12.webp 18w\" sizes=\"(max-width: 353px) 100vw, 353px\" \/><\/td>\n<td style=\"width: 48.6pt; height: 14px;\" align=\"right\" width=\"81\"><img loading=\"lazy\" decoding=\"async\" class=\"size-full wp-image-7403 aligncenter\" src=\"https:\/\/fmp-components.com\/wp-content\/uploads\/2025\/03\/spur-gear-6.webp\" alt=\"engrenage droit\" width=\"300\" height=\"200\" title=\"\" srcset=\"https:\/\/fmp-components.com\/wp-content\/uploads\/2025\/03\/spur-gear-6.webp 300w, https:\/\/fmp-components.com\/wp-content\/uploads\/2025\/03\/spur-gear-6-18x12.webp 18w\" sizes=\"(max-width: 300px) 100vw, 300px\" \/><\/td>\n<\/tr>\n<\/tbody>\n<\/table>\n<h4>FMP : Votre fournisseur d'engrenages cylindriques \u00e0 denture droite en plastique en Italie<\/h4>\n<p class=\"break-words\">Forte de plusieurs ann\u00e9es d'expertise, FMP propose une vaste gamme de plastiques <a href=\"https:\/\/fmp-components.com\/fr\/spur-gear-2\/\">engrenages droits<\/a> Adapt\u00e9e aux entreprises de toute l'Italie, des p\u00f4les industriels de Milan et Bologne aux r\u00e9gions innovantes de Florence et Venise, notre gamme de produits comprend des engrenages de diff\u00e9rentes tailles, nombres de dents et sp\u00e9cifications, vous assurant de trouver la solution id\u00e9ale pour votre projet.<\/p>\n<ul class=\"marker:text-secondary\">\n<li class=\"break-words\"><strong>Engrenages droits en plastique standard<\/strong>Disponibles en plusieurs configurations, nos \u00e9quipements pr\u00eats \u00e0 l'emploi sont con\u00e7us pour une int\u00e9gration parfaite dans vos syst\u00e8mes.<\/li>\n<li class=\"break-words\"><strong>Engrenages droits en plastique sur mesure<\/strong>Besoin d'un design unique\u00a0? FMP se sp\u00e9cialise dans la personnalisation. Qu'il s'agisse d'un module, d'un pas ou d'un mat\u00e9riau sp\u00e9cifique, notre \u00e9quipe travaille en \u00e9troite collaboration avec vous pour vous fournir exactement ce dont vous avez besoin.<\/li>\n<\/ul>\n<p class=\"break-words\">Notre catalogue de produits en ligne s'enrichit constamment, mais si vous ne trouvez pas l'engrenage droit en plastique que vous recherchez, ne vous inqui\u00e9tez pas\u00a0: nous n'avons pas encore eu le temps de r\u00e9f\u00e9rencer toutes les options\u00a0! Pour nos clients de Milan, Venise, Florence, Bologne et d'ailleurs, nous vous invitons \u00e0 nous contacter directement. Envoyez-nous simplement un e-mail avec les d\u00e9tails du mod\u00e8le souhait\u00e9, et nos ing\u00e9nieurs qualifi\u00e9s vous r\u00e9pondront dans les plus brefs d\u00e9lais. <strong>24 heures<\/strong> avec une solution sur mesure.<\/p>\n<\/div>\n<\/div>\n<\/div>\n<\/div>\n<h3>Engrenage droit en plastique associ\u00e9<\/h3>\n<p><img loading=\"lazy\" decoding=\"async\" class=\"size-full wp-image-7409 aligncenter\" src=\"https:\/\/fmp-components.com\/wp-content\/uploads\/2025\/03\/ralated-plastic-spur-gear.webp\" alt=\"engrenage \u00e0 denture droite en plastique apparent\u00e9\" width=\"900\" height=\"900\" title=\"\" srcset=\"https:\/\/fmp-components.com\/wp-content\/uploads\/2025\/03\/ralated-plastic-spur-gear.webp 900w, https:\/\/fmp-components.com\/wp-content\/uploads\/2025\/03\/ralated-plastic-spur-gear-480x480.webp 480w\" sizes=\"(min-width: 0px) and (max-width: 480px) 480px, (min-width: 481px) 900px, 100vw\" \/><\/p>\n<p>&nbsp;<\/p>","protected":false},"excerpt":{"rendered":"<p>High-Quality Plastic Spur Gears When it comes to reliable and efficient mechanical components, plastic spur gears stand out as a versatile and cost-effective solution. At FMP, we take pride in being a leading manufacturer of plastic spur gears, offering a wide range of standard products and bespoke solutions tailored to your specific requirements. Whether you&#8217;re [&hellip;]<\/p>","protected":false},"featured_media":7406,"comment_status":"open","ping_status":"closed","template":"","meta":{"_et_pb_use_builder":"","_et_pb_old_content":"","_et_gb_content_width":""},"product_brand":[],"product_cat":[109],"product_tag":[],"class_list":{"0":"post-7398","1":"product","2":"type-product","3":"status-publish","4":"has-post-thumbnail","6":"product_cat-spur-gear","8":"first","9":"instock","10":"shipping-taxable","11":"product-type-simple"},"_links":{"self":[{"href":"https:\/\/fmp-components.com\/fr\/wp-json\/wp\/v2\/product\/7398","targetHints":{"allow":["GET"]}}],"collection":[{"href":"https:\/\/fmp-components.com\/fr\/wp-json\/wp\/v2\/product"}],"about":[{"href":"https:\/\/fmp-components.com\/fr\/wp-json\/wp\/v2\/types\/product"}],"replies":[{"embeddable":true,"href":"https:\/\/fmp-components.com\/fr\/wp-json\/wp\/v2\/comments?post=7398"}],"wp:featuredmedia":[{"embeddable":true,"href":"https:\/\/fmp-components.com\/fr\/wp-json\/wp\/v2\/media\/7406"}],"wp:attachment":[{"href":"https:\/\/fmp-components.com\/fr\/wp-json\/wp\/v2\/media?parent=7398"}],"wp:term":[{"taxonomy":"product_brand","embeddable":true,"href":"https:\/\/fmp-components.com\/fr\/wp-json\/wp\/v2\/product_brand?post=7398"},{"taxonomy":"product_cat","embeddable":true,"href":"https:\/\/fmp-components.com\/fr\/wp-json\/wp\/v2\/product_cat?post=7398"},{"taxonomy":"product_tag","embeddable":true,"href":"https:\/\/fmp-components.com\/fr\/wp-json\/wp\/v2\/product_tag?post=7398"}],"curies":[{"name":"wp","href":"https:\/\/api.w.org\/{rel}","templated":true}]}}