{"id":7391,"date":"2025-03-25T02:52:39","date_gmt":"2025-03-25T02:52:39","guid":{"rendered":"https:\/\/fmp-components.com\/?post_type=product&#038;p=7391"},"modified":"2025-03-26T08:40:15","modified_gmt":"2025-03-26T08:40:15","slug":"automotive-spur-gear","status":"publish","type":"product","link":"https:\/\/fmp-components.com\/fr\/product\/automotive-spur-gear\/","title":{"rendered":"Engrenage droit pour automobile"},"content":{"rendered":"<div class=\"message-bubble rounded-3xl prose dark:prose-invert break-words text-primary min-h-7 prose-p:opacity-95 prose-strong:opacity-100 bg-foreground border border-input-border max-w-[100%] sm:max-w-[90%] px-4 py-2.5 rounded-br-lg\" dir=\"auto\">\n<div>\n<h2>Le r\u00f4le des engrenages cylindriques \u00e0 denture droite en ing\u00e9nierie automobile<\/h2>\n<p class=\"break-words\">Les engrenages cylindriques sont un \u00e9l\u00e9ment fondamental de l'ing\u00e9nierie automobile, garantissant efficacit\u00e9, fiabilit\u00e9 et innovation dans de nombreux syst\u00e8mes m\u00e9caniques embarqu\u00e9s. Reconnus pour leur conception simple et leurs performances robustes, ils sont largement utilis\u00e9s dans l'industrie automobile italienne, des rues anim\u00e9es de Milan aux routes pittoresques de Venise, Florence et Bologne. Chez FMP Company, nous sommes sp\u00e9cialis\u00e9s dans la production d'engrenages cylindriques automobiles de haute qualit\u00e9, adapt\u00e9s aux besoins vari\u00e9s du secteur, et proposons des solutions sur mesure pour nos clients en Italie et \u00e0 l'international.<\/p>\n<p><img loading=\"lazy\" decoding=\"async\" class=\"size-full wp-image-7397 aligncenter\" src=\"https:\/\/fmp-components.com\/wp-content\/uploads\/2025\/03\/Automotive-Spur-Gear.webp\" alt=\"Engrenage \u00e0 denture droite automobile\" width=\"1114\" height=\"918\" title=\"\" srcset=\"https:\/\/fmp-components.com\/wp-content\/uploads\/2025\/03\/Automotive-Spur-Gear.webp 1114w, https:\/\/fmp-components.com\/wp-content\/uploads\/2025\/03\/Automotive-Spur-Gear-980x808.webp 980w, https:\/\/fmp-components.com\/wp-content\/uploads\/2025\/03\/Automotive-Spur-Gear-480x396.webp 480w\" sizes=\"(min-width: 0px) and (max-width: 480px) 480px, (min-width: 481px) and (max-width: 980px) 980px, (min-width: 981px) 1114px, 100vw\" \/><\/p>\n<h2>Sp\u00e9cification<\/h2>\n<\/div>\n<\/div>\n<p>Dimensions : \u03a63 mm - \u03a6120 mm<br \/>\nModule : M0.15-M2.2<br \/>\nType de mat\u00e9riau\u00a0: M\u00e9tal, bronze, acier, alliage, zinc, aluminium, fer, acier inoxydable, laiton, cuivre, selon les exigences du client<\/p>\n<div class=\"table-responsive\">\n<table class=\"table\" style=\"width: 102%; height: 289px;\" border=\"1\">\n<tbody>\n<tr style=\"height: 24px;\">\n<td style=\"height: 24px;\" colspan=\"2\">Engrenage droit pour automobile<\/td>\n<\/tr>\n<tr style=\"height: 24px;\">\n<td style=\"height: 24px;\">Dimension<\/td>\n<td style=\"height: 24px;\">\u03a616mm<\/td>\n<\/tr>\n<tr style=\"height: 49px;\">\n<td style=\"height: 49px;\">Module<\/td>\n<td style=\"height: 49px;\">M0,15, M0,2, M0,25-M0,8,<br \/>\nM1.0<\/td>\n<\/tr>\n<tr style=\"height: 24px;\">\n<td style=\"height: 24px;\">Type de mat\u00e9riau<\/td>\n<td style=\"height: 24px;\">M\u00e9tal, bronze, acier, alliage, POM, zinc, aluminium, fer, acier inoxydable, laiton, cuivre<\/td>\n<\/tr>\n<tr style=\"height: 24px;\">\n<td style=\"height: 24px;\">Grade de maillage<\/td>\n<td style=\"height: 24px;\">GB 6, ISO 6, JGMA 1, JIS 6, AGMA 13, DIN 6, AGMA12<\/td>\n<\/tr>\n<tr style=\"height: 24px;\">\n<td style=\"height: 24px;\">Application<\/td>\n<td style=\"height: 24px;\">M\u00e9dical, automobile, militaire, a\u00e9ronautique, m\u00e9canique.<\/td>\n<\/tr>\n<tr style=\"height: 24px;\">\n<td style=\"height: 24px;\">Personnalis\u00e9<\/td>\n<td style=\"height: 24px;\">ODM\/OEM<\/td>\n<\/tr>\n<tr style=\"height: 24px;\">\n<td style=\"height: 24px;\">\u00c9chantillon<\/td>\n<td style=\"height: 24px;\">\u00c9chantillon disponible<\/td>\n<\/tr>\n<tr style=\"height: 24px;\">\n<td style=\"height: 24px;\">Modes d'emballage<\/td>\n<td style=\"height: 24px;\">Emball\u00e9 sous vide avec plateau en plastique<\/td>\n<\/tr>\n<tr style=\"height: 24px;\">\n<td style=\"height: 24px;\">Modes de livraison<\/td>\n<td style=\"height: 24px;\">DHL, TNT, FedEx et UPS<\/td>\n<\/tr>\n<tr style=\"height: 24px;\">\n<td style=\"height: 24px;\">Certificat<\/td>\n<td style=\"height: 24px;\">ISO 9001: 2008\/TS16949.<\/td>\n<\/tr>\n<\/tbody>\n<\/table>\n<div>\n<h4>Transmission de puissance : le c\u0153ur du mouvement automobile<\/h4>\n<p class=\"break-words\">Dans le monde automobile, les engrenages droits sont essentiels \u00e0 la transmission de puissance. Ils transmettent efficacement le mouvement de rotation et le couple du moteur \u00e0 des composants tels que la bo\u00eete de vitesses, le diff\u00e9rentiel et les roues. Que vous sillonniez les routes sinueuses de Toscane ou les rues anim\u00e9es de Milan, les engrenages droits garantissent une transmission de puissance fluide, permettant aux v\u00e9hicules d'avancer ou de reculer avec pr\u00e9cision. Chez FMP, nos engrenages droits automobiles sont con\u00e7us pour offrir durabilit\u00e9 et performance, et accompagnent les constructeurs italiens dans la fabrication de v\u00e9hicules fiables.<\/p>\n<h4>R\u00e9duction de vitesse : Optimisation des performances et de l'efficacit\u00e9<\/h4>\n<p class=\"break-words\">Les engrenages droits excellent dans les syst\u00e8mes de r\u00e9duction de vitesse, un processus essentiel pour \u00e9quilibrer vitesse et couple dans les automobiles. En ajustant les rapports de transmission, ils transforment la puissance du moteur, \u00e0 haut r\u00e9gime et faible couple, en la puissance \u00e0 bas r\u00e9gime et couple \u00e9lev\u00e9 n\u00e9cessaire aux roues. Ceci am\u00e9liore le rendement \u00e9nerg\u00e9tique et les performances du moteur, des priorit\u00e9s essentielles pour les conducteurs de villes soucieuses de l'environnement comme Florence et Bologne. Les engrenages droits de pr\u00e9cision de FMP garantissent une r\u00e9duction optimale, aidant ainsi les constructeurs automobiles italiens \u00e0 respecter des normes d'efficacit\u00e9 rigoureuses.<\/p>\n<h4>Syst\u00e8mes de transmission\u00a0: permettre des changements de vitesse en douceur<\/h4>\n<p class=\"break-words\">Des bo\u00eetes de vitesses manuelles aux bo\u00eetes automatiques, les engrenages droits sont essentiels au bon fonctionnement des transmissions. Dans les bo\u00eetes manuelles, ils s'engr\u00e8nent avec l'arbre d'entr\u00e9e pour des changements de vitesse fluides, tandis que dans les bo\u00eetes automatiques, ils participent \u00e0 la formation d'engrenages plan\u00e9taires pour des transitions sans \u00e0-coups. Que vous soyez m\u00e9canicien \u00e0 Venise ou ing\u00e9nieur \u00e0 Milan, FMP propose une gamme d'engrenages droits con\u00e7us pour optimiser la fiabilit\u00e9 de la transmission et le confort de conduite.<\/p>\n<div>\n<h3>FMP Company : Votre partenaire de confiance pour les engrenages cylindriques automobiles en Italie<\/h3>\n<p class=\"break-words\">Chez FMP Company, nous sommes fiers de fabriquer une vaste gamme d'engrenages cylindriques \u00e0 denture droite pour l'automobile, des mod\u00e8les standard aux solutions enti\u00e8rement personnalis\u00e9es. Pr\u00e9sents dans toute l'Italie, de Milan \u00e0 Venise en passant par Florence et Bologne, nous r\u00e9pondons aux besoins vari\u00e9s du secteur automobile avec pr\u00e9cision et expertise. Notre processus de production int\u00e8gre des techniques de pointe telles que la rectification et le taillage des engrenages afin de garantir une pr\u00e9cision et une robustesse sup\u00e9rieures, faisant de nos engrenages un choix de pr\u00e9dilection pour les ing\u00e9nieurs italiens.<\/p>\n<p class=\"break-words\">Si vous ne voyez pas le sp\u00e9cifique <a href=\"https:\/\/fmp-components.com\/fr\/spur-gear-2\/\">engrenage droit<\/a> Si le mod\u00e8le que vous recherchez ne figure pas dans notre catalogue, ne vous inqui\u00e9tez pas\u00a0: nous n\u2019avons tout simplement pas encore eu le temps de le mettre en ligne. Nous acceptons les commandes personnalis\u00e9es et vous invitons \u00e0 nous contacter. <strong>Envoyez-nous un courriel<\/strong> Selon vos besoins, nos ing\u00e9nieurs qualifi\u00e9s vous r\u00e9pondront dans les plus brefs d\u00e9lais. <strong>24 heures<\/strong>, en vous proposant des solutions sur mesure pour r\u00e9pondre \u00e0 vos besoins.<\/p>\n<\/div>\n<\/div>\n<\/div>","protected":false},"excerpt":{"rendered":"<p>The Role of Spur Gears in Automotive Engineering Spur gears are a cornerstone of automotive engineering, driving efficiency, reliability, and innovation across various mechanical systems in vehicles. Known for their straightforward design and robust performance, spur gears are widely utilized in automotive applications throughout Italy\u2014from the bustling streets of Milan to the scenic roads of [&hellip;]<\/p>","protected":false},"featured_media":4606,"comment_status":"open","ping_status":"closed","template":"","meta":{"_et_pb_use_builder":"","_et_pb_old_content":"","_et_gb_content_width":""},"product_brand":[],"product_cat":[109],"product_tag":[],"class_list":{"0":"post-7391","1":"product","2":"type-product","3":"status-publish","4":"has-post-thumbnail","6":"product_cat-spur-gear","8":"first","9":"instock","10":"shipping-taxable","11":"product-type-simple"},"_links":{"self":[{"href":"https:\/\/fmp-components.com\/fr\/wp-json\/wp\/v2\/product\/7391","targetHints":{"allow":["GET"]}}],"collection":[{"href":"https:\/\/fmp-components.com\/fr\/wp-json\/wp\/v2\/product"}],"about":[{"href":"https:\/\/fmp-components.com\/fr\/wp-json\/wp\/v2\/types\/product"}],"replies":[{"embeddable":true,"href":"https:\/\/fmp-components.com\/fr\/wp-json\/wp\/v2\/comments?post=7391"}],"wp:featuredmedia":[{"embeddable":true,"href":"https:\/\/fmp-components.com\/fr\/wp-json\/wp\/v2\/media\/4606"}],"wp:attachment":[{"href":"https:\/\/fmp-components.com\/fr\/wp-json\/wp\/v2\/media?parent=7391"}],"wp:term":[{"taxonomy":"product_brand","embeddable":true,"href":"https:\/\/fmp-components.com\/fr\/wp-json\/wp\/v2\/product_brand?post=7391"},{"taxonomy":"product_cat","embeddable":true,"href":"https:\/\/fmp-components.com\/fr\/wp-json\/wp\/v2\/product_cat?post=7391"},{"taxonomy":"product_tag","embeddable":true,"href":"https:\/\/fmp-components.com\/fr\/wp-json\/wp\/v2\/product_tag?post=7391"}],"curies":[{"name":"wp","href":"https:\/\/api.w.org\/{rel}","templated":true}]}}