{"id":7390,"date":"2025-03-25T02:48:22","date_gmt":"2025-03-25T02:48:22","guid":{"rendered":"https:\/\/fmp-components.com\/?post_type=product&#038;p=7390"},"modified":"2025-03-26T08:40:29","modified_gmt":"2025-03-26T08:40:29","slug":"tractor-spur-gears","status":"publish","type":"product","link":"https:\/\/fmp-components.com\/fr\/product\/tractor-spur-gears\/","title":{"rendered":"Engrenages droits de tracteur"},"content":{"rendered":"<div>\n<h3>Le r\u00f4le des engrenages droits dans les tracteurs<\/h3>\n<p class=\"break-words\">En ce qui concerne les machines agricoles robustes qui font tourner les r\u00e9gions agricoles italiennes \u2013 comme les champs fertiles pr\u00e8s de Milan, les collines toscanes autour de Florence ou les plaines productives de Bologne \u2013 les tracteurs sont indispensables. Au c\u0153ur de ces machines se trouve un composant essentiel\u00a0: le tracteur. <a href=\"https:\/\/fmp-components.com\/fr\/spur-gear-2\/\">engrenage droit<\/a>En tant que fabricant leader d'engrenages cylindriques de haute qualit\u00e9, la soci\u00e9t\u00e9 FMP est fi\u00e8re d'accompagner les industries \u00e0 travers toute l'Italie, de Venise \u00e0 Florence, avec des solutions d'ing\u00e9nierie de pr\u00e9cision adapt\u00e9es aux applications pour tracteurs et au-del\u00e0.<\/p>\n<table style=\"border-collapse: collapse; width: 97.3608%; height: 31px;\" border=\"0\" width=\"243\" cellspacing=\"0\" cellpadding=\"0\">\n<tbody>\n<tr style=\"height: 14.40pt;\">\n<td style=\"height: 14.40pt; width: 48.60pt;\" align=\"right\" width=\"81\" height=\"24\">\u00a0<img loading=\"lazy\" decoding=\"async\" class=\"size-full wp-image-7393 aligncenter\" src=\"https:\/\/fmp-components.com\/wp-content\/uploads\/2025\/03\/spur-gear-in-tractor-2.webp\" alt=\"engrenage droit dans le tracteur\" width=\"800\" height=\"800\" title=\"\" srcset=\"https:\/\/fmp-components.com\/wp-content\/uploads\/2025\/03\/spur-gear-in-tractor-2.webp 800w, https:\/\/fmp-components.com\/wp-content\/uploads\/2025\/03\/spur-gear-in-tractor-2-480x480.webp 480w\" sizes=\"(min-width: 0px) and (max-width: 480px) 480px, (min-width: 481px) 800px, 100vw\" \/><\/td>\n<td style=\"width: 48.60pt;\" align=\"right\" width=\"81\"><img loading=\"lazy\" decoding=\"async\" class=\"size-full wp-image-7394 aligncenter\" src=\"https:\/\/fmp-components.com\/wp-content\/uploads\/2025\/03\/spur-gear-in-tractor-3.webp\" alt=\"engrenage droit dans le tracteur\" width=\"800\" height=\"800\" title=\"\" srcset=\"https:\/\/fmp-components.com\/wp-content\/uploads\/2025\/03\/spur-gear-in-tractor-3.webp 800w, https:\/\/fmp-components.com\/wp-content\/uploads\/2025\/03\/spur-gear-in-tractor-3-480x480.webp 480w\" sizes=\"(min-width: 0px) and (max-width: 480px) 480px, (min-width: 481px) 800px, 100vw\" \/><\/td>\n<td style=\"width: 48.60pt;\" align=\"right\" width=\"81\"><img loading=\"lazy\" decoding=\"async\" class=\"size-full wp-image-7392 aligncenter\" src=\"https:\/\/fmp-components.com\/wp-content\/uploads\/2025\/03\/spur-gear-in-tractor-1.webp\" alt=\"engrenage droit dans le tracteur\" width=\"800\" height=\"800\" title=\"\" srcset=\"https:\/\/fmp-components.com\/wp-content\/uploads\/2025\/03\/spur-gear-in-tractor-1.webp 800w, https:\/\/fmp-components.com\/wp-content\/uploads\/2025\/03\/spur-gear-in-tractor-1-480x480.webp 480w\" sizes=\"(min-width: 0px) and (max-width: 480px) 480px, (min-width: 481px) 800px, 100vw\" \/><\/td>\n<\/tr>\n<\/tbody>\n<\/table>\n<\/div>\n<h3>Caract\u00e9ristiques<\/h3>\n<table style=\"width: 103.5%; height: 281px;\" border=\"1\">\n<tbody>\n<tr>\n<td style=\"width: 33.1311%;\"><strong>Nom du produit<\/strong><\/td>\n<td style=\"width: 66.1408%;\">Engrenage droit de tracteur \u00e0 17 vitesses<\/td>\n<\/tr>\n<tr>\n<td style=\"width: 33.1311%;\"><strong>Application\u00a0<\/strong><\/td>\n<td style=\"width: 66.1408%;\">Tracteur<\/td>\n<\/tr>\n<tr>\n<td style=\"width: 33.1311%;\"><strong>Mat\u00e9riels<\/strong><\/td>\n<td style=\"width: 66.1408%;\">Acier<\/td>\n<\/tr>\n<tr>\n<td style=\"width: 33.1311%;\"><strong>Taille<\/strong><\/td>\n<td style=\"width: 66.1408%;\">5 cm x 9 cm x 9 cm<\/td>\n<\/tr>\n<tr>\n<td style=\"width: 33.1311%;\"><strong>Poids<\/strong><\/td>\n<td style=\"width: 66.1408%;\">0,87 kg<\/td>\n<\/tr>\n<tr>\n<td style=\"width: 33.1311%;\"><strong>OEM\u00a0<\/strong><\/td>\n<td style=\"width: 66.1408%;\">50-1701212A<\/td>\n<\/tr>\n<tr>\n<td style=\"width: 33.1311%;\"><strong>MOQ<\/strong><\/td>\n<td style=\"width: 66.1408%;\">30<\/td>\n<\/tr>\n<tr>\n<td style=\"width: 33.1311%;\"><strong>Diam\u00e8tre<\/strong><\/td>\n<td style=\"width: 66.1408%;\">9 cm<\/td>\n<\/tr>\n<tr>\n<td style=\"width: 33.1311%;\"><strong>Qualit\u00e9<\/strong><\/td>\n<td style=\"width: 66.1408%;\">Test\u00e9 par 1001TP4<\/td>\n<\/tr>\n<tr>\n<td style=\"width: 33.1311%;\"><strong>Emballage<\/strong><\/td>\n<td style=\"width: 66.1408%;\">Carton<\/td>\n<\/tr>\n<\/tbody>\n<\/table>\n<div>\n<h2>Engrenages droits dans les machines agricoles<\/h2>\n<p class=\"break-words\">Dans les tracteurs, les engrenages droits jouent un r\u00f4le essentiel dans la transmission, assurant une transmission fluide de la puissance du moteur aux roues. Par exemple, nos engrenages droits, semblables \u00e0 ceux utilis\u00e9s dans la fabrication de pi\u00e8ces m\u00e9tallurgiques, de machines agricoles et d'applications de poudre, sont con\u00e7us avec pr\u00e9cision (norme ISO 6) pour r\u00e9sister aux conditions exigeantes des travaux agricoles. Voici leur r\u00f4le\u00a0:<\/p>\n<ul class=\"marker:text-secondary\">\n<li class=\"break-words\"><strong>Transmission de puissance<\/strong>Les engrenages droits transmettent efficacement l'\u00e9nergie de rotation entre des arbres parall\u00e8les, entra\u00eenant les roues et les accessoires du tracteur.<\/li>\n<li class=\"break-words\"><strong>Durabilit\u00e9<\/strong>Fabriqu\u00e9s \u00e0 partir de mat\u00e9riaux robustes comme le 16MnCrn5 et trait\u00e9s thermiquement par c\u00e9mentation jusqu'\u00e0 une duret\u00e9 de 58-62 HRC, nos engrenages r\u00e9sistent \u00e0 l'usure des t\u00e2ches intensives.<\/li>\n<li class=\"break-words\"><strong>Pr\u00e9cision<\/strong>Avec un module de 4,6 et un angle de pression de 20\u00b0, nos engrenages cylindriques b\u00e9n\u00e9ficient de modifications de profil et de pas (optimis\u00e9es par diagramme K) pour un bruit minimal et une efficacit\u00e9 maximale.<\/li>\n<\/ul>\n<p class=\"break-words\">Des vignobles de Florence aux p\u00f4les industriels de Milan, les agriculteurs et industriels italiens comptent sur des tracteurs \u00e9quip\u00e9s d'engrenages \u00e0 denture droite fiables pour maintenir leur productivit\u00e9. Qu'il s'agisse de labourer les champs pr\u00e8s de Bologne ou de transporter des marchandises \u00e0 Venise, ces engrenages garantissent des performances constantes.<\/p>\n<div>\n<h4>Pourquoi choisir la soci\u00e9t\u00e9 FMP pour vos engrenages cylindriques \u00e0 denture droite ?<\/h4>\n<p class=\"break-words\">Chez FMP, nous sommes sp\u00e9cialis\u00e9s dans la production d'une large gamme d'engrenages cylindriques \u00e0 denture droite adapt\u00e9s \u00e0 divers secteurs, dont l'agriculture. Notre gamme de produits comprend des mod\u00e8les standards ainsi que des options enti\u00e8rement personnalisables pour r\u00e9pondre \u00e0 vos besoins sp\u00e9cifiques. Forts de nombreuses ann\u00e9es d'expertise, nous servons des clients dans toute l'Italie, garantissant ainsi aux entreprises de Milan, Venise, Florence, Bologne et d'ailleurs l'acc\u00e8s \u00e0 des composants de haute qualit\u00e9.<\/p>\n<ul class=\"marker:text-secondary\">\n<li class=\"break-words\"><strong>Vari\u00e9t\u00e9<\/strong>Nous fabriquons des engrenages cylindriques \u00e0 denture droite pour tracteurs, \u00e9quipements m\u00e9tallurgiques et bien plus encore, tous con\u00e7us avec pr\u00e9cision et soin.<\/li>\n<li class=\"break-words\"><strong>Personnalisation<\/strong>Vous avez besoin d'un \u00e9quipement unique pour votre tracteur\u00a0? Nous acceptons les commandes sur mesure pour r\u00e9pondre \u00e0 vos sp\u00e9cifications exactes.<\/li>\n<li class=\"break-words\"><strong>Soutien<\/strong>Si vous ne trouvez pas le mod\u00e8le recherch\u00e9 dans notre catalogue, pas d'inqui\u00e9tude\u00a0! Il n'est peut-\u00eatre pas encore en ligne. Envoyez-nous simplement un e-mail avec vos besoins, et nos ing\u00e9nieurs vous proposeront une solution sous 24\u00a0heures.<\/li>\n<\/ul>\n<p class=\"break-words\">Le secteur agricole italien prosp\u00e8re gr\u00e2ce \u00e0 l'innovation et \u00e0 la fiabilit\u00e9, et FMP est fi\u00e8re de contribuer \u00e0 cet h\u00e9ritage. Chez FMP, nous nous engageons \u00e0 favoriser votre r\u00e9ussite, \u00e9tape par \u00e9tape.<\/p>\n<\/div>\n<\/div>","protected":false},"excerpt":{"rendered":"<p>The Role of Spur Gears in Tractors When it comes to the robust machinery powering Italy\u2019s agricultural heartlands\u2014such as the fertile fields near Milan, the rolling hills of Tuscany around Florence, or the productive plains of Bologna\u2014tractors are indispensable. At the core of these machines lies a critical component: the spur gear. As a leading [&hellip;]<\/p>","protected":false},"featured_media":7393,"comment_status":"open","ping_status":"closed","template":"","meta":{"_et_pb_use_builder":"","_et_pb_old_content":"","_et_gb_content_width":""},"product_brand":[],"product_cat":[109],"product_tag":[],"class_list":{"0":"post-7390","1":"product","2":"type-product","3":"status-publish","4":"has-post-thumbnail","6":"product_cat-spur-gear","8":"first","9":"instock","10":"shipping-taxable","11":"product-type-simple"},"_links":{"self":[{"href":"https:\/\/fmp-components.com\/fr\/wp-json\/wp\/v2\/product\/7390","targetHints":{"allow":["GET"]}}],"collection":[{"href":"https:\/\/fmp-components.com\/fr\/wp-json\/wp\/v2\/product"}],"about":[{"href":"https:\/\/fmp-components.com\/fr\/wp-json\/wp\/v2\/types\/product"}],"replies":[{"embeddable":true,"href":"https:\/\/fmp-components.com\/fr\/wp-json\/wp\/v2\/comments?post=7390"}],"wp:featuredmedia":[{"embeddable":true,"href":"https:\/\/fmp-components.com\/fr\/wp-json\/wp\/v2\/media\/7393"}],"wp:attachment":[{"href":"https:\/\/fmp-components.com\/fr\/wp-json\/wp\/v2\/media?parent=7390"}],"wp:term":[{"taxonomy":"product_brand","embeddable":true,"href":"https:\/\/fmp-components.com\/fr\/wp-json\/wp\/v2\/product_brand?post=7390"},{"taxonomy":"product_cat","embeddable":true,"href":"https:\/\/fmp-components.com\/fr\/wp-json\/wp\/v2\/product_cat?post=7390"},{"taxonomy":"product_tag","embeddable":true,"href":"https:\/\/fmp-components.com\/fr\/wp-json\/wp\/v2\/product_tag?post=7390"}],"curies":[{"name":"wp","href":"https:\/\/api.w.org\/{rel}","templated":true}]}}