{"id":7380,"date":"2025-03-24T06:05:22","date_gmt":"2025-03-24T06:05:22","guid":{"rendered":"https:\/\/fmp-components.com\/?post_type=product&#038;p=7380"},"modified":"2025-03-26T08:41:57","modified_gmt":"2025-03-26T08:41:57","slug":"plastic-helical-gear","status":"publish","type":"product","link":"https:\/\/fmp-components.com\/fr\/product\/plastic-helical-gear\/","title":{"rendered":"Engrenage h\u00e9lico\u00efdal en plastique"},"content":{"rendered":"<div>\n<h2>Engrenages h\u00e9lico\u00efdaux en plastique<\/h2>\n<p class=\"break-words\">En mati\u00e8re de transmission de puissance efficace et de fonctionnement fluide, les engrenages h\u00e9lico\u00efdaux en plastique sont un choix de pr\u00e9dilection pour les industries du monde entier. Reconnus pour leurs dents angulaires et leur fonctionnement silencieux, ces engrenages sont de plus en plus utilis\u00e9s dans des applications allant des syst\u00e8mes automobiles aux machines industrielles. Chez FMP Company, nous sommes sp\u00e9cialis\u00e9s dans la fabrication d'une large gamme d'engrenages en plastique. <a href=\"https:\/\/fmp-components.com\/fr\/helical-gears\/\">engrenages h\u00e9lico\u00efdaux<\/a>, proposant \u00e0 la fois des mod\u00e8les standard et des solutions sur mesure pour r\u00e9pondre aux divers besoins des entreprises \u00e0 travers l'Italie, des p\u00f4les industriels de Milan aux industries maritimes de Venise.<\/p>\n<h3>Pourquoi des engrenages h\u00e9lico\u00efdaux en plastique ?<\/h3>\n<p class=\"break-words\">Les engrenages h\u00e9lico\u00efdaux en plastique allient les avantages de la conception h\u00e9lico\u00efdale \u2014 tels que l'engr\u00e8nement progressif des dents pour un fonctionnement plus silencieux et une capacit\u00e9 de charge accrue \u2014 aux atouts des mat\u00e9riaux plastiques, notamment la r\u00e9sistance \u00e0 la corrosion, la l\u00e9g\u00e8ret\u00e9 et le rapport co\u00fbt-efficacit\u00e9. Contrairement aux engrenages m\u00e9talliques, ils sont parfaitement adapt\u00e9s aux applications o\u00f9 la r\u00e9duction du poids et le fonctionnement silencieux sont primordiaux, ce qui explique leur pr\u00e9sence dans des secteurs dynamiques comme Bologne et Florence.<\/p>\n<\/div>\n<p><img loading=\"lazy\" decoding=\"async\" class=\"alignnone size-full wp-image-7382\" src=\"https:\/\/fmp-components.com\/wp-content\/uploads\/2025\/03\/plastic-helical-gear-2.webp\" alt=\"engrenage h\u00e9lico\u00efdal en plastique\" width=\"900\" height=\"300\" title=\"\" srcset=\"https:\/\/fmp-components.com\/wp-content\/uploads\/2025\/03\/plastic-helical-gear-2.webp 900w, https:\/\/fmp-components.com\/wp-content\/uploads\/2025\/03\/plastic-helical-gear-2-480x160.webp 480w\" sizes=\"(min-width: 0px) and (max-width: 480px) 480px, (min-width: 481px) 900px, 100vw\" \/><\/p>\n<p>\u3001<\/p>\n<div>\n<h4>Mat\u00e9riaux utilis\u00e9s dans les engrenages h\u00e9lico\u00efdaux en plastique<\/h4>\n<p class=\"break-words\">Les performances d'un engrenage h\u00e9lico\u00efdal en plastique d\u00e9pendent fortement du mat\u00e9riau utilis\u00e9. Chez FMP, nous utilisons des polym\u00e8res de haute qualit\u00e9 adapt\u00e9s \u00e0 des applications sp\u00e9cifiques. Vous trouverez ci-dessous un tableau r\u00e9capitulant les mat\u00e9riaux courants et leurs propri\u00e9t\u00e9s\u00a0:<\/p>\n<div class=\"overflow-x-auto my-2\">\n<table style=\"width: 100%;\" border=\"1\" width=\"100%\" cellspacing=\"0\" cellpadding=\"0\">\n<thead class=\"border-b border-primary\/20\">\n<tr class=\"border-primary\/10\">\n<th class=\"break-words\"><strong>Mat\u00e9riel<\/strong><\/th>\n<th class=\"break-words\"><strong>Propri\u00e9t\u00e9s<\/strong><\/th>\n<th class=\"break-words\"><strong>Applications courantes<\/strong><\/th>\n<\/tr>\n<\/thead>\n<tbody>\n<tr class=\"border-primary\/10\">\n<td class=\"break-words\"><strong>Nylon (PA)<\/strong><\/td>\n<td class=\"break-words\">Haute r\u00e9sistance, r\u00e9sistance \u00e0 l'usure, faible frottement<\/td>\n<td class=\"break-words\">machines industrielles, pi\u00e8ces automobiles<\/td>\n<\/tr>\n<tr class=\"border-primary\/10\">\n<td class=\"break-words\"><strong>POM (Ac\u00e9tal)<\/strong><\/td>\n<td class=\"break-words\">Excellente stabilit\u00e9 dimensionnelle, faible absorption d'humidit\u00e9<\/td>\n<td class=\"break-words\">Engrenages de pr\u00e9cision, pompes, convoyeurs<\/td>\n<\/tr>\n<tr class=\"border-primary\/10\">\n<td class=\"break-words\"><strong>PEEK<\/strong><\/td>\n<td class=\"break-words\">R\u00e9sistance aux hautes temp\u00e9ratures, r\u00e9sistance chimique<\/td>\n<td class=\"break-words\">A\u00e9rospatiale, dispositifs m\u00e9dicaux<\/td>\n<\/tr>\n<tr class=\"border-primary\/10\">\n<td class=\"break-words\"><strong>Polycarbonate (PC)<\/strong><\/td>\n<td class=\"break-words\">r\u00e9sistance aux chocs, transparence<\/td>\n<td class=\"break-words\">\u00c9lectronique grand public, engrenages l\u00e9gers<\/td>\n<\/tr>\n<tr class=\"border-primary\/10\">\n<td class=\"break-words\"><strong>PP (Polypropyl\u00e8ne)<\/strong><\/td>\n<td class=\"break-words\">L\u00e9ger et r\u00e9sistant aux produits chimiques<\/td>\n<td class=\"break-words\">Syst\u00e8mes fluidiques, applications \u00e0 faible charge<\/td>\n<\/tr>\n<\/tbody>\n<\/table>\n<\/div>\n<p class=\"break-words\">Ces mat\u00e9riaux nous permettent de fabriquer des engrenages qui r\u00e9pondent aux exigences sp\u00e9cifiques des industries milanaises, o\u00f9 r\u00e8gne l'ing\u00e9nierie de pr\u00e9cision, ou v\u00e9nitiennes, o\u00f9 les composants r\u00e9sistants \u00e0 la corrosion sont essentiels pour les environnements marins.<\/p>\n<h4>Mod\u00e8les disponibles d'engrenages h\u00e9lico\u00efdaux en plastique<\/h4>\n<p class=\"break-words\">La soci\u00e9t\u00e9 FMP propose une gamme vari\u00e9e d'engrenages h\u00e9lico\u00efdaux en plastique adapt\u00e9s \u00e0 diff\u00e9rentes sp\u00e9cifications. Vous trouverez ci-dessous un tableau pr\u00e9sentant certains de nos mod\u00e8les standard, mais nos capacit\u00e9s vont bien au-del\u00e0 de cette liste\u00a0:<\/p>\n<div class=\"overflow-x-auto my-2\">\n<table style=\"width: 100%;\" border=\"1\" width=\"100%\" cellspacing=\"0\" cellpadding=\"0\">\n<thead class=\"border-b border-primary\/20\">\n<tr class=\"border-primary\/10\">\n<th class=\"break-words\"><strong>Mod\u00e8le<\/strong><\/th>\n<th class=\"break-words\"><strong>Module<\/strong><\/th>\n<th class=\"break-words\"><strong>Nombre de dents<\/strong><\/th>\n<th class=\"break-words\"><strong>Angle de pression<\/strong><\/th>\n<th class=\"break-words\"><strong>Angle d'h\u00e9lice<\/strong><\/th>\n<th class=\"break-words\"><strong>Options de mat\u00e9riaux<\/strong><\/th>\n<\/tr>\n<\/thead>\n<tbody>\n<tr class=\"border-primary\/10\">\n<td class=\"break-words\">PHG-101<\/td>\n<td class=\"break-words\">1.0<\/td>\n<td class=\"break-words\">20<\/td>\n<td class=\"break-words\">20\u00b0<\/td>\n<td class=\"break-words\">15\u00b0<\/td>\n<td class=\"break-words\">Nylon, POM<\/td>\n<\/tr>\n<tr class=\"border-primary\/10\">\n<td class=\"break-words\">PHG-152<\/td>\n<td class=\"break-words\">1.5<\/td>\n<td class=\"break-words\">30<\/td>\n<td class=\"break-words\">20\u00b0<\/td>\n<td class=\"break-words\">20\u00b0<\/td>\n<td class=\"break-words\">POM, PEEK<\/td>\n<\/tr>\n<tr class=\"border-primary\/10\">\n<td class=\"break-words\">PHG-203<\/td>\n<td class=\"break-words\">2.0<\/td>\n<td class=\"break-words\">25<\/td>\n<td class=\"break-words\">20\u00b0<\/td>\n<td class=\"break-words\">15\u00b0<\/td>\n<td class=\"break-words\">Nylon, polycarbonate<\/td>\n<\/tr>\n<tr class=\"border-primary\/10\">\n<td class=\"break-words\">PHG-305<\/td>\n<td class=\"break-words\">3.0<\/td>\n<td class=\"break-words\">40<\/td>\n<td class=\"break-words\">20\u00b0<\/td>\n<td class=\"break-words\">25\u00b0<\/td>\n<td class=\"break-words\">PEEK, PP<\/td>\n<\/tr>\n<tr class=\"border-primary\/10\">\n<td class=\"break-words\">PHG-Custom<\/td>\n<td class=\"break-words\">Coutume<\/td>\n<td class=\"break-words\">Coutume<\/td>\n<td class=\"break-words\">Coutume<\/td>\n<td class=\"break-words\">Coutume<\/td>\n<td class=\"break-words\">N'importe lequel<\/td>\n<\/tr>\n<\/tbody>\n<\/table>\n<\/div>\n<p class=\"break-words\">Ces mod\u00e8les sont con\u00e7us pour r\u00e9pondre \u00e0 une large gamme d'applications, allant des petits \u00e9quipements des ateliers artisanaux florentins aux syst\u00e8mes industriels robustes des zones industrielles de Bologne. Chaque engrenage est con\u00e7u pour une performance optimale, garantissant une transmission de puissance fluide et une grande durabilit\u00e9.<\/p>\n<div>\n<h3>FMP Company : Votre partenaire pour les engrenages h\u00e9lico\u00efdaux en plastique en Italie<\/h3>\n<p class=\"break-words\">Chez FMP, nous sommes fiers d'\u00eatre un fabricant leader d'engrenages h\u00e9lico\u00efdaux en plastique en Italie. Que vous soyez bas\u00e9 \u00e0 Milan, Venise, Florence ou Bologne, nous vous proposons\u00a0:<\/p>\n<ul class=\"marker:text-secondary\">\n<li class=\"break-words\"><strong>Gamme de produits diversifi\u00e9e<\/strong>Des mod\u00e8les standard aux conceptions sp\u00e9cialis\u00e9es, nous couvrons tous vos besoins en \u00e9quipement.<\/li>\n<li class=\"break-words\"><strong>Services de personnalisation<\/strong>Besoin d'un engrenage unique pour un projet sp\u00e9cifique\u00a0? Notre \u00e9quipe peut concevoir et produire des engrenages h\u00e9lico\u00efdaux en plastique sur mesure, adapt\u00e9s \u00e0 vos sp\u00e9cifications exactes.<\/li>\n<li class=\"break-words\"><strong>Expertise localis\u00e9e<\/strong>Nous comprenons le paysage industriel italien, ce qui nous permet de garantir que nos solutions correspondent aux besoins des march\u00e9s locaux.<\/li>\n<\/ul>\n<h3>Vous ne trouvez pas votre mod\u00e8le\u00a0?<\/h3>\n<p class=\"break-words\">Si le mod\u00e8le que vous recherchez ne figure pas dans la liste ci-dessus, ne vous inqui\u00e9tez pas\u00a0: notre catalogue de produits est constamment mis \u00e0 jour. Il est possible que nous n'ayons pas encore ajout\u00e9 les derni\u00e8res nouveaut\u00e9s. N'h\u00e9sitez pas \u00e0 nous envoyer un courriel avec vos besoins, et nos ing\u00e9nieurs qualifi\u00e9s vous proposeront une solution sous 24\u00a0heures.<\/p>\n<\/div>\n<\/div>","protected":false},"excerpt":{"rendered":"<p>Plastic Helical Gears When it comes to efficient power transmission and smooth operation, Plastic Helical Gears are a top choice for industries worldwide. Known for their angled teeth and quiet performance, these gears are increasingly popular in applications ranging from automotive systems to industrial machinery. At FMP Company, we specialize in manufacturing a wide range [&hellip;]<\/p>","protected":false},"featured_media":7381,"comment_status":"open","ping_status":"closed","template":"","meta":{"_et_pb_use_builder":"","_et_pb_old_content":"","_et_gb_content_width":""},"product_brand":[],"product_cat":[108],"product_tag":[],"class_list":{"0":"post-7380","1":"product","2":"type-product","3":"status-publish","4":"has-post-thumbnail","6":"product_cat-helical-gear","8":"first","9":"instock","10":"shipping-taxable","11":"product-type-simple"},"_links":{"self":[{"href":"https:\/\/fmp-components.com\/fr\/wp-json\/wp\/v2\/product\/7380","targetHints":{"allow":["GET"]}}],"collection":[{"href":"https:\/\/fmp-components.com\/fr\/wp-json\/wp\/v2\/product"}],"about":[{"href":"https:\/\/fmp-components.com\/fr\/wp-json\/wp\/v2\/types\/product"}],"replies":[{"embeddable":true,"href":"https:\/\/fmp-components.com\/fr\/wp-json\/wp\/v2\/comments?post=7380"}],"wp:featuredmedia":[{"embeddable":true,"href":"https:\/\/fmp-components.com\/fr\/wp-json\/wp\/v2\/media\/7381"}],"wp:attachment":[{"href":"https:\/\/fmp-components.com\/fr\/wp-json\/wp\/v2\/media?parent=7380"}],"wp:term":[{"taxonomy":"product_brand","embeddable":true,"href":"https:\/\/fmp-components.com\/fr\/wp-json\/wp\/v2\/product_brand?post=7380"},{"taxonomy":"product_cat","embeddable":true,"href":"https:\/\/fmp-components.com\/fr\/wp-json\/wp\/v2\/product_cat?post=7380"},{"taxonomy":"product_tag","embeddable":true,"href":"https:\/\/fmp-components.com\/fr\/wp-json\/wp\/v2\/product_tag?post=7380"}],"curies":[{"name":"wp","href":"https:\/\/api.w.org\/{rel}","templated":true}]}}