{"id":7377,"date":"2025-03-24T05:33:09","date_gmt":"2025-03-24T05:33:09","guid":{"rendered":"https:\/\/fmp-components.com\/?post_type=product&#038;p=7377"},"modified":"2025-03-26T08:42:16","modified_gmt":"2025-03-26T08:42:16","slug":"parallel-axis-helical-gears","status":"publish","type":"product","link":"https:\/\/fmp-components.com\/fr\/product\/parallel-axis-helical-gears\/","title":{"rendered":"Engrenages h\u00e9lico\u00efdaux \u00e0 axes parall\u00e8les"},"content":{"rendered":"<div>\n<p class=\"break-words\">En mati\u00e8re d'ing\u00e9nierie de pr\u00e9cision et de transmission de puissance, les engrenages h\u00e9lico\u00efdaux \u00e0 axes parall\u00e8les constituent une solution fiable et performante. Chez FMP Company, nous sommes fiers d'\u00eatre un fabricant leader de diff\u00e9rents types d'engrenages h\u00e9lico\u00efdaux \u00e0 axes parall\u00e8les, au service des industries italiennes, des p\u00f4les industriels de Milan et Bologne aux villes historiques de Venise et Florence.<\/p>\n<h2>Que sont les engrenages h\u00e9lico\u00efdaux \u00e0 axes parall\u00e8les\u00a0?<\/h2>\n<p class=\"break-words\">Les engrenages \u00e0 axes parall\u00e8les sont une cat\u00e9gorie d'engrenages con\u00e7us pour transmettre le mouvement et la puissance entre deux arbres parall\u00e8les. Parmi ceux-ci, <a href=\"https:\/\/fmp-components.com\/fr\/helical-gears\/\">engrenages h\u00e9lico\u00efdaux<\/a> Ces engrenages se distinguent par la conception unique de leurs dents, taill\u00e9es en h\u00e9lice selon un angle par rapport \u00e0 l'axe de la roue. Ceci contraste avec les engrenages droits, dont les dents sont parall\u00e8les \u00e0 l'axe. La conception h\u00e9lico\u00efdale permet un fonctionnement plus fluide et silencieux, ainsi qu'une capacit\u00e9 de charge sup\u00e9rieure, ce qui les rend id\u00e9aux pour une large gamme d'applications.<\/p>\n<p class=\"break-words\">Chez FMP, nous sommes sp\u00e9cialis\u00e9s dans la production d'engrenages h\u00e9lico\u00efdaux parall\u00e8les, utilis\u00e9s exclusivement pour les syst\u00e8mes \u00e0 arbres parall\u00e8les. Ces engrenages exigent une ing\u00e9nierie de pr\u00e9cision\u00a0: deux engrenages en prise doivent avoir le m\u00eame module et le m\u00eame angle de pression, mais des sens d'h\u00e9lice oppos\u00e9s (par exemple, un engrenage \u00e0 h\u00e9lice droite s'accouple avec un engrenage \u00e0 h\u00e9lice gauche). Ceci garantit un engr\u00e8nement fluide et une transmission de puissance efficace, avec des rendements allant de 98,01\u00a0TP4T \u00e0 99,51\u00a0TP4T gr\u00e2ce \u00e0 leur engr\u00e8nement par contact de roulement.<\/p>\n<\/div>\n<h2>Sp\u00e9cifications des engrenages h\u00e9lico\u00efdaux \u00e0 axes parall\u00e8les<\/h2>\n<table border=\"1\" width=\"100%\" cellspacing=\"0\" cellpadding=\"0\">\n<tbody>\n<tr class=\"firstRow\">\n<td width=\"132\" height=\"33\">Num\u00e9ro de mod\u00e8le<\/td>\n<td width=\"325\" height=\"33\">M1, M1.5, M2, M2.5, M3, M4, M5, M8, M12 et etc.<\/td>\n<\/tr>\n<tr>\n<td width=\"132\" height=\"32\">Mat\u00e9riel<\/td>\n<td width=\"325\" height=\"32\">Laiton, acier C45, acier inoxydable, cuivre, POM, aluminium, alliage, etc.<\/td>\n<\/tr>\n<tr>\n<td width=\"132\" height=\"31\">Traitement de surface<\/td>\n<td width=\"325\" height=\"31\">Zingu\u00e9, Nickel\u00e9, Passivation, Oxydation, Anodisation,<br \/>\nGeomet, Dacromet, oxyde noir, phosphatation, rev\u00eatement en poudre et \u00e9lectrophor\u00e8se<\/td>\n<\/tr>\n<tr>\n<td width=\"132\" height=\"31\">Standard<\/td>\n<td width=\"325\" height=\"31\">ISO, DIN, ANSI, JIS, BS et non standard.<\/td>\n<\/tr>\n<tr>\n<td width=\"132\" height=\"31\">Pr\u00e9cision<\/td>\n<td width=\"325\" height=\"31\">DIN6, DIN7, DIN8, DIN9.<\/td>\n<\/tr>\n<tr>\n<td width=\"132\" height=\"31\">Traitement dentaire<\/td>\n<td width=\"325\" height=\"31\">Tremp\u00e9, frais\u00e9 ou rectifi\u00e9<\/td>\n<\/tr>\n<tr>\n<td width=\"132\" height=\"31\">Tol\u00e9rance<\/td>\n<td width=\"325\" height=\"31\">0,001 mm-0,01 mm-0,1 mm<\/td>\n<\/tr>\n<tr>\n<td width=\"132\" height=\"31\">Finition<\/td>\n<td width=\"325\" height=\"31\">grenaillage\/sablage, traitement thermique, recuit, revenu, polissage, anodisation, zingage<\/td>\n<\/tr>\n<tr>\n<td width=\"132\" height=\"30\">Emballage des articles<\/td>\n<td width=\"325\" height=\"30\">Sac en plastique + carton ou emballage en bois<\/td>\n<\/tr>\n<tr>\n<td width=\"132\" height=\"28\">Conditions de paiement<\/td>\n<td width=\"325\" height=\"28\">T\/T, L\/C<\/td>\n<\/tr>\n<tr>\n<td width=\"132\" height=\"30\">d\u00e9lai de production<\/td>\n<td width=\"325\" height=\"30\">20 jours ouvrables pour un \u00e9chantillon, 25 jours pour une commande en gros<\/td>\n<\/tr>\n<tr>\n<td width=\"132\" height=\"43\">\u00c9chantillons<\/td>\n<td width=\"325\" height=\"43\">Gamme de prix d&#039;\u00e9chantillon de $2 \u00e0 $100.<br \/>\nexemple de demande express pay\u00e9 par les clients<\/td>\n<\/tr>\n<tr>\n<td width=\"132\" height=\"167\">Application<\/td>\n<td width=\"325\" height=\"167\">1. Machine de contr\u00f4le automatique<br \/>\n2. Industrie des semi-conducteurs<br \/>\n3. Machines pour l&#039;industrie g\u00e9n\u00e9rale<br \/>\n4. \u00c9quipement m\u00e9dical<br \/>\n5. \u00c9quipement d&#039;\u00e9nergie solaire<br \/>\n6. Machine-outil<br \/>\n7. Syst\u00e8me de stationnement<br \/>\n8. \u00c9quipements de transport ferroviaire \u00e0 grande vitesse et a\u00e9rien, etc.<\/td>\n<\/tr>\n<\/tbody>\n<\/table>\n<div>\n<h4>Pourquoi choisir des engrenages h\u00e9lico\u00efdaux \u00e0 axes parall\u00e8les ?<\/h4>\n<p class=\"break-words\">Les engrenages h\u00e9lico\u00efdaux parall\u00e8les offrent plusieurs avantages par rapport \u00e0 d'autres types d'engrenages, tels que les engrenages droits ou les engrenages h\u00e9lico\u00efdaux crois\u00e9s\u00a0:<\/p>\n<ol class=\"marker:text-secondary\">\n<li class=\"break-words\"><strong>Capacit\u00e9 de transmission de puissance \u00e9lev\u00e9e<\/strong>Gr\u00e2ce \u00e0 leur surface de contact plus importante, les engrenages h\u00e9lico\u00efdaux parall\u00e8les supportent des charges plus \u00e9lev\u00e9es que les engrenages droits de m\u00eame dimension. Ils conviennent \u00e0 des applications allant des petites machines aux syst\u00e8mes industriels lourds.<\/li>\n<li class=\"break-words\"><strong>Fonctionnement fluide et silencieux<\/strong>L'engagement progressif des dents h\u00e9lico\u00efdales r\u00e9duit le bruit et les vibrations, ce qui en fait un choix privil\u00e9gi\u00e9 pour les applications \u00e0 grande vitesse dans des villes comme Milan, o\u00f9 la fabrication de pr\u00e9cision est florissante.<\/li>\n<li class=\"break-words\"><strong>Versatilit\u00e9<\/strong>Ces engrenages sont utilis\u00e9s dans diverses industries, notamment l'automobile, le secteur maritime et les bo\u00eetes de vitesses industrielles \u2014 des secteurs importants dans des r\u00e9gions comme Bologne et Florence.<\/li>\n<\/ol>\n<p class=\"break-words\">Cependant, les engrenages h\u00e9lico\u00efdaux g\u00e9n\u00e8rent des efforts de pouss\u00e9e le long de l'arbre en raison de l'angle de leurs dents, ce qui n\u00e9cessite l'utilisation de but\u00e9es axiales. Chez FMP, nos ing\u00e9nieurs con\u00e7oivent des solutions qui prennent en compte ce ph\u00e9nom\u00e8ne, garantissant ainsi des performances et une durabilit\u00e9 optimales.<\/p>\n<h4>FMP Company : Votre partenaire de confiance pour les engrenages h\u00e9lico\u00efdaux \u00e0 axes parall\u00e8les en Italie<\/h4>\n<p class=\"break-words\">Forte de nombreuses ann\u00e9es d'expertise, la soci\u00e9t\u00e9 FMP fabrique une large gamme d'engrenages h\u00e9lico\u00efdaux \u00e0 axes parall\u00e8les pour r\u00e9pondre aux besoins de ses clients en Italie et \u00e0 l'international. Que vous soyez \u00e0 Venise \u00e0 la recherche d'engrenages pour applications marines ou \u00e0 Milan en qu\u00eate de composants pour machines de pointe, nous avons la solution. Notre gamme de produits comprend\u00a0:<\/p>\n<ul class=\"marker:text-secondary\">\n<li class=\"break-words\"><strong>Engrenages h\u00e9lico\u00efdaux parall\u00e8les standard<\/strong>Disponible en diff\u00e9rentes tailles et sp\u00e9cifications pour une utilisation imm\u00e9diate.<\/li>\n<li class=\"break-words\"><strong>Engrenages h\u00e9lico\u00efdaux sur mesure<\/strong>Adapt\u00e9 \u00e0 vos besoins sp\u00e9cifiques, pour une ad\u00e9quation parfaite \u00e0 votre application.<\/li>\n<li class=\"break-words\"><strong>Engrenages de pompe<\/strong>: Un type sp\u00e9cialis\u00e9 d'engrenage \u00e0 axes parall\u00e8les utilis\u00e9 pour le d\u00e9placement de fluides dans les syst\u00e8mes de carburant et autres applications de pompage.<\/li>\n<\/ul>\n<p class=\"break-words\">Si vous ne trouvez pas le mod\u00e8le exact que vous recherchez dans notre catalogue, ne vous inqui\u00e9tez pas\u00a0: nous l\u2019enrichissons constamment. Il se peut que nous n\u2019ayons pas encore eu le temps d\u2019y int\u00e9grer les derni\u00e8res nouveaut\u00e9s. Envoyez-nous simplement un courriel d\u00e9taillant vos besoins, et nos ing\u00e9nieurs experts vous r\u00e9pondront sous 24\u00a0heures avec une solution adapt\u00e9e.<\/p>\n<h3>Applications des engrenages h\u00e9lico\u00efdaux \u00e0 axes parall\u00e8les<\/h3>\n<p class=\"break-words\">Les engrenages h\u00e9lico\u00efdaux parall\u00e8les sont incroyablement polyvalents, ce qui en fait un \u00e9l\u00e9ment essentiel dans de nombreuses industries \u00e0 travers l'Italie\u00a0:<\/p>\n<ul class=\"marker:text-secondary\">\n<li class=\"break-words\"><strong>Automobile<\/strong>Utilis\u00e9 dans les bo\u00eetes de vitesses pour une transmission de puissance fluide dans les v\u00e9hicules fabriqu\u00e9s \u00e0 Milan.<\/li>\n<li class=\"break-words\"><strong>Propulsions marines<\/strong>: Essentiel pour les syst\u00e8mes de propulsion \u00e0 Venise, ville r\u00e9put\u00e9e pour son patrimoine maritime.<\/li>\n<li class=\"break-words\"><strong>machines industrielles<\/strong>Alimenter les \u00e9quipements des usines de Bologne, un centre industriel cl\u00e9.<\/li>\n<li class=\"break-words\"><strong>Huileries<\/strong>: Assistance pour les applications exigeantes dans les zones rurales proches de Florence.<\/li>\n<\/ul>\n<p class=\"break-words\">Leur capacit\u00e9 \u00e0 g\u00e9rer aussi bien les op\u00e9rations \u00e0 basse qu'\u00e0 haute vitesse, combin\u00e9e \u00e0 une capacit\u00e9 de transmission de puissance \u00e9lev\u00e9e, les rend indispensables.<\/p>\n<\/div>","protected":false},"excerpt":{"rendered":"<p>When it comes to precision engineering and power transmission, Parallel Axis Helical Gears stand out as a reliable and efficient solution. At FMP Company, we take pride in being a leading manufacturer of various types of parallel axis helical gears, catering to industries across Italy\u2014from the industrial hubs of Milan and Bologna to the historic [&hellip;]<\/p>","protected":false},"featured_media":7379,"comment_status":"open","ping_status":"closed","template":"","meta":{"_et_pb_use_builder":"","_et_pb_old_content":"","_et_gb_content_width":""},"product_brand":[],"product_cat":[108],"product_tag":[],"class_list":{"0":"post-7377","1":"product","2":"type-product","3":"status-publish","4":"has-post-thumbnail","6":"product_cat-helical-gear","8":"first","9":"instock","10":"shipping-taxable","11":"product-type-simple"},"_links":{"self":[{"href":"https:\/\/fmp-components.com\/fr\/wp-json\/wp\/v2\/product\/7377","targetHints":{"allow":["GET"]}}],"collection":[{"href":"https:\/\/fmp-components.com\/fr\/wp-json\/wp\/v2\/product"}],"about":[{"href":"https:\/\/fmp-components.com\/fr\/wp-json\/wp\/v2\/types\/product"}],"replies":[{"embeddable":true,"href":"https:\/\/fmp-components.com\/fr\/wp-json\/wp\/v2\/comments?post=7377"}],"wp:featuredmedia":[{"embeddable":true,"href":"https:\/\/fmp-components.com\/fr\/wp-json\/wp\/v2\/media\/7379"}],"wp:attachment":[{"href":"https:\/\/fmp-components.com\/fr\/wp-json\/wp\/v2\/media?parent=7377"}],"wp:term":[{"taxonomy":"product_brand","embeddable":true,"href":"https:\/\/fmp-components.com\/fr\/wp-json\/wp\/v2\/product_brand?post=7377"},{"taxonomy":"product_cat","embeddable":true,"href":"https:\/\/fmp-components.com\/fr\/wp-json\/wp\/v2\/product_cat?post=7377"},{"taxonomy":"product_tag","embeddable":true,"href":"https:\/\/fmp-components.com\/fr\/wp-json\/wp\/v2\/product_tag?post=7377"}],"curies":[{"name":"wp","href":"https:\/\/api.w.org\/{rel}","templated":true}]}}