{"id":7367,"date":"2025-03-24T02:34:28","date_gmt":"2025-03-24T02:34:28","guid":{"rendered":"https:\/\/fmp-components.com\/?post_type=product&#038;p=7367"},"modified":"2025-03-26T08:43:11","modified_gmt":"2025-03-26T08:43:11","slug":"metallurgy-machinery-soft-tooth-flank-helical-gear","status":"publish","type":"product","link":"https:\/\/fmp-components.com\/fr\/product\/metallurgy-machinery-soft-tooth-flank-helical-gear\/","title":{"rendered":"Machines m\u00e9tallurgiques Engrenage h\u00e9lico\u00efdal \u00e0 flancs \u00e0 denture douce"},"content":{"rendered":"<div class=\"sliderTable mt10 mb10 sliderTable-index0 change-to-org\">\n<div class=\"inner\">\n<p>En tant que fabricant leader du secteur, FMP Company se sp\u00e9cialise dans la production d'une vaste gamme d'engrenages h\u00e9lico\u00efdaux \u00e0 flancs \u00e0 denture douce pour machines m\u00e9tallurgiques, con\u00e7us pour r\u00e9pondre \u00e0 divers besoins industriels. Nos produits sont fabriqu\u00e9s avec pr\u00e9cision, garantissant des performances optimales, une grande durabilit\u00e9 et une efficacit\u00e9 accrue dans des applications telles que les machines lourdes, les \u00e9quipements miniers et les syst\u00e8mes de traitement m\u00e9tallurgique. Que vous ayez besoin de sp\u00e9cifications standard ou de conceptions uniques adapt\u00e9es \u00e0 vos op\u00e9rations, FMP propose des services de personnalisation pour vous fournir des engrenages parfaitement adapt\u00e9s \u00e0 vos exigences, am\u00e9liorant ainsi la productivit\u00e9 et r\u00e9duisant les temps d'arr\u00eat.<\/p>\n<p>Si vous ne trouvez pas le mod\u00e8le sp\u00e9cifique de machinerie m\u00e9tallurgique \u00e0 flanc de dent tendre <a href=\"https:\/\/fmp-components.com\/fr\/helical-gears\/\">Engrenage h\u00e9lico\u00efdal<\/a> Si vous ne trouvez pas le produit que vous recherchez dans notre catalogue, ne vous inqui\u00e9tez pas\u00a0: il se peut que nous n'ayons pas encore eu le temps de le mettre \u00e0 jour. Chez FMP, nous avons \u00e0 c\u0153ur de r\u00e9pondre \u00e0 vos besoins. N'h\u00e9sitez donc pas \u00e0 nous envoyer un e-mail avec les d\u00e9tails du mod\u00e8le souhait\u00e9. Notre \u00e9quipe d'ing\u00e9nieurs d\u00e9di\u00e9e vous r\u00e9pondra sous 24\u00a0heures et vous apportera des conseils d'experts ainsi que des solutions pour vous garantir le produit id\u00e9al pour votre projet. Contactez-nous d\u00e8s aujourd'hui pour d\u00e9couvrir comment FMP peut accompagner votre activit\u00e9 gr\u00e2ce \u00e0 des engrenages h\u00e9lico\u00efdaux de haute qualit\u00e9\u00a0!<\/p>\n<h2>Sp\u00e9cification<\/h2>\n<table border=\"1\" width=\"100%\">\n<tbody>\n<tr class=\"firstRow\">\n<th colspan=\"2\" valign=\"top\">Donn\u00e9es de base sur l'\u00e9quipement<\/th>\n<\/tr>\n<tr>\n<td valign=\"center\">Forme de la dent d'engrenage<\/td>\n<td valign=\"center\">involut\u00e9<\/td>\n<\/tr>\n<tr>\n<td valign=\"center\">Mat\u00e9riau de l'engrenage<\/td>\n<td valign=\"center\">45<\/td>\n<\/tr>\n<tr>\n<td valign=\"center\">Processus d'engrenage<\/td>\n<td valign=\"center\">forgeage, tournage, taillage par fraise-m\u00e8re, rectification ext\u00e9rieure, fraisage de rainures de clavette, rectification de dents<\/td>\n<\/tr>\n<tr>\n<td valign=\"center\">Angle de pression<\/td>\n<td valign=\"center\">20\u00b0<\/td>\n<\/tr>\n<tr>\n<td valign=\"center\">Niveau de qualit\u00e9<\/td>\n<td valign=\"center\">DIN 3962 classe 6<\/td>\n<\/tr>\n<tr>\n<td valign=\"center\">Type d'engrenage<\/td>\n<td valign=\"center\">Mn=3, Z=128, \u03b2=11,5\u00b0, \u03b1=20\u00b0, gaucher<\/td>\n<\/tr>\n<\/tbody>\n<\/table>\n<\/div>\n<\/div>\n<p><strong>Capacit\u00e9s de l'engrenage\/cannelure<\/strong><\/p>\n<div class=\"sliderTable mt10 mb10 sliderTable-index1 change-to-org\">\n<div class=\"inner\">\n<table border=\"1\" width=\"100%\">\n<tbody>\n<tr class=\"firstRow\">\n<th colspan=\"4\" valign=\"top\">Engrenages internes et cannelures internes<\/th>\n<\/tr>\n<tr>\n<td valign=\"top\"><\/td>\n<td valign=\"top\">BROYAGE<\/td>\n<td valign=\"top\">FA\u00c7ONNEMENT<\/td>\n<td valign=\"top\">GRINCEMENT DE DENTS<\/td>\n<\/tr>\n<tr>\n<td valign=\"top\">Diam\u00e8tre ext\u00e9rieur maximal<\/td>\n<td valign=\"top\">2500 mm<\/td>\n<td valign=\"top\">2500 mm<\/td>\n<td valign=\"top\">2500 mm<\/td>\n<\/tr>\n<tr>\n<td valign=\"top\">ID minimum<\/td>\n<td valign=\"top\">650 mm<\/td>\n<td valign=\"top\">50 mm<\/td>\n<td valign=\"top\">100 mm<\/td>\n<\/tr>\n<tr>\n<td valign=\"top\">Largeur maximale du visage<\/td>\n<td valign=\"top\">500 mm<\/td>\n<td valign=\"top\">500 mm<\/td>\n<td valign=\"top\">500 mm<\/td>\n<\/tr>\n<tr>\n<td valign=\"top\">Pas diam\u00e9tral maximal<\/td>\n<td valign=\"top\">DP 1<\/td>\n<td valign=\"top\">DP 1<\/td>\n<td valign=\"top\">DP 0,5<\/td>\n<\/tr>\n<tr>\n<td valign=\"top\">Module maximum<\/td>\n<td valign=\"top\">26 mm<\/td>\n<td valign=\"top\">26 mm<\/td>\n<td valign=\"top\">45 mm<\/td>\n<\/tr>\n<tr>\n<td valign=\"top\">Niveau AGMA\/Niveau DIN<\/td>\n<td valign=\"top\">DIN Classe 8<\/td>\n<td valign=\"top\">DIN Classe 8<\/td>\n<td valign=\"top\">DIN Classe 4<\/td>\n<\/tr>\n<tr>\n<td valign=\"top\">Finition de la surface des dents<\/td>\n<td valign=\"top\">Ra 3.2<\/td>\n<td valign=\"top\">Ra 3.2<\/td>\n<td valign=\"top\">Ra 0,6<\/td>\n<\/tr>\n<tr>\n<td valign=\"top\">Angle d'h\u00e9lice maximal<\/td>\n<td valign=\"top\">\u00b122,5\u00b0<\/td>\n<td valign=\"top\">\u00b122,5\u00b0<\/td>\n<td valign=\"top\">\u00b145\u00b0<\/td>\n<\/tr>\n<tr>\n<th colspan=\"4\" valign=\"top\">Engrenages externes et cannelures externes<\/th>\n<\/tr>\n<tr>\n<td valign=\"top\"><\/td>\n<td valign=\"top\">HACHAGE<\/td>\n<td valign=\"top\">BROYAGE<\/td>\n<td valign=\"top\">GRINCEMENT DE DENTS<\/td>\n<\/tr>\n<tr>\n<td valign=\"top\">Diam\u00e8tre ext\u00e9rieur maximal<\/td>\n<td valign=\"top\">1250 mm<\/td>\n<td valign=\"top\">2500 mm<\/td>\n<td valign=\"top\">2500 mm<\/td>\n<\/tr>\n<tr>\n<td valign=\"top\">Diam\u00e8tre ext\u00e9rieur minimum<\/td>\n<td valign=\"top\">20 mm<\/td>\n<td valign=\"top\">200 mm<\/td>\n<td valign=\"top\">20 mm<\/td>\n<\/tr>\n<tr>\n<td valign=\"top\">Largeur maximale du visage<\/td>\n<td valign=\"top\">500 mm<\/td>\n<td valign=\"top\">500 mm<\/td>\n<td valign=\"top\">1480 mm<\/td>\n<\/tr>\n<tr>\n<td valign=\"top\">Pas diam\u00e9tral maximal<\/td>\n<td valign=\"top\">DP 1<\/td>\n<td valign=\"top\">DP 1<\/td>\n<td valign=\"top\">DP 0,5<\/td>\n<\/tr>\n<tr>\n<td valign=\"top\">Module maximum<\/td>\n<td valign=\"top\">26 mm<\/td>\n<td valign=\"top\">26 mm<\/td>\n<td valign=\"top\">45 mm<\/td>\n<\/tr>\n<tr>\n<td valign=\"top\">Niveau AGMA\/Niveau DIN<\/td>\n<td valign=\"top\">DIN Classe 8<\/td>\n<td valign=\"top\">DIN Classe 8<\/td>\n<td valign=\"top\">DIN Classe 4<\/td>\n<\/tr>\n<tr>\n<td valign=\"top\">Finition de la surface des dents<\/td>\n<td valign=\"top\">Ra 3.2<\/td>\n<td valign=\"top\">Ra 3.2<\/td>\n<td valign=\"top\">Ra 0,6<\/td>\n<\/tr>\n<tr>\n<td valign=\"top\">Angle d'h\u00e9lice maximal<\/td>\n<td valign=\"top\">\u00b145\u00b0<\/td>\n<td valign=\"top\">\u00b145\u00b0<\/td>\n<td valign=\"top\">\u00b145\u00b0<\/td>\n<\/tr>\n<\/tbody>\n<\/table>\n<\/div>\n<\/div>","protected":false},"excerpt":{"rendered":"<ul class=\"pro-info-list fix\">\n<li class=\"prod-specifics-brand\"><label>Forme des dents d'engrenage :\u00a0<\/label>involut\u00e9<\/li>\n<li class=\"prod-specifics-brand\"><label>Mat\u00e9riau des engrenages :<\/label>45<\/li>\n<li class=\"prod-specifics-brand\"><label>Angle de pression :<\/label>20\u00b0<\/li>\n<li class=\"prod-specifics-brand\"><label>Niveau de qualit\u00e9 :\u00a0<\/label>DIN 3962 classe 6<\/li>\n<\/ul>","protected":false},"featured_media":4594,"comment_status":"open","ping_status":"closed","template":"","meta":{"_et_pb_use_builder":"","_et_pb_old_content":"","_et_gb_content_width":""},"product_brand":[],"product_cat":[108],"product_tag":[],"class_list":{"0":"post-7367","1":"product","2":"type-product","3":"status-publish","4":"has-post-thumbnail","6":"product_cat-helical-gear","8":"first","9":"instock","10":"shipping-taxable","11":"product-type-simple"},"_links":{"self":[{"href":"https:\/\/fmp-components.com\/fr\/wp-json\/wp\/v2\/product\/7367","targetHints":{"allow":["GET"]}}],"collection":[{"href":"https:\/\/fmp-components.com\/fr\/wp-json\/wp\/v2\/product"}],"about":[{"href":"https:\/\/fmp-components.com\/fr\/wp-json\/wp\/v2\/types\/product"}],"replies":[{"embeddable":true,"href":"https:\/\/fmp-components.com\/fr\/wp-json\/wp\/v2\/comments?post=7367"}],"wp:featuredmedia":[{"embeddable":true,"href":"https:\/\/fmp-components.com\/fr\/wp-json\/wp\/v2\/media\/4594"}],"wp:attachment":[{"href":"https:\/\/fmp-components.com\/fr\/wp-json\/wp\/v2\/media?parent=7367"}],"wp:term":[{"taxonomy":"product_brand","embeddable":true,"href":"https:\/\/fmp-components.com\/fr\/wp-json\/wp\/v2\/product_brand?post=7367"},{"taxonomy":"product_cat","embeddable":true,"href":"https:\/\/fmp-components.com\/fr\/wp-json\/wp\/v2\/product_cat?post=7367"},{"taxonomy":"product_tag","embeddable":true,"href":"https:\/\/fmp-components.com\/fr\/wp-json\/wp\/v2\/product_tag?post=7367"}],"curies":[{"name":"wp","href":"https:\/\/api.w.org\/{rel}","templated":true}]}}