{"id":7366,"date":"2025-03-24T02:32:27","date_gmt":"2025-03-24T02:32:27","guid":{"rendered":"https:\/\/fmp-components.com\/?post_type=product&#038;p=7366"},"modified":"2025-03-26T08:43:42","modified_gmt":"2025-03-26T08:43:42","slug":"beverage-packing-machinery-helical-gear","status":"publish","type":"product","link":"https:\/\/fmp-components.com\/fr\/product\/beverage-packing-machinery-helical-gear\/","title":{"rendered":"Engrenage h\u00e9lico\u00efdal pour machines d'emballage de boissons"},"content":{"rendered":"<div class=\"sliderTable mt10 mb10 sliderTable-index0 change-to-org\">\n<div class=\"inner\">\n<div>\n<h2>Le r\u00f4le des engrenages h\u00e9lico\u00efdaux dans les machines d'emballage de boissons<\/h2>\n<p class=\"break-words\">Les engrenages h\u00e9lico\u00efdaux jouent un r\u00f4le essentiel dans les machines d'emballage de boissons, en optimisant l'efficacit\u00e9 et la pr\u00e9cision des lignes de production \u00e0 grande vitesse. Contrairement aux engrenages traditionnels <a href=\"https:\/\/fmp-components.com\/fr\/spur-gear-2\/\">engrenages droits<\/a>, <a href=\"https:\/\/fmp-components.com\/fr\/helical-gears\/\">engrenages h\u00e9lico\u00efdaux<\/a> Dot\u00e9s de dents inclin\u00e9es, les engrenages h\u00e9lico\u00efdaux assurent un fonctionnement plus fluide et silencieux, ainsi qu'une capacit\u00e9 de charge sup\u00e9rieure. Ils constituent ainsi un excellent choix pour l'environnement exigeant du conditionnement des boissons, o\u00f9 la constance des performances et la r\u00e9duction des temps d'arr\u00eat sont essentielles. En minimisant les vibrations et l'usure, les engrenages h\u00e9lico\u00efdaux am\u00e9liorent la durabilit\u00e9 des machines, ce qui les rend indispensables dans les usines d'embouteillage et les installations de conditionnement.<\/p>\n<\/div>\n<h2>Sp\u00e9cification<\/h2>\n<table border=\"1\" width=\"100%\">\n<tbody>\n<tr class=\"firstRow\">\n<th colspan=\"2\" valign=\"top\">Donn\u00e9es de base sur l'\u00e9quipement<\/th>\n<\/tr>\n<tr>\n<td valign=\"center\">Forme de la dent d'engrenage<\/td>\n<td valign=\"center\">involut\u00e9<\/td>\n<\/tr>\n<tr>\n<td valign=\"center\">Mat\u00e9riau de l'engrenage<\/td>\n<td valign=\"center\">20CrNiMoA<\/td>\n<\/tr>\n<tr>\n<td valign=\"center\">Processus d'engrenage<\/td>\n<td valign=\"center\">forgeage, c\u00e9mentation, d\u00e9coupe de lignes, rectification de dents<\/td>\n<\/tr>\n<tr>\n<td valign=\"center\">Angle de pression<\/td>\n<td valign=\"center\">15\u00b0<\/td>\n<\/tr>\n<tr>\n<td valign=\"center\">Niveau de qualit\u00e9<\/td>\n<td valign=\"center\">AGMA Classe 8<\/td>\n<\/tr>\n<tr>\n<td valign=\"center\">Type d'engrenage<\/td>\n<td valign=\"center\">Mn=3,35, Z=9, a=15\u00b0, \u03b2=45\u00b0, gaucher<\/td>\n<\/tr>\n<\/tbody>\n<\/table>\n<\/div>\n<\/div>\n<p><strong>Capacit\u00e9s de l'engrenage\/cannelure<\/strong><\/p>\n<div class=\"sliderTable mt10 mb10 sliderTable-index1 change-to-org\">\n<div class=\"inner\">\n<table border=\"1\" width=\"100%\">\n<tbody>\n<tr class=\"firstRow\">\n<th colspan=\"4\" valign=\"top\">Engrenages internes et cannelures internes<\/th>\n<\/tr>\n<tr>\n<td valign=\"top\"><\/td>\n<td valign=\"top\">BROYAGE<\/td>\n<td valign=\"top\">FA\u00c7ONNEMENT<\/td>\n<td valign=\"top\">GRINCEMENT DE DENTS<\/td>\n<\/tr>\n<tr>\n<td valign=\"top\">Diam\u00e8tre ext\u00e9rieur maximal<\/td>\n<td valign=\"top\">2500 mm<\/td>\n<td valign=\"top\">2500 mm<\/td>\n<td valign=\"top\">2500 mm<\/td>\n<\/tr>\n<tr>\n<td valign=\"top\">ID minimum<\/td>\n<td valign=\"top\">650 mm<\/td>\n<td valign=\"top\">50 mm<\/td>\n<td valign=\"top\">100 mm<\/td>\n<\/tr>\n<tr>\n<td valign=\"top\">Largeur maximale du visage<\/td>\n<td valign=\"top\">500 mm<\/td>\n<td valign=\"top\">500 mm<\/td>\n<td valign=\"top\">500 mm<\/td>\n<\/tr>\n<tr>\n<td valign=\"top\">Pas diam\u00e9tral maximal<\/td>\n<td valign=\"top\">DP 1<\/td>\n<td valign=\"top\">DP 1<\/td>\n<td valign=\"top\">DP 0,5<\/td>\n<\/tr>\n<tr>\n<td valign=\"top\">Module maximum<\/td>\n<td valign=\"top\">26 mm<\/td>\n<td valign=\"top\">26 mm<\/td>\n<td valign=\"top\">45 mm<\/td>\n<\/tr>\n<tr>\n<td valign=\"top\">Niveau AGMA\/Niveau DIN<\/td>\n<td valign=\"top\">DIN Classe 8<\/td>\n<td valign=\"top\">DIN Classe 8<\/td>\n<td valign=\"top\">DIN Classe 4<\/td>\n<\/tr>\n<tr>\n<td valign=\"top\">Finition de la surface des dents<\/td>\n<td valign=\"top\">Ra 3.2<\/td>\n<td valign=\"top\">Ra 3.2<\/td>\n<td valign=\"top\">Ra 0,6<\/td>\n<\/tr>\n<tr>\n<td valign=\"top\">Angle d'h\u00e9lice maximal<\/td>\n<td valign=\"top\">\u00b122,5\u00b0<\/td>\n<td valign=\"top\">\u00b122,5\u00b0<\/td>\n<td valign=\"top\">\u00b145\u00b0<\/td>\n<\/tr>\n<tr>\n<td valign=\"top\"><\/td>\n<td valign=\"top\"><\/td>\n<td valign=\"top\"><\/td>\n<td valign=\"top\"><\/td>\n<\/tr>\n<tr>\n<th colspan=\"4\" valign=\"top\">Engrenages externes et cannelures externes<\/th>\n<\/tr>\n<tr>\n<td valign=\"top\"><\/td>\n<td valign=\"top\">HACHAGE<\/td>\n<td valign=\"top\">BROYAGE<\/td>\n<td valign=\"top\">GRINCEMENT DE DENTS<\/td>\n<\/tr>\n<tr>\n<td valign=\"top\">Diam\u00e8tre ext\u00e9rieur maximal<\/td>\n<td valign=\"top\">1250 mm<\/td>\n<td valign=\"top\">2500 mm<\/td>\n<td valign=\"top\">2500 mm<\/td>\n<\/tr>\n<tr>\n<td valign=\"top\">Diam\u00e8tre ext\u00e9rieur minimum<\/td>\n<td valign=\"top\">20 mm<\/td>\n<td valign=\"top\">200 mm<\/td>\n<td valign=\"top\">20 mm<\/td>\n<\/tr>\n<tr>\n<td valign=\"top\">Largeur maximale du visage<\/td>\n<td valign=\"top\">500 mm<\/td>\n<td valign=\"top\">500 mm<\/td>\n<td valign=\"top\">1480 mm<\/td>\n<\/tr>\n<tr>\n<td valign=\"top\">Pas diam\u00e9tral maximal<\/td>\n<td valign=\"top\">DP 1<\/td>\n<td valign=\"top\">DP 1<\/td>\n<td valign=\"top\">DP 0,5<\/td>\n<\/tr>\n<tr>\n<td valign=\"top\">Module maximum<\/td>\n<td valign=\"top\">26 mm<\/td>\n<td valign=\"top\">26 mm<\/td>\n<td valign=\"top\">45 mm<\/td>\n<\/tr>\n<tr>\n<td valign=\"top\">Niveau AGMA\/Niveau DIN<\/td>\n<td valign=\"top\">DIN Classe 8<\/td>\n<td valign=\"top\">DIN Classe 8<\/td>\n<td valign=\"top\">DIN Classe 4<\/td>\n<\/tr>\n<tr>\n<td valign=\"top\">Finition de la surface des dents<\/td>\n<td valign=\"top\">Ra 3.2<\/td>\n<td valign=\"top\">Ra 3.2<\/td>\n<td valign=\"top\">Ra 0,6<\/td>\n<\/tr>\n<tr>\n<td valign=\"top\">Angle d'h\u00e9lice maximal<\/td>\n<td valign=\"top\">\u00b145\u00b0<\/td>\n<td valign=\"top\">\u00b145\u00b0<\/td>\n<td valign=\"top\">\u00b145\u00b0<\/td>\n<\/tr>\n<\/tbody>\n<\/table>\n<div>\n<h3>FMP Company : Votre partenaire de confiance pour les engrenages h\u00e9lico\u00efdaux<\/h3>\n<p class=\"break-words\">Chez FMP Company, nous sommes sp\u00e9cialis\u00e9s dans la production d'une gamme vari\u00e9e d'engrenages h\u00e9lico\u00efdaux con\u00e7us pour les machines d'emballage de boissons. Que vous ayez besoin de mod\u00e8les standard ou de solutions sur mesure, nos engrenages sont fabriqu\u00e9s avec pr\u00e9cision et robustesse pour r\u00e9pondre aux exigences sp\u00e9cifiques de la production en grande s\u00e9rie. Si vous ne trouvez pas le mod\u00e8le d'engrenage que vous recherchez dans notre catalogue, ne vous inqui\u00e9tez pas\u00a0: il n'est tout simplement pas encore r\u00e9f\u00e9renc\u00e9. N'h\u00e9sitez pas \u00e0 nous envoyer un e-mail avec vos besoins\u00a0; nos ing\u00e9nieurs experts vous r\u00e9pondront sous 24\u00a0heures avec la solution id\u00e9ale.<\/p>\n<\/div>\n<\/div>\n<\/div>","protected":false},"excerpt":{"rendered":"<ul class=\"pro-info-list fix\">\n<li class=\"prod-specifics-brand\"><label>Forme des dents d'engrenage :\u00a0<\/label>involut\u00e9<\/li>\n<li class=\"prod-specifics-brand\"><label>Mat\u00e9riau des engrenages :<\/label>20CrNiMoA<\/li>\n<li class=\"prod-specifics-brand\"><label>Angle de pression :<\/label>15\u00b0<\/li>\n<li class=\"prod-specifics-brand\"><label>Niveau de qualit\u00e9 :\u00a0<\/label>AGMA classe 8<\/li>\n<\/ul>","protected":false},"featured_media":4582,"comment_status":"open","ping_status":"closed","template":"","meta":{"_et_pb_use_builder":"","_et_pb_old_content":"","_et_gb_content_width":""},"product_brand":[],"product_cat":[108],"product_tag":[],"class_list":{"0":"post-7366","1":"product","2":"type-product","3":"status-publish","4":"has-post-thumbnail","6":"product_cat-helical-gear","8":"first","9":"instock","10":"shipping-taxable","11":"product-type-simple"},"_links":{"self":[{"href":"https:\/\/fmp-components.com\/fr\/wp-json\/wp\/v2\/product\/7366","targetHints":{"allow":["GET"]}}],"collection":[{"href":"https:\/\/fmp-components.com\/fr\/wp-json\/wp\/v2\/product"}],"about":[{"href":"https:\/\/fmp-components.com\/fr\/wp-json\/wp\/v2\/types\/product"}],"replies":[{"embeddable":true,"href":"https:\/\/fmp-components.com\/fr\/wp-json\/wp\/v2\/comments?post=7366"}],"wp:featuredmedia":[{"embeddable":true,"href":"https:\/\/fmp-components.com\/fr\/wp-json\/wp\/v2\/media\/4582"}],"wp:attachment":[{"href":"https:\/\/fmp-components.com\/fr\/wp-json\/wp\/v2\/media?parent=7366"}],"wp:term":[{"taxonomy":"product_brand","embeddable":true,"href":"https:\/\/fmp-components.com\/fr\/wp-json\/wp\/v2\/product_brand?post=7366"},{"taxonomy":"product_cat","embeddable":true,"href":"https:\/\/fmp-components.com\/fr\/wp-json\/wp\/v2\/product_cat?post=7366"},{"taxonomy":"product_tag","embeddable":true,"href":"https:\/\/fmp-components.com\/fr\/wp-json\/wp\/v2\/product_tag?post=7366"}],"curies":[{"name":"wp","href":"https:\/\/api.w.org\/{rel}","templated":true}]}}