{"id":7364,"date":"2025-03-24T02:21:03","date_gmt":"2025-03-24T02:21:03","guid":{"rendered":"https:\/\/fmp-components.com\/?post_type=product&#038;p=7364"},"modified":"2025-03-26T08:43:59","modified_gmt":"2025-03-26T08:43:59","slug":"high-speed-train-locomotive-hard-tooth-flank-helical-gear","status":"publish","type":"product","link":"https:\/\/fmp-components.com\/fr\/product\/high-speed-train-locomotive-hard-tooth-flank-helical-gear\/","title":{"rendered":"Engrenage h\u00e9lico\u00efdal \u00e0 flanc \u00e0 denture dure pour locomotive de train \u00e0 grande vitesse"},"content":{"rendered":"<div class=\"sliderTable mt10 mb10 sliderTable-index0 change-to-org\">\n<div class=\"inner\">\n<h2>Le r\u00f4le des engrenages h\u00e9lico\u00efdaux \u00e0 flancs de dents dures dans les locomotives de trains \u00e0 grande vitesse<\/h2>\n<div>Les locomotives \u00e0 grande vitesse n\u00e9cessitent des engrenages capables de r\u00e9sister \u00e0 des conditions d'exploitation extr\u00eames tout en conservant un fonctionnement fluide et efficace. Flanc de dent tremp\u00e9 <a href=\"https:\/\/fmp-components.com\/fr\/helical-gears\/\">engrenages h\u00e9lico\u00efdaux<\/a> Ces engrenages constituent la solution optimale pour ces applications, gr\u00e2ce \u00e0 leur robustesse, leur pr\u00e9cision et leur capacit\u00e9 \u00e0 supporter des charges et des vitesses \u00e9lev\u00e9es. Sp\u00e9cialement con\u00e7us pour minimiser le bruit et les vibrations, ils am\u00e9liorent le confort des passagers tout en garantissant la fiabilit\u00e9 des syst\u00e8mes ferroviaires \u00e0 grande vitesse. Leur conception robuste r\u00e9duit \u00e9galement la fr\u00e9quence des op\u00e9rations de maintenance, ce qui en fait un \u00e9l\u00e9ment essentiel \u00e0 la long\u00e9vit\u00e9 et \u00e0 la fiabilit\u00e9 des locomotives modernes.<\/div>\n<h2>Sp\u00e9cifications<\/h2>\n<table border=\"1\" width=\"100%\">\n<tbody>\n<tr class=\"firstRow\">\n<th colspan=\"2\" valign=\"top\">Donn\u00e9es de base sur l'\u00e9quipement<\/th>\n<\/tr>\n<tr>\n<td valign=\"center\">Forme de la dent d'engrenage<\/td>\n<td valign=\"center\">involut\u00e9<\/td>\n<\/tr>\n<tr>\n<td valign=\"center\">Mat\u00e9riau de l'engrenage<\/td>\n<td valign=\"center\">17CrNiMo6<\/td>\n<\/tr>\n<tr>\n<td valign=\"center\">Processus d'engrenage<\/td>\n<td valign=\"center\">forgeage, tournage, taillage par fraise-m\u00e8re, c\u00e9mentation, rectification ext\u00e9rieure, rectification de dents<\/td>\n<\/tr>\n<tr>\n<td valign=\"center\">Angle de pression<\/td>\n<td valign=\"center\">20\u00b0<\/td>\n<\/tr>\n<tr>\n<td valign=\"center\">Niveau de qualit\u00e9<\/td>\n<td valign=\"center\">DIN 3962 Classe 6<\/td>\n<\/tr>\n<tr>\n<td valign=\"center\">Type d'engrenage<\/td>\n<td valign=\"center\">Mn=4, Z=132, \u03b2=18\u00b0<\/td>\n<\/tr>\n<\/tbody>\n<\/table>\n<\/div>\n<\/div>\n<p><strong>CAPACIT\u00c9S DES ENGRENAGES\/CANNES<\/strong><\/p>\n<div class=\"sliderTable mt10 mb10 sliderTable-index1 change-to-org\">\n<div class=\"inner\">\n<table border=\"1\" width=\"100%\">\n<tbody>\n<tr class=\"firstRow\">\n<th colspan=\"4\" valign=\"top\">ENGRENAGES INTERNES ET CANNELURES INTERNES<\/th>\n<\/tr>\n<tr>\n<td valign=\"top\"><\/td>\n<td valign=\"top\">BROYAGE<\/td>\n<td valign=\"top\">FA\u00c7ONNEMENT<\/td>\n<td valign=\"top\">GRINCEMENT DE DENTS<\/td>\n<\/tr>\n<tr>\n<td valign=\"top\">Diam\u00e8tre ext\u00e9rieur maximal<\/td>\n<td valign=\"top\">2500 mm<\/td>\n<td valign=\"top\">2500 mm<\/td>\n<td valign=\"top\">2500 mm<\/td>\n<\/tr>\n<tr>\n<td valign=\"top\">ID minimum<\/td>\n<td valign=\"top\">650 mm<\/td>\n<td valign=\"top\">50 mm<\/td>\n<td valign=\"top\">100 mm<\/td>\n<\/tr>\n<tr>\n<td valign=\"top\">Largeur maximale du visage<\/td>\n<td valign=\"top\">500 mm<\/td>\n<td valign=\"top\">500 mm<\/td>\n<td valign=\"top\">500 mm<\/td>\n<\/tr>\n<tr>\n<td valign=\"top\">Pas diam\u00e9tral maximal<\/td>\n<td valign=\"top\">DP 1<\/td>\n<td valign=\"top\">DP 1<\/td>\n<td valign=\"top\">DP 0,5<\/td>\n<\/tr>\n<tr>\n<td valign=\"top\">Module maximum<\/td>\n<td valign=\"top\">26 mm<\/td>\n<td valign=\"top\">26 mm<\/td>\n<td valign=\"top\">45 mm<\/td>\n<\/tr>\n<tr>\n<td valign=\"top\">Niveau AGMA\/Niveau DIN<\/td>\n<td valign=\"top\">DIN Classe 8<\/td>\n<td valign=\"top\">DIN Classe 8<\/td>\n<td valign=\"top\">DIN Classe 4<\/td>\n<\/tr>\n<tr>\n<td valign=\"top\">Finition de la surface des dents<\/td>\n<td valign=\"top\">Ra 3.2<\/td>\n<td valign=\"top\">Ra 3.2<\/td>\n<td valign=\"top\">Ra 0,6<\/td>\n<\/tr>\n<tr>\n<td valign=\"top\">Angle d'h\u00e9lice maximal<\/td>\n<td valign=\"top\">\u00b122,5\u00b0<\/td>\n<td valign=\"top\">\u00b122,5\u00b0<\/td>\n<td valign=\"top\">\u00b145\u00b0<\/td>\n<\/tr>\n<tr>\n<th colspan=\"4\" valign=\"top\">ENGRENAGES EXTERNES ET CANNELURES EXTERNES<\/th>\n<\/tr>\n<tr>\n<td valign=\"top\"><\/td>\n<td valign=\"top\">HACHAGE<\/td>\n<td valign=\"top\">BROYAGE<\/td>\n<td valign=\"top\">GRINCEMENT DE DENTS<\/td>\n<\/tr>\n<tr>\n<td valign=\"top\">Diam\u00e8tre ext\u00e9rieur maximal<\/td>\n<td valign=\"top\">1250 mm<\/td>\n<td valign=\"top\">2500 mm<\/td>\n<td valign=\"top\">2500 mm<\/td>\n<\/tr>\n<tr>\n<td valign=\"top\">Diam\u00e8tre ext\u00e9rieur minimum<\/td>\n<td valign=\"top\">20 mm<\/td>\n<td valign=\"top\">200 mm<\/td>\n<td valign=\"top\">20 mm<\/td>\n<\/tr>\n<tr>\n<td valign=\"top\">Largeur maximale du visage<\/td>\n<td valign=\"top\">500 mm<\/td>\n<td valign=\"top\">500 mm<\/td>\n<td valign=\"top\">1480 mm<\/td>\n<\/tr>\n<tr>\n<td valign=\"top\">Pas diam\u00e9tral maximal<\/td>\n<td valign=\"top\">DP 1<\/td>\n<td valign=\"top\">DP 1<\/td>\n<td valign=\"top\">DP 0,5<\/td>\n<\/tr>\n<tr>\n<td valign=\"top\">Module maximum<\/td>\n<td valign=\"top\">26 mm<\/td>\n<td valign=\"top\">26 mm<\/td>\n<td valign=\"top\">45 mm<\/td>\n<\/tr>\n<tr>\n<td valign=\"top\">Niveau AGMA\/Niveau DIN<\/td>\n<td valign=\"top\">DIN Classe 8<\/td>\n<td valign=\"top\">DIN Classe 8<\/td>\n<td valign=\"top\">DIN Classe 4<\/td>\n<\/tr>\n<tr>\n<td valign=\"top\">Finition de la surface des dents<\/td>\n<td valign=\"top\">Ra 3.2<\/td>\n<td valign=\"top\">Ra 3.2<\/td>\n<td valign=\"top\">Ra 0,6<\/td>\n<\/tr>\n<tr>\n<td valign=\"top\">Angle d'h\u00e9lice maximal<\/td>\n<td valign=\"top\">\u00b145\u00b0<\/td>\n<td valign=\"top\">\u00b145\u00b0<\/td>\n<td valign=\"top\">\u00b145\u00b0<\/td>\n<\/tr>\n<\/tbody>\n<\/table>\n<div><\/div>\n<h3>Soci\u00e9t\u00e9 FMP\u00a0: Votre partenaire pour les engrenages de locomotives de haute qualit\u00e9<\/h3>\n<div><\/div>\n<div>FMP Company est un fabricant leader d'engrenages h\u00e9lico\u00efdaux \u00e0 flancs tremp\u00e9s pour locomotives \u00e0 grande vitesse. Nous proposons une gamme vari\u00e9e d'engrenages con\u00e7us pour r\u00e9pondre aux exigences rigoureuses du secteur ferroviaire. Nos engrenages sont fabriqu\u00e9s selon les normes les plus strictes, garantissant des performances et une durabilit\u00e9 optimales, m\u00eame dans les environnements les plus difficiles. Nous r\u00e9alisons \u00e9galement des engrenages sur mesure pour r\u00e9pondre \u00e0 des sp\u00e9cifications uniques. Si le mod\u00e8le d'engrenage que vous recherchez ne figure pas dans notre catalogue, cela signifie simplement qu'il n'y est pas encore r\u00e9f\u00e9renc\u00e9. Rassurez-vous, nous pouvons r\u00e9pondre \u00e0 vos besoins. N'h\u00e9sitez pas \u00e0 nous contacter par e-mail pour nous faire part de vos exigences\u00a0; nos ing\u00e9nieurs qualifi\u00e9s vous r\u00e9pondront sous 24\u00a0heures afin de vous aider \u00e0 trouver la solution d'engrenage id\u00e9ale pour votre locomotive.<\/div>\n<\/div>\n<\/div>","protected":false},"excerpt":{"rendered":"<ul class=\"pro-info-list fix\">\n<li class=\"prod-specifics-brand\"><label>Forme des dents d'engrenage :\u00a0<\/label>involut\u00e9<\/li>\n<li class=\"prod-specifics-brand\"><label>Mat\u00e9riau des engrenages :<\/label>17CrNiMo6<\/li>\n<li class=\"prod-specifics-brand\"><label>Angle de pression :<\/label>20\u00b0<\/li>\n<li class=\"prod-specifics-brand\"><label>Niveau de qualit\u00e9 :\u00a0<\/label>DIN 3962 Classe 6<\/li>\n<\/ul>","protected":false},"featured_media":4590,"comment_status":"open","ping_status":"closed","template":"","meta":{"_et_pb_use_builder":"","_et_pb_old_content":"","_et_gb_content_width":""},"product_brand":[],"product_cat":[108],"product_tag":[],"class_list":{"0":"post-7364","1":"product","2":"type-product","3":"status-publish","4":"has-post-thumbnail","6":"product_cat-helical-gear","8":"first","9":"instock","10":"shipping-taxable","11":"product-type-simple"},"_links":{"self":[{"href":"https:\/\/fmp-components.com\/fr\/wp-json\/wp\/v2\/product\/7364","targetHints":{"allow":["GET"]}}],"collection":[{"href":"https:\/\/fmp-components.com\/fr\/wp-json\/wp\/v2\/product"}],"about":[{"href":"https:\/\/fmp-components.com\/fr\/wp-json\/wp\/v2\/types\/product"}],"replies":[{"embeddable":true,"href":"https:\/\/fmp-components.com\/fr\/wp-json\/wp\/v2\/comments?post=7364"}],"wp:featuredmedia":[{"embeddable":true,"href":"https:\/\/fmp-components.com\/fr\/wp-json\/wp\/v2\/media\/4590"}],"wp:attachment":[{"href":"https:\/\/fmp-components.com\/fr\/wp-json\/wp\/v2\/media?parent=7364"}],"wp:term":[{"taxonomy":"product_brand","embeddable":true,"href":"https:\/\/fmp-components.com\/fr\/wp-json\/wp\/v2\/product_brand?post=7364"},{"taxonomy":"product_cat","embeddable":true,"href":"https:\/\/fmp-components.com\/fr\/wp-json\/wp\/v2\/product_cat?post=7364"},{"taxonomy":"product_tag","embeddable":true,"href":"https:\/\/fmp-components.com\/fr\/wp-json\/wp\/v2\/product_tag?post=7364"}],"curies":[{"name":"wp","href":"https:\/\/api.w.org\/{rel}","templated":true}]}}