{"id":7356,"date":"2025-03-24T02:05:34","date_gmt":"2025-03-24T02:05:34","guid":{"rendered":"https:\/\/fmp-components.com\/?post_type=product&#038;p=7356"},"modified":"2025-03-26T08:44:19","modified_gmt":"2025-03-26T08:44:19","slug":"double-helical-gears-for-agricultural-machinery","status":"publish","type":"product","link":"https:\/\/fmp-components.com\/fr\/product\/double-helical-gears-for-agricultural-machinery\/","title":{"rendered":"Engrenages \u00e0 double h\u00e9lice pour machines agricoles"},"content":{"rendered":"<h2>Engrenages \u00e0 double h\u00e9lice dans les machines agricoles<\/h2>\n<div>Double <a href=\"https:\/\/fmp-components.com\/fr\/helical-gears\/\">engrenages h\u00e9lico\u00efdaux<\/a> Les engrenages pour machines agricoles sont essentiels pour am\u00e9liorer les performances et la durabilit\u00e9 du mat\u00e9riel agricole. Dot\u00e9s d'une denture unique en V, ils sont con\u00e7us avec expertise pour supporter les charges importantes et les exigences rigoureuses des tracteurs, moissonneuses-batteuses, motoculteurs et autres machines agricoles. En \u00e9liminant la pouss\u00e9e axiale et en minimisant les vibrations, les engrenages \u00e0 double denture h\u00e9lico\u00efdale garantissent un fonctionnement fluide et efficace, ce qui est crucial pour r\u00e9duire l'usure et prolonger la dur\u00e9e de vie de votre mat\u00e9riel. Cette fiabilit\u00e9 se traduit par une productivit\u00e9 accrue et des temps d'arr\u00eat r\u00e9duits, faisant de ces engrenages un composant indispensable pour les agriculteurs soucieux d'optimiser leurs exploitations.<\/div>\n<h2>Engrenages de transmission sur mesure \u2013 Engrenage \u00e0 double h\u00e9lice pour broyeur \u00e0 boulets<\/h2>\n<div class=\"table-responsive\">\n<table class=\"table\" style=\"width: 97.719%;\" border=\"1\">\n<tbody>\n<tr>\n<td style=\"width: 56.7823%;\">Type d'engrenage<\/td>\n<td style=\"width: 224.921%;\">Engrenage \u00e0 double h\u00e9lice<\/td>\n<\/tr>\n<tr>\n<td style=\"width: 56.7823%;\">Mat\u00e9riel<\/td>\n<td style=\"width: 224.921%;\">Forgeage<\/td>\n<\/tr>\n<tr>\n<td style=\"width: 56.7823%;\">M\u00e9thode de fabrication des engrenages<\/td>\n<td style=\"width: 224.921%;\">Fraisage d'engrenages<\/td>\n<\/tr>\n<\/tbody>\n<\/table>\n<\/div>\n<p>Mat\u00e9riau : 42CrMo<\/p>\n<div class=\"table-responsive\">\n<table class=\"table\" style=\"width: 97.6019%;\" border=\"1\">\n<tbody>\n<tr>\n<td style=\"width: 41.806%;\">COMPARAISON DES NUANCES DES CODES D'ACIER<\/td>\n<td style=\"width: 12.3746%;\"><\/td>\n<td style=\"width: 11.8729%;\"><\/td>\n<td style=\"width: 7.19064%;\"><\/td>\n<td style=\"width: 11.3712%;\"><\/td>\n<td style=\"width: 66.388%;\"><\/td>\n<\/tr>\n<tr>\n<td style=\"width: 41.806%;\">CHINE\/GB<\/td>\n<td style=\"width: 12.3746%;\">ISO<\/td>\n<td style=\"width: 11.8729%;\">GOST<\/td>\n<td style=\"width: 7.19064%;\">ASTM<\/td>\n<td style=\"width: 11.3712%;\">JIS<\/td>\n<td style=\"width: 66.388%;\">VACARME<\/td>\n<\/tr>\n<tr>\n<td style=\"width: 41.806%;\">45<\/td>\n<td style=\"width: 12.3746%;\">C45E4<\/td>\n<td style=\"width: 11.8729%;\">45<\/td>\n<td style=\"width: 7.19064%;\">1045<\/td>\n<td style=\"width: 11.3712%;\">S45C<\/td>\n<td style=\"width: 66.388%;\">CK45<\/td>\n<\/tr>\n<tr>\n<td style=\"width: 41.806%;\">40Cr<\/td>\n<td style=\"width: 12.3746%;\">41Cr4<\/td>\n<td style=\"width: 11.8729%;\">40X<\/td>\n<td style=\"width: 7.19064%;\">5140<\/td>\n<td style=\"width: 11.3712%;\">SCr440<\/td>\n<td style=\"width: 66.388%;\">41Cr4<\/td>\n<\/tr>\n<tr>\n<td style=\"width: 41.806%;\">20CrMo<\/td>\n<td style=\"width: 12.3746%;\">18CrMo4<\/td>\n<td style=\"width: 11.8729%;\">20\u0425\u041c<\/td>\n<td style=\"width: 7.19064%;\">4118<\/td>\n<td style=\"width: 11.3712%;\">SCM22<\/td>\n<td style=\"width: 66.388%;\">25CrMo4<\/td>\n<\/tr>\n<tr>\n<td style=\"width: 41.806%;\">42CrMo<\/td>\n<td style=\"width: 12.3746%;\">42CrMo4<\/td>\n<td style=\"width: 11.8729%;\">38XM<\/td>\n<td style=\"width: 7.19064%;\">4140<\/td>\n<td style=\"width: 11.3712%;\">SCM440<\/td>\n<td style=\"width: 66.388%;\">42CrMo4<\/td>\n<\/tr>\n<tr>\n<td style=\"width: 41.806%;\">20CrMnTi<\/td>\n<td style=\"width: 12.3746%;\"><\/td>\n<td style=\"width: 11.8729%;\">18XGT<\/td>\n<td style=\"width: 7.19064%;\"><\/td>\n<td style=\"width: 11.3712%;\">SMK22<\/td>\n<td style=\"width: 66.388%;\"><\/td>\n<\/tr>\n<tr>\n<td style=\"width: 41.806%;\">20Cr2Ni4<\/td>\n<td style=\"width: 12.3746%;\"><\/td>\n<td style=\"width: 11.8729%;\">20X2H4A<\/td>\n<td style=\"width: 7.19064%;\"><\/td>\n<td style=\"width: 11.3712%;\"><\/td>\n<td style=\"width: 66.388%;\"><\/td>\n<\/tr>\n<tr>\n<td style=\"width: 41.806%;\">20CrNiMo<\/td>\n<td style=\"width: 12.3746%;\">20CrNiMo2<\/td>\n<td style=\"width: 11.8729%;\">20XHM<\/td>\n<td style=\"width: 7.19064%;\">8720<\/td>\n<td style=\"width: 11.3712%;\">SNCM220<\/td>\n<td style=\"width: 66.388%;\">21NiCrMo2<\/td>\n<\/tr>\n<tr>\n<td style=\"width: 41.806%;\">40CrNiMoA<\/td>\n<td style=\"width: 12.3746%;\"><\/td>\n<td style=\"width: 11.8729%;\">40XH2MA\/<br \/>\n40XHMA<\/td>\n<td style=\"width: 7.19064%;\">4340<\/td>\n<td style=\"width: 11.3712%;\">SNCM439<\/td>\n<td style=\"width: 66.388%;\">40NiCrMo6\/<br \/>\n36NiCrMo4<\/td>\n<\/tr>\n<tr>\n<td style=\"width: 41.806%;\">20CrNi2Mo<\/td>\n<td style=\"width: 12.3746%;\">20NiCrMo7<\/td>\n<td style=\"width: 11.8729%;\">20XH2MA<\/td>\n<td style=\"width: 7.19064%;\">4320<\/td>\n<td style=\"width: 11.3712%;\">SNCM420<\/td>\n<td style=\"width: 66.388%;\"><\/td>\n<\/tr>\n<\/tbody>\n<\/table>\n<\/div>\n<p>fraisage des dents<\/p>\n<p>Pi\u00e8ces sur mesure : nous fabriquons des pi\u00e8ces selon les plans ou les \u00e9chantillons du client.<\/p>\n<p>Les logiciels d'ing\u00e9nierie que nous utilisons\u00a0: AutoCAD, Solidworks<\/p>\n<h3>FMP Company : Votre source de confiance pour les engrenages \u00e0 double h\u00e9lice<\/h3>\n<div>En tant que fabricant leader d'engrenages \u00e0 double h\u00e9lice pour machines agricoles, FMP Company propose une vaste gamme de solutions d'engrenages standard et sur mesure pour r\u00e9pondre aux divers besoins du secteur agricole. Nos produits sont fabriqu\u00e9s avec pr\u00e9cision et qualit\u00e9 pour offrir des performances optimales, m\u00eame dans les applications agricoles les plus exigeantes. Si vous ne trouvez pas le mod\u00e8le d'engrenage sp\u00e9cifique dont vous avez besoin dans notre catalogue, cela signifie simplement que nous n'avons pas encore eu l'occasion de l'ajouter. N'h\u00e9sitez pas \u00e0 nous envoyer un e-mail avec vos besoins, et notre \u00e9quipe d'ing\u00e9nieurs exp\u00e9riment\u00e9s vous r\u00e9pondra sous 24 heures, en vous fournissant une assistance personnalis\u00e9e pour vous aider \u00e0 trouver la solution d'engrenage id\u00e9ale pour vos machines agricoles.<\/div>\n<div>\n<table style=\"border-collapse: collapse; width: 100.021%; height: 9px;\" border=\"0\" width=\"243\" cellspacing=\"0\" cellpadding=\"0\">\n<tbody>\n<tr style=\"height: 14.40pt;\">\n<td style=\"height: 14.4pt; width: 38.3298%;\" align=\"right\" width=\"81\" height=\"24\"><img loading=\"lazy\" decoding=\"async\" class=\"size-full wp-image-7360 aligncenter\" src=\"https:\/\/fmp-components.com\/wp-content\/uploads\/2025\/03\/Double-Helical-Gears-For-Agricultural-Machinery1.webp\" alt=\"Engrenages \u00e0 double h\u00e9lice pour machines agricoles\" width=\"523\" height=\"400\" title=\"\" srcset=\"https:\/\/fmp-components.com\/wp-content\/uploads\/2025\/03\/Double-Helical-Gears-For-Agricultural-Machinery1.webp 523w, https:\/\/fmp-components.com\/wp-content\/uploads\/2025\/03\/Double-Helical-Gears-For-Agricultural-Machinery1-480x367.webp 480w\" sizes=\"(min-width: 0px) and (max-width: 480px) 480px, (min-width: 481px) 523px, 100vw\" \/><\/td>\n<td style=\"width: 29.6574%;\" align=\"right\" width=\"81\"><img loading=\"lazy\" decoding=\"async\" class=\"alignnone size-full wp-image-7361\" src=\"https:\/\/fmp-components.com\/wp-content\/uploads\/2025\/03\/Double-Helical-Gears-For-Agricultural-Machinery2.webp\" alt=\"Engrenages \u00e0 double h\u00e9lice pour machines agricoles\" width=\"382\" height=\"400\" title=\"\" srcset=\"https:\/\/fmp-components.com\/wp-content\/uploads\/2025\/03\/Double-Helical-Gears-For-Agricultural-Machinery2.webp 382w, https:\/\/fmp-components.com\/wp-content\/uploads\/2025\/03\/Double-Helical-Gears-For-Agricultural-Machinery2-287x300.webp 287w, https:\/\/fmp-components.com\/wp-content\/uploads\/2025\/03\/Double-Helical-Gears-For-Agricultural-Machinery2-11x12.webp 11w\" sizes=\"(max-width: 382px) 100vw, 382px\" \/><\/td>\n<td style=\"width: 31.9057%;\" align=\"right\" width=\"81\"><img loading=\"lazy\" decoding=\"async\" class=\"size-full wp-image-7362 aligncenter\" src=\"https:\/\/fmp-components.com\/wp-content\/uploads\/2025\/03\/Double-Helical-Gears-For-Agricultural-Machinery3.webp\" alt=\"\" width=\"840\" height=\"800\" title=\"\" srcset=\"https:\/\/fmp-components.com\/wp-content\/uploads\/2025\/03\/Double-Helical-Gears-For-Agricultural-Machinery3.webp 840w, https:\/\/fmp-components.com\/wp-content\/uploads\/2025\/03\/Double-Helical-Gears-For-Agricultural-Machinery3-480x457.webp 480w\" sizes=\"(min-width: 0px) and (max-width: 480px) 480px, (min-width: 481px) 840px, 100vw\" \/><\/td>\n<\/tr>\n<\/tbody>\n<\/table>\n<\/div>","protected":false},"excerpt":{"rendered":"<p>Engrenages \u00e0 double h\u00e9lice pour machines agricoles<br \/>\nDuret\u00e9 superficielle : 40-45 HRC<br \/>\nNiveau de pr\u00e9cision de l'\u00e9quipement : 8-10<\/p>","protected":false},"featured_media":7363,"comment_status":"open","ping_status":"closed","template":"","meta":{"_et_pb_use_builder":"","_et_pb_old_content":"","_et_gb_content_width":""},"product_brand":[],"product_cat":[108],"product_tag":[],"class_list":{"0":"post-7356","1":"product","2":"type-product","3":"status-publish","4":"has-post-thumbnail","6":"product_cat-helical-gear","8":"first","9":"instock","10":"shipping-taxable","11":"product-type-simple"},"_links":{"self":[{"href":"https:\/\/fmp-components.com\/fr\/wp-json\/wp\/v2\/product\/7356","targetHints":{"allow":["GET"]}}],"collection":[{"href":"https:\/\/fmp-components.com\/fr\/wp-json\/wp\/v2\/product"}],"about":[{"href":"https:\/\/fmp-components.com\/fr\/wp-json\/wp\/v2\/types\/product"}],"replies":[{"embeddable":true,"href":"https:\/\/fmp-components.com\/fr\/wp-json\/wp\/v2\/comments?post=7356"}],"wp:featuredmedia":[{"embeddable":true,"href":"https:\/\/fmp-components.com\/fr\/wp-json\/wp\/v2\/media\/7363"}],"wp:attachment":[{"href":"https:\/\/fmp-components.com\/fr\/wp-json\/wp\/v2\/media?parent=7356"}],"wp:term":[{"taxonomy":"product_brand","embeddable":true,"href":"https:\/\/fmp-components.com\/fr\/wp-json\/wp\/v2\/product_brand?post=7356"},{"taxonomy":"product_cat","embeddable":true,"href":"https:\/\/fmp-components.com\/fr\/wp-json\/wp\/v2\/product_cat?post=7356"},{"taxonomy":"product_tag","embeddable":true,"href":"https:\/\/fmp-components.com\/fr\/wp-json\/wp\/v2\/product_tag?post=7356"}],"curies":[{"name":"wp","href":"https:\/\/api.w.org\/{rel}","templated":true}]}}