{"id":7345,"date":"2025-03-23T08:22:06","date_gmt":"2025-03-23T08:22:06","guid":{"rendered":"https:\/\/fmp-components.com\/?post_type=product&#038;p=7345"},"modified":"2025-03-26T08:46:20","modified_gmt":"2025-03-26T08:46:20","slug":"carbon-steel-double-helical-gear","status":"publish","type":"product","link":"https:\/\/fmp-components.com\/fr\/product\/carbon-steel-double-helical-gear\/","title":{"rendered":"Engrenage h\u00e9lico\u00efdal double en acier au carbone"},"content":{"rendered":"<h2>Sp\u00e9cifications du produit<\/h2>\n<div class=\"table-responsive\">\n<table class=\"table\" style=\"width: 95.4894%; height: 145px;\" border=\"1\">\n<tbody>\n<tr>\n<td>Mat\u00e9riel<\/td>\n<td>Acier inoxydable<\/td>\n<\/tr>\n<tr>\n<td>\u00c9paisseur (mm)<\/td>\n<td>50 \u00e0 150<\/td>\n<\/tr>\n<tr>\n<td>Qualit\u00e9 du mat\u00e9riau<\/td>\n<td>SS304<\/td>\n<\/tr>\n<tr>\n<td>Capacit\u00e9 de taillage<\/td>\n<td>5 mm -100 mm<\/td>\n<\/tr>\n<tr>\n<td>Angle de pression<\/td>\n<td>20 degr\u00e9s<\/td>\n<\/tr>\n<\/tbody>\n<\/table>\n<div>\n<h2>Engrenages h\u00e9lico\u00efdaux doubles en acier au carbone de qualit\u00e9 sup\u00e9rieure de FMP<\/h2>\n<p class=\"break-words\">Acier au carbone double <a href=\"https:\/\/fmp-components.com\/fr\/helical-gears\/\">Engrenages h\u00e9lico\u00efdaux<\/a> sont des composants hautes performances appr\u00e9ci\u00e9s pour leur capacit\u00e9 \u00e0 assurer une transmission de puissance fluide et efficace dans les applications industrielles exigeantes. R\u00e9put\u00e9s pour leur forte co\u00efncidence, leur faible charge axiale, leur capacit\u00e9 de charge accrue et leur fonctionnement stable, ces engrenages garantissent des performances fiables m\u00eame sous de fortes charges, ce qui les rend id\u00e9aux pour des secteurs tels que la fabrication, l'exploitation mini\u00e8re et la production d'\u00e9nergie. Chez FMP Company, nous sommes sp\u00e9cialis\u00e9s dans la production d'une large gamme d'engrenages doubles h\u00e9lico\u00efdaux en acier au carbone, exploitant nos capacit\u00e9s de fabrication avanc\u00e9es pour r\u00e9pondre aux normes de pr\u00e9cision et de durabilit\u00e9 les plus strictes. Nos engrenages sont fabriqu\u00e9s selon des m\u00e9thodes g\u00e9n\u00e9ratives de pointe pour ma\u00eetriser la complexit\u00e9 de l'usinage des engrenages doubles h\u00e9lico\u00efdaux, garantissant une qualit\u00e9 constante malgr\u00e9 les difficult\u00e9s que les m\u00e9thodes de fraisage ou de taillage ne permettent pas toujours de r\u00e9soudre. Fort de plus de dix ans d'exp\u00e9rience dans le secteur, FMP est votre partenaire de confiance pour des solutions d'engrenages durables et de pr\u00e9cision.<\/p>\n<h3>Solutions personnalis\u00e9es et assistance experte<\/h3>\n<p class=\"break-words\">Chez FMP, nous savons que chaque projet exige des sp\u00e9cifications uniques. C'est pourquoi nous proposons la fabrication sur mesure d'engrenages doubles h\u00e9lico\u00efdaux en acier au carbone. Que vous recherchiez une taille, une conception ou un mat\u00e9riau sp\u00e9cifique, nos ing\u00e9nieurs qualifi\u00e9s sont pr\u00eats \u00e0 vous proposer des solutions sur mesure qui r\u00e9pondent pr\u00e9cis\u00e9ment \u00e0 vos besoins. Si vous ne trouvez pas le mod\u00e8le que vous recherchez dans notre liste de produits, ne vous d\u00e9couragez pas\u00a0; cela signifie simplement que nous ne l'avons pas encore r\u00e9pertori\u00e9. Nous vous invitons chaleureusement \u00e0 nous contacter par e-mail pour nous faire part de vos besoins. Notre \u00e9quipe d'ing\u00e9nieurs d\u00e9di\u00e9e vous r\u00e9pondra dans les plus brefs d\u00e9lais. <strong>24 heures<\/strong> Pour discuter de la mani\u00e8re dont nous pouvons vous aider. Fort d'une riche exp\u00e9rience dans le secteur et d'un engagement envers la satisfaction client, FMP vous garantit des \u00e9quipements de qualit\u00e9 sup\u00e9rieure et un service client exceptionnel \u00e0 des prix comp\u00e9titifs. Contactez-nous d\u00e8s aujourd'hui pour vos commandes personnalis\u00e9es ou vos demandes de vente en gros\u00a0!<\/p>\n<\/div>\n<\/div>","protected":false},"excerpt":{"rendered":"<p>Product Specification Material Stainless Steel Thickness (mm) 50 to 150 Material Grade SS304 Hobbing Capacity 5 mm -100 mm Pressure Angle 20 Degree Premium Carbon Steel Double Helical Gears from FMP Carbon Steel Double Helical Gears are high-performance components prized for their ability to deliver smooth, efficient power transmission in demanding industrial applications. Known for [&hellip;]<\/p>","protected":false},"featured_media":4583,"comment_status":"open","ping_status":"closed","template":"","meta":{"_et_pb_use_builder":"","_et_pb_old_content":"","_et_gb_content_width":""},"product_brand":[],"product_cat":[108],"product_tag":[],"class_list":{"0":"post-7345","1":"product","2":"type-product","3":"status-publish","4":"has-post-thumbnail","6":"product_cat-helical-gear","8":"first","9":"instock","10":"shipping-taxable","11":"product-type-simple"},"_links":{"self":[{"href":"https:\/\/fmp-components.com\/fr\/wp-json\/wp\/v2\/product\/7345","targetHints":{"allow":["GET"]}}],"collection":[{"href":"https:\/\/fmp-components.com\/fr\/wp-json\/wp\/v2\/product"}],"about":[{"href":"https:\/\/fmp-components.com\/fr\/wp-json\/wp\/v2\/types\/product"}],"replies":[{"embeddable":true,"href":"https:\/\/fmp-components.com\/fr\/wp-json\/wp\/v2\/comments?post=7345"}],"wp:featuredmedia":[{"embeddable":true,"href":"https:\/\/fmp-components.com\/fr\/wp-json\/wp\/v2\/media\/4583"}],"wp:attachment":[{"href":"https:\/\/fmp-components.com\/fr\/wp-json\/wp\/v2\/media?parent=7345"}],"wp:term":[{"taxonomy":"product_brand","embeddable":true,"href":"https:\/\/fmp-components.com\/fr\/wp-json\/wp\/v2\/product_brand?post=7345"},{"taxonomy":"product_cat","embeddable":true,"href":"https:\/\/fmp-components.com\/fr\/wp-json\/wp\/v2\/product_cat?post=7345"},{"taxonomy":"product_tag","embeddable":true,"href":"https:\/\/fmp-components.com\/fr\/wp-json\/wp\/v2\/product_tag?post=7345"}],"curies":[{"name":"wp","href":"https:\/\/api.w.org\/{rel}","templated":true}]}}