{"id":7344,"date":"2025-03-23T08:16:42","date_gmt":"2025-03-23T08:16:42","guid":{"rendered":"https:\/\/fmp-components.com\/?post_type=product&#038;p=7344"},"modified":"2025-03-26T08:46:39","modified_gmt":"2025-03-26T08:46:39","slug":"industrial-double-helical-gears","status":"publish","type":"product","link":"https:\/\/fmp-components.com\/fr\/product\/industrial-double-helical-gears\/","title":{"rendered":"Engrenages \u00e0 double h\u00e9lice industriels"},"content":{"rendered":"<div>\n<h2>Engrenages h\u00e9lico\u00efdaux doubles industriels haut de gamme de FMP<\/h2>\n<p class=\"break-words\">Les engrenages \u00e0 double denture h\u00e9lico\u00efdale industrielle sont des composants essentiels des machines lourdes, appr\u00e9ci\u00e9s pour leur capacit\u00e9 \u00e0 transmettre un couple \u00e9lev\u00e9 avec une fluidit\u00e9 exceptionnelle et un niveau sonore minimal. Contrairement aux engrenages droits plus simples, leur denture en V les rend plus complexes et plus co\u00fbteux \u00e0 produire, mais le r\u00e9sultat est une performance in\u00e9gal\u00e9e dans les applications les plus exigeantes. De l'entra\u00eenement des grues et des pompes \u00e0 fluides \u00e0 la propulsion des navires militaires, ces engrenages excellent l\u00e0 o\u00f9 le silence de fonctionnement et la r\u00e9duction des vibrations sont primordiaux. Chez FMP Company, nous sommes fiers d'\u00eatre l'un des leaders dans le domaine des engrenages \u00e0 double denture h\u00e9lico\u00efdale. <a href=\"https:\/\/fmp-components.com\/fr\/helical-gears\/\">engrenage h\u00e9lico\u00efdal<\/a> Fabricants en Chine, nous proposons une gamme vari\u00e9e d'engrenages de haute qualit\u00e9. Nos capacit\u00e9s de production avanc\u00e9es nous permettent de fabriquer des engrenages d'un diam\u00e8tre ext\u00e9rieur maximal de 1\u00a0370\u00a0mm (54\u00a0pouces) et d'une largeur de face totale de 250\u00a0mm (10\u00a0pouces) avec un angle d'h\u00e9lice de 30\u00b0, garantissant pr\u00e9cision et durabilit\u00e9 pour vos applications les plus exigeantes.<\/p>\n<h3>Solutions personnalis\u00e9es et assistance experte<\/h3>\n<p class=\"break-words\">Forte d'une expertise de plus de dix ans, FMP Company s'impose comme un fournisseur de confiance d'engrenages h\u00e9lico\u00efdaux doubles industriels en Chine, proposant des solutions standard et sur mesure \u00e0 des prix comp\u00e9titifs. Notre usine est \u00e9quip\u00e9e d'une large gamme de fraises \u00e0 pas et nous acceptons les commandes personnalis\u00e9es pour r\u00e9pondre \u00e0 vos sp\u00e9cifications uniques, que ce soit pour des applications industrielles, militaires ou sp\u00e9cialis\u00e9es. Vous ne trouvez pas le mod\u00e8le exact dont vous avez besoin dans notre catalogue\u00a0? Cela signifie simplement que nous n'avons pas encore eu l'occasion de l'ajouter\u00a0! Envoyez-nous simplement un e-mail avec vos besoins, et nos ing\u00e9nieurs d\u00e9di\u00e9s vous r\u00e9pondront sous 24\u00a0heures avec une assistance personnalis\u00e9e. Chez FMP, l'excellence est notre priorit\u00e9, faisant de nous votre partenaire privil\u00e9gi\u00e9 pour des engrenages h\u00e9lico\u00efdaux doubles haut de gamme et un service client exceptionnel. Contactez-nous d\u00e8s aujourd'hui pour toute demande de renseignements concernant la vente en gros ou des solutions d'engrenages personnalis\u00e9es\u00a0!<\/p>\n<\/div>\n<h2>Sp\u00e9cifications du produit<\/h2>\n<div class=\"table-responsive\">\n<table class=\"table\" style=\"width: 97.2464%; height: 208px;\" border=\"1\">\n<tbody>\n<tr style=\"height: 26px;\">\n<td style=\"height: 26px;\">Type d'engrenage<\/td>\n<td style=\"height: 26px;\">chevrons<\/td>\n<\/tr>\n<tr style=\"height: 26px;\">\n<td style=\"height: 26px;\">Utilisation\/Application<\/td>\n<td style=\"height: 26px;\">Industriel<\/td>\n<\/tr>\n<tr style=\"height: 26px;\">\n<td style=\"height: 26px;\">Forme de la dent<\/td>\n<td style=\"height: 26px;\">chevrons<\/td>\n<\/tr>\n<tr style=\"height: 26px;\">\n<td style=\"height: 26px;\">Mat\u00e9riel<\/td>\n<td style=\"height: 26px;\">Personnalis\u00e9<\/td>\n<\/tr>\n<tr style=\"height: 26px;\">\n<td style=\"height: 26px;\">Forme<\/td>\n<td style=\"height: 26px;\">Rond<\/td>\n<\/tr>\n<tr style=\"height: 26px;\">\n<td style=\"height: 26px;\">Capacit\u00e9<\/td>\n<td style=\"height: 26px;\">Personnalis\u00e9<\/td>\n<\/tr>\n<tr style=\"height: 26px;\">\n<td style=\"height: 26px;\">Diam\u00e8tre<\/td>\n<td style=\"height: 26px;\">Personnalis\u00e9<\/td>\n<\/tr>\n<tr style=\"height: 26px;\">\n<td style=\"height: 26px;\">Taille<\/td>\n<td style=\"height: 26px;\">Personnalis\u00e9<\/td>\n<\/tr>\n<\/tbody>\n<\/table>\n<\/div>","protected":false},"excerpt":{"rendered":"<p>Les engrenages h\u00e9lico\u00efdaux doubles industriels haut de gamme de FMP sont des composants essentiels des machines lourdes, appr\u00e9ci\u00e9s pour leur capacit\u00e9 \u00e0 transmettre un couple \u00e9lev\u00e9 avec une fluidit\u00e9 exceptionnelle et un niveau sonore minimal. Contrairement aux engrenages droits plus simples, leur denture en V les rend plus complexes et plus co\u00fbteux \u00e0 produire, mais le r\u00e9sultat est une performance in\u00e9gal\u00e9e dans les applications les plus exigeantes.<\/p>","protected":false},"featured_media":4592,"comment_status":"open","ping_status":"closed","template":"","meta":{"_et_pb_use_builder":"","_et_pb_old_content":"","_et_gb_content_width":""},"product_brand":[],"product_cat":[108],"product_tag":[],"class_list":{"0":"post-7344","1":"product","2":"type-product","3":"status-publish","4":"has-post-thumbnail","6":"product_cat-helical-gear","8":"first","9":"instock","10":"shipping-taxable","11":"product-type-simple"},"_links":{"self":[{"href":"https:\/\/fmp-components.com\/fr\/wp-json\/wp\/v2\/product\/7344","targetHints":{"allow":["GET"]}}],"collection":[{"href":"https:\/\/fmp-components.com\/fr\/wp-json\/wp\/v2\/product"}],"about":[{"href":"https:\/\/fmp-components.com\/fr\/wp-json\/wp\/v2\/types\/product"}],"replies":[{"embeddable":true,"href":"https:\/\/fmp-components.com\/fr\/wp-json\/wp\/v2\/comments?post=7344"}],"wp:featuredmedia":[{"embeddable":true,"href":"https:\/\/fmp-components.com\/fr\/wp-json\/wp\/v2\/media\/4592"}],"wp:attachment":[{"href":"https:\/\/fmp-components.com\/fr\/wp-json\/wp\/v2\/media?parent=7344"}],"wp:term":[{"taxonomy":"product_brand","embeddable":true,"href":"https:\/\/fmp-components.com\/fr\/wp-json\/wp\/v2\/product_brand?post=7344"},{"taxonomy":"product_cat","embeddable":true,"href":"https:\/\/fmp-components.com\/fr\/wp-json\/wp\/v2\/product_cat?post=7344"},{"taxonomy":"product_tag","embeddable":true,"href":"https:\/\/fmp-components.com\/fr\/wp-json\/wp\/v2\/product_tag?post=7344"}],"curies":[{"name":"wp","href":"https:\/\/api.w.org\/{rel}","templated":true}]}}