{"id":7343,"date":"2025-03-23T08:14:08","date_gmt":"2025-03-23T08:14:08","guid":{"rendered":"https:\/\/fmp-components.com\/?post_type=product&#038;p=7343"},"modified":"2025-03-26T08:46:51","modified_gmt":"2025-03-26T08:46:51","slug":"steel-double-helical-gear","status":"publish","type":"product","link":"https:\/\/fmp-components.com\/fr\/product\/steel-double-helical-gear\/","title":{"rendered":"Engrenage h\u00e9lico\u00efdal double en acier"},"content":{"rendered":"<div>\n<h2>Engrenages h\u00e9lico\u00efdaux doubles en acier de qualit\u00e9 sup\u00e9rieure de FMP<\/h2>\n<p class=\"break-words\">Les engrenages doubles h\u00e9lico\u00efdaux en acier sont des composants essentiels des machines lourdes, appr\u00e9ci\u00e9s pour leur capacit\u00e9 \u00e0 transmettre un couple \u00e9lev\u00e9 tout en minimisant le bruit et les vibrations. Ces engrenages, caract\u00e9ris\u00e9s par leurs dents en V, sont indispensables dans des secteurs tels que la sid\u00e9rurgie, la production d'\u00e9nergie et l'exploitation mini\u00e8re, o\u00f9 fiabilit\u00e9 et efficacit\u00e9 sont primordiales. Chez FMP, leader reconnu dans la fabrication d'engrenages, nous produisons une large gamme d'engrenages doubles en acier. <a href=\"https:\/\/fmp-components.com\/fr\/helical-gears\/\">Engrenages h\u00e9lico\u00efdaux<\/a> Pour r\u00e9pondre aux exigences vari\u00e9es de ces secteurs. Des mod\u00e8les standards aux conceptions sp\u00e9cialis\u00e9es, chaque engrenage est fabriqu\u00e9 avec soin \u00e0 partir d'acier de haute qualit\u00e9 et de techniques de fabrication de pointe, garantissant une pr\u00e9cision et une durabilit\u00e9 exceptionnelles, m\u00eame pour les applications les plus exigeantes.<\/p>\n<h3>Solutions personnalis\u00e9es et assistance experte<\/h3>\n<p class=\"break-words\">Chez FMP, nous savons que chaque projet a des exigences uniques. C'est pourquoi nous proposons des services de fabrication sur mesure d'engrenages doubles h\u00e9lico\u00efdaux en acier. Que vous ayez besoin d'une taille, d'un mat\u00e9riau ou d'une conception sp\u00e9cifiques, notre \u00e9quipe d'ing\u00e9nieurs qualifi\u00e9s est en mesure de cr\u00e9er une solution parfaitement adapt\u00e9e \u00e0 vos sp\u00e9cifications. Si le mod\u00e8le que vous recherchez ne figure pas dans notre liste de produits, cela signifie simplement que nous ne l'avons pas encore r\u00e9pertori\u00e9. Nous vous invitons \u00e0 nous contacter par e-mail pour nous faire part de vos besoins. Notre \u00e9quipe d\u00e9di\u00e9e vous r\u00e9pondra sous 24 heures pour discuter de la solution. Avec FMP, vous pouvez compter sur un service personnalis\u00e9 et une expertise de pointe pour vous proposer la solution d'engrenage id\u00e9ale.<\/p>\n<\/div>\n<p>Engrenage \u00e0 double h\u00e9lice en acier<\/p>\n<p>Mat\u00e9riau : SS, personnalis\u00e9<\/p>\n<p>Diam\u00e8tre : 20 mm, personnalis\u00e9<\/p>\n<h2>Sp\u00e9cifications du produit<\/h2>\n<div class=\"table-responsive\">\n<table class=\"table\" style=\"width: 99.1008%; height: 212px;\" border=\"1\">\n<tbody>\n<tr>\n<td>Type d'engrenage<\/td>\n<td>Engrenage h\u00e9lico\u00efdal<\/td>\n<\/tr>\n<tr>\n<td>Mat\u00e9riel<\/td>\n<td>SS<\/td>\n<\/tr>\n<tr>\n<td>Forme<\/td>\n<td>Rond<\/td>\n<\/tr>\n<tr>\n<td>Diam\u00e8tre<\/td>\n<td>20 mm<\/td>\n<\/tr>\n<tr>\n<td>finition de surface<\/td>\n<td>Brillant<\/td>\n<\/tr>\n<tr>\n<td>Pays d'origine<\/td>\n<td>Fabriqu\u00e9 en Chine<\/td>\n<\/tr>\n<\/tbody>\n<\/table>\n<p>&nbsp;<\/p>\n<p><img loading=\"lazy\" decoding=\"async\" class=\"size-full wp-image-4579 aligncenter\" src=\"https:\/\/fmp-components.com\/wp-content\/uploads\/2025\/01\/Steel-Double-Helical-Gear.webp\" alt=\"Engrenage h\u00e9lico\u00efdal double en acier\" width=\"800\" height=\"800\" title=\"\" srcset=\"https:\/\/fmp-components.com\/wp-content\/uploads\/2025\/01\/Steel-Double-Helical-Gear.webp 800w, https:\/\/fmp-components.com\/wp-content\/uploads\/2025\/01\/Steel-Double-Helical-Gear-480x480.webp 480w\" sizes=\"(min-width: 0px) and (max-width: 480px) 480px, (min-width: 481px) 800px, 100vw\" \/><\/p>\n<\/div>","protected":false},"excerpt":{"rendered":"<p>Premium Steel Double Helical Gears from FMP Steel Double Helical Gears are vital components in heavy-duty machinery, prized for their ability to transmit high torque while minimizing noise and vibration. These gears, distinguished by their V-shaped teeth, are indispensable in industries such as steel manufacturing, power generation, and mining, where reliability and efficiency are critical. [&hellip;]<\/p>","protected":false},"featured_media":4579,"comment_status":"open","ping_status":"closed","template":"","meta":{"_et_pb_use_builder":"","_et_pb_old_content":"","_et_gb_content_width":""},"product_brand":[],"product_cat":[108],"product_tag":[],"class_list":{"0":"post-7343","1":"product","2":"type-product","3":"status-publish","4":"has-post-thumbnail","6":"product_cat-helical-gear","8":"first","9":"instock","10":"shipping-taxable","11":"product-type-simple"},"_links":{"self":[{"href":"https:\/\/fmp-components.com\/fr\/wp-json\/wp\/v2\/product\/7343","targetHints":{"allow":["GET"]}}],"collection":[{"href":"https:\/\/fmp-components.com\/fr\/wp-json\/wp\/v2\/product"}],"about":[{"href":"https:\/\/fmp-components.com\/fr\/wp-json\/wp\/v2\/types\/product"}],"replies":[{"embeddable":true,"href":"https:\/\/fmp-components.com\/fr\/wp-json\/wp\/v2\/comments?post=7343"}],"wp:featuredmedia":[{"embeddable":true,"href":"https:\/\/fmp-components.com\/fr\/wp-json\/wp\/v2\/media\/4579"}],"wp:attachment":[{"href":"https:\/\/fmp-components.com\/fr\/wp-json\/wp\/v2\/media?parent=7343"}],"wp:term":[{"taxonomy":"product_brand","embeddable":true,"href":"https:\/\/fmp-components.com\/fr\/wp-json\/wp\/v2\/product_brand?post=7343"},{"taxonomy":"product_cat","embeddable":true,"href":"https:\/\/fmp-components.com\/fr\/wp-json\/wp\/v2\/product_cat?post=7343"},{"taxonomy":"product_tag","embeddable":true,"href":"https:\/\/fmp-components.com\/fr\/wp-json\/wp\/v2\/product_tag?post=7343"}],"curies":[{"name":"wp","href":"https:\/\/api.w.org\/{rel}","templated":true}]}}