{"id":7334,"date":"2025-03-23T07:39:24","date_gmt":"2025-03-23T07:39:24","guid":{"rendered":"https:\/\/fmp-components.com\/?post_type=product&#038;p=7334"},"modified":"2025-03-26T08:47:15","modified_gmt":"2025-03-26T08:47:15","slug":"rolling-mill-double-helical-gear","status":"publish","type":"product","link":"https:\/\/fmp-components.com\/fr\/product\/rolling-mill-double-helical-gear\/","title":{"rendered":"Engrenage h\u00e9lico\u00efdal double pour laminoir"},"content":{"rendered":"<div>\n<h2 class=\"break-words\">Engrenages h\u00e9lico\u00efdaux doubles de haute qualit\u00e9 pour laminoirs FMP<\/h2>\n<p class=\"break-words\">Les engrenages doubles h\u00e9lico\u00efdaux pour laminoirs sont des composants essentiels dans l'industrie de la transformation de l'acier et des m\u00e9taux. Ils sont r\u00e9put\u00e9s pour leur capacit\u00e9 \u00e0 g\u00e9rer un couple \u00e9lev\u00e9 et \u00e0 assurer une transmission de puissance fluide et efficace. Chez FMP, nous sommes fiers de produire une grande vari\u00e9t\u00e9 d'engrenages doubles pour laminoirs. <a href=\"https:\/\/fmp-components.com\/fr\/helical-gears\/\">Engrenages h\u00e9lico\u00efdaux<\/a> Con\u00e7us pour r\u00e9pondre aux besoins vari\u00e9s de nos clients. Que vous recherchiez des mod\u00e8les standards ou des solutions sur mesure, nos engrenages sont fabriqu\u00e9s avec pr\u00e9cision \u00e0 l'aide de mat\u00e9riaux avanc\u00e9s et d'une technologie de pointe. Cela garantit une durabilit\u00e9, une fiabilit\u00e9 et des performances exceptionnelles, m\u00eame dans les conditions industrielles les plus difficiles. FMP est votre partenaire de r\u00e9f\u00e9rence pour la fabrication d'engrenages haut de gamme, adapt\u00e9s \u00e0 vos besoins sp\u00e9cifiques.<\/p>\n<\/div>\n<p><img loading=\"lazy\" decoding=\"async\" class=\"alignnone size-full wp-image-7336\" src=\"https:\/\/fmp-components.com\/wp-content\/uploads\/2025\/03\/Rolling-Mill-Double-Helical-Gear-1.webp\" alt=\"Laminoir \u00e0 double engrenage h\u00e9lico\u00efdal\" width=\"1024\" height=\"768\" title=\"\" srcset=\"https:\/\/fmp-components.com\/wp-content\/uploads\/2025\/03\/Rolling-Mill-Double-Helical-Gear-1.webp 1024w, https:\/\/fmp-components.com\/wp-content\/uploads\/2025\/03\/Rolling-Mill-Double-Helical-Gear-1-980x735.webp 980w, https:\/\/fmp-components.com\/wp-content\/uploads\/2025\/03\/Rolling-Mill-Double-Helical-Gear-1-480x360.webp 480w\" sizes=\"(min-width: 0px) and (max-width: 480px) 480px, (min-width: 481px) and (max-width: 980px) 980px, (min-width: 981px) 1024px, 100vw\" \/><\/p>\n<table class=\"table\" style=\"width: 98.8929%; height: 138px;\" border=\"1\">\n<tbody>\n<tr>\n<td>Application:<\/td>\n<td>Machines, marines, machines agricoles<\/td>\n<\/tr>\n<tr>\n<td>Duret\u00e9:<\/td>\n<td>Surface dentaire durcie<\/td>\n<\/tr>\n<tr>\n<td>Position de la vitesse :<\/td>\n<td>Engrenage externe<\/td>\n<\/tr>\n<tr>\n<td>M\u00e9thode de fabrication :<\/td>\n<td>\u00c9quipement coup\u00e9<\/td>\n<\/tr>\n<tr>\n<td>Forme de la partie dent\u00e9e :<\/td>\n<td>Engrenage \u00e0 double h\u00e9lice<\/td>\n<\/tr>\n<tr>\n<td>Mat\u00e9riel:<\/td>\n<td>42CrMo<\/td>\n<\/tr>\n<\/tbody>\n<\/table>\n<h2>Engrenages de transmission sur mesure \u2013 Engrenages h\u00e9lico\u00efdaux doubles pour laminoir<\/h2>\n<p>Engrenage \u00e0 double h\u00e9lice pour laminoir<br \/>\nEngrenages de transmission personnalis\u00e9s<\/p>\n<div class=\"table-responsive\">\n<table class=\"table\" style=\"width: 99.8919%; height: 196px;\" border=\"1\">\n<tbody>\n<tr>\n<td>Module<\/td>\n<td>Sur mesure<\/td>\n<\/tr>\n<tr>\n<td>Nombre de dents de l'engrenage<\/td>\n<td>Sur mesure<\/td>\n<\/tr>\n<tr>\n<td>Mat\u00e9riel<\/td>\n<td>42CrMo<\/td>\n<\/tr>\n<tr>\n<td>M\u00e9thode de fabrication des engrenages<\/td>\n<td>Fraisage ou taillage d'engrenages<\/td>\n<\/tr>\n<tr>\n<td>Traitement thermique<\/td>\n<td>Extinction \u00e0 haute fr\u00e9quence<\/td>\n<\/tr>\n<tr>\n<td>Rectification des dents d'engrenage<\/td>\n<td>Options<\/td>\n<\/tr>\n<\/tbody>\n<\/table>\n<\/div>\n<p>Mat\u00e9riau : AISI 4140\/ 42CrMo\/ SCM 440<\/p>\n<div class=\"table-responsive\">\n<table class=\"table\" style=\"width: 100.189%; height: 301px;\" border=\"1\">\n<tbody>\n<tr style=\"height: 47px;\">\n<td style=\"height: 47px; width: 41.5825%;\">COMPARAISON DES NUANCES DES CODES D'ACIER<\/td>\n<td style=\"height: 47px; width: 12.4579%;\"><\/td>\n<td style=\"height: 47px; width: 11.9529%;\"><\/td>\n<td style=\"height: 47px; width: 7.23906%;\"><\/td>\n<td style=\"height: 47px; width: 11.4478%;\"><\/td>\n<td style=\"height: 47px; width: 70.5387%;\"><\/td>\n<\/tr>\n<tr style=\"height: 23px;\">\n<td style=\"height: 23px; width: 41.5825%;\">CHINE\/GB<\/td>\n<td style=\"height: 23px; width: 12.4579%;\">ISO<\/td>\n<td style=\"height: 23px; width: 11.9529%;\">GOST<\/td>\n<td style=\"height: 23px; width: 7.23906%;\">ASTM<\/td>\n<td style=\"height: 23px; width: 11.4478%;\">JIS<\/td>\n<td style=\"height: 23px; width: 70.5387%;\">VACARME<\/td>\n<\/tr>\n<tr style=\"height: 23px;\">\n<td style=\"height: 23px; width: 41.5825%;\">45<\/td>\n<td style=\"height: 23px; width: 12.4579%;\">C45E4<\/td>\n<td style=\"height: 23px; width: 11.9529%;\">45<\/td>\n<td style=\"height: 23px; width: 7.23906%;\">1045<\/td>\n<td style=\"height: 23px; width: 11.4478%;\">S45C<\/td>\n<td style=\"height: 23px; width: 70.5387%;\">CK45<\/td>\n<\/tr>\n<tr style=\"height: 23px;\">\n<td style=\"height: 23px; width: 41.5825%;\">40Cr<\/td>\n<td style=\"height: 23px; width: 12.4579%;\">41Cr4<\/td>\n<td style=\"height: 23px; width: 11.9529%;\">40X<\/td>\n<td style=\"height: 23px; width: 7.23906%;\">5140<\/td>\n<td style=\"height: 23px; width: 11.4478%;\">SCr440<\/td>\n<td style=\"height: 23px; width: 70.5387%;\">41Cr4<\/td>\n<\/tr>\n<tr style=\"height: 23px;\">\n<td style=\"height: 23px; width: 41.5825%;\">20CrMo<\/td>\n<td style=\"height: 23px; width: 12.4579%;\">18CrMo4<\/td>\n<td style=\"height: 23px; width: 11.9529%;\">20\u0425\u041c<\/td>\n<td style=\"height: 23px; width: 7.23906%;\">4118<\/td>\n<td style=\"height: 23px; width: 11.4478%;\">SCM22<\/td>\n<td style=\"height: 23px; width: 70.5387%;\">25CrMo4<\/td>\n<\/tr>\n<tr style=\"height: 23px;\">\n<td style=\"height: 23px; width: 41.5825%;\">42CrMo<\/td>\n<td style=\"height: 23px; width: 12.4579%;\">42CrMo4<\/td>\n<td style=\"height: 23px; width: 11.9529%;\">38XM<\/td>\n<td style=\"height: 23px; width: 7.23906%;\">4140<\/td>\n<td style=\"height: 23px; width: 11.4478%;\">SCM440<\/td>\n<td style=\"height: 23px; width: 70.5387%;\">42CrMo4<\/td>\n<\/tr>\n<tr style=\"height: 23px;\">\n<td style=\"height: 23px; width: 41.5825%;\">20CrMnTi<\/td>\n<td style=\"height: 23px; width: 12.4579%;\"><\/td>\n<td style=\"height: 23px; width: 11.9529%;\">18XGT<\/td>\n<td style=\"height: 23px; width: 7.23906%;\"><\/td>\n<td style=\"height: 23px; width: 11.4478%;\">SMK22<\/td>\n<td style=\"height: 23px; width: 70.5387%;\"><\/td>\n<\/tr>\n<tr style=\"height: 23px;\">\n<td style=\"height: 23px; width: 41.5825%;\">20Cr2Ni4<\/td>\n<td style=\"height: 23px; width: 12.4579%;\"><\/td>\n<td style=\"height: 23px; width: 11.9529%;\">20X2H4A<\/td>\n<td style=\"height: 23px; width: 7.23906%;\"><\/td>\n<td style=\"height: 23px; width: 11.4478%;\"><\/td>\n<td style=\"height: 23px; width: 70.5387%;\"><\/td>\n<\/tr>\n<tr style=\"height: 23px;\">\n<td style=\"height: 23px; width: 41.5825%;\">20CrNiMo<\/td>\n<td style=\"height: 23px; width: 12.4579%;\">20CrNiMo2<\/td>\n<td style=\"height: 23px; width: 11.9529%;\">20XHM<\/td>\n<td style=\"height: 23px; width: 7.23906%;\">8720<\/td>\n<td style=\"height: 23px; width: 11.4478%;\">SNCM220<\/td>\n<td style=\"height: 23px; width: 70.5387%;\">21NiCrMo2<\/td>\n<\/tr>\n<tr style=\"height: 47px;\">\n<td style=\"height: 47px; width: 41.5825%;\">40CrNiMoA<\/td>\n<td style=\"height: 47px; width: 12.4579%;\"><\/td>\n<td style=\"height: 47px; width: 11.9529%;\">40XH2MA\/<br \/>\n40XHMA<\/td>\n<td style=\"height: 47px; width: 7.23906%;\">4340<\/td>\n<td style=\"height: 47px; width: 11.4478%;\">SNCM439<\/td>\n<td style=\"height: 47px; width: 70.5387%;\">40NiCrMo6\/<br \/>\n36NiCrMo4<\/td>\n<\/tr>\n<tr style=\"height: 23px;\">\n<td style=\"height: 23px; width: 41.5825%;\">20CrNi2Mo<\/td>\n<td style=\"height: 23px; width: 12.4579%;\">20NiCrMo7<\/td>\n<td style=\"height: 23px; width: 11.9529%;\">20XH2MA<\/td>\n<td style=\"height: 23px; width: 7.23906%;\">4320<\/td>\n<td style=\"height: 23px; width: 11.4478%;\">SNCM420<\/td>\n<td style=\"height: 23px; width: 70.5387%;\"><\/td>\n<\/tr>\n<\/tbody>\n<\/table>\n<\/div>\n<p><img loading=\"lazy\" decoding=\"async\" class=\"wp-image-7342 aligncenter\" src=\"https:\/\/fmp-components.com\/wp-content\/uploads\/2025\/03\/Rolling-Mill-Double-Helical-Gear-6.webp\" alt=\"Laminoir \u00e0 double engrenage h\u00e9lico\u00efdal 6\" width=\"952\" height=\"569\" title=\"\" srcset=\"https:\/\/fmp-components.com\/wp-content\/uploads\/2025\/03\/Rolling-Mill-Double-Helical-Gear-6.webp 400w, https:\/\/fmp-components.com\/wp-content\/uploads\/2025\/03\/Rolling-Mill-Double-Helical-Gear-6-300x179.webp 300w, https:\/\/fmp-components.com\/wp-content\/uploads\/2025\/03\/Rolling-Mill-Double-Helical-Gear-6-18x12.webp 18w\" sizes=\"(max-width: 952px) 100vw, 952px\" \/><\/p>\n<div class=\"table-responsive\">\n<h3 class=\"break-words\">Solutions personnalis\u00e9es et support d\u00e9di\u00e9<\/h3>\n<p class=\"break-words\">Chez FMP, nous comprenons que chaque projet est unique. C'est pourquoi nous proposons des services sur mesure pour vos engrenages \u00e0 double h\u00e9lice pour laminoirs, afin de r\u00e9pondre pr\u00e9cis\u00e9ment \u00e0 vos sp\u00e9cifications. Si le mod\u00e8le dont vous avez besoin ne figure pas dans notre liste de produits, pas d'inqui\u00e9tude\u00a0; cela signifie simplement que nous ne l'avons pas encore r\u00e9pertori\u00e9. Nous vous invitons \u00e0 nous contacter par e-mail pour nous faire part de vos besoins sp\u00e9cifiques. Notre \u00e9quipe d'ing\u00e9nieurs experts vous r\u00e9pondra sous 24\u00a0heures. Fort d'un engagement fort envers la satisfaction client et d'une expertise de pointe, FMP vous garantit des solutions personnalis\u00e9es et de haute qualit\u00e9, r\u00e9pondant aux normes d'excellence les plus strictes. Contactez-nous d\u00e8s aujourd'hui pour d\u00e9couvrir comment nous pouvons r\u00e9pondre \u00e0 vos besoins\u00a0!<\/p>\n<table style=\"border-collapse: collapse; width: 100.432%; height: 5px;\" border=\"0\" width=\"324\" cellspacing=\"0\" cellpadding=\"0\">\n<tbody>\n<tr style=\"height: 14.40pt;\">\n<td style=\"height: 14.4pt; width: 33.9018%;\" align=\"right\" width=\"81\" height=\"24\"><img loading=\"lazy\" decoding=\"async\" class=\"size-full wp-image-7337 aligncenter\" src=\"https:\/\/fmp-components.com\/wp-content\/uploads\/2025\/03\/Rolling-Mill-Double-Helical-Gear-2.webp\" alt=\"Laminoir \u00e0 double engrenage h\u00e9lico\u00efdal\" width=\"576\" height=\"768\" title=\"\" srcset=\"https:\/\/fmp-components.com\/wp-content\/uploads\/2025\/03\/Rolling-Mill-Double-Helical-Gear-2.webp 576w, https:\/\/fmp-components.com\/wp-content\/uploads\/2025\/03\/Rolling-Mill-Double-Helical-Gear-2-480x640.webp 480w\" sizes=\"(min-width: 0px) and (max-width: 480px) 480px, (min-width: 481px) 576px, 100vw\" \/><\/td>\n<td style=\"width: 32.7293%;\" align=\"right\" width=\"81\"><img loading=\"lazy\" decoding=\"async\" class=\"size-full wp-image-7338 aligncenter\" src=\"https:\/\/fmp-components.com\/wp-content\/uploads\/2025\/03\/Rolling-Mill-Double-Helical-Gear-3.webp\" alt=\"Laminoir \u00e0 double engrenage h\u00e9lico\u00efdal\" width=\"576\" height=\"768\" title=\"\" srcset=\"https:\/\/fmp-components.com\/wp-content\/uploads\/2025\/03\/Rolling-Mill-Double-Helical-Gear-3.webp 576w, https:\/\/fmp-components.com\/wp-content\/uploads\/2025\/03\/Rolling-Mill-Double-Helical-Gear-3-480x640.webp 480w\" sizes=\"(min-width: 0px) and (max-width: 480px) 480px, (min-width: 481px) 576px, 100vw\" \/><\/td>\n<td style=\"width: 33.1557%;\" align=\"right\" width=\"81\"><img loading=\"lazy\" decoding=\"async\" class=\"size-full wp-image-7339 aligncenter\" src=\"https:\/\/fmp-components.com\/wp-content\/uploads\/2025\/03\/Rolling-Mill-Double-Helical-Gear-4.webp\" alt=\"Laminoir \u00e0 double engrenage h\u00e9lico\u00efdal\" width=\"576\" height=\"768\" title=\"\" srcset=\"https:\/\/fmp-components.com\/wp-content\/uploads\/2025\/03\/Rolling-Mill-Double-Helical-Gear-4.webp 576w, https:\/\/fmp-components.com\/wp-content\/uploads\/2025\/03\/Rolling-Mill-Double-Helical-Gear-4-480x640.webp 480w\" sizes=\"(min-width: 0px) and (max-width: 480px) 480px, (min-width: 481px) 576px, 100vw\" \/><\/td>\n<\/tr>\n<\/tbody>\n<\/table>\n<\/div>","protected":false},"excerpt":{"rendered":"<p>High-Quality Rolling Mill Double Helical Gears from FMP Rolling Mill Double Helical Gears are essential components in the steel and metal processing industry, renowned for their ability to manage high torque and ensure smooth, efficient power transmission. At FMP, we take pride in producing a wide variety of Rolling Mill Double Helical Gears designed to [&hellip;]<\/p>","protected":false},"featured_media":4578,"comment_status":"open","ping_status":"closed","template":"","meta":{"_et_pb_use_builder":"","_et_pb_old_content":"","_et_gb_content_width":""},"product_brand":[],"product_cat":[108],"product_tag":[],"class_list":{"0":"post-7334","1":"product","2":"type-product","3":"status-publish","4":"has-post-thumbnail","6":"product_cat-helical-gear","8":"first","9":"instock","10":"shipping-taxable","11":"product-type-simple"},"_links":{"self":[{"href":"https:\/\/fmp-components.com\/fr\/wp-json\/wp\/v2\/product\/7334","targetHints":{"allow":["GET"]}}],"collection":[{"href":"https:\/\/fmp-components.com\/fr\/wp-json\/wp\/v2\/product"}],"about":[{"href":"https:\/\/fmp-components.com\/fr\/wp-json\/wp\/v2\/types\/product"}],"replies":[{"embeddable":true,"href":"https:\/\/fmp-components.com\/fr\/wp-json\/wp\/v2\/comments?post=7334"}],"wp:featuredmedia":[{"embeddable":true,"href":"https:\/\/fmp-components.com\/fr\/wp-json\/wp\/v2\/media\/4578"}],"wp:attachment":[{"href":"https:\/\/fmp-components.com\/fr\/wp-json\/wp\/v2\/media?parent=7334"}],"wp:term":[{"taxonomy":"product_brand","embeddable":true,"href":"https:\/\/fmp-components.com\/fr\/wp-json\/wp\/v2\/product_brand?post=7334"},{"taxonomy":"product_cat","embeddable":true,"href":"https:\/\/fmp-components.com\/fr\/wp-json\/wp\/v2\/product_cat?post=7334"},{"taxonomy":"product_tag","embeddable":true,"href":"https:\/\/fmp-components.com\/fr\/wp-json\/wp\/v2\/product_tag?post=7334"}],"curies":[{"name":"wp","href":"https:\/\/api.w.org\/{rel}","templated":true}]}}