{"id":7332,"date":"2025-03-23T07:37:55","date_gmt":"2025-03-23T07:37:55","guid":{"rendered":"https:\/\/fmp-components.com\/?post_type=product&#038;p=7332"},"modified":"2025-03-26T08:47:29","modified_gmt":"2025-03-26T08:47:29","slug":"industrial-alloy-steel-double-helical-gears","status":"publish","type":"product","link":"https:\/\/fmp-components.com\/fr\/product\/industrial-alloy-steel-double-helical-gears\/","title":{"rendered":"Engrenages h\u00e9lico\u00efdaux doubles en acier alli\u00e9 industriel"},"content":{"rendered":"<div>Chez FMP Company, nous sommes fiers de fabriquer une grande vari\u00e9t\u00e9 de doubles tubes en acier alli\u00e9. <a href=\"https:\/\/fmp-components.com\/fr\/helical-gears\/\">Engrenages h\u00e9lico\u00efdaux<\/a>Con\u00e7us pour offrir pr\u00e9cision et durabilit\u00e9 dans diverses applications industrielles. Que vous recherchiez des mod\u00e8les standards ou des pi\u00e8ces uniques, nous acceptons volontiers les commandes personnalis\u00e9es pour r\u00e9pondre pr\u00e9cis\u00e9ment \u00e0 vos sp\u00e9cifications. Vous ne trouvez pas le mod\u00e8le que vous recherchez dans notre liste de produits\u00a0? Pas d'inqui\u00e9tude, cela signifie simplement que nous n'avons pas encore mis \u00e0 jour notre catalogue en ligne. Envoyez-nous simplement un e-mail avec vos besoins et nos ing\u00e9nieurs qualifi\u00e9s vous r\u00e9pondront sous 24\u00a0heures avec une solution sur mesure. Laissez-nous vous aider \u00e0 trouver l'\u00e9quipement id\u00e9al pour votre projet\u00a0!<\/div>\n<div><\/div>\n<table class=\"table\" style=\"width: 101.013%; height: 165px;\" border=\"1\">\n<tbody>\n<tr>\n<td style=\"width: 38.6592%;\">Type d'engrenage<\/td>\n<td style=\"width: 60.6704%;\">Double h\u00e9lice<\/td>\n<\/tr>\n<tr>\n<td style=\"width: 38.6592%;\">Utilisation\/Application<\/td>\n<td style=\"width: 60.6704%;\">Industriel<\/td>\n<\/tr>\n<tr>\n<td style=\"width: 38.6592%;\">Forme de la dent<\/td>\n<td style=\"width: 60.6704%;\">Double<\/td>\n<\/tr>\n<tr>\n<td style=\"width: 38.6592%;\">Mat\u00e9riel<\/td>\n<td style=\"width: 60.6704%;\">Acier alli\u00e9<\/td>\n<\/tr>\n<tr>\n<td style=\"width: 38.6592%;\">Forme<\/td>\n<td style=\"width: 60.6704%;\">Rond<\/td>\n<\/tr>\n<tr>\n<td style=\"width: 38.6592%;\">Quantit\u00e9 minimale de commande<\/td>\n<td style=\"width: 60.6704%;\">1<\/td>\n<\/tr>\n<\/tbody>\n<\/table>\n<p><img loading=\"lazy\" decoding=\"async\" class=\"alignnone size-full wp-image-7333\" src=\"https:\/\/fmp-components.com\/wp-content\/uploads\/2025\/03\/double-helical-gear-.webp\" alt=\"engrenage \u00e0 double h\u00e9lice\" width=\"1000\" height=\"929\" title=\"\" srcset=\"https:\/\/fmp-components.com\/wp-content\/uploads\/2025\/03\/double-helical-gear-.webp 1000w, https:\/\/fmp-components.com\/wp-content\/uploads\/2025\/03\/double-helical-gear--980x910.webp 980w, https:\/\/fmp-components.com\/wp-content\/uploads\/2025\/03\/double-helical-gear--480x446.webp 480w\" sizes=\"(min-width: 0px) and (max-width: 480px) 480px, (min-width: 481px) and (max-width: 980px) 980px, (min-width: 981px) 1000px, 100vw\" \/><\/p>","protected":false},"excerpt":{"rendered":"<p>At FMP Company, we take pride in manufacturing a wide variety of Alloy Steel Double Helical Gears, crafted to deliver precision and durability for diverse industrial applications. Whether you need standard designs or something unique, we gladly accept custom orders to meet your exact specifications. Can\u2019t find the specific model you\u2019re looking for in our [&hellip;]<\/p>","protected":false},"featured_media":4591,"comment_status":"open","ping_status":"closed","template":"","meta":{"_et_pb_use_builder":"","_et_pb_old_content":"","_et_gb_content_width":""},"product_brand":[],"product_cat":[108],"product_tag":[],"class_list":{"0":"post-7332","1":"product","2":"type-product","3":"status-publish","4":"has-post-thumbnail","6":"product_cat-helical-gear","8":"first","9":"instock","10":"shipping-taxable","11":"product-type-simple"},"_links":{"self":[{"href":"https:\/\/fmp-components.com\/fr\/wp-json\/wp\/v2\/product\/7332","targetHints":{"allow":["GET"]}}],"collection":[{"href":"https:\/\/fmp-components.com\/fr\/wp-json\/wp\/v2\/product"}],"about":[{"href":"https:\/\/fmp-components.com\/fr\/wp-json\/wp\/v2\/types\/product"}],"replies":[{"embeddable":true,"href":"https:\/\/fmp-components.com\/fr\/wp-json\/wp\/v2\/comments?post=7332"}],"wp:featuredmedia":[{"embeddable":true,"href":"https:\/\/fmp-components.com\/fr\/wp-json\/wp\/v2\/media\/4591"}],"wp:attachment":[{"href":"https:\/\/fmp-components.com\/fr\/wp-json\/wp\/v2\/media?parent=7332"}],"wp:term":[{"taxonomy":"product_brand","embeddable":true,"href":"https:\/\/fmp-components.com\/fr\/wp-json\/wp\/v2\/product_brand?post=7332"},{"taxonomy":"product_cat","embeddable":true,"href":"https:\/\/fmp-components.com\/fr\/wp-json\/wp\/v2\/product_cat?post=7332"},{"taxonomy":"product_tag","embeddable":true,"href":"https:\/\/fmp-components.com\/fr\/wp-json\/wp\/v2\/product_tag?post=7332"}],"curies":[{"name":"wp","href":"https:\/\/api.w.org\/{rel}","templated":true}]}}