{"id":7326,"date":"2025-03-23T07:03:25","date_gmt":"2025-03-23T07:03:25","guid":{"rendered":"https:\/\/fmp-components.com\/?post_type=product&#038;p=7326"},"modified":"2025-03-26T08:47:52","modified_gmt":"2025-03-26T08:47:52","slug":"aircraft-double-helical-gear","status":"publish","type":"product","link":"https:\/\/fmp-components.com\/fr\/product\/aircraft-double-helical-gear\/","title":{"rendered":"Engrenage h\u00e9lico\u00efdal double pour avion"},"content":{"rendered":"<p><img loading=\"lazy\" decoding=\"async\" class=\"alignnone size-full wp-image-7327\" src=\"https:\/\/fmp-components.com\/wp-content\/uploads\/2025\/03\/Aircraft-Double-Helical-Gear-1.webp\" alt=\"Avion \u00e0 engrenages doubles h\u00e9lico\u00efdaux\" width=\"1214\" height=\"736\" title=\"\" srcset=\"https:\/\/fmp-components.com\/wp-content\/uploads\/2025\/03\/Aircraft-Double-Helical-Gear-1.webp 1214w, https:\/\/fmp-components.com\/wp-content\/uploads\/2025\/03\/Aircraft-Double-Helical-Gear-1-980x594.webp 980w, https:\/\/fmp-components.com\/wp-content\/uploads\/2025\/03\/Aircraft-Double-Helical-Gear-1-480x291.webp 480w\" sizes=\"(min-width: 0px) and (max-width: 480px) 480px, (min-width: 481px) and (max-width: 980px) 980px, (min-width: 981px) 1214px, 100vw\" \/><\/p>\n<p>Dimensions : \u03a63 mm - \u03a6120 mm<br \/>\nModule : M0.2<br \/>\nType de mat\u00e9riau : M\u00e9tal selon les exigences du client<\/p>\n<div class=\"table-responsive\">\n<table class=\"table\" style=\"width: 101.086%; height: 352px;\" border=\"1\">\n<tbody>\n<tr>\n<td colspan=\"2\">Engrenage h\u00e9lico\u00efdal double pour avion<\/td>\n<\/tr>\n<tr>\n<td>Dimension<\/td>\n<td>\u03a68 mm<\/td>\n<\/tr>\n<tr>\n<td>Module<\/td>\n<td>M0.15-M2.0<\/td>\n<\/tr>\n<tr>\n<td>Type de mat\u00e9riau<\/td>\n<td>M\u00e9tal, bronze, acier, alliage, POM, zinc, aluminium, fer, acier inoxydable, laiton, cuivre<\/td>\n<\/tr>\n<tr>\n<td>Grade de maillage<\/td>\n<td>ISO6, JGMA 1, JIS 6, AGMA 13, DIN 6, Din5, AGMA12<\/td>\n<\/tr>\n<tr>\n<td>Application<\/td>\n<td>Automobile, Militaire, A\u00e9ronautique, M\u00e9canique, Industrie, M\u00e9dical<\/td>\n<\/tr>\n<tr>\n<td>Personnalis\u00e9<\/td>\n<td>ODM\/OEM<\/td>\n<\/tr>\n<tr>\n<td>\u00c9chantillon<\/td>\n<td>\u00c9chantillon disponible<\/td>\n<\/tr>\n<tr>\n<td>Modes d'emballage<\/td>\n<td>Emball\u00e9 sous vide avec plateau en plastique<\/td>\n<\/tr>\n<tr>\n<td>Modes de livraison<\/td>\n<td>DHL et UPS<\/td>\n<\/tr>\n<tr>\n<td>Certificat<\/td>\n<td>ISO 9001:2008\/TS16949<\/td>\n<\/tr>\n<\/tbody>\n<\/table>\n<div>Chez FMP Company, nous fabriquons fi\u00e8rement une large gamme de doubles avions <a href=\"https:\/\/fmp-components.com\/fr\/helical-gears\/\">Engrenages h\u00e9lico\u00efdaux<\/a>Con\u00e7us pour r\u00e9pondre aux divers besoins de l'industrie a\u00e9ronautique. Que vous recherchiez des mod\u00e8les standards ou des solutions sp\u00e9cialis\u00e9es, nous proposons \u00e9galement des commandes personnalis\u00e9es adapt\u00e9es \u00e0 vos besoins sp\u00e9cifiques. Si vous ne trouvez pas le mod\u00e8le exact dont vous avez besoin dans notre liste de produits, pas d'inqui\u00e9tude\u00a0; cela signifie simplement que nous ne l'avons pas encore mis en ligne. Veuillez nous envoyer vos sp\u00e9cifications par e-mail\u00a0; nos ing\u00e9nieurs experts vous r\u00e9pondront sous 24\u00a0heures pour vous aider \u00e0 trouver une solution.<\/div>\n<p><img loading=\"lazy\" decoding=\"async\" class=\"wp-image-7328 aligncenter\" src=\"https:\/\/fmp-components.com\/wp-content\/uploads\/2025\/03\/Aircraft-Double-Helical-Gear-2.webp\" alt=\"Avion \u00e0 engrenages doubles h\u00e9lico\u00efdaux\" width=\"952\" height=\"213\" title=\"\" srcset=\"https:\/\/fmp-components.com\/wp-content\/uploads\/2025\/03\/Aircraft-Double-Helical-Gear-2.webp 952w, https:\/\/fmp-components.com\/wp-content\/uploads\/2025\/03\/Aircraft-Double-Helical-Gear-2-480x108.webp 480w\" sizes=\"(min-width: 0px) and (max-width: 480px) 480px, (min-width: 481px) 952px, 100vw\" \/><\/p>\n<\/div>","protected":false},"excerpt":{"rendered":"<p>Dimension:\u03a63mm- \u03a6120mm Module: M0.2 Material Type: Metal as customer required Aircraft Double Helical Gear Dimension \u03a68mm Module M0.15-M2.0 Material Type Metal, Bronze, Steel, Alloy, POM, Zinc, Aluminum, Iron, Stainless, Brass, Copper Meshing Grade ISO6, JGMA 1, JIS 6, AGMA 13, DIN 6,Din5,AGMA12 Application Automotive, Military, Aircraft, Mechanical, industrial, Medical Customized ODM\/OEM Sample Sample available Modes [&hellip;]<\/p>","protected":false},"featured_media":4580,"comment_status":"open","ping_status":"closed","template":"","meta":{"_et_pb_use_builder":"","_et_pb_old_content":"","_et_gb_content_width":""},"product_brand":[],"product_cat":[108],"product_tag":[],"class_list":{"0":"post-7326","1":"product","2":"type-product","3":"status-publish","4":"has-post-thumbnail","6":"product_cat-helical-gear","8":"first","9":"instock","10":"shipping-taxable","11":"product-type-simple"},"_links":{"self":[{"href":"https:\/\/fmp-components.com\/fr\/wp-json\/wp\/v2\/product\/7326","targetHints":{"allow":["GET"]}}],"collection":[{"href":"https:\/\/fmp-components.com\/fr\/wp-json\/wp\/v2\/product"}],"about":[{"href":"https:\/\/fmp-components.com\/fr\/wp-json\/wp\/v2\/types\/product"}],"replies":[{"embeddable":true,"href":"https:\/\/fmp-components.com\/fr\/wp-json\/wp\/v2\/comments?post=7326"}],"wp:featuredmedia":[{"embeddable":true,"href":"https:\/\/fmp-components.com\/fr\/wp-json\/wp\/v2\/media\/4580"}],"wp:attachment":[{"href":"https:\/\/fmp-components.com\/fr\/wp-json\/wp\/v2\/media?parent=7326"}],"wp:term":[{"taxonomy":"product_brand","embeddable":true,"href":"https:\/\/fmp-components.com\/fr\/wp-json\/wp\/v2\/product_brand?post=7326"},{"taxonomy":"product_cat","embeddable":true,"href":"https:\/\/fmp-components.com\/fr\/wp-json\/wp\/v2\/product_cat?post=7326"},{"taxonomy":"product_tag","embeddable":true,"href":"https:\/\/fmp-components.com\/fr\/wp-json\/wp\/v2\/product_tag?post=7326"}],"curies":[{"name":"wp","href":"https:\/\/api.w.org\/{rel}","templated":true}]}}