{"id":7243,"date":"2025-03-21T01:45:53","date_gmt":"2025-03-21T01:45:53","guid":{"rendered":"https:\/\/fmp-components.com\/?post_type=product&#038;p=7243"},"modified":"2025-04-05T06:52:39","modified_gmt":"2025-04-05T06:52:39","slug":"plastic-worm-gears","status":"publish","type":"product","link":"https:\/\/fmp-components.com\/fr\/product\/plastic-worm-gears\/","title":{"rendered":"Engrenages \u00e0 vis sans fin en plastique"},"content":{"rendered":"<h2>Engrenages \u00e0 vis sans fin en plastique\u00a0: des solutions durables et personnalisables de la soci\u00e9t\u00e9 FMP<\/h2>\n<p class=\"break-words\">Les engrenages \u00e0 vis sans fin en plastique sont des composants essentiels des machines modernes, offrant une combinaison unique de durabilit\u00e9, de polyvalence et d'efficacit\u00e9. Chez FMP Company, nous sommes sp\u00e9cialis\u00e9s dans la fabrication d'engrenages en plastique de haute qualit\u00e9. <a href=\"https:\/\/fmp-components.com\/fr\/worm-gear-and-worm-shaft-2\/\">engrenages \u00e0 vis sans fin<\/a> Con\u00e7us pour r\u00e9pondre aux besoins vari\u00e9s des industries en Italie et \u00e0 l'international, nos produits, qu'il s'agisse de mod\u00e8les standard ou de solutions sur mesure, b\u00e9n\u00e9ficient de notre expertise qui vous garantit des produits fiables et adapt\u00e9s \u00e0 vos besoins.<\/p>\n<p><img loading=\"lazy\" decoding=\"async\" class=\"size-full wp-image-7245 aligncenter\" src=\"https:\/\/fmp-components.com\/wp-content\/uploads\/2025\/03\/plastic-worm-gear-2.webp\" alt=\"engrenage \u00e0 vis sans fin en plastique\" width=\"975\" height=\"762\" title=\"\" srcset=\"https:\/\/fmp-components.com\/wp-content\/uploads\/2025\/03\/plastic-worm-gear-2.webp 975w, https:\/\/fmp-components.com\/wp-content\/uploads\/2025\/03\/plastic-worm-gear-2-480x375.webp 480w\" sizes=\"(min-width: 0px) and (max-width: 480px) 480px, (min-width: 481px) 975px, 100vw\" \/><\/p>\n<div>\n<h3>Pourquoi choisir des engrenages \u00e0 vis sans fin en plastique ?<\/h3>\n<p class=\"break-words\">Les engrenages \u00e0 vis sans fin en plastique offrent des avantages distincts par rapport \u00e0 leurs homologues m\u00e9talliques, ce qui en fait un choix privil\u00e9gi\u00e9 dans diverses applications\u00a0:<\/p>\n<ul class=\"marker:text-secondary\">\n<li class=\"break-words\"><strong>Conception l\u00e9g\u00e8re<\/strong>Nettement plus l\u00e9gers que les engrenages m\u00e9talliques, les engrenages \u00e0 vis sans fin en plastique r\u00e9duisent le poids des machines, am\u00e9liorant ainsi l'efficacit\u00e9 \u00e9nerg\u00e9tique.<\/li>\n<li class=\"break-words\"><strong>Durabilit\u00e9 antirouille<\/strong>R\u00e9sistantes \u00e0 la corrosion, elles excellent dans les environnements humides ou difficiles, garantissant des performances \u00e0 long terme.<\/li>\n<li class=\"break-words\"><strong>Fonctionnement silencieux<\/strong>Leur fonctionnement silencieux minimise le bruit, ce qui est id\u00e9al pour les applications exigeant un fonctionnement silencieux, telles que les dispositifs m\u00e9dicaux ou l'\u00e9lectronique grand public.<\/li>\n<li class=\"break-words\"><strong>Production rentable<\/strong>Le moulage par injection permet une fabrication \u00e0 grande \u00e9chelle et abordable sans compromettre la qualit\u00e9.<\/li>\n<li class=\"break-words\"><strong>Propri\u00e9t\u00e9s autolubrifiantes<\/strong>Fabriqu\u00e9s \u00e0 partir de mat\u00e9riaux comme le polyac\u00e9tal (POM) et le nylon MC, ils fonctionnent souvent sans lubrification suppl\u00e9mentaire, r\u00e9duisant ainsi les besoins d'entretien.<\/li>\n<\/ul>\n<p class=\"break-words\">En Italie, des secteurs comme l'agroalimentaire, l'\u00e9lectronique grand public et le mat\u00e9riel m\u00e9dical exigent de plus en plus ces qualit\u00e9s. La l\u00e9g\u00e8ret\u00e9 et la r\u00e9sistance \u00e0 la corrosion des engrenages \u00e0 vis sans fin en plastique r\u00e9pondent parfaitement aux besoins des entreprises italiennes en qu\u00eate de solutions performantes et fiables.<\/p>\n<p><img loading=\"lazy\" decoding=\"async\" class=\"size-full wp-image-7247 aligncenter\" src=\"https:\/\/fmp-components.com\/wp-content\/uploads\/2025\/03\/plastic-worm-gear-3.webp\" alt=\"engrenage \u00e0 vis sans fin en plastique\" width=\"813\" height=\"473\" title=\"\" srcset=\"https:\/\/fmp-components.com\/wp-content\/uploads\/2025\/03\/plastic-worm-gear-3.webp 813w, https:\/\/fmp-components.com\/wp-content\/uploads\/2025\/03\/plastic-worm-gear-3-480x279.webp 480w\" sizes=\"(min-width: 0px) and (max-width: 480px) 480px, (min-width: 481px) 813px, 100vw\" \/><\/p>\n<h2>Sp\u00e9cification<\/h2>\n<table style=\"width: 100%;\" border=\"1\" width=\"100%\" cellspacing=\"0\" cellpadding=\"0\">\n<tbody>\n<tr style=\"height: 15.15pt;\">\n<td style=\"height: 15.15pt; width: 48.00pt;\" align=\"right\" width=\"80\" height=\"25\">\u00a0\u00a0<img loading=\"lazy\" decoding=\"async\" class=\"wp-image-7796 aligncenter\" src=\"https:\/\/fmp-components.com\/wp-content\/uploads\/2025\/03\/plastic-worm-gear-manufacturer.jpg\" alt=\"fabricant d&#039;engrenages \u00e0 vis sans fin en plastique\" width=\"448\" height=\"356\" title=\"\" srcset=\"https:\/\/fmp-components.com\/wp-content\/uploads\/2025\/03\/plastic-worm-gear-manufacturer.jpg 195w, https:\/\/fmp-components.com\/wp-content\/uploads\/2025\/03\/plastic-worm-gear-manufacturer-15x12.jpg 15w\" sizes=\"(max-width: 448px) 100vw, 448px\" \/><\/td>\n<td style=\"width: 48.00pt;\" align=\"right\" width=\"80\"><img loading=\"lazy\" decoding=\"async\" class=\"wp-image-7795 aligncenter\" src=\"https:\/\/fmp-components.com\/wp-content\/uploads\/2025\/03\/worm-gear-manufacturer.jpg\" alt=\"sp\u00e9cifications des engrenages \u00e0 vis sans fin en plastique\" width=\"488\" height=\"334\" title=\"\" srcset=\"https:\/\/fmp-components.com\/wp-content\/uploads\/2025\/03\/worm-gear-manufacturer.jpg 190w, https:\/\/fmp-components.com\/wp-content\/uploads\/2025\/03\/worm-gear-manufacturer-18x12.jpg 18w\" sizes=\"(max-width: 488px) 100vw, 488px\" \/><\/td>\n<\/tr>\n<tr style=\"height: 15.15pt;\">\n<td class=\"et2\" style=\"height: 15.15pt; width: 48.00pt;\" width=\"80\" height=\"25\">Taper<\/td>\n<td class=\"et3\" style=\"width: 48.00pt;\" width=\"80\">Ver<\/td>\n<\/tr>\n<tr style=\"height: 29.55pt;\">\n<td class=\"et2\" style=\"height: 29.55pt; width: 48.00pt;\" width=\"80\" height=\"49\">Module<\/td>\n<td class=\"et3\" style=\"width: 48.00pt;\" width=\"80\">M0.2 \u2013 M2.0<\/td>\n<\/tr>\n<tr style=\"height: 58.35pt;\">\n<td class=\"et2\" style=\"height: 58.35pt; width: 48.00pt;\" width=\"80\" height=\"97\">Mat\u00e9riel<\/td>\n<td class=\"et3\" style=\"width: 48.00pt;\" width=\"80\">Polyac\u00e9tal (POM) \/ Nylon<\/td>\n<\/tr>\n<tr style=\"height: 58.35pt;\">\n<td class=\"et2\" style=\"height: 58.35pt; width: 48.00pt;\" width=\"80\" height=\"97\">Al\u00e9sage<\/td>\n<td class=\"et3\" style=\"width: 48.00pt;\" width=\"80\">\u00d81,40 mm \/ \u00d81,90 mm<\/td>\n<\/tr>\n<tr style=\"height: 101.55pt;\">\n<td class=\"et2\" style=\"height: 101.55pt; width: 48.00pt;\" width=\"80\" height=\"169\">Diam\u00e8tre ext\u00e9rieur<\/td>\n<td class=\"et3\" style=\"width: 48.00pt;\" width=\"80\">\u00d84,0 mm \/ \u00d85,0 mm \/ \u00d86,0 mm (Flexible)<\/td>\n<\/tr>\n<tr style=\"height: 72.75pt;\">\n<td class=\"et2\" style=\"height: 72.75pt; width: 48.00pt;\" width=\"80\" height=\"121\">Longueur<\/td>\n<td class=\"et3\" style=\"width: 48.00pt;\" width=\"80\">6,0 mm \/ 8,5 mm \/ 10,0 mm (flexible)<\/td>\n<\/tr>\n<\/tbody>\n<\/table>\n<div><\/div>\n<div>\n<table style=\"width: 100%;\" border=\"1\" width=\"100%\" cellspacing=\"0\" cellpadding=\"0\">\n<tbody>\n<tr style=\"height: 15.15pt;\">\n<td class=\"et2\" style=\"height: 15.15pt; width: 96.00pt;\" colspan=\"2\" width=\"160\" height=\"25\"><img loading=\"lazy\" decoding=\"async\" class=\"alignnone wp-image-7797\" src=\"https:\/\/fmp-components.com\/wp-content\/uploads\/2025\/03\/plastic-worm-gear-manufacturer-1.jpg\" alt=\"engrenage \u00e0 vis sans fin en plastique\" width=\"938\" height=\"376\" title=\"\" srcset=\"https:\/\/fmp-components.com\/wp-content\/uploads\/2025\/03\/plastic-worm-gear-manufacturer-1.jpg 938w, https:\/\/fmp-components.com\/wp-content\/uploads\/2025\/03\/plastic-worm-gear-manufacturer-1-480x192.jpg 480w\" sizes=\"(min-width: 0px) and (max-width: 480px) 480px, (min-width: 481px) 938px, 100vw\" \/><\/td>\n<\/tr>\n<tr style=\"height: 55.95pt;\">\n<td class=\"et3\" style=\"height: 55.95pt; width: 48.00pt;\" width=\"80\" height=\"93\">Article<\/td>\n<td class=\"et4\" style=\"width: 48.00pt;\" width=\"80\">Engrenage M0.4*30T + vis sans fin<\/td>\n<\/tr>\n<tr style=\"height: 28.35pt;\">\n<td class=\"et3\" style=\"height: 28.35pt; width: 48.00pt;\" width=\"80\" height=\"47\">Mat\u00e9riel<\/td>\n<td class=\"et4\" style=\"width: 48.00pt;\" width=\"80\">TEPCON_M90-10<\/td>\n<\/tr>\n<tr style=\"height: 14.55pt;\">\n<td class=\"et3\" style=\"height: 14.55pt; width: 48.00pt;\" width=\"80\" height=\"24\">Module<\/td>\n<td class=\"et4\" style=\"width: 48.00pt;\" width=\"80\">M0.4<\/td>\n<\/tr>\n<tr style=\"height: 28.35pt;\">\n<td class=\"et3\" style=\"height: 28.35pt; width: 48.00pt;\" width=\"80\" height=\"47\">Nombre de dents<\/td>\n<td class=\"et4\" style=\"width: 48.00pt;\" width=\"80\">30T \/ 1T<\/td>\n<\/tr>\n<tr style=\"height: 28.35pt;\">\n<td class=\"et3\" style=\"height: 28.35pt; width: 48.00pt;\" width=\"80\" height=\"47\">Poids<\/td>\n<td class=\"et4\" style=\"width: 48.00pt;\" width=\"80\">0,75 g \/ pi\u00e8ce<\/td>\n<\/tr>\n<tr style=\"height: 55.95pt;\">\n<td class=\"et3\" style=\"height: 55.95pt; width: 48.00pt;\" width=\"80\" height=\"93\">Application<\/td>\n<td class=\"et4\" style=\"width: 48.00pt;\" width=\"80\">Cam\u00e9ra IP, moniteur, etc.<\/td>\n<\/tr>\n<\/tbody>\n<\/table>\n<\/div>\n<\/div>\n<table style=\"width: 100%;\" border=\"1\" width=\"100%\" cellspacing=\"0\" cellpadding=\"0\">\n<tbody>\n<tr style=\"height: 15.15pt;\">\n<td class=\"et2\" style=\"height: 15.15pt; width: 96.00pt;\" colspan=\"2\" width=\"160\" height=\"25\"><img loading=\"lazy\" decoding=\"async\" class=\"alignnone wp-image-7798\" src=\"https:\/\/fmp-components.com\/wp-content\/uploads\/2025\/03\/plastic-worm-gear-manufacturer-2.jpg\" alt=\"engrenage \u00e0 vis sans fin en plastique\" width=\"930\" height=\"371\" title=\"\" srcset=\"https:\/\/fmp-components.com\/wp-content\/uploads\/2025\/03\/plastic-worm-gear-manufacturer-2.jpg 930w, https:\/\/fmp-components.com\/wp-content\/uploads\/2025\/03\/plastic-worm-gear-manufacturer-2-480x191.jpg 480w\" sizes=\"(min-width: 0px) and (max-width: 480px) 480px, (min-width: 481px) 930px, 100vw\" \/><\/td>\n<\/tr>\n<tr style=\"height: 28.35pt;\">\n<td class=\"et3\" style=\"height: 28.35pt; width: 48.00pt;\" width=\"80\" height=\"47\">Article<\/td>\n<td class=\"et4\" style=\"width: 48.00pt;\" width=\"80\">Ver M0.4 RH<\/td>\n<\/tr>\n<tr style=\"height: 28.35pt;\">\n<td class=\"et3\" style=\"height: 28.35pt; width: 48.00pt;\" width=\"80\" height=\"47\">Mat\u00e9riel<\/td>\n<td class=\"et4\" style=\"width: 48.00pt;\" width=\"80\">TEPCON_M90-10<\/td>\n<\/tr>\n<tr style=\"height: 14.55pt;\">\n<td class=\"et3\" style=\"height: 14.55pt; width: 48.00pt;\" width=\"80\" height=\"24\">Module<\/td>\n<td class=\"et4\" style=\"width: 48.00pt;\" width=\"80\">M0.4<\/td>\n<\/tr>\n<tr style=\"height: 28.35pt;\">\n<td class=\"et3\" style=\"height: 28.35pt; width: 48.00pt;\" width=\"80\" height=\"47\">Nombre de dents<\/td>\n<td class=\"et4\" style=\"width: 48.00pt;\" width=\"80\">1T (RH)<\/td>\n<\/tr>\n<tr style=\"height: 28.35pt;\">\n<td class=\"et3\" style=\"height: 28.35pt; width: 48.00pt;\" width=\"80\" height=\"47\">Poids<\/td>\n<td class=\"et4\" style=\"width: 48.00pt;\" width=\"80\">0,22 g \/ pi\u00e8ce<\/td>\n<\/tr>\n<tr style=\"height: 124.95pt;\">\n<td class=\"et3\" style=\"height: 124.95pt; width: 48.00pt;\" width=\"80\" height=\"208\">Application<\/td>\n<td class=\"et4\" style=\"width: 48.00pt;\" width=\"80\">S'applique au m\u00e9canisme de r\u00e9glage du r\u00e9troviseur automobile.<\/td>\n<\/tr>\n<\/tbody>\n<\/table>\n<div><\/div>\n<div>\n<div>\n<table style=\"width: 100%;\" border=\"1\" width=\"100%\" cellspacing=\"0\" cellpadding=\"0\">\n<tbody>\n<tr style=\"height: 15.15pt;\">\n<td class=\"et2\" style=\"height: 15.15pt; width: 96.00pt;\" colspan=\"2\" width=\"160\" height=\"25\"><img loading=\"lazy\" decoding=\"async\" class=\"wp-image-7794 aligncenter\" src=\"https:\/\/fmp-components.com\/wp-content\/uploads\/2025\/03\/plastic-worm-gear-manufacturer-3.jpg\" alt=\"fabricant d&#039;engrenages \u00e0 vis sans fin en plastique\" width=\"960\" height=\"378\" title=\"\" srcset=\"https:\/\/fmp-components.com\/wp-content\/uploads\/2025\/03\/plastic-worm-gear-manufacturer-3.jpg 960w, https:\/\/fmp-components.com\/wp-content\/uploads\/2025\/03\/plastic-worm-gear-manufacturer-3-480x189.jpg 480w\" sizes=\"(min-width: 0px) and (max-width: 480px) 480px, (min-width: 481px) 960px, 100vw\" \/><\/td>\n<\/tr>\n<tr style=\"height: 55.95pt;\">\n<td class=\"et3\" style=\"height: 55.95pt; width: 48.00pt;\" width=\"80\" height=\"93\">Article<\/td>\n<td class=\"et4\" style=\"width: 48.00pt;\" width=\"80\">Vis d'engrenage et \u00e9crou<\/td>\n<\/tr>\n<tr style=\"height: 14.55pt;\">\n<td class=\"et3\" style=\"height: 14.55pt; width: 48.00pt;\" width=\"80\" height=\"24\">Mat\u00e9riel<\/td>\n<td class=\"et4\" style=\"width: 48.00pt;\" width=\"80\">ODM<\/td>\n<\/tr>\n<tr style=\"height: 14.55pt;\">\n<td class=\"et3\" style=\"height: 14.55pt; width: 48.00pt;\" width=\"80\" height=\"24\">Module<\/td>\n<td class=\"et4\" style=\"width: 48.00pt;\" width=\"80\">ODM<\/td>\n<\/tr>\n<tr style=\"height: 28.35pt;\">\n<td class=\"et3\" style=\"height: 28.35pt; width: 48.00pt;\" width=\"80\" height=\"47\">Nombre de dents<\/td>\n<td class=\"et4\" style=\"width: 48.00pt;\" width=\"80\">ODM<\/td>\n<\/tr>\n<tr style=\"height: 14.55pt;\">\n<td class=\"et3\" style=\"height: 14.55pt; width: 48.00pt;\" width=\"80\" height=\"24\">Poids<\/td>\n<td class=\"et4\" style=\"width: 48.00pt;\" width=\"80\">ODM<\/td>\n<\/tr>\n<tr style=\"height: 97.35pt;\">\n<td class=\"et3\" style=\"height: 97.35pt; width: 48.00pt;\" width=\"80\" height=\"162\">Application<\/td>\n<td class=\"et4\" style=\"width: 48.00pt;\" width=\"80\">S'applique au m\u00e9canisme de r\u00e9glage de la vanne d'eau.<\/td>\n<\/tr>\n<\/tbody>\n<\/table>\n<h2>Engrenages \u00e0 vis sans fin en plastique de FMP Company\u00a0: qualit\u00e9 et personnalisation<\/h2>\n<p class=\"break-words\">Chez FMP Company, nous sommes fiers de proposer une large gamme d'engrenages \u00e0 vis sans fin en plastique adapt\u00e9s \u00e0 diverses applications\u00a0:<\/p>\n<ul class=\"marker:text-secondary\">\n<li class=\"break-words\"><strong>Gamme de produits diversifi\u00e9e<\/strong>Notre catalogue comprend des engrenages \u00e0 vis sans fin en plastique standard avec des modules allant de 0,5 \u00e0 3 et des rapports de vitesse de 10 \u00e0 50, fabriqu\u00e9s en nylon MC ou POM de haute qualit\u00e9.<\/li>\n<li class=\"break-words\"><strong>Services de personnalisation<\/strong>Nous savons que chaque projet a ses propres exigences. Notre \u00e9quipe propose des engrenages \u00e0 vis sans fin en plastique sur mesure, adapt\u00e9s \u00e0 vos sp\u00e9cifications, garantissant ainsi des performances optimales pour votre application.<\/li>\n<li class=\"break-words\"><strong>Vous ne trouvez pas votre mod\u00e8le\u00a0?<\/strong>Si le mat\u00e9riel dont vous avez besoin n'est pas r\u00e9pertori\u00e9, ne vous inqui\u00e9tez pas\u00a0: il n'a peut-\u00eatre pas encore \u00e9t\u00e9 ajout\u00e9 \u00e0 notre catalogue de produits. Envoyez-nous simplement un courriel \u00e0 <a href=\"mailto:info@fmpcomponents.it\">info@fmpcomponents.it<\/a>\u00a0Faites-nous part de vos besoins et nos ing\u00e9nieurs vous r\u00e9pondront dans les 24 heures pour vous aider.<\/li>\n<\/ul>\n<p class=\"break-words\">Notre engagement envers la qualit\u00e9 et la flexibilit\u00e9 fait de FMP Company un partenaire de confiance pour les industries italiennes \u00e0 la recherche d'engrenages en plastique durables.<\/p>\n<p><img loading=\"lazy\" decoding=\"async\" class=\"size-full wp-image-7248 aligncenter\" src=\"https:\/\/fmp-components.com\/wp-content\/uploads\/2025\/03\/plastic-worm-gear-4.webp\" alt=\"engrenage \u00e0 vis sans fin en plastique\" width=\"760\" height=\"518\" title=\"\" srcset=\"https:\/\/fmp-components.com\/wp-content\/uploads\/2025\/03\/plastic-worm-gear-4.webp 760w, https:\/\/fmp-components.com\/wp-content\/uploads\/2025\/03\/plastic-worm-gear-4-480x327.webp 480w\" sizes=\"(min-width: 0px) and (max-width: 480px) 480px, (min-width: 481px) 760px, 100vw\" \/><\/p>\n<div>\n<h3>Excellence des mat\u00e9riaux et de la fabrication<\/h3>\n<p class=\"break-words\">Les performances des engrenages \u00e0 vis sans fin en plastique d\u00e9pendent des mat\u00e9riaux et des proc\u00e9d\u00e9s utilis\u00e9s pour leur fabrication\u00a0:<\/p>\n<ul class=\"marker:text-secondary\">\n<li class=\"break-words\"><strong>Mat\u00e9riaux de premi\u00e8re qualit\u00e9<\/strong>Nous utilisons des plastiques techniques comme le POM (polyac\u00e9tal) et le nylon MC, reconnus pour leur r\u00e9sistance, leur durabilit\u00e9 et leur capacit\u00e9 \u00e0 fonctionner sans lubrification. Pour les applications exigeantes soumises \u00e0 des variations de temp\u00e9rature ou \u00e0 des charges importantes, nous pouvons int\u00e9grer des moyeux m\u00e9talliques (par exemple, en acier S45C ou inoxydable) pour une stabilit\u00e9 accrue.<\/li>\n<li class=\"break-words\"><strong>Fabrication avanc\u00e9e<\/strong>Notre production associe un moulage par injection de pr\u00e9cision \u00e0 un usinage expert, garantissant que chaque engrenage r\u00e9ponde \u00e0 des normes de qualit\u00e9 rigoureuses. Ce proc\u00e9d\u00e9 assure durabilit\u00e9, pr\u00e9cision dimensionnelle et rentabilit\u00e9.<\/li>\n<\/ul>\n<p class=\"break-words\">Ces capacit\u00e9s nous permettent de produire des engrenages \u00e0 vis sans fin en plastique qui excellent dans le paysage industriel diversifi\u00e9 de l'Italie, des usines de transformation alimentaire c\u00f4ti\u00e8res aux fabricants d'\u00e9lectronique de haute technologie.<\/p>\n<table style=\"border-collapse: collapse; width: 104.125%; height: 59px;\" border=\"0\" width=\"160\" cellspacing=\"0\" cellpadding=\"0\">\n<tbody>\n<tr style=\"height: 14.40pt;\">\n<td style=\"height: 14.4pt; width: 56.4815%;\" align=\"right\" width=\"80\" height=\"24\"><img loading=\"lazy\" decoding=\"async\" class=\"size-full wp-image-7799 aligncenter\" src=\"https:\/\/fmp-components.com\/wp-content\/uploads\/2025\/03\/nylon-Electronic-Power-Steering-System-Worm-Gear.webp\" alt=\"Syst\u00e8me de direction assist\u00e9e \u00e9lectronique en nylon \u00e0 vis sans fin\" width=\"1920\" height=\"1440\" title=\"\" srcset=\"https:\/\/fmp-components.com\/wp-content\/uploads\/2025\/03\/nylon-Electronic-Power-Steering-System-Worm-Gear.webp 1920w, https:\/\/fmp-components.com\/wp-content\/uploads\/2025\/03\/nylon-Electronic-Power-Steering-System-Worm-Gear-1280x960.webp 1280w, https:\/\/fmp-components.com\/wp-content\/uploads\/2025\/03\/nylon-Electronic-Power-Steering-System-Worm-Gear-980x735.webp 980w, https:\/\/fmp-components.com\/wp-content\/uploads\/2025\/03\/nylon-Electronic-Power-Steering-System-Worm-Gear-480x360.webp 480w\" sizes=\"(min-width: 0px) and (max-width: 480px) 480px, (min-width: 481px) and (max-width: 980px) 980px, (min-width: 981px) and (max-width: 1280px) 1280px, (min-width: 1281px) 1920px, 100vw\" \/><\/td>\n<td style=\"width: 43.5185%;\" align=\"right\" width=\"80\"><img loading=\"lazy\" decoding=\"async\" class=\"size-full wp-image-7800 aligncenter\" src=\"https:\/\/fmp-components.com\/wp-content\/uploads\/2025\/03\/plastic-worm-gear-manufacturer-5.webp\" alt=\"fabricant d&#039;engrenages \u00e0 vis sans fin en plastique\" width=\"1920\" height=\"1792\" title=\"\" srcset=\"https:\/\/fmp-components.com\/wp-content\/uploads\/2025\/03\/plastic-worm-gear-manufacturer-5.webp 1920w, https:\/\/fmp-components.com\/wp-content\/uploads\/2025\/03\/plastic-worm-gear-manufacturer-5-1280x1195.webp 1280w, https:\/\/fmp-components.com\/wp-content\/uploads\/2025\/03\/plastic-worm-gear-manufacturer-5-980x915.webp 980w, https:\/\/fmp-components.com\/wp-content\/uploads\/2025\/03\/plastic-worm-gear-manufacturer-5-480x448.webp 480w\" sizes=\"(min-width: 0px) and (max-width: 480px) 480px, (min-width: 481px) and (max-width: 980px) 980px, (min-width: 981px) and (max-width: 1280px) 1280px, (min-width: 1281px) 1920px, 100vw\" \/><\/td>\n<\/tr>\n<\/tbody>\n<\/table>\n<h3>Candidatures en Italie<\/h3>\n<p class=\"break-words\">Les engrenages \u00e0 vis sans fin en plastique de la soci\u00e9t\u00e9 FMP ont prouv\u00e9 leur valeur sur les march\u00e9s italiens\u00a0:<\/p>\n<ul class=\"marker:text-secondary\">\n<li class=\"break-words\"><strong>Production alimentaire<\/strong>Dans les machines exigeant hygi\u00e8ne et r\u00e9sistance \u00e0 l'humidit\u00e9, nos engrenages antirouille garantissent un fonctionnement fiable sans risque de contamination.<\/li>\n<li class=\"break-words\"><strong>\u00c9lectronique grand public<\/strong>Leur l\u00e9g\u00e8ret\u00e9 et leur fonctionnement silencieux optimisent les performances d'appareils tels que les imprimantes et les appareils photo, r\u00e9pondant ainsi \u00e0 la demande italienne en mati\u00e8re de technologies innovantes.<\/li>\n<li class=\"break-words\"><strong>\u00c9quipement m\u00e9dical<\/strong>Le faible niveau sonore et la durabilit\u00e9 de nos engrenages sont essentiels pour les instruments de pr\u00e9cision, un secteur en pleine croissance dans l'industrie de la sant\u00e9 italienne.<\/li>\n<\/ul>\n<\/div>\n<\/div>\n<\/div>","protected":false},"excerpt":{"rendered":"<p>Plastic Worm Gears: Durable, Customizable Solutions from FMP Company Plastic worm gears are vital components in modern machinery, offering a unique combination of durability, versatility, and efficiency. At FMP Company, we specialize in manufacturing high-quality plastic worm gears designed to meet the diverse needs of industries across Italy and beyond. Whether you require standard models [&hellip;]<\/p>","protected":false},"featured_media":7244,"comment_status":"open","ping_status":"closed","template":"","meta":{"_et_pb_use_builder":"","_et_pb_old_content":"","_et_gb_content_width":""},"product_brand":[],"product_cat":[107],"product_tag":[],"class_list":{"0":"post-7243","1":"product","2":"type-product","3":"status-publish","4":"has-post-thumbnail","6":"product_cat-worm-gear","8":"first","9":"instock","10":"shipping-taxable","11":"product-type-simple"},"_links":{"self":[{"href":"https:\/\/fmp-components.com\/fr\/wp-json\/wp\/v2\/product\/7243","targetHints":{"allow":["GET"]}}],"collection":[{"href":"https:\/\/fmp-components.com\/fr\/wp-json\/wp\/v2\/product"}],"about":[{"href":"https:\/\/fmp-components.com\/fr\/wp-json\/wp\/v2\/types\/product"}],"replies":[{"embeddable":true,"href":"https:\/\/fmp-components.com\/fr\/wp-json\/wp\/v2\/comments?post=7243"}],"wp:featuredmedia":[{"embeddable":true,"href":"https:\/\/fmp-components.com\/fr\/wp-json\/wp\/v2\/media\/7244"}],"wp:attachment":[{"href":"https:\/\/fmp-components.com\/fr\/wp-json\/wp\/v2\/media?parent=7243"}],"wp:term":[{"taxonomy":"product_brand","embeddable":true,"href":"https:\/\/fmp-components.com\/fr\/wp-json\/wp\/v2\/product_brand?post=7243"},{"taxonomy":"product_cat","embeddable":true,"href":"https:\/\/fmp-components.com\/fr\/wp-json\/wp\/v2\/product_cat?post=7243"},{"taxonomy":"product_tag","embeddable":true,"href":"https:\/\/fmp-components.com\/fr\/wp-json\/wp\/v2\/product_tag?post=7243"}],"curies":[{"name":"wp","href":"https:\/\/api.w.org\/{rel}","templated":true}]}}