{"id":7207,"date":"2025-03-20T07:32:17","date_gmt":"2025-03-20T07:32:17","guid":{"rendered":"https:\/\/fmp-components.com\/?post_type=product&#038;p=7207"},"modified":"2025-03-26T08:50:47","modified_gmt":"2025-03-26T08:50:47","slug":"worm-gear-shaft-worm-gear-drive-shaft","status":"publish","type":"product","link":"https:\/\/fmp-components.com\/fr\/product\/worm-gear-shaft-worm-gear-drive-shaft\/","title":{"rendered":"Arbre \u00e0 vis sans fin (arbre d&#039;entra\u00eenement \u00e0 vis sans fin)"},"content":{"rendered":"<p>Un arbre \u00e0 vis sans fin est un composant m\u00e9canique essentiel utilis\u00e9 dans diverses industries pour transmettre puissance et mouvement entre des arbres non parall\u00e8les, offrant un couple \u00e9lev\u00e9 et un fonctionnement fluide. Chez FMP Company, nous sommes sp\u00e9cialis\u00e9s dans la fabrication d&#039;une large gamme de <a href=\"https:\/\/fmp-components.com\/fr\/worm-gear-and-worm-shaft-2\/\">engrenage \u00e0 vis sans fin<\/a> Nous proposons \u00e9galement des solutions sur mesure pour r\u00e9pondre \u00e0 vos besoins sp\u00e9cifiques. Si vous ne trouvez pas le mod\u00e8le dont vous avez besoin dans notre liste de produits, il est probable qu&#039;il ne soit pas encore disponible. N&#039;h\u00e9sitez pas \u00e0 nous envoyer un e-mail avec les sp\u00e9cifications souhait\u00e9es. Nos ing\u00e9nieurs vous r\u00e9pondront sous 24 heures avec une solution personnalis\u00e9e.<\/p>\n<p><img loading=\"lazy\" decoding=\"async\" class=\"alignnone size-full wp-image-7226\" src=\"https:\/\/fmp-components.com\/wp-content\/uploads\/2025\/03\/Worm-Gear-Shaft-Manufacturers-2.webp\" alt=\"Fabricants d&#039;arbres \u00e0 vis sans fin\" width=\"1000\" height=\"285\" title=\"\" srcset=\"https:\/\/fmp-components.com\/wp-content\/uploads\/2025\/03\/Worm-Gear-Shaft-Manufacturers-2.webp 1000w, https:\/\/fmp-components.com\/wp-content\/uploads\/2025\/03\/Worm-Gear-Shaft-Manufacturers-2-980x279.webp 980w, https:\/\/fmp-components.com\/wp-content\/uploads\/2025\/03\/Worm-Gear-Shaft-Manufacturers-2-480x137.webp 480w\" sizes=\"(min-width: 0px) and (max-width: 480px) 480px, (min-width: 481px) and (max-width: 980px) 980px, (min-width: 981px) 1000px, 100vw\" \/><\/p>\n<table style=\"border-collapse: collapse; width: 98.0079%; height: 90px;\" border=\"0\" width=\"317\" cellspacing=\"0\" cellpadding=\"0\">\n<tbody>\n<tr style=\"height: 14.40pt;\">\n<td style=\"height: 14.4pt; width: 32.0218%;\" width=\"83\" height=\"24\"><img loading=\"lazy\" decoding=\"async\" class=\"size-full wp-image-7210 aligncenter\" src=\"https:\/\/fmp-components.com\/wp-content\/uploads\/2025\/03\/Wholesale-Worm-Gear-Shaft-Factory.webp\" alt=\"Usine d&#039;arbres \u00e0 vis sans fin en gros\" width=\"1440\" height=\"951\" title=\"\" srcset=\"https:\/\/fmp-components.com\/wp-content\/uploads\/2025\/03\/Wholesale-Worm-Gear-Shaft-Factory.webp 1440w, https:\/\/fmp-components.com\/wp-content\/uploads\/2025\/03\/Wholesale-Worm-Gear-Shaft-Factory-1280x845.webp 1280w, https:\/\/fmp-components.com\/wp-content\/uploads\/2025\/03\/Wholesale-Worm-Gear-Shaft-Factory-980x647.webp 980w, https:\/\/fmp-components.com\/wp-content\/uploads\/2025\/03\/Wholesale-Worm-Gear-Shaft-Factory-480x317.webp 480w\" sizes=\"(min-width: 0px) and (max-width: 480px) 480px, (min-width: 481px) and (max-width: 980px) 980px, (min-width: 981px) and (max-width: 1280px) 1280px, (min-width: 1281px) 1440px, 100vw\" \/><\/td>\n<td style=\"width: 33.1148%;\" align=\"right\" width=\"80\"><img loading=\"lazy\" decoding=\"async\" class=\"size-full wp-image-7216 aligncenter\" src=\"https:\/\/fmp-components.com\/wp-content\/uploads\/2025\/03\/worm-gear-shaft-1.webp\" alt=\"arbre \u00e0 vis sans fin\" width=\"1000\" height=\"666\" title=\"\" srcset=\"https:\/\/fmp-components.com\/wp-content\/uploads\/2025\/03\/worm-gear-shaft-1.webp 1000w, https:\/\/fmp-components.com\/wp-content\/uploads\/2025\/03\/worm-gear-shaft-1-980x653.webp 980w, https:\/\/fmp-components.com\/wp-content\/uploads\/2025\/03\/worm-gear-shaft-1-480x320.webp 480w\" sizes=\"(min-width: 0px) and (max-width: 480px) 480px, (min-width: 481px) and (max-width: 980px) 980px, (min-width: 981px) 1000px, 100vw\" \/><\/td>\n<td style=\"width: 34.7541%;\" align=\"right\" width=\"154\"><img loading=\"lazy\" decoding=\"async\" class=\"size-full wp-image-7217 aligncenter\" src=\"https:\/\/fmp-components.com\/wp-content\/uploads\/2025\/03\/Worm-Gear-Shaft-Manufacturers.webp\" alt=\"Fabricants d&#039;arbres \u00e0 vis sans fin\" width=\"1440\" height=\"951\" title=\"\" srcset=\"https:\/\/fmp-components.com\/wp-content\/uploads\/2025\/03\/Worm-Gear-Shaft-Manufacturers.webp 1440w, https:\/\/fmp-components.com\/wp-content\/uploads\/2025\/03\/Worm-Gear-Shaft-Manufacturers-1280x845.webp 1280w, https:\/\/fmp-components.com\/wp-content\/uploads\/2025\/03\/Worm-Gear-Shaft-Manufacturers-980x647.webp 980w, https:\/\/fmp-components.com\/wp-content\/uploads\/2025\/03\/Worm-Gear-Shaft-Manufacturers-480x317.webp 480w\" sizes=\"(min-width: 0px) and (max-width: 480px) 480px, (min-width: 481px) and (max-width: 980px) 980px, (min-width: 981px) and (max-width: 1280px) 1280px, (min-width: 1281px) 1440px, 100vw\" \/><\/td>\n<\/tr>\n<tr style=\"height: 14.40pt;\">\n<td style=\"height: 14.4pt; width: 32.0218%;\" height=\"24\"><img loading=\"lazy\" decoding=\"async\" class=\"size-full wp-image-7219 aligncenter\" src=\"https:\/\/fmp-components.com\/wp-content\/uploads\/2025\/03\/Worm-Gear-Shaft-3.webp\" alt=\"Arbre \u00e0 vis sans fin\" width=\"1000\" height=\"666\" title=\"\" srcset=\"https:\/\/fmp-components.com\/wp-content\/uploads\/2025\/03\/Worm-Gear-Shaft-3.webp 1000w, https:\/\/fmp-components.com\/wp-content\/uploads\/2025\/03\/Worm-Gear-Shaft-3-980x653.webp 980w, https:\/\/fmp-components.com\/wp-content\/uploads\/2025\/03\/Worm-Gear-Shaft-3-480x320.webp 480w\" sizes=\"(min-width: 0px) and (max-width: 480px) 480px, (min-width: 481px) and (max-width: 980px) 980px, (min-width: 981px) 1000px, 100vw\" \/><\/td>\n<td style=\"width: 33.1148%;\" align=\"right\"><img loading=\"lazy\" decoding=\"async\" class=\"size-full wp-image-7218 aligncenter\" src=\"https:\/\/fmp-components.com\/wp-content\/uploads\/2025\/03\/Worm-Gear-Shaft-4.webp\" alt=\"Arbre \u00e0 vis sans fin\" width=\"1000\" height=\"666\" title=\"\" srcset=\"https:\/\/fmp-components.com\/wp-content\/uploads\/2025\/03\/Worm-Gear-Shaft-4.webp 1000w, https:\/\/fmp-components.com\/wp-content\/uploads\/2025\/03\/Worm-Gear-Shaft-4-980x653.webp 980w, https:\/\/fmp-components.com\/wp-content\/uploads\/2025\/03\/Worm-Gear-Shaft-4-480x320.webp 480w\" sizes=\"(min-width: 0px) and (max-width: 480px) 480px, (min-width: 481px) and (max-width: 980px) 980px, (min-width: 981px) 1000px, 100vw\" \/><\/td>\n<td style=\"width: 34.7541%;\" align=\"right\"><img loading=\"lazy\" decoding=\"async\" class=\"size-full wp-image-7215 aligncenter\" src=\"https:\/\/fmp-components.com\/wp-content\/uploads\/2025\/03\/worm-gear-shaft-2.webp\" alt=\"arbre \u00e0 vis sans fin\" width=\"1000\" height=\"666\" title=\"\" srcset=\"https:\/\/fmp-components.com\/wp-content\/uploads\/2025\/03\/worm-gear-shaft-2.webp 1000w, https:\/\/fmp-components.com\/wp-content\/uploads\/2025\/03\/worm-gear-shaft-2-980x653.webp 980w, https:\/\/fmp-components.com\/wp-content\/uploads\/2025\/03\/worm-gear-shaft-2-480x320.webp 480w\" sizes=\"(min-width: 0px) and (max-width: 480px) 480px, (min-width: 481px) and (max-width: 980px) 980px, (min-width: 981px) 1000px, 100vw\" \/><\/td>\n<\/tr>\n<\/tbody>\n<\/table>\n<h2>Sp\u00e9cifications de l&#039;arbre \u00e0 vis sans fin<\/h2>\n<article class=\"4ever-article\" data-clipboard-cangjie=\"[&quot;root&quot;,{&quot;copyFrom&quot;:2066762897},[&quot;p&quot;,{},[&quot;span&quot;,{&quot;data-type&quot;:&quot;text&quot;},[&quot;span&quot;,{&quot;data-type&quot;:&quot;leaf&quot;},&quot;For more models and specifications, please contact us by email and our experts will respond to you promptly!&quot;]]]]\">Pour plus de mod\u00e8les et de sp\u00e9cifications, veuillez nous contacter par email et nos experts vous r\u00e9pondront rapidement !<\/article>\n<table class=\"table\" border=\"1\" width=\"100%\" cellspacing=\"0\" cellpadding=\"0\">\n<tbody>\n<tr class=\"firstRow\">\n<td valign=\"center\" width=\"132\">Num\u00e9ro de mod\u00e8le<\/td>\n<td valign=\"center\" width=\"491\">M1, M2, M3, M4, M5, M8, M12 et etc.<\/td>\n<\/tr>\n<tr>\n<td valign=\"center\" width=\"132\">Mat\u00e9riel<\/td>\n<td valign=\"center\" width=\"491\">Laiton, acier C45, acier inoxydable, cuivre, POM, aluminium, alliage, etc.<\/td>\n<\/tr>\n<tr>\n<td valign=\"center\" width=\"132\">Traitement de surface<\/td>\n<td valign=\"center\" width=\"491\">Zingu\u00e9, Nickel\u00e9, Passivation, Oxydation, Anodisation,<br \/>\nG\u00e9omet, Dacromet, oxyde noir, phosphatation, rev\u00eatement en poudre et \u00e9lectrophor\u00e8se<\/td>\n<\/tr>\n<tr>\n<td valign=\"center\" width=\"132\">Standard<\/td>\n<td valign=\"center\" width=\"491\">ISO, DIN, ANSI, JIS, BS et non standard.<\/td>\n<\/tr>\n<tr>\n<td valign=\"center\" width=\"132\">Pr\u00e9cision<\/td>\n<td valign=\"center\" width=\"491\">DIN6, DIN7, DIN8, DIN9.<\/td>\n<\/tr>\n<tr>\n<td valign=\"center\" width=\"132\">Traitement des dents<\/td>\n<td valign=\"center\" width=\"491\">Tremp\u00e9, frais\u00e9 ou rectifi\u00e9<\/td>\n<\/tr>\n<tr>\n<td valign=\"center\" width=\"132\">Tol\u00e9rance<\/td>\n<td valign=\"center\" width=\"491\">0,001 mm-0,01 mm-0,1 mm<\/td>\n<\/tr>\n<tr>\n<td valign=\"center\" width=\"132\">Finition<\/td>\n<td valign=\"center\" width=\"491\">grenaillage\/sablage, traitement thermique, recuit, revenu, polissage, anodisation, zingage<\/td>\n<\/tr>\n<tr>\n<td valign=\"center\" width=\"132\">Emballage des articles<\/td>\n<td valign=\"center\" width=\"491\">Sac en plastique + cartons ou emballage en bois<\/td>\n<\/tr>\n<tr>\n<td valign=\"center\" width=\"132\">Conditions de paiement<\/td>\n<td valign=\"center\" width=\"491\">Virement bancaire, L\/C<\/td>\n<\/tr>\n<tr>\n<td valign=\"center\" width=\"132\">D\u00e9lai de production<\/td>\n<td valign=\"center\" width=\"491\">20 jours ouvrables pour l&#039;\u00e9chantillon, 25 jours pour le vrac<\/td>\n<\/tr>\n<tr>\n<td valign=\"center\" width=\"132\">\u00c9chantillons<\/td>\n<td valign=\"center\" width=\"491\">Gamme de prix d&#039;\u00e9chantillon de $2 \u00e0 $100.<br \/>\nexemple de demande express pay\u00e9 par les clients<\/td>\n<\/tr>\n<tr>\n<td valign=\"center\" width=\"132\">Application<\/td>\n<td valign=\"center\" width=\"491\">1. Machine de contr\u00f4le automatique<br \/>\n2. Industrie des semi-conducteurs<br \/>\n3. Machines pour l&#039;industrie g\u00e9n\u00e9rale<br \/>\n4. \u00c9quipement m\u00e9dical<br \/>\n5. \u00c9quipement d&#039;\u00e9nergie solaire<br \/>\n6. Machine-outil<br \/>\n7. Syst\u00e8me de stationnement<br \/>\n8. \u00c9quipements de transport ferroviaire \u00e0 grande vitesse et a\u00e9rien, etc.<\/td>\n<\/tr>\n<\/tbody>\n<\/table>\n<p><img loading=\"lazy\" decoding=\"async\" class=\"size-full wp-image-7220 aligncenter\" src=\"https:\/\/fmp-components.com\/wp-content\/uploads\/2025\/03\/worm-gear-shaft-1-1.webp\" alt=\"arbre \u00e0 vis sans fin\" width=\"830\" height=\"728\" title=\"\" srcset=\"https:\/\/fmp-components.com\/wp-content\/uploads\/2025\/03\/worm-gear-shaft-1-1.webp 830w, https:\/\/fmp-components.com\/wp-content\/uploads\/2025\/03\/worm-gear-shaft-1-1-480x421.webp 480w\" sizes=\"(min-width: 0px) and (max-width: 480px) 480px, (min-width: 481px) 830px, 100vw\" \/><\/p>\n<div>\n<h3>La relation entre l&#039;arbre \u00e0 vis sans fin et la bo\u00eete \u00e0 vis sans fin<\/h3>\n<p class=\"break-words\">Un r\u00e9ducteur \u00e0 vis sans fin est un syst\u00e8me d&#039;engrenages sp\u00e9cialis\u00e9 con\u00e7u pour r\u00e9duire la vitesse de rotation tout en augmentant le couple, ce qui le rend id\u00e9al pour diverses applications industrielles. Il se compose essentiellement de deux \u00e9l\u00e9ments principaux\u00a0: la vis sans fin et la roue \u00e0 vis sans fin. La vis sans fin, qui ressemble \u00e0 une vis, est mont\u00e9e sur l&#039;arbre d&#039;entr\u00e9e (souvent appel\u00e9 arbre de vis sans fin). Elle s&#039;engr\u00e8ne avec la roue \u00e0 vis sans fin, une roue dent\u00e9e dont les dents sont sp\u00e9cialement con\u00e7ues pour s&#039;engager avec la vis sans fin. La roue \u00e0 vis sans fin, quant \u00e0 elle, est mont\u00e9e sur l&#039;arbre de sortie, parfois appel\u00e9 arbre de vis sans fin.<\/p>\n<p class=\"break-words\">La relation entre l&#039;arbre de la vis sans fin et le r\u00e9ducteur \u00e0 vis sans fin est simple, mais essentielle\u00a0: l&#039;arbre de la vis sans fin sert d&#039;arbre de sortie au r\u00e9ducteur \u00e0 vis sans fin. Il porte la vis sans fin, entra\u00een\u00e9e par la vis sans fin. Cette interaction permet au r\u00e9ducteur de convertir une entr\u00e9e \u00e0 haut r\u00e9gime et faible couple (provenant de l&#039;arbre de la vis sans fin) en une sortie \u00e0 bas r\u00e9gime et couple \u00e9lev\u00e9 (via l&#039;arbre de la vis sans fin). Cette configuration unique offre plusieurs avantages, notamment\u00a0:<\/p>\n<ul class=\"marker:text-secondary\">\n<li class=\"break-words\"><strong>Multiplication de couple \u00e9lev\u00e9e<\/strong>:Id\u00e9al pour les machines lourdes.<\/li>\n<li class=\"break-words\"><strong>Conception compacte<\/strong>:Convient aux applications \u00e0 espace restreint.<\/li>\n<li class=\"break-words\"><strong>Capacit\u00e9 d&#039;autoblocage<\/strong>: Emp\u00eache le recul dans certaines conceptions, am\u00e9liorant ainsi la s\u00e9curit\u00e9.<\/li>\n<\/ul>\n<p class=\"break-words\">En r\u00e9sum\u00e9, l&#039;arbre de la vis sans fin fait partie int\u00e9grante du r\u00e9ducteur \u00e0 vis sans fin, jouant un r\u00f4le cl\u00e9 dans la transmission du mouvement et du couple ajust\u00e9s \u00e0 l&#039;\u00e9quipement entra\u00een\u00e9.<\/p>\n<h3>Les offres de r\u00e9ducteurs \u00e0 vis sans fin de notre entreprise<\/h3>\n<p class=\"break-words\">Notre entreprise est sp\u00e9cialis\u00e9e dans la fabrication d&#039;une large gamme de r\u00e9ducteurs \u00e0 vis sans fin, adapt\u00e9s \u00e0 divers besoins industriels. Que vous ayez besoin de mod\u00e8les standards pour des applications g\u00e9n\u00e9rales ou de solutions personnalis\u00e9es pour des besoins sp\u00e9cifiques, nous poss\u00e9dons l&#039;expertise et les comp\u00e9tences n\u00e9cessaires pour vous fournir des produits de haute qualit\u00e9. Nos r\u00e9ducteurs \u00e0 vis sans fin sont con\u00e7us en mettant l&#039;accent sur\u00a0:<\/p>\n<ul class=\"marker:text-secondary\">\n<li class=\"break-words\"><strong>Durabilit\u00e9<\/strong>:Con\u00e7u pour r\u00e9sister aux conditions exigeantes.<\/li>\n<li class=\"break-words\"><strong>Efficacit\u00e9<\/strong>:Optimis\u00e9 pour les performances et les \u00e9conomies d&#039;\u00e9nergie.<\/li>\n<li class=\"break-words\"><strong>Versatilit\u00e9<\/strong>:Convient aux industries telles que la fabrication, l&#039;automatisation et la manutention.<\/li>\n<\/ul>\n<p class=\"break-words\">Si vous avez besoin de r\u00e9ducteurs \u00e0 vis sans fin, que ce soit pour des convoyeurs, des ascenseurs ou d&#039;autres machines, n&#039;h\u00e9sitez pas \u00e0 nous contacter. Notre \u00e9quipe est \u00e0 votre disposition pour vous fournir des conseils d&#039;experts, des informations d\u00e9taill\u00e9es et un accompagnement personnalis\u00e9 afin de vous aider \u00e0 trouver la solution id\u00e9ale pour votre application. N&#039;h\u00e9sitez pas \u00e0 nous contacter d\u00e8s aujourd&#039;hui pour discuter de l&#039;aide que nous pouvons vous apporter\u00a0!<\/p>\n<table style=\"width: 100%;\" border=\"0\" width=\"100%\" cellspacing=\"0\" cellpadding=\"0\">\n<tbody>\n<tr style=\"height: 14.40pt;\">\n<td style=\"height: 14.40pt; width: 49.80pt;\" width=\"83\" height=\"24\"><img loading=\"lazy\" decoding=\"async\" class=\"size-full wp-image-7223 aligncenter\" src=\"https:\/\/fmp-components.com\/wp-content\/uploads\/2025\/03\/The-relationship-between-worm-gear-shaft-and-worm-gearbox.webp\" alt=\"La relation entre l&#039;arbre \u00e0 vis sans fin et le r\u00e9ducteur \u00e0 vis sans fin2\" width=\"1000\" height=\"667\" title=\"\" srcset=\"https:\/\/fmp-components.com\/wp-content\/uploads\/2025\/03\/The-relationship-between-worm-gear-shaft-and-worm-gearbox.webp 1000w, https:\/\/fmp-components.com\/wp-content\/uploads\/2025\/03\/The-relationship-between-worm-gear-shaft-and-worm-gearbox-980x654.webp 980w, https:\/\/fmp-components.com\/wp-content\/uploads\/2025\/03\/The-relationship-between-worm-gear-shaft-and-worm-gearbox-480x320.webp 480w\" sizes=\"(min-width: 0px) and (max-width: 480px) 480px, (min-width: 481px) and (max-width: 980px) 980px, (min-width: 981px) 1000px, 100vw\" \/><\/td>\n<td style=\"width: 48.00pt;\" align=\"right\" width=\"80\"><img loading=\"lazy\" decoding=\"async\" class=\"wp-image-7224 alignnone\" src=\"https:\/\/fmp-components.com\/wp-content\/uploads\/2025\/03\/Worm-Gear-Shaft-Applications-2.webp\" alt=\"Applications des arbres \u00e0 vis sans fin\u00a0-\u00a02\" width=\"476\" height=\"318\" title=\"\"><\/td>\n<\/tr>\n<tr style=\"height: 14.40pt;\">\n<td style=\"height: 14.40pt;\" height=\"24\"><img loading=\"lazy\" decoding=\"async\" class=\"size-full wp-image-7225 aligncenter\" src=\"https:\/\/fmp-components.com\/wp-content\/uploads\/2025\/03\/The-relationship-between-worm-gear-shaft-and-worm-gearbox3.webp\" alt=\"La relation entre l&#039;arbre \u00e0 vis sans fin et le r\u00e9ducteur \u00e0 vis sans fin3\" width=\"1000\" height=\"662\" title=\"\" srcset=\"https:\/\/fmp-components.com\/wp-content\/uploads\/2025\/03\/The-relationship-between-worm-gear-shaft-and-worm-gearbox3.webp 1000w, https:\/\/fmp-components.com\/wp-content\/uploads\/2025\/03\/The-relationship-between-worm-gear-shaft-and-worm-gearbox3-980x649.webp 980w, https:\/\/fmp-components.com\/wp-content\/uploads\/2025\/03\/The-relationship-between-worm-gear-shaft-and-worm-gearbox3-480x318.webp 480w\" sizes=\"(min-width: 0px) and (max-width: 480px) 480px, (min-width: 481px) and (max-width: 980px) 980px, (min-width: 981px) 1000px, 100vw\" \/><\/td>\n<td align=\"right\"><img loading=\"lazy\" decoding=\"async\" class=\"size-full wp-image-7222 aligncenter\" src=\"https:\/\/fmp-components.com\/wp-content\/uploads\/2025\/03\/The-relationship-between-worm-gear-shaft-and-worm-gearbox2.webp\" alt=\"La relation entre l&#039;arbre \u00e0 vis sans fin et le r\u00e9ducteur \u00e0 vis sans fin2\" width=\"1000\" height=\"667\" title=\"\" srcset=\"https:\/\/fmp-components.com\/wp-content\/uploads\/2025\/03\/The-relationship-between-worm-gear-shaft-and-worm-gearbox2.webp 1000w, https:\/\/fmp-components.com\/wp-content\/uploads\/2025\/03\/The-relationship-between-worm-gear-shaft-and-worm-gearbox2-980x654.webp 980w, https:\/\/fmp-components.com\/wp-content\/uploads\/2025\/03\/The-relationship-between-worm-gear-shaft-and-worm-gearbox2-480x320.webp 480w\" sizes=\"(min-width: 0px) and (max-width: 480px) 480px, (min-width: 481px) and (max-width: 980px) 980px, (min-width: 981px) 1000px, 100vw\" \/><\/td>\n<\/tr>\n<\/tbody>\n<\/table>\n<\/div>\n<p>&nbsp;<\/p>","protected":false},"excerpt":{"rendered":"<p>A worm gear shaft is a critical mechanical component used in various industries to transmit power and motion between non-parallel shafts, offering high torque and smooth operation. At FMP Company, we specialize in manufacturing a wide range of worm gear shafts, tailored to meet diverse application needs, and we also offer custom solutions to match [&hellip;]<\/p>","protected":false},"featured_media":7221,"comment_status":"open","ping_status":"closed","template":"","meta":{"_et_pb_use_builder":"","_et_pb_old_content":"","_et_gb_content_width":""},"product_brand":[],"product_cat":[107],"product_tag":[],"class_list":{"0":"post-7207","1":"product","2":"type-product","3":"status-publish","4":"has-post-thumbnail","6":"product_cat-worm-gear","8":"first","9":"instock","10":"shipping-taxable","11":"product-type-simple"},"_links":{"self":[{"href":"https:\/\/fmp-components.com\/fr\/wp-json\/wp\/v2\/product\/7207","targetHints":{"allow":["GET"]}}],"collection":[{"href":"https:\/\/fmp-components.com\/fr\/wp-json\/wp\/v2\/product"}],"about":[{"href":"https:\/\/fmp-components.com\/fr\/wp-json\/wp\/v2\/types\/product"}],"replies":[{"embeddable":true,"href":"https:\/\/fmp-components.com\/fr\/wp-json\/wp\/v2\/comments?post=7207"}],"wp:featuredmedia":[{"embeddable":true,"href":"https:\/\/fmp-components.com\/fr\/wp-json\/wp\/v2\/media\/7221"}],"wp:attachment":[{"href":"https:\/\/fmp-components.com\/fr\/wp-json\/wp\/v2\/media?parent=7207"}],"wp:term":[{"taxonomy":"product_brand","embeddable":true,"href":"https:\/\/fmp-components.com\/fr\/wp-json\/wp\/v2\/product_brand?post=7207"},{"taxonomy":"product_cat","embeddable":true,"href":"https:\/\/fmp-components.com\/fr\/wp-json\/wp\/v2\/product_cat?post=7207"},{"taxonomy":"product_tag","embeddable":true,"href":"https:\/\/fmp-components.com\/fr\/wp-json\/wp\/v2\/product_tag?post=7207"}],"curies":[{"name":"wp","href":"https:\/\/api.w.org\/{rel}","templated":true}]}}