{"id":7189,"date":"2025-03-20T05:36:25","date_gmt":"2025-03-20T05:36:25","guid":{"rendered":"https:\/\/fmp-components.com\/?post_type=product&#038;p=7189"},"modified":"2025-03-26T08:51:16","modified_gmt":"2025-03-26T08:51:16","slug":"cylindrical-worm-wheel","status":"publish","type":"product","link":"https:\/\/fmp-components.com\/fr\/product\/cylindrical-worm-wheel\/","title":{"rendered":"Roue \u00e0 vis sans fin cylindrique"},"content":{"rendered":"<p>Une roue \u00e0 vis sans fin cylindrique est un \u00e9l\u00e9ment cl\u00e9 dans <a href=\"https:\/\/fmp-components.com\/fr\/worm-gear-and-worm-shaft-2\/\">engrenage \u00e0 vis sans fin<\/a> Syst\u00e8mes con\u00e7us pour s&#039;int\u00e9grer parfaitement \u00e0 une vis sans fin afin de transmettre efficacement la puissance tout en maintenant un fonctionnement fluide et un couple \u00e9lev\u00e9. Chez FMP Company, nous sommes sp\u00e9cialis\u00e9s dans la production d&#039;une gamme diversifi\u00e9e de roues \u00e0 vis sans fin cylindriques, disponibles en diff\u00e9rents types et sp\u00e9cifications pour r\u00e9pondre \u00e0 vos applications sp\u00e9cifiques, avec des options de personnalisation. Si vous ne trouvez pas le mod\u00e8le exact dont vous avez besoin dans notre liste de produits, il est probable que nous ne l&#039;ayons pas encore mis \u00e0 jour. Contactez-nous par e-mail pour nous faire part de vos besoins\u00a0; nos ing\u00e9nieurs experts vous r\u00e9pondront sous 24\u00a0heures.<\/p>\n<p><img loading=\"lazy\" decoding=\"async\" class=\"alignnone size-full wp-image-7193\" src=\"https:\/\/fmp-components.com\/wp-content\/uploads\/2025\/03\/Cylindrical-Worm-Wheel-1.webp\" alt=\"Roue \u00e0 vis sans fin cylindrique\" width=\"986\" height=\"657\" title=\"\" srcset=\"https:\/\/fmp-components.com\/wp-content\/uploads\/2025\/03\/Cylindrical-Worm-Wheel-1.webp 986w, https:\/\/fmp-components.com\/wp-content\/uploads\/2025\/03\/Cylindrical-Worm-Wheel-1-980x653.webp 980w, https:\/\/fmp-components.com\/wp-content\/uploads\/2025\/03\/Cylindrical-Worm-Wheel-1-480x320.webp 480w\" sizes=\"(min-width: 0px) and (max-width: 480px) 480px, (min-width: 481px) and (max-width: 980px) 980px, (min-width: 981px) 986px, 100vw\" \/><\/p>\n<h3>Caract\u00e9ristiques de la roue \u00e0 vis sans fin cylindrique<\/h3>\n<div>\n<p class=\"break-words\">Les roues h\u00e9lico\u00efdales cylindriques font partie int\u00e9grante des syst\u00e8mes d&#039;engrenages \u00e0 vis sans fin et se d\u00e9clinent en deux configurations principales\u00a0: un ensemble \u00ab\u00a0roue h\u00e9lico\u00efdale et vis sans fin\u00a0\u00bb et un ensemble \u00ab\u00a0roue h\u00e9lico\u00efdale et vis sans fin\u00a0\u00bb. Le premier type, un sous-ensemble d&#039;engrenages h\u00e9lico\u00efdaux pour arbres crois\u00e9s, comporte un pignon avec un nombre minimal de dents (par exemple, 1, 2 ou 3) et un angle d&#039;h\u00e9lice prononc\u00e9, calcul\u00e9 de mani\u00e8re similaire aux engrenages h\u00e9lico\u00efdaux standard \u00e0 l&#039;aide de modules normalis\u00e9s. Cependant, en raison du contact ponctuel entre les flancs des dents, cette configuration est moins adapt\u00e9e aux applications \u00e0 fortes charges. En revanche, la configuration \u00ab\u00a0roue h\u00e9lico\u00efdale et vis sans fin\u00a0\u00bb utilise des roues h\u00e9lico\u00efdales usin\u00e9es avec une fraise \u00e0 vis sans fin adapt\u00e9e aux sp\u00e9cifications de la vis sans fin, permettant un contact lin\u00e9aire entre les dents et supportant des forces dentaires plus \u00e9lev\u00e9es pour une capacit\u00e9 de charge accrue.<\/p>\n<p class=\"break-words\">Des caract\u00e9ristiques de conception suppl\u00e9mentaires am\u00e9liorent la fonctionnalit\u00e9. Lorsque l&#039;immersion dans l&#039;huile du palier \u00e0 vis sans fin r\u00e9pond aux exigences, mais que la profondeur de la vis sans fin est insuffisante, une bague de protection contre les projections d&#039;huile peut \u00eatre ajout\u00e9e \u00e0 l&#039;arbre de la vis sans fin. Cette bague lubrifie les composants et les roulements de la transmission, emp\u00eachant ainsi une immersion excessive du palier \u00e0 vis sans fin dans l&#039;huile. Pour les applications \u00e0 grande vitesse o\u00f9 la vitesse p\u00e9riph\u00e9rique (PI) de la vis sans fin d\u00e9passe 10 m\/s, la roue \u00e0 vis sans fin est remplac\u00e9e par un engrenage \u00e0 vis sans fin de type a\u00e9rien plac\u00e9 au-dessus de la vis sans fin. Cette disposition r\u00e9duit la vitesse de l&#039;engrenage, minimise les pertes par agitation de l&#039;huile et diminue le risque de p\u00e9n\u00e9tration d&#039;impuret\u00e9s ou d&#039;abrasifs pr\u00e9sents dans le bain d&#039;huile dans la zone d&#039;engr\u00e8nement, garantissant ainsi des performances fiables.<\/p>\n<p><img loading=\"lazy\" decoding=\"async\" class=\"alignnone size-full wp-image-7194\" src=\"https:\/\/fmp-components.com\/wp-content\/uploads\/2025\/03\/Cylindrical-Worm-Wheel-2.webp\" alt=\"Roue \u00e0 vis sans fin cylindrique\" width=\"1000\" height=\"664\" title=\"\" srcset=\"https:\/\/fmp-components.com\/wp-content\/uploads\/2025\/03\/Cylindrical-Worm-Wheel-2.webp 1000w, https:\/\/fmp-components.com\/wp-content\/uploads\/2025\/03\/Cylindrical-Worm-Wheel-2-980x651.webp 980w, https:\/\/fmp-components.com\/wp-content\/uploads\/2025\/03\/Cylindrical-Worm-Wheel-2-480x319.webp 480w\" sizes=\"(min-width: 0px) and (max-width: 480px) 480px, (min-width: 481px) and (max-width: 980px) 980px, (min-width: 981px) 1000px, 100vw\" \/><\/p>\n<\/div>","protected":false},"excerpt":{"rendered":"<p>A Cylindrical Worm Wheel is a key component in worm gear systems, designed to mesh seamlessly with a worm to transmit power efficiently while maintaining smooth operation and high torque capacity. At FMP Company, we specialize in producing a diverse range of Cylindrical Worm Wheels, available in various types and specifications to suit your specific [&hellip;]<\/p>","protected":false},"featured_media":7195,"comment_status":"open","ping_status":"closed","template":"","meta":{"_et_pb_use_builder":"","_et_pb_old_content":"","_et_gb_content_width":""},"product_brand":[],"product_cat":[107],"product_tag":[],"class_list":{"0":"post-7189","1":"product","2":"type-product","3":"status-publish","4":"has-post-thumbnail","6":"product_cat-worm-gear","8":"first","9":"instock","10":"shipping-taxable","11":"product-type-simple"},"_links":{"self":[{"href":"https:\/\/fmp-components.com\/fr\/wp-json\/wp\/v2\/product\/7189","targetHints":{"allow":["GET"]}}],"collection":[{"href":"https:\/\/fmp-components.com\/fr\/wp-json\/wp\/v2\/product"}],"about":[{"href":"https:\/\/fmp-components.com\/fr\/wp-json\/wp\/v2\/types\/product"}],"replies":[{"embeddable":true,"href":"https:\/\/fmp-components.com\/fr\/wp-json\/wp\/v2\/comments?post=7189"}],"wp:featuredmedia":[{"embeddable":true,"href":"https:\/\/fmp-components.com\/fr\/wp-json\/wp\/v2\/media\/7195"}],"wp:attachment":[{"href":"https:\/\/fmp-components.com\/fr\/wp-json\/wp\/v2\/media?parent=7189"}],"wp:term":[{"taxonomy":"product_brand","embeddable":true,"href":"https:\/\/fmp-components.com\/fr\/wp-json\/wp\/v2\/product_brand?post=7189"},{"taxonomy":"product_cat","embeddable":true,"href":"https:\/\/fmp-components.com\/fr\/wp-json\/wp\/v2\/product_cat?post=7189"},{"taxonomy":"product_tag","embeddable":true,"href":"https:\/\/fmp-components.com\/fr\/wp-json\/wp\/v2\/product_tag?post=7189"}],"curies":[{"name":"wp","href":"https:\/\/api.w.org\/{rel}","templated":true}]}}