{"id":7168,"date":"2025-03-20T01:19:21","date_gmt":"2025-03-20T01:19:21","guid":{"rendered":"https:\/\/fmp-components.com\/?post_type=product&#038;p=7168"},"modified":"2025-03-26T08:52:09","modified_gmt":"2025-03-26T08:52:09","slug":"stainless-steel-worm-gear-for-cnc-machinery","status":"publish","type":"product","link":"https:\/\/fmp-components.com\/fr\/product\/stainless-steel-worm-gear-for-cnc-machinery\/","title":{"rendered":"Engrenage \u00e0 vis sans fin en acier inoxydable pour machines CNC"},"content":{"rendered":"<p>Chez FMP Company, nous sommes sp\u00e9cialis\u00e9s dans la fabrication d'une large gamme d'acier inoxydable <a href=\"https:\/\/fmp-components.com\/fr\/worm-gear-and-worm-shaft-2\/\">Engrenages \u00e0 vis sans fin<\/a> Con\u00e7us pour r\u00e9pondre \u00e0 divers besoins industriels. En plus de notre vaste catalogue, nous proposons \u00e9galement des solutions sur mesure adapt\u00e9es \u00e0 vos besoins sp\u00e9cifiques. Si vous ne trouvez pas le mod\u00e8le exact que vous recherchez dans notre liste de produits, il est probable que nous ne l'ayons pas encore mise \u00e0 jour. N'h\u00e9sitez pas \u00e0 nous envoyer un e-mail avec les d\u00e9tails du mod\u00e8le dont vous avez besoin\u00a0; nos ing\u00e9nieurs vous r\u00e9pondront sous 24\u00a0heures pour vous aider.<\/p>\n<p><img loading=\"lazy\" decoding=\"async\" class=\"size-full wp-image-7172 aligncenter\" src=\"https:\/\/fmp-components.com\/wp-content\/uploads\/2025\/03\/Stainless-Steel-Worm-Gear-for-CNC-Machinery-4.webp\" alt=\"Engrenage \u00e0 vis sans fin en acier inoxydable pour machines CNC\" width=\"500\" height=\"600\" title=\"\" srcset=\"https:\/\/fmp-components.com\/wp-content\/uploads\/2025\/03\/Stainless-Steel-Worm-Gear-for-CNC-Machinery-4.webp 500w, https:\/\/fmp-components.com\/wp-content\/uploads\/2025\/03\/Stainless-Steel-Worm-Gear-for-CNC-Machinery-4-480x576.webp 480w\" sizes=\"(min-width: 0px) and (max-width: 480px) 480px, (min-width: 481px) 500px, 100vw\" \/><\/p>\n<h2>Param\u00e8tres du produit<\/h2>\n<div class=\"rich-text-table\">\n<table border=\"1\">\n<colgroup>\n<col \/>\n<col \/><\/colgroup>\n<tbody>\n<tr>\n<td>Nom du produit<\/td>\n<td>Engrenage \u00e0 vis sans fin et roue \u00e0 vis sans fin<\/td>\n<\/tr>\n<tr>\n<td>Mat\u00e9riaux disponibles<\/td>\n<td>Acier inoxydable, acier au carbone, laiton, bronze, fer, alliage d'aluminium, cuivre, plastique, nylon, PA66, MC, PEER, MSM, POM, Derlin, etc.<\/td>\n<\/tr>\n<tr>\n<td>Traitement thermique<\/td>\n<td>Trempe et revenu, c\u00e9mentation et trempe, trempe haute fr\u00e9quence, carbonitruration\u2026<\/td>\n<\/tr>\n<tr>\n<td>Traitement de surface<\/td>\n<td>C\u00e9mentation et trempe, revenu, trempe \u00e9lev\u00e9e de la surface des dents, durcissement, revenu<\/td>\n<\/tr>\n<tr>\n<td>AL\u00c9SAGE<\/td>\n<td>Al\u00e9sage fini, al\u00e9sage pilote, demande sp\u00e9ciale<\/td>\n<\/tr>\n<tr>\n<td>M\u00e9thode de traitement<\/td>\n<td>Moulage, rasage, taillage, per\u00e7age, taraudage, al\u00e9sage, chanfreinage manuel, meulage, etc.<\/td>\n<\/tr>\n<tr>\n<td>Angle de pression<\/td>\n<td>20 degr\u00e9s<\/td>\n<\/tr>\n<tr>\n<td>Duret\u00e9<\/td>\n<td>55- 60HRC<\/td>\n<\/tr>\n<tr>\n<td>Taille<\/td>\n<td>Dessins clients et norme ISO<\/td>\n<\/tr>\n<tr>\n<td>Emballer<\/td>\n<td>Caisse\/conteneur en bois et palette, ou fabriqu\u00e9 sur commande<\/td>\n<\/tr>\n<tr>\n<td>Certificat<\/td>\n<td>ISO9001:2008<\/td>\n<\/tr>\n<tr>\n<td>Applications<\/td>\n<td>Machines \u00e9lectriques, machines m\u00e9tallurgiques, machines de protection de l'environnement, appareils \u00e9lectroniques et \u00e9lectriques, machines de construction de routes, machines chimiques, machines alimentaires, machines industrielles l\u00e9g\u00e8res, machines mini\u00e8res, machines de transport, machines de construction, machines de mat\u00e9riaux de construction, machines \u00e0 ciment, machines \u00e0 caoutchouc, machines de conservation de l'eau et machines p\u00e9troli\u00e8res<\/td>\n<\/tr>\n<tr>\n<td>Processus d'usinage<\/td>\n<td>Pr\u00e9paration du mat\u00e9riau, normalisation, tournage grossier, trempe et revenu, tournage semi-fin du cercle ext\u00e9rieur, tournage grossier de la surface en spirale, tournage fin (rectification fine) de la face d'extr\u00e9mit\u00e9 du trou int\u00e9rieur, rainure de clavette, tournage semi-fin de la surface en spirale, pinces (dents incompl\u00e8tes restantes), meulage semi-fin du cercle ext\u00e9rieur, meulage semi-fin de la surface en spirale, meulage du trou central, meulage d\u00e9licat de la bague ext\u00e9rieure, rayure fine de la surface h\u00e9lico\u00efdale, inspection du produit fini.<\/td>\n<\/tr>\n<tr>\n<td>Avantages<\/td>\n<td>1. Produire en respectant strictement les dimensions standard ANSI ou DIN<br \/>\n2. Mat\u00e9riau : acier SCM 415<br \/>\n3. Al\u00e9sage : Al\u00e9sage fini<br \/>\n4. Niveau de pr\u00e9cision : DIN 5 \u00e0 DIN 7<br \/>\n5. Traitement de surface : C\u00e9mentation et Trempe<br \/>\n6. Module : De 1 \u00e0 4<br \/>\n7. Dent : De Z15 \u00e0 Z70<\/td>\n<\/tr>\n<\/tbody>\n<\/table>\n<\/div>\n<h2>Sp\u00e9cification:<\/h2>\n<div class=\"rich-text-table\">\n<table border=\"1\">\n<tbody>\n<tr>\n<td colspan=\"2\">Nombre<\/td>\n<td rowspan=\"2\">Nombre de dents<\/td>\n<td colspan=\"2\">Diam\u00e8tre d'al\u00e9sage de l'arbre AH7 (incr\u00e9ment de 1 mm)<\/td>\n<td rowspan=\"2\">Sens de torsion<\/td>\n<td rowspan=\"2\">B<\/td>\n<td rowspan=\"2\">C<\/td>\n<td rowspan=\"2\">D<\/td>\n<td rowspan=\"2\">E<\/td>\n<td rowspan=\"2\">F<\/td>\n<td rowspan=\"2\">G<\/td>\n<\/tr>\n<tr>\n<td>Taper<\/td>\n<td>Module<\/td>\n<td>Al\u00e9sage droit Al\u00e9sage droit + taraud<\/td>\n<td>Rainure de clavette + taraud<\/td>\n<\/tr>\n<tr>\n<td rowspan=\"22\">Al\u00e9sage droit<\/p>\n<p>Al\u00e9sage droit + taraud<\/p>\n<p>Rainure de clavette + taraud<\/td>\n<td rowspan=\"5\">1.0<\/td>\n<td>20<\/td>\n<td>6<\/td>\n<td>8<\/td>\n<td rowspan=\"22\">L (gauche)<\/p>\n<p>R (droite)<\/td>\n<td>17<\/td>\n<td>20<\/td>\n<td>22<\/td>\n<td colspan=\"1\" rowspan=\"5\">8<\/td>\n<td rowspan=\"5\">10<\/td>\n<td rowspan=\"5\">18<\/td>\n<\/tr>\n<tr>\n<td>22~ 28<\/td>\n<td>8<\/td>\n<td>8~13<\/td>\n<td>18~20<\/td>\n<td>22~28<\/td>\n<td>24~30<\/td>\n<\/tr>\n<tr>\n<td>30~48<\/td>\n<td>10<\/td>\n<td>10~17<\/td>\n<td>25~30<\/td>\n<td>30~48<\/td>\n<td>32~50<\/td>\n<\/tr>\n<tr>\n<td>50~70<\/td>\n<td>12<\/td>\n<td>12~17<\/td>\n<td>35~40<\/td>\n<td>50~70<\/td>\n<td colspan=\"1\">52~72<\/td>\n<\/tr>\n<tr>\n<td>80~100<\/td>\n<td>15<\/td>\n<td>15~30<\/td>\n<td>50<\/td>\n<td>80~100<\/td>\n<td colspan=\"1\">82~102<\/td>\n<\/tr>\n<tr>\n<td rowspan=\"4\">1.5<\/td>\n<td>20~26<\/td>\n<td>12<\/td>\n<td>12~17<\/td>\n<td>24~32<\/td>\n<td>30~39<\/td>\n<td colspan=\"1\">33~42<\/td>\n<td colspan=\"1\" rowspan=\"4\">12<\/td>\n<td rowspan=\"4\">12<\/td>\n<td rowspan=\"4\">24<\/td>\n<\/tr>\n<tr>\n<td>28~44<\/td>\n<td>15<\/td>\n<td>15~30<\/td>\n<td>36~50<\/td>\n<td>42~67.5<\/td>\n<td colspan=\"1\">45~70.5<\/td>\n<\/tr>\n<tr>\n<td>45~52<\/td>\n<td>18<\/td>\n<td>18~40<\/td>\n<td>50~60<\/td>\n<td>72~78<\/td>\n<td colspan=\"1\">75~81<\/td>\n<\/tr>\n<tr>\n<td>60~100<\/td>\n<td>20<\/td>\n<td>20-50<\/td>\n<td>60~70<\/td>\n<td>90~150<\/td>\n<td colspan=\"1\">93\u00b7153<\/td>\n<\/tr>\n<tr>\n<td rowspan=\"5\">2.0<\/td>\n<td>15~18<\/td>\n<td>12<\/td>\n<td>12~17<\/td>\n<td>24~30<\/td>\n<td>30~36<\/td>\n<td>34~40<\/td>\n<td colspan=\"1\" rowspan=\"5\">16<\/td>\n<td rowspan=\"5\">13<\/td>\n<td rowspan=\"5\">29<\/td>\n<\/tr>\n<tr>\n<td>20~28<\/td>\n<td>15<\/td>\n<td>15\u00b722<\/td>\n<td>32~45<\/td>\n<td>40~56<\/td>\n<td>44~60<\/td>\n<\/tr>\n<tr>\n<td>30~36<\/td>\n<td>18<\/td>\n<td>18~40<\/td>\n<td>50<\/td>\n<td>60~72<\/td>\n<td>64~76<\/td>\n<\/tr>\n<tr>\n<td>40~48<\/td>\n<td>20<\/td>\n<td>20~44<\/td>\n<td>60<\/td>\n<td>80~96<\/td>\n<td>84~100<\/td>\n<\/tr>\n<tr>\n<td>50~100<\/td>\n<td>25<\/td>\n<td>25~60<\/td>\n<td>60~100<\/td>\n<td>100~200<\/td>\n<td>104~204<\/td>\n<\/tr>\n<tr>\n<td rowspan=\"4\">2.5<\/td>\n<td>15~18<\/td>\n<td>15<\/td>\n<td>15~30<\/td>\n<td>30~38<\/td>\n<td>37.5~45<\/td>\n<td>42.5~50<\/td>\n<td colspan=\"1\" rowspan=\"4\">20<\/td>\n<td rowspan=\"4\">14<\/td>\n<td rowspan=\"4\">34<\/td>\n<\/tr>\n<tr>\n<td>20~24<\/td>\n<td>18<\/td>\n<td>18~40<\/td>\n<td>40~48<\/td>\n<td>50~60<\/td>\n<td>55~65<\/td>\n<\/tr>\n<tr>\n<td>25~36<\/td>\n<td>20<\/td>\n<td>20~50<\/td>\n<td>50~70<\/td>\n<td>62.5~90<\/td>\n<td>67.5~95<\/td>\n<\/tr>\n<tr>\n<td>40~60<\/td>\n<td>25<\/td>\n<td>25~70<\/td>\n<td>70~80<\/td>\n<td>90~150<\/td>\n<td>95~155<\/td>\n<\/tr>\n<tr>\n<td rowspan=\"4\">3.0<\/td>\n<td>15~18<\/td>\n<td>18<\/td>\n<td>18~22<\/td>\n<td>36~40<\/td>\n<td>45~54<\/td>\n<td>51~60<\/td>\n<td colspan=\"1\" rowspan=\"4\">25<\/td>\n<td rowspan=\"4\">16<\/td>\n<td rowspan=\"4\">4<\/td>\n<\/tr>\n<\/tbody>\n<\/table>\n<h3>Produit connexe<\/h3>\n<p><img loading=\"lazy\" decoding=\"async\" class=\"alignnone size-full wp-image-7170\" src=\"https:\/\/fmp-components.com\/wp-content\/uploads\/2025\/03\/Stainless-Steel-Worm-Gear-for-CNC-Machinery-3.webp\" alt=\"Engrenage \u00e0 vis sans fin en acier inoxydable pour machines CNC\" width=\"1000\" height=\"400\" title=\"\" srcset=\"https:\/\/fmp-components.com\/wp-content\/uploads\/2025\/03\/Stainless-Steel-Worm-Gear-for-CNC-Machinery-3.webp 1000w, https:\/\/fmp-components.com\/wp-content\/uploads\/2025\/03\/Stainless-Steel-Worm-Gear-for-CNC-Machinery-3-980x392.webp 980w, https:\/\/fmp-components.com\/wp-content\/uploads\/2025\/03\/Stainless-Steel-Worm-Gear-for-CNC-Machinery-3-480x192.webp 480w\" sizes=\"(min-width: 0px) and (max-width: 480px) 480px, (min-width: 481px) and (max-width: 980px) 980px, (min-width: 981px) 1000px, 100vw\" \/><\/p>\n<p>Nous tenons \u00e0 souligner que FMP Company est \u00e9galement fi\u00e8re de fabriquer des r\u00e9ducteurs \u00e0 vis sans fin en acier inoxydable, sp\u00e9cialement con\u00e7us pour r\u00e9pondre aux exigences strictes de l'industrie agroalimentaire. Fabriqu\u00e9s avec pr\u00e9cision, ces r\u00e9ducteurs garantissent durabilit\u00e9, r\u00e9sistance \u00e0 la corrosion et conformit\u00e9 aux normes d'hygi\u00e8ne, ce qui en fait un choix id\u00e9al pour les applications agroalimentaires. Pour toute demande ou exigence concernant nos r\u00e9ducteurs \u00e0 vis sans fin en acier inoxydable, n'h\u00e9sitez pas \u00e0 nous contacter. Notre \u00e9quipe d\u00e9di\u00e9e est \u00e0 votre disposition pour vous aider rapidement et vous proposer des solutions sur mesure pour optimiser vos op\u00e9rations. Contactez-nous d\u00e8s aujourd'hui pour discuter de vos besoins\u00a0!<\/p>\n<p><img loading=\"lazy\" decoding=\"async\" class=\"alignnone size-full wp-image-7173\" src=\"https:\/\/fmp-components.com\/wp-content\/uploads\/2025\/03\/Stainless-Steel-Worm-Gearbox.webp\" alt=\"R\u00e9ducteur \u00e0 vis sans fin en acier inoxydable\" width=\"1000\" height=\"668\" title=\"\" srcset=\"https:\/\/fmp-components.com\/wp-content\/uploads\/2025\/03\/Stainless-Steel-Worm-Gearbox.webp 1000w, https:\/\/fmp-components.com\/wp-content\/uploads\/2025\/03\/Stainless-Steel-Worm-Gearbox-980x655.webp 980w, https:\/\/fmp-components.com\/wp-content\/uploads\/2025\/03\/Stainless-Steel-Worm-Gearbox-480x321.webp 480w\" sizes=\"(min-width: 0px) and (max-width: 480px) 480px, (min-width: 481px) and (max-width: 980px) 980px, (min-width: 981px) 1000px, 100vw\" \/><\/p>\n<\/div>","protected":false},"excerpt":{"rendered":"<p>Chez FMP Company, nous sommes sp\u00e9cialis\u00e9s dans la fabrication d'une large gamme d'engrenages \u00e0 vis sans fin en acier inoxydable, con\u00e7us pour r\u00e9pondre \u00e0 divers besoins industriels. En plus de notre vaste catalogue, nous proposons \u00e9galement des solutions sur mesure adapt\u00e9es \u00e0 vos besoins sp\u00e9cifiques. Si vous ne trouvez pas le mod\u00e8le exact que vous recherchez dans notre liste de produits, il est probable que nous n'ayons pas [\u2026]<\/p>","protected":false},"featured_media":7169,"comment_status":"open","ping_status":"closed","template":"","meta":{"_et_pb_use_builder":"","_et_pb_old_content":"","_et_gb_content_width":""},"product_brand":[],"product_cat":[107],"product_tag":[],"class_list":{"0":"post-7168","1":"product","2":"type-product","3":"status-publish","4":"has-post-thumbnail","6":"product_cat-worm-gear","8":"first","9":"instock","10":"shipping-taxable","11":"product-type-simple"},"_links":{"self":[{"href":"https:\/\/fmp-components.com\/fr\/wp-json\/wp\/v2\/product\/7168","targetHints":{"allow":["GET"]}}],"collection":[{"href":"https:\/\/fmp-components.com\/fr\/wp-json\/wp\/v2\/product"}],"about":[{"href":"https:\/\/fmp-components.com\/fr\/wp-json\/wp\/v2\/types\/product"}],"replies":[{"embeddable":true,"href":"https:\/\/fmp-components.com\/fr\/wp-json\/wp\/v2\/comments?post=7168"}],"wp:featuredmedia":[{"embeddable":true,"href":"https:\/\/fmp-components.com\/fr\/wp-json\/wp\/v2\/media\/7169"}],"wp:attachment":[{"href":"https:\/\/fmp-components.com\/fr\/wp-json\/wp\/v2\/media?parent=7168"}],"wp:term":[{"taxonomy":"product_brand","embeddable":true,"href":"https:\/\/fmp-components.com\/fr\/wp-json\/wp\/v2\/product_brand?post=7168"},{"taxonomy":"product_cat","embeddable":true,"href":"https:\/\/fmp-components.com\/fr\/wp-json\/wp\/v2\/product_cat?post=7168"},{"taxonomy":"product_tag","embeddable":true,"href":"https:\/\/fmp-components.com\/fr\/wp-json\/wp\/v2\/product_tag?post=7168"}],"curies":[{"name":"wp","href":"https:\/\/api.w.org\/{rel}","templated":true}]}}