{"id":7147,"date":"2025-03-19T06:49:31","date_gmt":"2025-03-19T06:49:31","guid":{"rendered":"https:\/\/fmp-components.com\/?post_type=product&#038;p=7147"},"modified":"2025-03-26T08:52:30","modified_gmt":"2025-03-26T08:52:30","slug":"alloy-steel-worm-and-worm-gear-for-auto-parts","status":"publish","type":"product","link":"https:\/\/fmp-components.com\/fr\/product\/alloy-steel-worm-and-worm-gear-for-auto-parts\/","title":{"rendered":"Vis sans fin et engrenages \u00e0 vis sans fin en acier alli\u00e9 pour pi\u00e8ces automobiles"},"content":{"rendered":"<p>Chez FMP Company, nous sommes sp\u00e9cialis\u00e9s dans la fabrication d'une large gamme de vis sans fin en acier alli\u00e9 et <a href=\"https:\/\/fmp-components.com\/fr\/worm-gear-and-worm-shaft-2\/\">Engrenage \u00e0 vis sans fin<\/a> Pour les pi\u00e8ces automobiles, nous sommes con\u00e7us pour r\u00e9pondre aux besoins vari\u00e9s de l'industrie avec pr\u00e9cision et durabilit\u00e9. Nous proposons \u00e9galement des services de personnalisation afin que nos produits r\u00e9pondent parfaitement \u00e0 vos exigences sp\u00e9cifiques. Si vous ne trouvez pas le mod\u00e8le dont vous avez besoin dans notre liste de produits, cela signifie simplement que nous ne l'avons pas encore mis en ligne. N'h\u00e9sitez pas \u00e0 nous envoyer un e-mail avec les sp\u00e9cifications souhait\u00e9es. Nos ing\u00e9nieurs vous r\u00e9pondront sous 24 heures.<\/p>\n<p><img loading=\"lazy\" decoding=\"async\" class=\"alignnone size-full wp-image-7148\" src=\"https:\/\/fmp-components.com\/wp-content\/uploads\/2025\/03\/Alloy-Steel-Worm-And-Worm-Gear-for-Auto-Parts-1.png\" alt=\"Vis sans fin et engrenages \u00e0 vis sans fin en acier alli\u00e9 pour pi\u00e8ces automobiles\" width=\"1018\" height=\"709\" title=\"\" srcset=\"https:\/\/fmp-components.com\/wp-content\/uploads\/2025\/03\/Alloy-Steel-Worm-And-Worm-Gear-for-Auto-Parts-1.png 1018w, https:\/\/fmp-components.com\/wp-content\/uploads\/2025\/03\/Alloy-Steel-Worm-And-Worm-Gear-for-Auto-Parts-1-980x683.png 980w, https:\/\/fmp-components.com\/wp-content\/uploads\/2025\/03\/Alloy-Steel-Worm-And-Worm-Gear-for-Auto-Parts-1-480x334.png 480w\" sizes=\"(min-width: 0px) and (max-width: 480px) 480px, (min-width: 481px) and (max-width: 980px) 980px, (min-width: 981px) 1018px, 100vw\" \/><\/p>\n<p>Dimensions : \u03a65 mm - \u03a6120 mm<br \/>\nModule : M0.2-M2.2<br \/>\nType de mat\u00e9riau : aluminium, cuivre, laiton, acier inoxydable, acier, fer, alliage, titane, etc. selon les besoins du client<\/p>\n<div class=\"table-responsive\">\n<table class=\"table\" style=\"height: 602px; width: 99.8413%; border-style: solid; border-color: #0d0b0b;\" border=\"1\">\n<tbody>\n<tr>\n<td style=\"width: 99.2693%;\" colspan=\"2\">\n<p style=\"text-align: center;\">Vis sans fin et engrenages \u00e0 vis sans fin en acier alli\u00e9 pour pi\u00e8ces automobiles<\/p>\n<\/td>\n<\/tr>\n<tr>\n<td style=\"width: 15.9708%;\">Dimension<\/td>\n<td style=\"width: 83.2985%;\">\u03a65mm-\u03a6120mm<\/td>\n<\/tr>\n<tr>\n<td style=\"width: 15.9708%;\">Module<\/td>\n<td style=\"width: 83.2985%;\">M0.2-M2.2<\/td>\n<\/tr>\n<tr>\n<td style=\"width: 15.9708%;\">Type de mat\u00e9riau<\/td>\n<td style=\"width: 83.2985%;\">Aluminium, cuivre, laiton, acier inoxydable, acier, fer, alliage, titane, etc. selon les besoins du client<\/td>\n<\/tr>\n<tr>\n<td style=\"width: 15.9708%;\">Traitement de surface<\/td>\n<td style=\"width: 83.2985%;\">Anodisation, brossage, galvanisation, gravure au laser, impression en soie, polissage, rev\u00eatement en poudre, etc.<\/td>\n<\/tr>\n<tr>\n<td style=\"width: 15.9708%;\">Traitement<\/td>\n<td style=\"width: 83.2985%;\">Tournage CNC, fraisage, per\u00e7age, taillage, polissage, douille, traitement de surface, etc.<\/td>\n<\/tr>\n<tr>\n<td style=\"width: 15.9708%;\">Application<\/td>\n<td style=\"width: 83.2985%;\">Automobile, M\u00e9dical, Industrie, Militaire, A\u00e9ronautique, M\u00e9canique, etc.<\/td>\n<\/tr>\n<tr>\n<td style=\"width: 15.9708%;\">Personnalis\u00e9<\/td>\n<td style=\"width: 83.2985%;\">ODM\/OEM<\/td>\n<\/tr>\n<tr>\n<td style=\"width: 15.9708%;\">\u00c9chantillon<\/td>\n<td style=\"width: 83.2985%;\">\u00c9chantillon disponible<\/td>\n<\/tr>\n<tr>\n<td style=\"width: 15.9708%;\">Modes d'emballage<\/td>\n<td style=\"width: 83.2985%;\">Sac PE \u00e0 l'int\u00e9rieur, carton \u00e0 l'ext\u00e9rieur ou selon les besoins de nos clients<\/td>\n<\/tr>\n<tr>\n<td style=\"width: 15.9708%;\">Modes de livraison<\/td>\n<td style=\"width: 83.2985%;\">DHL, TNT, FedEx et UPS<\/td>\n<\/tr>\n<tr>\n<td style=\"width: 15.9708%;\">Tol\u00e9rance<\/td>\n<td style=\"width: 83.2985%;\">0,001 mm-0,01 mm-0,1 mm<\/td>\n<\/tr>\n<\/tbody>\n<\/table>\n<h2>Caract\u00e9ristiques des vis sans fin et des engrenages \u00e0 vis sans fin en acier alli\u00e9<\/h2>\n<div>\n<ul>\n<li class=\"break-words\"><strong>Conception compacte<\/strong>:Les engrenages \u00e0 vis sans fin et \u00e0 vis sans fin font partie des syst\u00e8mes d'engrenages les plus efficaces en termes d'espace, con\u00e7us pour transmettre le mouvement entre des arbres \u00e0 angle droit non s\u00e9cants tout en offrant des rapports de r\u00e9duction \u00e9lev\u00e9s dans un encombrement minimal.<\/li>\n<li class=\"break-words\"><strong>Haute r\u00e9sistance et durabilit\u00e9<\/strong>:Fabriqu\u00e9 en acier alli\u00e9, souvent tremp\u00e9 ou trait\u00e9 thermiquement, le ver offre une r\u00e9sistance \u00e0 la traction et \u00e0 l'usure exceptionnelles, garantissant des performances durables dans des conditions exigeantes.<\/li>\n<li class=\"break-words\"><strong>Fonctionnement silencieux et fluide<\/strong>:Cette combinaison d'engrenages offre le fonctionnement le plus silencieux et le plus fluide de tous les types d'engrenages, gr\u00e2ce \u00e0 l'engr\u00e8nement pr\u00e9cis de la vis sans fin en acier alli\u00e9 et de l'engrenage \u00e0 vis sans fin, r\u00e9duisant le bruit et les vibrations.<\/li>\n<li class=\"break-words\"><strong>Manipulation de charge sup\u00e9rieure<\/strong>:Les vis sans fin en acier alli\u00e9, associ\u00e9es \u00e0 des mat\u00e9riaux comme le bronze ou la fonte pour l'engrenage \u00e0 vis sans fin, excellent dans la gestion de charges lourdes et d'un couple \u00e9lev\u00e9, ce qui les rend id\u00e9ales pour les applications n\u00e9cessitant une transmission de puissance robuste.<\/li>\n<li class=\"break-words\"><strong>Efficacit\u00e9 et polyvalence am\u00e9lior\u00e9es<\/strong>:Gr\u00e2ce \u00e0 l'usinabilit\u00e9 de l'acier alli\u00e9, les vis sans fin peuvent \u00eatre rectifi\u00e9es avec pr\u00e9cision pour des profils de dents optimaux, am\u00e9liorant l'efficacit\u00e9 et permettant des conceptions personnalisables pour diverses utilisations, telles que les entra\u00eenements de machines ou les ascenseurs.<\/li>\n<\/ul>\n<\/div>\n<table style=\"width: 100%;\" border=\"1\" width=\"100%\" cellspacing=\"0\" cellpadding=\"0\">\n<tbody>\n<tr style=\"height: 14.40pt;\">\n<td style=\"height: 14.40pt; width: 49.80pt;\" width=\"83\" height=\"24\"><img loading=\"lazy\" decoding=\"async\" class=\"alignnone size-full wp-image-7150\" src=\"https:\/\/fmp-components.com\/wp-content\/uploads\/2025\/03\/Alloy-Steel-Worm-And-Worm-Gear-for-Auto-Parts-3.webp\" alt=\"Vis sans fin et engrenages \u00e0 vis sans fin en acier alli\u00e9 pour pi\u00e8ces automobiles\" width=\"350\" height=\"350\" title=\"\" srcset=\"https:\/\/fmp-components.com\/wp-content\/uploads\/2025\/03\/Alloy-Steel-Worm-And-Worm-Gear-for-Auto-Parts-3.webp 350w, https:\/\/fmp-components.com\/wp-content\/uploads\/2025\/03\/Alloy-Steel-Worm-And-Worm-Gear-for-Auto-Parts-3-300x300.webp 300w, https:\/\/fmp-components.com\/wp-content\/uploads\/2025\/03\/Alloy-Steel-Worm-And-Worm-Gear-for-Auto-Parts-3-150x150.webp 150w, https:\/\/fmp-components.com\/wp-content\/uploads\/2025\/03\/Alloy-Steel-Worm-And-Worm-Gear-for-Auto-Parts-3-12x12.webp 12w, https:\/\/fmp-components.com\/wp-content\/uploads\/2025\/03\/Alloy-Steel-Worm-And-Worm-Gear-for-Auto-Parts-3-100x100.webp 100w\" sizes=\"(max-width: 350px) 100vw, 350px\" \/><\/td>\n<td style=\"width: 48.00pt;\" align=\"right\" width=\"80\"><img loading=\"lazy\" decoding=\"async\" class=\"alignnone size-full wp-image-7151\" src=\"https:\/\/fmp-components.com\/wp-content\/uploads\/2025\/03\/Alloy-Steel-Worm-And-Worm-Gear-for-Auto-Parts-2.webp\" alt=\"Vis sans fin et engrenages \u00e0 vis sans fin en acier alli\u00e9 pour pi\u00e8ces automobiles\" width=\"350\" height=\"350\" title=\"\" srcset=\"https:\/\/fmp-components.com\/wp-content\/uploads\/2025\/03\/Alloy-Steel-Worm-And-Worm-Gear-for-Auto-Parts-2.webp 350w, https:\/\/fmp-components.com\/wp-content\/uploads\/2025\/03\/Alloy-Steel-Worm-And-Worm-Gear-for-Auto-Parts-2-300x300.webp 300w, https:\/\/fmp-components.com\/wp-content\/uploads\/2025\/03\/Alloy-Steel-Worm-And-Worm-Gear-for-Auto-Parts-2-150x150.webp 150w, https:\/\/fmp-components.com\/wp-content\/uploads\/2025\/03\/Alloy-Steel-Worm-And-Worm-Gear-for-Auto-Parts-2-12x12.webp 12w, https:\/\/fmp-components.com\/wp-content\/uploads\/2025\/03\/Alloy-Steel-Worm-And-Worm-Gear-for-Auto-Parts-2-100x100.webp 100w\" sizes=\"(max-width: 350px) 100vw, 350px\" \/><\/td>\n<\/tr>\n<\/tbody>\n<\/table>\n<p>&nbsp;<\/p>\n<p><img loading=\"lazy\" decoding=\"async\" class=\"alignnone size-full wp-image-7149\" src=\"https:\/\/fmp-components.com\/wp-content\/uploads\/2025\/03\/Alloy-Steel-Worm-And-Worm-Gear-for-Auto-Parts-4.webp\" alt=\"Vis sans fin et engrenages \u00e0 vis sans fin en acier alli\u00e9 pour pi\u00e8ces automobiles\" width=\"773\" height=\"669\" title=\"\" srcset=\"https:\/\/fmp-components.com\/wp-content\/uploads\/2025\/03\/Alloy-Steel-Worm-And-Worm-Gear-for-Auto-Parts-4.webp 773w, https:\/\/fmp-components.com\/wp-content\/uploads\/2025\/03\/Alloy-Steel-Worm-And-Worm-Gear-for-Auto-Parts-4-480x415.webp 480w\" sizes=\"(min-width: 0px) and (max-width: 480px) 480px, (min-width: 481px) 773px, 100vw\" \/><\/p>\n<\/div>","protected":false},"excerpt":{"rendered":"<p>Chez FMP Company, nous sommes sp\u00e9cialis\u00e9s dans la fabrication d'une large gamme de vis sans fin et d'engrenages \u00e0 vis sans fin en acier alli\u00e9 pour pi\u00e8ces automobiles, con\u00e7us pour r\u00e9pondre aux divers besoins de l'industrie avec pr\u00e9cision et durabilit\u00e9. Nous proposons \u00e9galement des services de personnalisation pour garantir que nos produits r\u00e9pondent parfaitement \u00e0 vos exigences sp\u00e9cifiques. Si vous ne trouvez pas le mod\u00e8le qu'il vous faut dans notre [\u2026]<\/p>","protected":false},"featured_media":7152,"comment_status":"open","ping_status":"closed","template":"","meta":{"_et_pb_use_builder":"","_et_pb_old_content":"","_et_gb_content_width":""},"product_brand":[],"product_cat":[107],"product_tag":[],"class_list":{"0":"post-7147","1":"product","2":"type-product","3":"status-publish","4":"has-post-thumbnail","6":"product_cat-worm-gear","8":"first","9":"instock","10":"shipping-taxable","11":"product-type-simple"},"_links":{"self":[{"href":"https:\/\/fmp-components.com\/fr\/wp-json\/wp\/v2\/product\/7147","targetHints":{"allow":["GET"]}}],"collection":[{"href":"https:\/\/fmp-components.com\/fr\/wp-json\/wp\/v2\/product"}],"about":[{"href":"https:\/\/fmp-components.com\/fr\/wp-json\/wp\/v2\/types\/product"}],"replies":[{"embeddable":true,"href":"https:\/\/fmp-components.com\/fr\/wp-json\/wp\/v2\/comments?post=7147"}],"wp:featuredmedia":[{"embeddable":true,"href":"https:\/\/fmp-components.com\/fr\/wp-json\/wp\/v2\/media\/7152"}],"wp:attachment":[{"href":"https:\/\/fmp-components.com\/fr\/wp-json\/wp\/v2\/media?parent=7147"}],"wp:term":[{"taxonomy":"product_brand","embeddable":true,"href":"https:\/\/fmp-components.com\/fr\/wp-json\/wp\/v2\/product_brand?post=7147"},{"taxonomy":"product_cat","embeddable":true,"href":"https:\/\/fmp-components.com\/fr\/wp-json\/wp\/v2\/product_cat?post=7147"},{"taxonomy":"product_tag","embeddable":true,"href":"https:\/\/fmp-components.com\/fr\/wp-json\/wp\/v2\/product_tag?post=7147"}],"curies":[{"name":"wp","href":"https:\/\/api.w.org\/{rel}","templated":true}]}}