{"id":7132,"date":"2025-03-18T08:04:19","date_gmt":"2025-03-18T08:04:19","guid":{"rendered":"https:\/\/fmp-components.com\/?post_type=product&#038;p=7132"},"modified":"2025-03-27T01:23:33","modified_gmt":"2025-03-27T01:23:33","slug":"forging-bevel-gears","status":"publish","type":"product","link":"https:\/\/fmp-components.com\/fr\/product\/forging-bevel-gears\/","title":{"rendered":"Forgeage d&#039;engrenages coniques"},"content":{"rendered":"<h2>Engrenages coniques forg\u00e9s avec pr\u00e9cision, adapt\u00e9s \u00e0 vos besoins<\/h2>\n<p>Chez FMP, nous sommes sp\u00e9cialis\u00e9s dans la fabrication de pi\u00e8ces forg\u00e9es de haute performance <a href=\"https:\/\/fmp-components.com\/fr\/bevel-gear-2\/\">engrenages coniques<\/a> Nous proposons une large gamme de types et de sp\u00e9cifications, con\u00e7us pour r\u00e9pondre aux diverses exigences industrielles. Notre gamme de produits comprend des engrenages droits, h\u00e9lico\u00efdaux et coniques hypo\u00efdes, tous con\u00e7us avec pr\u00e9cision gr\u00e2ce \u00e0 des techniques de forgeage avanc\u00e9es pour garantir une durabilit\u00e9 et une r\u00e9sistance exceptionnelles, ainsi qu'une int\u00e9gration parfaite \u00e0 vos machines.<\/p>\n<p>Les solutions sur mesure sont notre force. Que vous ayez besoin de dimensions uniques, de mat\u00e9riaux sp\u00e9cialis\u00e9s ou de profils de dents sur mesure, notre \u00e9quipe d'ing\u00e9nieurs collabore \u00e9troitement avec nos clients pour leur fournir des engrenages qui d\u00e9passent leurs attentes.<\/p>\n<p>Vous ne trouvez pas le mod\u00e8le souhait\u00e9 dans notre catalogue\u00a0? Pas d'inqui\u00e9tude, nos offres en ligne s'enrichissent constamment. Envoyez-nous simplement un e-mail avec les d\u00e9tails du type d'engrenage souhait\u00e9, y compris les param\u00e8tres d'application et les sp\u00e9cifications techniques. Nos ing\u00e9nieurs experts examineront votre demande sous 24\u00a0heures et vous fourniront un retour d'exp\u00e9rience sur la faisabilit\u00e9, le prix et les d\u00e9lais de livraison.<\/p>\n<table style=\"width: 103.173%;\" border=\"1\" width=\"100%\" cellspacing=\"0\" cellpadding=\"0\">\n<tbody>\n<tr style=\"height: 14.40pt;\">\n<td style=\"height: 14.4pt; width: 50.7937%;\" width=\"83\" height=\"24\"><img loading=\"lazy\" decoding=\"async\" class=\"size-full wp-image-7135 aligncenter\" src=\"https:\/\/fmp-components.com\/wp-content\/uploads\/2025\/03\/Forging-Bevel-Gears-product-4.webp\" alt=\"Forgeage d&#039;engrenages coniques\" width=\"400\" height=\"400\" title=\"\" srcset=\"https:\/\/fmp-components.com\/wp-content\/uploads\/2025\/03\/Forging-Bevel-Gears-product-4.webp 400w, https:\/\/fmp-components.com\/wp-content\/uploads\/2025\/03\/Forging-Bevel-Gears-product-4-300x300.webp 300w, https:\/\/fmp-components.com\/wp-content\/uploads\/2025\/03\/Forging-Bevel-Gears-product-4-150x150.webp 150w, https:\/\/fmp-components.com\/wp-content\/uploads\/2025\/03\/Forging-Bevel-Gears-product-4-12x12.webp 12w, https:\/\/fmp-components.com\/wp-content\/uploads\/2025\/03\/Forging-Bevel-Gears-product-4-100x100.webp 100w\" sizes=\"(max-width: 400px) 100vw, 400px\" \/><\/td>\n<td style=\"width: 52.2222%;\" align=\"right\" width=\"80\"><img loading=\"lazy\" decoding=\"async\" class=\"size-full wp-image-7136 aligncenter\" src=\"https:\/\/fmp-components.com\/wp-content\/uploads\/2025\/03\/Forging-Bevel-Gears-product-3.webp\" alt=\"Forgeage d&#039;engrenages coniques\" width=\"400\" height=\"400\" title=\"\" srcset=\"https:\/\/fmp-components.com\/wp-content\/uploads\/2025\/03\/Forging-Bevel-Gears-product-3.webp 400w, https:\/\/fmp-components.com\/wp-content\/uploads\/2025\/03\/Forging-Bevel-Gears-product-3-300x300.webp 300w, https:\/\/fmp-components.com\/wp-content\/uploads\/2025\/03\/Forging-Bevel-Gears-product-3-150x150.webp 150w, https:\/\/fmp-components.com\/wp-content\/uploads\/2025\/03\/Forging-Bevel-Gears-product-3-12x12.webp 12w, https:\/\/fmp-components.com\/wp-content\/uploads\/2025\/03\/Forging-Bevel-Gears-product-3-100x100.webp 100w\" sizes=\"(max-width: 400px) 100vw, 400px\" \/><\/td>\n<\/tr>\n<tr style=\"height: 14.40pt;\">\n<td style=\"height: 14.4pt; width: 50.7937%;\" height=\"24\"><img loading=\"lazy\" decoding=\"async\" class=\"size-full wp-image-7137 aligncenter\" src=\"https:\/\/fmp-components.com\/wp-content\/uploads\/2025\/03\/Forging-Bevel-Gears-product-2.webp\" alt=\"Forgeage d&#039;engrenages coniques\" width=\"400\" height=\"400\" title=\"\" srcset=\"https:\/\/fmp-components.com\/wp-content\/uploads\/2025\/03\/Forging-Bevel-Gears-product-2.webp 400w, https:\/\/fmp-components.com\/wp-content\/uploads\/2025\/03\/Forging-Bevel-Gears-product-2-300x300.webp 300w, https:\/\/fmp-components.com\/wp-content\/uploads\/2025\/03\/Forging-Bevel-Gears-product-2-150x150.webp 150w, https:\/\/fmp-components.com\/wp-content\/uploads\/2025\/03\/Forging-Bevel-Gears-product-2-12x12.webp 12w, https:\/\/fmp-components.com\/wp-content\/uploads\/2025\/03\/Forging-Bevel-Gears-product-2-100x100.webp 100w\" sizes=\"(max-width: 400px) 100vw, 400px\" \/><\/td>\n<td style=\"width: 52.2222%;\" align=\"right\"><img loading=\"lazy\" decoding=\"async\" class=\"size-full wp-image-7138 aligncenter\" src=\"https:\/\/fmp-components.com\/wp-content\/uploads\/2025\/03\/Forging-Bevel-Gears-product-1.webp\" alt=\"Forgeage d&#039;engrenages coniques\" width=\"400\" height=\"400\" title=\"\" srcset=\"https:\/\/fmp-components.com\/wp-content\/uploads\/2025\/03\/Forging-Bevel-Gears-product-1.webp 400w, https:\/\/fmp-components.com\/wp-content\/uploads\/2025\/03\/Forging-Bevel-Gears-product-1-300x300.webp 300w, https:\/\/fmp-components.com\/wp-content\/uploads\/2025\/03\/Forging-Bevel-Gears-product-1-150x150.webp 150w, https:\/\/fmp-components.com\/wp-content\/uploads\/2025\/03\/Forging-Bevel-Gears-product-1-12x12.webp 12w, https:\/\/fmp-components.com\/wp-content\/uploads\/2025\/03\/Forging-Bevel-Gears-product-1-100x100.webp 100w\" sizes=\"(max-width: 400px) 100vw, 400px\" \/><\/td>\n<\/tr>\n<\/tbody>\n<\/table>\n<h2>Caract\u00e9ristiques du forgeage des engrenages coniques<\/h2>\n<p>Les engrenages coniques forg\u00e9s sont des composants essentiels des syst\u00e8mes m\u00e9caniques \u00e0 usage intensif, offrant des avantages uniques par rapport aux solutions moul\u00e9es ou usin\u00e9es. Voici leurs caract\u00e9ristiques exceptionnelles qui les rendent id\u00e9aux pour les applications hautes performances\u00a0:<\/p>\n<p><strong>R\u00e9sistance et durabilit\u00e9 sup\u00e9rieures<\/strong><\/p>\n<ul>\n<li><strong>Alignement de la structure des grains<\/strong>:Le processus de forgeage comprime et aligne la structure du grain du m\u00e9tal, am\u00e9liorant ainsi la r\u00e9sistance \u00e0 la traction et \u00e0 la fatigue.<\/li>\n<li><strong>Capacit\u00e9 de charge \u00e9lev\u00e9e<\/strong>:R\u00e9siste \u00e0 des couples extr\u00eames, \u00e0 des charges de choc et \u00e0 des contraintes r\u00e9p\u00e9titives sans d\u00e9formation.<\/li>\n<li><strong>Int\u00e9grit\u00e9 mat\u00e9rielle<\/strong>:\u00c9limine la porosit\u00e9, les vides et les inclusions courantes dans les engrenages moul\u00e9s, garantissant une fiabilit\u00e9 \u00e0 long terme.<\/li>\n<\/ul>\n<p><strong>Pr\u00e9cision et performances am\u00e9lior\u00e9es<\/strong><\/p>\n<ul>\n<li><strong>Pr\u00e9cision dimensionnelle stricte<\/strong>:Le forgeage permet une production de forme quasi nette, minimisant le post-traitement et garantissant des profils de dents coh\u00e9rents.<\/li>\n<li><strong>Finition de surface optimale<\/strong>:Besoin r\u00e9duit de meulage\/polissage, maintenant l'int\u00e9grit\u00e9 structurelle tout en assurant un fonctionnement fluide.<\/li>\n<li><strong>R\u00e9duction du bruit<\/strong>:Les dents forg\u00e9es avec pr\u00e9cision s'engr\u00e8nent parfaitement, r\u00e9duisant ainsi les vibrations et le bruit de fonctionnement.<\/li>\n<\/ul>\n<p><strong>R\u00e9sistance \u00e0 l'usure et \u00e0 la corrosion<\/strong><\/p>\n<ul>\n<li><strong>Compatibilit\u00e9 du traitement thermique<\/strong>:Les engrenages forg\u00e9s peuvent subir des processus de durcissement (par exemple, c\u00e9mentation, durcissement par induction) pour am\u00e9liorer la duret\u00e9 de la surface et la r\u00e9sistance \u00e0 l'usure.<\/li>\n<li><strong>Flexibilit\u00e9 des mat\u00e9riaux<\/strong>:Compatible avec les alliages \u00e0 haute r\u00e9sistance (par exemple, AISI 4140, 4340) et les aciers inoxydables pour environnements corrosifs.<\/li>\n<\/ul>\n<p><strong>Rentabilit\u00e9 dans le temps<\/strong><\/p>\n<ul>\n<li><strong>Dur\u00e9e de vie plus longue<\/strong>:Les taux d\u2019usure et de d\u00e9faillance r\u00e9duits r\u00e9duisent les co\u00fbts de maintenance et les temps d\u2019arr\u00eat.<\/li>\n<li><strong>Gains d'efficacit\u00e9<\/strong>:La fabrication de pr\u00e9cision minimise les pertes d\u2019\u00e9nergie dues au frottement, am\u00e9liorant ainsi l\u2019efficacit\u00e9 du syst\u00e8me.<\/li>\n<\/ul>\n<h3>Pourquoi choisir des engrenages coniques forg\u00e9s plut\u00f4t que moul\u00e9s\/usin\u00e9s\u00a0?<\/h3>\n<p>Le forgeage assure une structure dense et homog\u00e8ne, surpassant les engrenages moul\u00e9s en termes de r\u00e9sistance et les engrenages usin\u00e9s en termes de rentabilit\u00e9 pour les applications soumises \u00e0 de fortes contraintes. Leur capacit\u00e9 \u00e0 supporter des conditions difficiles tout en maintenant une pr\u00e9cision optimale les rend indispensables dans les industries critiques.<\/p>\n<p>&nbsp;<\/p>\n<p><img loading=\"lazy\" decoding=\"async\" class=\"alignnone size-full wp-image-7139\" src=\"https:\/\/fmp-components.com\/wp-content\/uploads\/2025\/03\/Forging-Bevel-Gears-product-5.webp\" alt=\"Forgeage d&#039;engrenages coniques\" width=\"700\" height=\"395\" title=\"\" srcset=\"https:\/\/fmp-components.com\/wp-content\/uploads\/2025\/03\/Forging-Bevel-Gears-product-5.webp 700w, https:\/\/fmp-components.com\/wp-content\/uploads\/2025\/03\/Forging-Bevel-Gears-product-5-480x271.webp 480w\" sizes=\"(min-width: 0px) and (max-width: 480px) 480px, (min-width: 481px) 700px, 100vw\" \/><\/p>\n<h3>Produit connexe<\/h3>\n<p><img loading=\"lazy\" decoding=\"async\" class=\"alignnone size-full wp-image-7140\" src=\"https:\/\/fmp-components.com\/wp-content\/uploads\/2025\/03\/Forging-Bevel-Gears-product-6.webp\" alt=\"Forgeage d&#039;engrenages coniques\" width=\"887\" height=\"652\" title=\"\" srcset=\"https:\/\/fmp-components.com\/wp-content\/uploads\/2025\/03\/Forging-Bevel-Gears-product-6.webp 887w, https:\/\/fmp-components.com\/wp-content\/uploads\/2025\/03\/Forging-Bevel-Gears-product-6-480x353.webp 480w\" sizes=\"(min-width: 0px) and (max-width: 480px) 480px, (min-width: 481px) 887px, 100vw\" \/><\/p>","protected":false},"excerpt":{"rendered":"<p>Precision-Forged Bevel Gears Tailored to Your Needs At FMP, we specialize in manufacturing high-performance forging bevel gears across a wide range of types and specifications, designed to meet diverse industrial demands. Our product portfolio includes straight, spiral, and hypoid bevel gears, all precision-engineered using advanced forging techniques to ensure exceptional durability, strength, and seamless integration [&hellip;]<\/p>","protected":false},"featured_media":7133,"comment_status":"open","ping_status":"closed","template":"","meta":{"_et_pb_use_builder":"","_et_pb_old_content":"","_et_gb_content_width":""},"product_brand":[],"product_cat":[106],"product_tag":[],"class_list":{"0":"post-7132","1":"product","2":"type-product","3":"status-publish","4":"has-post-thumbnail","6":"product_cat-bevel-gears","8":"first","9":"instock","10":"shipping-taxable","11":"product-type-simple"},"_links":{"self":[{"href":"https:\/\/fmp-components.com\/fr\/wp-json\/wp\/v2\/product\/7132","targetHints":{"allow":["GET"]}}],"collection":[{"href":"https:\/\/fmp-components.com\/fr\/wp-json\/wp\/v2\/product"}],"about":[{"href":"https:\/\/fmp-components.com\/fr\/wp-json\/wp\/v2\/types\/product"}],"replies":[{"embeddable":true,"href":"https:\/\/fmp-components.com\/fr\/wp-json\/wp\/v2\/comments?post=7132"}],"wp:featuredmedia":[{"embeddable":true,"href":"https:\/\/fmp-components.com\/fr\/wp-json\/wp\/v2\/media\/7133"}],"wp:attachment":[{"href":"https:\/\/fmp-components.com\/fr\/wp-json\/wp\/v2\/media?parent=7132"}],"wp:term":[{"taxonomy":"product_brand","embeddable":true,"href":"https:\/\/fmp-components.com\/fr\/wp-json\/wp\/v2\/product_brand?post=7132"},{"taxonomy":"product_cat","embeddable":true,"href":"https:\/\/fmp-components.com\/fr\/wp-json\/wp\/v2\/product_cat?post=7132"},{"taxonomy":"product_tag","embeddable":true,"href":"https:\/\/fmp-components.com\/fr\/wp-json\/wp\/v2\/product_tag?post=7132"}],"curies":[{"name":"wp","href":"https:\/\/api.w.org\/{rel}","templated":true}]}}