{"id":7032,"date":"2025-03-14T08:14:15","date_gmt":"2025-03-14T08:14:15","guid":{"rendered":"https:\/\/fmp-components.com\/?post_type=product&#038;p=7032"},"modified":"2025-03-27T01:24:51","modified_gmt":"2025-03-27T01:24:51","slug":"spiral-miter-gears","status":"publish","type":"product","link":"https:\/\/fmp-components.com\/fr\/product\/spiral-miter-gears\/","title":{"rendered":"Engrenages \u00e0 onglet en spirale"},"content":{"rendered":"<p>Les engrenages \u00e0 onglet en spirale sont un type de <a href=\"https:\/\/fmp-components.com\/fr\/bevel-gear-2\/\">engrenage conique<\/a> Avec une denture h\u00e9lico\u00efdale con\u00e7ue pour transmettre la puissance entre les arbres s\u00e9cants \u00e0 angle droit, offrant un fonctionnement plus fluide et une capacit\u00e9 de charge sup\u00e9rieure \u00e0 celle des engrenages \u00e0 onglet droits. Chez FMP Company, nous fabriquons une grande vari\u00e9t\u00e9 d'engrenages \u00e0 onglet spiral\u00e9s et proposons \u00e9galement des personnalisations pour r\u00e9pondre \u00e0 vos besoins sp\u00e9cifiques. Si vous ne trouvez pas le mod\u00e8le que vous recherchez dans notre liste de produits, il n'est peut-\u00eatre pas encore disponible. N'h\u00e9sitez pas \u00e0 nous contacter par e-mail avec vos besoins\u00a0; nos ing\u00e9nieurs vous r\u00e9pondront sous 24\u00a0heures.<\/p>\n<div data-scroll-horizontal=\"wrap-body\">\n<h2>Sp\u00e9cifications de l'engrenage \u00e0 onglet en spirale<\/h2>\n<table style=\"width: 100%;\" border=\"1\" width=\"100%\" cellspacing=\"0\" cellpadding=\"0\">\n<tbody>\n<tr style=\"height: 43.20pt;\">\n<td class=\"et2\" style=\"height: 43.2pt; width: 13.9447%;\" width=\"83\" height=\"72\">Mod\u00e8le<\/td>\n<td class=\"et2\" style=\"width: 1.25628%;\" width=\"80\">Module<\/td>\n<td class=\"et2\" style=\"width: 6.03015%;\" width=\"154\">Dents<\/td>\n<td class=\"et2\" style=\"width: 10.6784%;\" width=\"80\">Direction de la spirale<\/td>\n<td class=\"et2\" style=\"width: 8.54269%;\" width=\"153\">Diam\u00e8tre primitif (mm)<\/td>\n<td class=\"et2\" style=\"width: 8.54272%;\" width=\"80\">Diam\u00e8tre d'al\u00e9sage (mm)<\/td>\n<td class=\"et2\" style=\"width: 10.3015%;\" width=\"144\">Largeur du visage (mm)<\/td>\n<td class=\"et2\" style=\"width: 13.3166%;\" width=\"192\">Mat\u00e9riel<\/td>\n<td class=\"et2\" style=\"width: 8.0402%;\" width=\"101\">Angle de pression<\/td>\n<td class=\"et2\" style=\"width: 6.40699%;\" width=\"181\">Angle d'h\u00e9lice<\/td>\n<td class=\"et2\" style=\"width: 14.5729%;\" width=\"80\">Application<\/td>\n<\/tr>\n<tr style=\"height: 14.40pt;\">\n<td style=\"height: 14.4pt; width: 13.9447%;\" height=\"24\">SMG-20-2-RH<\/td>\n<td style=\"width: 1.25628%;\" align=\"right\">2<\/td>\n<td style=\"width: 6.03015%;\" align=\"right\">20<\/td>\n<td style=\"width: 10.6784%;\">Main droite<\/td>\n<td style=\"width: 8.54269%;\" align=\"right\">40<\/td>\n<td style=\"width: 8.54272%;\" align=\"right\">12<\/td>\n<td style=\"width: 10.3015%;\" align=\"right\">9<\/td>\n<td style=\"width: 13.3166%;\">Acier tremp\u00e9<\/td>\n<td style=\"width: 8.0402%;\">20\u00b0<\/td>\n<td style=\"width: 6.40699%;\">35\u00b0<\/td>\n<td style=\"width: 14.5729%;\">Machines industrielles g\u00e9n\u00e9rales<\/td>\n<\/tr>\n<tr style=\"height: 14.40pt;\">\n<td style=\"height: 14.4pt; width: 13.9447%;\" height=\"24\">SMG-25-3-LH<\/td>\n<td style=\"width: 1.25628%;\" align=\"right\">3<\/td>\n<td style=\"width: 6.03015%;\" align=\"right\">25<\/td>\n<td style=\"width: 10.6784%;\">Main gauche<\/td>\n<td style=\"width: 8.54269%;\" align=\"right\">75<\/td>\n<td style=\"width: 8.54272%;\" align=\"right\">20<\/td>\n<td style=\"width: 10.3015%;\" align=\"right\">15<\/td>\n<td style=\"width: 13.3166%;\">Acier c\u00e9ment\u00e9<\/td>\n<td style=\"width: 8.0402%;\">20\u00b0<\/td>\n<td style=\"width: 6.40699%;\">35\u00b0<\/td>\n<td style=\"width: 14.5729%;\">Transmission \u00e0 couple \u00e9lev\u00e9<\/td>\n<\/tr>\n<tr style=\"height: 14.40pt;\">\n<td style=\"height: 14.4pt; width: 13.9447%;\" height=\"24\">SMG-15-1,5-RH<\/td>\n<td style=\"width: 1.25628%;\" align=\"right\">1.5<\/td>\n<td style=\"width: 6.03015%;\" align=\"right\">15<\/td>\n<td style=\"width: 10.6784%;\">Main droite<\/td>\n<td style=\"width: 8.54269%;\" align=\"right\">22.5<\/td>\n<td style=\"width: 8.54272%;\" align=\"right\">8<\/td>\n<td style=\"width: 10.3015%;\" align=\"right\">7<\/td>\n<td style=\"width: 13.3166%;\">Acier inoxydable (SUS303)<\/td>\n<td style=\"width: 8.0402%;\">20\u00b0<\/td>\n<td style=\"width: 6.40699%;\">35\u00b0<\/td>\n<td style=\"width: 14.5729%;\">\u00c9quipement de transformation des aliments<\/td>\n<\/tr>\n<tr style=\"height: 14.40pt;\">\n<td style=\"height: 14.4pt; width: 13.9447%;\" height=\"24\">SMG-30-4-LH<\/td>\n<td style=\"width: 1.25628%;\" align=\"right\">4<\/td>\n<td style=\"width: 6.03015%;\" align=\"right\">30<\/td>\n<td style=\"width: 10.6784%;\">Main gauche<\/td>\n<td style=\"width: 8.54269%;\" align=\"right\">120<\/td>\n<td style=\"width: 8.54272%;\" align=\"right\">25<\/td>\n<td style=\"width: 10.3015%;\" align=\"right\">20<\/td>\n<td style=\"width: 13.3166%;\">Acier alli\u00e9 (SCM415)<\/td>\n<td style=\"width: 8.0402%;\">20\u00b0<\/td>\n<td style=\"width: 6.40699%;\">35\u00b0<\/td>\n<td style=\"width: 14.5729%;\">Convoyeurs \u00e0 usage intensif<\/td>\n<\/tr>\n<tr style=\"height: 14.40pt;\">\n<td style=\"height: 14.4pt; width: 13.9447%;\" height=\"24\">SMG-18-2,5-RH<\/td>\n<td style=\"width: 1.25628%;\" align=\"right\">2.5<\/td>\n<td style=\"width: 6.03015%;\" align=\"right\">18<\/td>\n<td style=\"width: 10.6784%;\">Main droite<\/td>\n<td style=\"width: 8.54269%;\" align=\"right\">45<\/td>\n<td style=\"width: 8.54272%;\" align=\"right\">15<\/td>\n<td style=\"width: 10.3015%;\" align=\"right\">12<\/td>\n<td style=\"width: 13.3166%;\">Acier tremp\u00e9 (oxyde noir)<\/td>\n<td style=\"width: 8.0402%;\">20\u00b0<\/td>\n<td style=\"width: 6.40699%;\">35\u00b0<\/td>\n<td style=\"width: 14.5729%;\">Syst\u00e8mes automobiles<\/td>\n<\/tr>\n<tr style=\"height: 14.40pt;\">\n<td style=\"height: 14.4pt; width: 13.9447%;\" height=\"24\">SMG-12-1-RH<\/td>\n<td style=\"width: 1.25628%;\" align=\"right\">1<\/td>\n<td style=\"width: 6.03015%;\" align=\"right\">12<\/td>\n<td style=\"width: 10.6784%;\">Main droite<\/td>\n<td style=\"width: 8.54269%;\" align=\"right\">12<\/td>\n<td style=\"width: 8.54272%;\" align=\"right\">6<\/td>\n<td style=\"width: 10.3015%;\" align=\"right\">5<\/td>\n<td style=\"width: 13.3166%;\">Laiton<\/td>\n<td style=\"width: 8.0402%;\">20\u00b0<\/td>\n<td style=\"width: 6.40699%;\">35\u00b0<\/td>\n<td style=\"width: 14.5729%;\">Instruments de pr\u00e9cision<\/td>\n<\/tr>\n<tr style=\"height: 14.40pt;\">\n<td style=\"height: 14.4pt; width: 13.9447%;\" height=\"24\">SMG-35-5-LH<\/td>\n<td style=\"width: 1.25628%;\" align=\"right\">5<\/td>\n<td style=\"width: 6.03015%;\" align=\"right\">35<\/td>\n<td style=\"width: 10.6784%;\">Main gauche<\/td>\n<td style=\"width: 8.54269%;\" align=\"right\">175<\/td>\n<td style=\"width: 8.54272%;\" align=\"right\">30<\/td>\n<td style=\"width: 10.3015%;\" align=\"right\">25<\/td>\n<td style=\"width: 13.3166%;\">Acier tremp\u00e9<\/td>\n<td style=\"width: 8.0402%;\">20\u00b0<\/td>\n<td style=\"width: 6.40699%;\">35\u00b0<\/td>\n<td style=\"width: 14.5729%;\">\u00c9quipement minier<\/td>\n<\/tr>\n<tr style=\"height: 14.40pt;\">\n<td style=\"height: 14.4pt; width: 13.9447%;\" height=\"24\">SMG-16-2-LH<\/td>\n<td style=\"width: 1.25628%;\" align=\"right\">2<\/td>\n<td style=\"width: 6.03015%;\" align=\"right\">16<\/td>\n<td style=\"width: 10.6784%;\">Main gauche<\/td>\n<td style=\"width: 8.54269%;\" align=\"right\">32<\/td>\n<td style=\"width: 8.54272%;\" align=\"right\">10<\/td>\n<td style=\"width: 10.3015%;\" align=\"right\">8<\/td>\n<td style=\"width: 13.3166%;\">Acier inoxydable (SUS304)<\/td>\n<td style=\"width: 8.0402%;\">20\u00b0<\/td>\n<td style=\"width: 6.40699%;\">35\u00b0<\/td>\n<td style=\"width: 14.5729%;\">Applications marines<\/td>\n<\/tr>\n<tr style=\"height: 14.40pt;\">\n<td style=\"height: 14.4pt; width: 13.9447%;\" height=\"24\">SMG-22-3-RH<\/td>\n<td style=\"width: 1.25628%;\" align=\"right\">3<\/td>\n<td style=\"width: 6.03015%;\" align=\"right\">22<\/td>\n<td style=\"width: 10.6784%;\">Main droite<\/td>\n<td style=\"width: 8.54269%;\" align=\"right\">66<\/td>\n<td style=\"width: 8.54272%;\" align=\"right\">18<\/td>\n<td style=\"width: 10.3015%;\" align=\"right\">14<\/td>\n<td style=\"width: 13.3166%;\">Acier alli\u00e9 (SCM435)<\/td>\n<td style=\"width: 8.0402%;\">20\u00b0<\/td>\n<td style=\"width: 6.40699%;\">35\u00b0<\/td>\n<td style=\"width: 14.5729%;\">Robotique<\/td>\n<\/tr>\n<tr style=\"height: 14.40pt;\">\n<td style=\"height: 14.4pt; width: 13.9447%;\" height=\"24\">SMG-28-4-RH<\/td>\n<td style=\"width: 1.25628%;\" align=\"right\">4<\/td>\n<td style=\"width: 6.03015%;\" align=\"right\">28<\/td>\n<td style=\"width: 10.6784%;\">Main droite<\/td>\n<td style=\"width: 8.54269%;\" align=\"right\">112<\/td>\n<td style=\"width: 8.54272%;\" align=\"right\">22<\/td>\n<td style=\"width: 10.3015%;\" align=\"right\">18<\/td>\n<td style=\"width: 13.3166%;\">Acier c\u00e9ment\u00e9<\/td>\n<td style=\"width: 8.0402%;\">20\u00b0<\/td>\n<td style=\"width: 6.40699%;\">35\u00b0<\/td>\n<td style=\"width: 14.5729%;\">Machines de construction<\/td>\n<\/tr>\n<\/tbody>\n<\/table>\n<h2>Caract\u00e9ristiques des engrenages \u00e0 onglet en spirale<\/h2>\n<div>\n<ul>\n<li class=\"break-words\"><strong>Conception de dents h\u00e9lico\u00efdales<\/strong>:Les engrenages \u00e0 onglet en spirale sont dot\u00e9s de dents h\u00e9lico\u00efdales incurv\u00e9es, permettant un engagement progressif, un fonctionnement plus fluide et un bruit r\u00e9duit par rapport aux engrenages \u00e0 coupe droite.<\/li>\n<li class=\"break-words\"><strong>Capacit\u00e9 de charge \u00e9lev\u00e9e<\/strong>:La configuration des dents en spirale r\u00e9partit les forces de mani\u00e8re plus uniforme sur les dents de l'engrenage, permettant \u00e0 ces engrenages de g\u00e9rer efficacement un couple plus \u00e9lev\u00e9 et des charges plus lourdes.<\/li>\n<li class=\"break-words\"><strong>Transmission de puissance \u00e0 angle droit<\/strong>:Ces engrenages sont con\u00e7us pour transmettre la puissance entre deux arbres se croisant \u00e0 un angle de 90 degr\u00e9s, ce qui les rend id\u00e9aux pour les syst\u00e8mes m\u00e9caniques compacts.<\/li>\n<li class=\"break-words\"><strong>Efficacit\u00e9 am\u00e9lior\u00e9e<\/strong>:La conception h\u00e9lico\u00efdale minimise les vibrations et le jeu, ce qui se traduit par une efficacit\u00e9 et une pr\u00e9cision accrues dans les applications de transfert de puissance.<\/li>\n<li class=\"break-words\"><strong>Durabilit\u00e9 et long\u00e9vit\u00e9<\/strong>:Fabriqu\u00e9s \u00e0 partir de mat\u00e9riaux de haute qualit\u00e9 et con\u00e7us pour un contact optimal avec les dents, les engrenages \u00e0 onglet en spirale offrent une r\u00e9sistance \u00e0 l'usure am\u00e9lior\u00e9e et une dur\u00e9e de vie plus longue.<\/li>\n<\/ul>\n<p><img loading=\"lazy\" decoding=\"async\" class=\"alignnone size-full wp-image-7034\" src=\"https:\/\/fmp-components.com\/wp-content\/uploads\/2025\/03\/Spiral-Miter-Gears-Product.webp\" alt=\"Engrenages \u00e0 onglet en spirale Produit\" width=\"1200\" height=\"1200\" title=\"\" srcset=\"https:\/\/fmp-components.com\/wp-content\/uploads\/2025\/03\/Spiral-Miter-Gears-Product.webp 1200w, https:\/\/fmp-components.com\/wp-content\/uploads\/2025\/03\/Spiral-Miter-Gears-Product-980x980.webp 980w, https:\/\/fmp-components.com\/wp-content\/uploads\/2025\/03\/Spiral-Miter-Gears-Product-480x480.webp 480w\" sizes=\"(min-width: 0px) and (max-width: 480px) 480px, (min-width: 481px) and (max-width: 980px) 980px, (min-width: 981px) 1200px, 100vw\" \/><\/p>\n<\/div>\n<\/div>\n<div data-scroll-horizontal=\"wrap-body\">\n<h2>\u00c0 propos de FMP<\/h2>\n<p>FMP est un fabricant italien leader d&#039;engrenages et de cr\u00e9maill\u00e8res, reconnu pour son expertise dans la production de composants standards et de solutions sur mesure. Outre sa gamme de pi\u00e8ces standard, FMP est sp\u00e9cialis\u00e9 dans la fabrication d&#039;engrenages standards et sp\u00e9cialis\u00e9s \u00e0 partir de plans ou d&#039;\u00e9chantillons fournis par ses clients. Nos engrenages sont disponibles dans une vari\u00e9t\u00e9 de mat\u00e9riaux, notamment l&#039;acier au carbone, l&#039;acier inoxydable, l&#039;aluminium, le cuivre, le laiton et le plastique, avec des configurations h\u00e9lico\u00efdales ou cylindriques. Pour toute demande d&#039;engrenages personnalis\u00e9s, n&#039;h\u00e9sitez pas \u00e0 nous contacter par e-mail. L&#039;\u00e9quipe d&#039;ing\u00e9nieurs professionnels de FMP r\u00e9pondra \u00e0 votre demande sous 24 heures.<\/p>\n<p><img loading=\"lazy\" decoding=\"async\" class=\"alignnone size-full wp-image-7010\" src=\"https:\/\/fmp-components.com\/wp-content\/uploads\/2025\/03\/bevel-gear-3.webp\" alt=\"engrenage conique\" width=\"1076\" height=\"721\" title=\"\" srcset=\"https:\/\/fmp-components.com\/wp-content\/uploads\/2025\/03\/bevel-gear-3.webp 1076w, https:\/\/fmp-components.com\/wp-content\/uploads\/2025\/03\/bevel-gear-3-980x657.webp 980w, https:\/\/fmp-components.com\/wp-content\/uploads\/2025\/03\/bevel-gear-3-480x322.webp 480w\" sizes=\"(min-width: 0px) and (max-width: 480px) 480px, (min-width: 481px) and (max-width: 980px) 980px, (min-width: 981px) 1076px, 100vw\" \/><\/p>\n<\/div>","protected":false},"excerpt":{"rendered":"<p>Spiral Miter Gears are a type of bevel gear with helical teeth designed to transmit power between intersecting shafts at a right angle, offering smoother operation and higher load capacity compared to straight miter gears. At FMP Company, we manufacture a wide variety of Spiral Miter Gears and also offer customization to meet your specific [&hellip;]<\/p>","protected":false},"featured_media":4344,"comment_status":"open","ping_status":"closed","template":"","meta":{"_et_pb_use_builder":"","_et_pb_old_content":"","_et_gb_content_width":""},"product_brand":[],"product_cat":[15],"product_tag":[],"class_list":{"0":"post-7032","1":"product","2":"type-product","3":"status-publish","4":"has-post-thumbnail","6":"product_cat-uncategorized","8":"first","9":"instock","10":"shipping-taxable","11":"product-type-simple"},"_links":{"self":[{"href":"https:\/\/fmp-components.com\/fr\/wp-json\/wp\/v2\/product\/7032","targetHints":{"allow":["GET"]}}],"collection":[{"href":"https:\/\/fmp-components.com\/fr\/wp-json\/wp\/v2\/product"}],"about":[{"href":"https:\/\/fmp-components.com\/fr\/wp-json\/wp\/v2\/types\/product"}],"replies":[{"embeddable":true,"href":"https:\/\/fmp-components.com\/fr\/wp-json\/wp\/v2\/comments?post=7032"}],"wp:featuredmedia":[{"embeddable":true,"href":"https:\/\/fmp-components.com\/fr\/wp-json\/wp\/v2\/media\/4344"}],"wp:attachment":[{"href":"https:\/\/fmp-components.com\/fr\/wp-json\/wp\/v2\/media?parent=7032"}],"wp:term":[{"taxonomy":"product_brand","embeddable":true,"href":"https:\/\/fmp-components.com\/fr\/wp-json\/wp\/v2\/product_brand?post=7032"},{"taxonomy":"product_cat","embeddable":true,"href":"https:\/\/fmp-components.com\/fr\/wp-json\/wp\/v2\/product_cat?post=7032"},{"taxonomy":"product_tag","embeddable":true,"href":"https:\/\/fmp-components.com\/fr\/wp-json\/wp\/v2\/product_tag?post=7032"}],"curies":[{"name":"wp","href":"https:\/\/api.w.org\/{rel}","templated":true}]}}