{"id":7030,"date":"2025-03-14T07:40:07","date_gmt":"2025-03-14T07:40:07","guid":{"rendered":"https:\/\/fmp-components.com\/?post_type=product&#038;p=7030"},"modified":"2025-03-27T01:25:11","modified_gmt":"2025-03-27T01:25:11","slug":"straight-bevel-gear","status":"publish","type":"product","link":"https:\/\/fmp-components.com\/fr\/product\/straight-bevel-gear\/","title":{"rendered":"Engrenage conique droit"},"content":{"rendered":"<p>Un engrenage conique droit est un type de <a href=\"https:\/\/fmp-components.com\/fr\/bevel-gear-2\/\">engrenage conique<\/a> Dot\u00e9s de dents droites et coniques taill\u00e9es le long de la surface conique de l'engrenage, les engrenages coniques sont con\u00e7us pour transmettre efficacement la puissance entre des arbres se croisant, g\u00e9n\u00e9ralement \u00e0 un angle de 90 degr\u00e9s. Ils offrent simplicit\u00e9 et fiabilit\u00e9 dans des applications telles que les diff\u00e9rentiels automobiles et les machines. Chez FMP Company, nous sommes fiers de fabriquer une large gamme d'engrenages coniques, incluant des mod\u00e8les droits, spiraux et h\u00e9lico\u00efdaux, et nous proposons \u00e9galement des solutions sur mesure pour r\u00e9pondre \u00e0 vos besoins sp\u00e9cifiques. Si vous ne trouvez pas le mod\u00e8le recherch\u00e9 dans notre catalogue, cela signifie simplement que nous n'avons pas encore eu le temps de le mettre \u00e0 jour. N'h\u00e9sitez pas \u00e0 nous envoyer un e-mail avec vos sp\u00e9cifications\u00a0; nos ing\u00e9nieurs vous r\u00e9pondront dans les 24\u00a0heures et vous apporteront une assistance personnalis\u00e9e.<\/p>\n<h2>Sp\u00e9cification<\/h2>\n<table class=\"table\" border=\"1\" width=\"100%\" cellspacing=\"0\" cellpadding=\"0\">\n<tbody>\n<tr class=\"firstRow\">\n<td valign=\"center\" width=\"132\">Num\u00e9ro de mod\u00e8le<\/td>\n<td valign=\"center\" width=\"491\">M3, M4, M5, M8, M12 et etc.<\/td>\n<\/tr>\n<tr>\n<td valign=\"center\" width=\"132\">Mat\u00e9riel<\/td>\n<td valign=\"center\" width=\"491\">Laiton, acier C45, acier inoxydable, cuivre, POM, aluminium, alliage, etc.<\/td>\n<\/tr>\n<tr>\n<td valign=\"center\" width=\"132\">Traitement de surface<\/td>\n<td valign=\"center\" width=\"491\">Zingu\u00e9, Nickel\u00e9, Passivation, Oxydation, Anodisation,<br \/>\nG\u00e9omet, Dacromet, oxyde noir, phosphatation, rev\u00eatement en poudre et \u00e9lectrophor\u00e8se<\/td>\n<\/tr>\n<tr>\n<td valign=\"center\" width=\"132\">Standard<\/td>\n<td valign=\"center\" width=\"491\">ISO, DIN, ANSI, JIS, BS et non standard.<\/td>\n<\/tr>\n<tr>\n<td valign=\"center\" width=\"132\">Pr\u00e9cision<\/td>\n<td valign=\"center\" width=\"491\">DIN6, DIN7, DIN8, DIN9.<\/td>\n<\/tr>\n<tr>\n<td valign=\"center\" width=\"132\">Traitement des dents<\/td>\n<td valign=\"center\" width=\"491\">Tremp\u00e9, frais\u00e9 ou rectifi\u00e9<\/td>\n<\/tr>\n<tr>\n<td valign=\"center\" width=\"132\">Tol\u00e9rance<\/td>\n<td valign=\"center\" width=\"491\">0,001 mm-0,01 mm-0,1 mm<\/td>\n<\/tr>\n<tr>\n<td valign=\"center\" width=\"132\">Finition<\/td>\n<td valign=\"center\" width=\"491\">grenaillage\/sablage, traitement thermique, recuit, revenu, polissage, anodisation, zingage<\/td>\n<\/tr>\n<tr>\n<td valign=\"center\" width=\"132\">Emballage des articles<\/td>\n<td valign=\"center\" width=\"491\">Sac en plastique + cartons ou emballage en bois<\/td>\n<\/tr>\n<tr>\n<td valign=\"center\" width=\"132\">Conditions de paiement<\/td>\n<td valign=\"center\" width=\"491\">Virement bancaire, L\/C<\/td>\n<\/tr>\n<tr>\n<td valign=\"center\" width=\"132\">D\u00e9lai de production<\/td>\n<td valign=\"center\" width=\"491\">20 jours ouvrables pour l&#039;\u00e9chantillon, 25 jours pour le gros<\/td>\n<\/tr>\n<tr>\n<td valign=\"center\" width=\"132\">\u00c9chantillons<\/td>\n<td valign=\"center\" width=\"491\">Gamme de prix d&#039;\u00e9chantillon de $2 \u00e0 $100.<br \/>\nexemple de demande express pay\u00e9 par les clients<\/td>\n<\/tr>\n<tr>\n<td valign=\"center\" width=\"132\">Application<\/td>\n<td valign=\"center\" width=\"491\">1. Machine de contr\u00f4le automatique<br \/>\n2. Industrie des semi-conducteurs<br \/>\n3. Machines pour l&#039;industrie g\u00e9n\u00e9rale<br \/>\n4. \u00c9quipement m\u00e9dical<br \/>\n5. \u00c9quipement d&#039;\u00e9nergie solaire<br \/>\n6. Machine-outil<br \/>\n7. Syst\u00e8me de stationnement<br \/>\n8. \u00c9quipements de transport ferroviaire \u00e0 grande vitesse et a\u00e9rien, etc.<\/td>\n<\/tr>\n<\/tbody>\n<\/table>\n<h2>Caract\u00e9ristiques d'un engrenage conique droit<\/h2>\n<div>\n<ul>\n<li class=\"break-words\"><strong>Conception de dents droites<\/strong>Les engrenages coniques droits poss\u00e8dent des dents taill\u00e9es droites et effil\u00e9es le long de la surface conique, offrant une conception simple et efficace pour la transmission de puissance entre arbres s\u00e9cants.<\/li>\n<li class=\"break-words\"><strong>Transfert de puissance efficace<\/strong>Ces engrenages sont con\u00e7us pour transmettre le couple de mani\u00e8re fluide et fiable, g\u00e9n\u00e9ralement \u00e0 un angle de 90 degr\u00e9s, ce qui les rend adapt\u00e9s \u00e0 des applications telles que les diff\u00e9rentiels automobiles et les machines de base.<\/li>\n<li class=\"break-words\"><strong>Production rentable<\/strong>La g\u00e9om\u00e9trie simple des dents permet une fabrication plus facile et moins co\u00fbteuse que celle des engrenages coniques h\u00e9lico\u00efdaux ou spiral\u00e9s, offrant ainsi une option \u00e9conomique pour de nombreux syst\u00e8mes.<\/li>\n<li class=\"break-words\"><strong>Capacit\u00e9 de charge mod\u00e9r\u00e9e<\/strong>Bien que capables de supporter des charges mod\u00e9r\u00e9es, les engrenages coniques droits ont une surface de contact des dents inf\u00e9rieure \u00e0 celle des engrenages \u00e0 denture spirale, ce qui les rend plus adapt\u00e9s aux applications n\u00e9cessitant un couple ou une vitesse plus faibles.<\/li>\n<li class=\"break-words\"><strong>Compact et polyvalent<\/strong>Leur forme conique permet une int\u00e9gration compacte dans les syst\u00e8mes m\u00e9caniques, offrant une grande polyvalence dans les configurations o\u00f9 l'espace est limit\u00e9, m\u00eame si elles peuvent produire plus de bruit et de vibrations dans des conditions de vitesse \u00e9lev\u00e9e.<\/li>\n<\/ul>\n<p><img loading=\"lazy\" decoding=\"async\" class=\"alignnone size-full wp-image-7031\" src=\"https:\/\/fmp-components.com\/wp-content\/uploads\/2025\/03\/Straight-Bevel-Gear-1.webp\" alt=\"Engrenage conique droit\" width=\"969\" height=\"648\" title=\"\" srcset=\"https:\/\/fmp-components.com\/wp-content\/uploads\/2025\/03\/Straight-Bevel-Gear-1.webp 969w, https:\/\/fmp-components.com\/wp-content\/uploads\/2025\/03\/Straight-Bevel-Gear-1-480x321.webp 480w\" sizes=\"(min-width: 0px) and (max-width: 480px) 480px, (min-width: 481px) 969px, 100vw\" \/><\/p>\n<\/div>\n<h2>\u00c0 propos de FMP<\/h2>\n<p>FMP est un fabricant italien leader d&#039;engrenages et de cr\u00e9maill\u00e8res, reconnu pour son expertise dans la production de composants standards et de solutions sur mesure. Outre sa gamme de pi\u00e8ces standard, FMP est sp\u00e9cialis\u00e9 dans la fabrication d&#039;engrenages standards et sp\u00e9cialis\u00e9s \u00e0 partir de plans ou d&#039;\u00e9chantillons fournis par ses clients. Nos engrenages sont disponibles dans une vari\u00e9t\u00e9 de mat\u00e9riaux, notamment l&#039;acier au carbone, l&#039;acier inoxydable, l&#039;aluminium, le cuivre, le laiton et le plastique, avec des configurations h\u00e9lico\u00efdales ou cylindriques. Pour toute demande d&#039;engrenages personnalis\u00e9s, n&#039;h\u00e9sitez pas \u00e0 nous contacter par e-mail. L&#039;\u00e9quipe d&#039;ing\u00e9nieurs professionnels de FMP r\u00e9pondra \u00e0 votre demande sous 24 heures.<\/p>\n<p><img loading=\"lazy\" decoding=\"async\" class=\"alignnone size-full wp-image-7010\" src=\"https:\/\/fmp-components.com\/wp-content\/uploads\/2025\/03\/bevel-gear-3.webp\" alt=\"engrenage conique\" width=\"1076\" height=\"721\" title=\"\" srcset=\"https:\/\/fmp-components.com\/wp-content\/uploads\/2025\/03\/bevel-gear-3.webp 1076w, https:\/\/fmp-components.com\/wp-content\/uploads\/2025\/03\/bevel-gear-3-980x657.webp 980w, https:\/\/fmp-components.com\/wp-content\/uploads\/2025\/03\/bevel-gear-3-480x322.webp 480w\" sizes=\"(min-width: 0px) and (max-width: 480px) 480px, (min-width: 481px) and (max-width: 980px) 980px, (min-width: 981px) 1076px, 100vw\" \/><\/p>","protected":false},"excerpt":{"rendered":"<p>A straight bevel gear is a type of bevel gear with straight, tapered teeth cut along the gear\u2019s conical surface, designed to transmit power efficiently between intersecting shafts, typically at a 90-degree angle, offering simplicity and reliability in applications like automotive differentials and machinery. At FMP Company, we proudly manufacture a wide range of bevel [&hellip;]<\/p>","protected":false},"featured_media":4345,"comment_status":"open","ping_status":"closed","template":"","meta":{"_et_pb_use_builder":"","_et_pb_old_content":"","_et_gb_content_width":""},"product_brand":[],"product_cat":[106],"product_tag":[],"class_list":{"0":"post-7030","1":"product","2":"type-product","3":"status-publish","4":"has-post-thumbnail","6":"product_cat-bevel-gears","8":"first","9":"instock","10":"shipping-taxable","11":"product-type-simple"},"_links":{"self":[{"href":"https:\/\/fmp-components.com\/fr\/wp-json\/wp\/v2\/product\/7030","targetHints":{"allow":["GET"]}}],"collection":[{"href":"https:\/\/fmp-components.com\/fr\/wp-json\/wp\/v2\/product"}],"about":[{"href":"https:\/\/fmp-components.com\/fr\/wp-json\/wp\/v2\/types\/product"}],"replies":[{"embeddable":true,"href":"https:\/\/fmp-components.com\/fr\/wp-json\/wp\/v2\/comments?post=7030"}],"wp:featuredmedia":[{"embeddable":true,"href":"https:\/\/fmp-components.com\/fr\/wp-json\/wp\/v2\/media\/4345"}],"wp:attachment":[{"href":"https:\/\/fmp-components.com\/fr\/wp-json\/wp\/v2\/media?parent=7030"}],"wp:term":[{"taxonomy":"product_brand","embeddable":true,"href":"https:\/\/fmp-components.com\/fr\/wp-json\/wp\/v2\/product_brand?post=7030"},{"taxonomy":"product_cat","embeddable":true,"href":"https:\/\/fmp-components.com\/fr\/wp-json\/wp\/v2\/product_cat?post=7030"},{"taxonomy":"product_tag","embeddable":true,"href":"https:\/\/fmp-components.com\/fr\/wp-json\/wp\/v2\/product_tag?post=7030"}],"curies":[{"name":"wp","href":"https:\/\/api.w.org\/{rel}","templated":true}]}}