{"id":7021,"date":"2025-03-14T06:47:26","date_gmt":"2025-03-14T06:47:26","guid":{"rendered":"https:\/\/fmp-components.com\/?post_type=product&#038;p=7021"},"modified":"2025-03-14T06:47:27","modified_gmt":"2025-03-14T06:47:27","slug":"zero-degree-spiral-bevel-gear","status":"publish","type":"product","link":"https:\/\/fmp-components.com\/fr\/product\/zero-degree-spiral-bevel-gear\/","title":{"rendered":"Engrenage conique h\u00e9lico\u00efdal \u00e0 z\u00e9ro degr\u00e9"},"content":{"rendered":"<h2>Sp\u00e9cification<\/h2>\n<table class=\"table\" border=\"1\" width=\"100%\" cellspacing=\"0\" cellpadding=\"0\">\n<tbody>\n<tr class=\"firstRow\">\n<td valign=\"center\" width=\"132\">Num\u00e9ro de mod\u00e8le<\/td>\n<td valign=\"center\" width=\"491\">M3, M4, M5, M8, M12 et etc.<\/td>\n<\/tr>\n<tr>\n<td valign=\"center\" width=\"132\">Mat\u00e9riel<\/td>\n<td valign=\"center\" width=\"491\">Laiton, acier C45, acier inoxydable, cuivre, POM, aluminium, alliage, etc.<\/td>\n<\/tr>\n<tr>\n<td valign=\"center\" width=\"132\">Traitement de surface<\/td>\n<td valign=\"center\" width=\"491\">Zingu\u00e9, Nickel\u00e9, Passivation, Oxydation, Anodisation,<br \/>\nG\u00e9omet, Dacromet, oxyde noir, phosphatation, rev\u00eatement en poudre et \u00e9lectrophor\u00e8se<\/td>\n<\/tr>\n<tr>\n<td valign=\"center\" width=\"132\">Standard<\/td>\n<td valign=\"center\" width=\"491\">ISO, DIN, ANSI, JIS, BS et non standard.<\/td>\n<\/tr>\n<tr>\n<td valign=\"center\" width=\"132\">Pr\u00e9cision<\/td>\n<td valign=\"center\" width=\"491\">DIN6, DIN7, DIN8, DIN9.<\/td>\n<\/tr>\n<tr>\n<td valign=\"center\" width=\"132\">Traitement des dents<\/td>\n<td valign=\"center\" width=\"491\">Tremp\u00e9, frais\u00e9 ou rectifi\u00e9<\/td>\n<\/tr>\n<tr>\n<td valign=\"center\" width=\"132\">Tol\u00e9rance<\/td>\n<td valign=\"center\" width=\"491\">0,001 mm-0,01 mm-0,1 mm<\/td>\n<\/tr>\n<tr>\n<td valign=\"center\" width=\"132\">Finition<\/td>\n<td valign=\"center\" width=\"491\">grenaillage\/sablage, traitement thermique, recuit, revenu, polissage, anodisation, zingage<\/td>\n<\/tr>\n<tr>\n<td valign=\"center\" width=\"132\">Emballage des articles<\/td>\n<td valign=\"center\" width=\"491\">Sac en plastique + cartons ou emballage en bois<\/td>\n<\/tr>\n<tr>\n<td valign=\"center\" width=\"132\">Conditions de paiement<\/td>\n<td valign=\"center\" width=\"491\">Virement bancaire, L\/C<\/td>\n<\/tr>\n<tr>\n<td valign=\"center\" width=\"132\">D\u00e9lai de production<\/td>\n<td valign=\"center\" width=\"491\">20 jours ouvrables pour l&#039;\u00e9chantillon, 25 jours pour le gros<\/td>\n<\/tr>\n<tr>\n<td valign=\"center\" width=\"132\">\u00c9chantillons<\/td>\n<td valign=\"center\" width=\"491\">Gamme de prix d&#039;\u00e9chantillon de $2 \u00e0 $100.<br \/>\nexemple de demande express pay\u00e9 par les clients<\/td>\n<\/tr>\n<tr>\n<td valign=\"center\" width=\"132\">Application<\/td>\n<td valign=\"center\" width=\"491\">1. Machine de contr\u00f4le automatique<br \/>\n2. Industrie des semi-conducteurs<br \/>\n3. Machines pour l&#039;industrie g\u00e9n\u00e9rale<br \/>\n4. \u00c9quipement m\u00e9dical<br \/>\n5. \u00c9quipement d&#039;\u00e9nergie solaire<br \/>\n6. Machine-outil<br \/>\n7. Syst\u00e8me de stationnement<br \/>\n8. \u00c9quipements de transport ferroviaire \u00e0 grande vitesse et a\u00e9rien, etc.<\/td>\n<\/tr>\n<\/tbody>\n<\/table>\n<h2>Caract\u00e9ristiques de l&#039;engrenage conique h\u00e9lico\u00efdal \u00e0 z\u00e9ro degr\u00e9<\/h2>\n<div>\n<ul>\n<li class=\"break-words\"><strong>G\u00e9om\u00e9trie des dents droites<\/strong>:Contrairement aux engrenages coniques h\u00e9lico\u00efdaux typiques avec des dents incurv\u00e9es, les engrenages coniques h\u00e9lico\u00efdaux \u00e0 z\u00e9ro degr\u00e9 ont des dents droites align\u00e9es \u00e0 un angle de spirale de 0 degr\u00e9, ressemblant aux engrenages coniques droits mais avec une forme conique pour les arbres qui se croisent.<\/li>\n<li class=\"break-words\"><strong>Transmission d&#039;\u00e9nergie efficace<\/strong>:Ces engrenages assurent un transfert de couple fluide et efficace entre les arbres \u00e0 un angle (g\u00e9n\u00e9ralement 90 degr\u00e9s), ce qui les rend adapt\u00e9s aux applications automobiles et industrielles n\u00e9cessitant des changements de direction pr\u00e9cis.<\/li>\n<li class=\"break-words\"><strong>R\u00e9duction du bruit et des vibrations<\/strong>:La conception \u00e0 z\u00e9ro degr\u00e9 minimise le contact de glissement entre les dents par rapport aux angles de spirale plus \u00e9lev\u00e9s, ce qui entra\u00eene un fonctionnement plus silencieux et des vibrations plus faibles, id\u00e9al pour les environnements sensibles au bruit.<\/li>\n<li class=\"break-words\"><strong>Fabrication simplifi\u00e9e<\/strong>:Avec des dents droites et sans courbure en spirale, les engrenages coniques en spirale \u00e0 z\u00e9ro degr\u00e9 sont plus faciles et moins co\u00fbteux \u00e0 produire que les engrenages coniques en spirale traditionnels, tout en offrant des performances robustes.<\/li>\n<li class=\"break-words\"><strong>Capacit\u00e9 de charge \u00e9lev\u00e9e<\/strong>:Malgr\u00e9 leur conception plus simple, ces engrenages sont construits \u00e0 partir de mat\u00e9riaux durables comme l&#039;acier tremp\u00e9, ce qui leur permet de supporter des charges et des contraintes importantes dans des syst\u00e8mes tels que les diff\u00e9rentiels ou les bo\u00eetes de vitesses.<\/li>\n<\/ul>\n<div>\n<div>\n<h3>Fournisseur d&#039;engrenages coniques en plastique<\/h3>\n<p>FMP propose tous les engrenages en plastique dont vous avez besoin. Nous proposons des engrenages droits, des cr\u00e9maill\u00e8res, des engrenages h\u00e9lico\u00efdaux et coniques, des vis sans fin, des engrenages coniques, des pignons et des cr\u00e9maill\u00e8res en plastique.<\/p>\n<p>Appelez-nous pour obtenir de l&#039;aide afin de trouver le bon \u00e9quipement ou la modification d&#039;un article de catalogue standard ou d&#039;une conception personnalis\u00e9e ; nos ing\u00e9nieurs fourniront la meilleure solution pour votre application.<\/p>\n<p><img loading=\"lazy\" decoding=\"async\" class=\"alignnone size-full wp-image-7019\" src=\"https:\/\/fmp-components.com\/wp-content\/uploads\/2025\/03\/Plastic-Bevel-Gears-Supplier1.webp\" alt=\"Fournisseur d&#039;engrenages coniques en plastique\" width=\"1200\" height=\"1000\" title=\"\" srcset=\"https:\/\/fmp-components.com\/wp-content\/uploads\/2025\/03\/Plastic-Bevel-Gears-Supplier1.webp 1200w, https:\/\/fmp-components.com\/wp-content\/uploads\/2025\/03\/Plastic-Bevel-Gears-Supplier1-980x817.webp 980w, https:\/\/fmp-components.com\/wp-content\/uploads\/2025\/03\/Plastic-Bevel-Gears-Supplier1-480x400.webp 480w\" sizes=\"(min-width: 0px) and (max-width: 480px) 480px, (min-width: 481px) and (max-width: 980px) 980px, (min-width: 981px) 1200px, 100vw\" \/><\/p>\n<\/div>\n<\/div>\n<div class=\"table-responsive\">\n<h2>\u00c0 propos de FMP<\/h2>\n<p>FMP est un fabricant italien leader d&#039;engrenages et de cr\u00e9maill\u00e8res, reconnu pour son expertise dans la production de composants standards et de solutions sur mesure. Outre sa gamme de pi\u00e8ces standard, FMP est sp\u00e9cialis\u00e9 dans la fabrication d&#039;engrenages standards et sp\u00e9cialis\u00e9s \u00e0 partir de plans ou d&#039;\u00e9chantillons fournis par ses clients. Nos engrenages sont disponibles dans une vari\u00e9t\u00e9 de mat\u00e9riaux, notamment l&#039;acier au carbone, l&#039;acier inoxydable, l&#039;aluminium, le cuivre, le laiton et le plastique, avec des configurations h\u00e9lico\u00efdales ou cylindriques. Pour toute demande d&#039;engrenages personnalis\u00e9s, n&#039;h\u00e9sitez pas \u00e0 nous contacter par e-mail. L&#039;\u00e9quipe d&#039;ing\u00e9nieurs professionnels de FMP r\u00e9pondra \u00e0 votre demande sous 24 heures.<\/p>\n<p><img loading=\"lazy\" decoding=\"async\" class=\"alignnone size-full wp-image-7010\" src=\"https:\/\/fmp-components.com\/wp-content\/uploads\/2025\/03\/bevel-gear-3.webp\" alt=\"engrenage conique\" width=\"1076\" height=\"721\" title=\"\" srcset=\"https:\/\/fmp-components.com\/wp-content\/uploads\/2025\/03\/bevel-gear-3.webp 1076w, https:\/\/fmp-components.com\/wp-content\/uploads\/2025\/03\/bevel-gear-3-980x657.webp 980w, https:\/\/fmp-components.com\/wp-content\/uploads\/2025\/03\/bevel-gear-3-480x322.webp 480w\" sizes=\"(min-width: 0px) and (max-width: 480px) 480px, (min-width: 481px) and (max-width: 980px) 980px, (min-width: 981px) 1076px, 100vw\" \/><\/p>\n<\/div>\n<\/div>","protected":false},"excerpt":{"rendered":"<p>Specification Model Number M3,M4,M5,M8,M12 and etc. Material Brass, C45 steel, Stainless steel, Copper, POM, Aluminum, Alloy, and so on Surface treatment Zinc-plated, Nickel plated, Passivation, Oxidation, Anodization, Geomet, Dacromet, Black Oxide, Phosphatizing, Powder Coating, and Electrophoresis Standard ISO, DIN, ANSI, JIS, BS, and Non-standard. Precision DIN6,DIN7,DIN8,DIN9. Teeth treatment Hardened, Milled, or Ground Tolerance 0.001mm-0.01mm-0.1mm Finish [&hellip;]<\/p>","protected":false},"featured_media":4346,"comment_status":"open","ping_status":"closed","template":"","meta":{"_et_pb_use_builder":"","_et_pb_old_content":"","_et_gb_content_width":""},"product_brand":[],"product_cat":[106],"product_tag":[],"class_list":{"0":"post-7021","1":"product","2":"type-product","3":"status-publish","4":"has-post-thumbnail","6":"product_cat-bevel-gears","8":"first","9":"instock","10":"shipping-taxable","11":"product-type-simple"},"_links":{"self":[{"href":"https:\/\/fmp-components.com\/fr\/wp-json\/wp\/v2\/product\/7021","targetHints":{"allow":["GET"]}}],"collection":[{"href":"https:\/\/fmp-components.com\/fr\/wp-json\/wp\/v2\/product"}],"about":[{"href":"https:\/\/fmp-components.com\/fr\/wp-json\/wp\/v2\/types\/product"}],"replies":[{"embeddable":true,"href":"https:\/\/fmp-components.com\/fr\/wp-json\/wp\/v2\/comments?post=7021"}],"wp:featuredmedia":[{"embeddable":true,"href":"https:\/\/fmp-components.com\/fr\/wp-json\/wp\/v2\/media\/4346"}],"wp:attachment":[{"href":"https:\/\/fmp-components.com\/fr\/wp-json\/wp\/v2\/media?parent=7021"}],"wp:term":[{"taxonomy":"product_brand","embeddable":true,"href":"https:\/\/fmp-components.com\/fr\/wp-json\/wp\/v2\/product_brand?post=7021"},{"taxonomy":"product_cat","embeddable":true,"href":"https:\/\/fmp-components.com\/fr\/wp-json\/wp\/v2\/product_cat?post=7021"},{"taxonomy":"product_tag","embeddable":true,"href":"https:\/\/fmp-components.com\/fr\/wp-json\/wp\/v2\/product_tag?post=7021"}],"curies":[{"name":"wp","href":"https:\/\/api.w.org\/{rel}","templated":true}]}}