{"id":7020,"date":"2025-03-14T06:42:58","date_gmt":"2025-03-14T06:42:58","guid":{"rendered":"https:\/\/fmp-components.com\/?post_type=product&#038;p=7020"},"modified":"2025-03-27T01:27:19","modified_gmt":"2025-03-27T01:27:19","slug":"industrial-bevel-gears","status":"publish","type":"product","link":"https:\/\/fmp-components.com\/fr\/product\/industrial-bevel-gears\/","title":{"rendered":"Engrenages coniques industriels"},"content":{"rendered":"<p><a href=\"https:\/\/fmp-components.com\/fr\/bevel-gear-2\/\">Engrenage conique<\/a> R\u00e9ducteurs M3-M20, diam\u00e8tre inf\u00e9rieur \u00e0 1200 mm, en acier 20CrMiti\/20CrMnMo\/42CrMo, pour r\u00e9ducteurs, machines p\u00e9troli\u00e8res, engins de chantier, camions et machines agricoles.<\/p>\n<h2>Sp\u00e9cifications du produit<\/h2>\n<div class=\"table-responsive\">\n<table class=\"table\" style=\"width: 99.8343%; height: 197px;\" border=\"1\">\n<tbody>\n<tr>\n<td style=\"width: 29.443%;\">Application:<\/td>\n<td style=\"width: 75.199%;\">Machines, machines marines, machines agricoles, machines p\u00e9troli\u00e8res<\/td>\n<\/tr>\n<tr>\n<td style=\"width: 29.443%;\">Duret\u00e9:<\/td>\n<td style=\"width: 75.199%;\">Surface dentaire durcie<\/td>\n<\/tr>\n<tr>\n<td style=\"width: 29.443%;\">Position de la vitesse :<\/td>\n<td style=\"width: 75.199%;\">Engrenage externe<\/td>\n<\/tr>\n<tr>\n<td style=\"width: 29.443%;\">M\u00e9thode de fabrication :<\/td>\n<td style=\"width: 75.199%;\">Meuleuse<\/td>\n<\/tr>\n<tr>\n<td style=\"width: 29.443%;\">Forme de la partie dent\u00e9e :<\/td>\n<td style=\"width: 75.199%;\">Roue dent\u00e9e conique<\/td>\n<\/tr>\n<tr>\n<td style=\"width: 29.443%;\">Mat\u00e9riel:<\/td>\n<td style=\"width: 75.199%;\">20crmnti<\/td>\n<\/tr>\n<\/tbody>\n<tbody>\n<tr>\n<td>mod\u00e8le d'arbre d'engrenage<\/td>\n<td>\u00c9quipement personnalis\u00e9 selon l'\u00e9chantillon ou le dessin du client<\/td>\n<\/tr>\n<tr>\n<td>Machine de traitement<\/td>\n<td>machine CNC<\/td>\n<\/tr>\n<tr>\n<td>Mat\u00e9riel<\/td>\n<td>Acier 20CrMnTi\/ 20CrMnMo\/ 42CrMo\/ 45#\/ 40Cr\/ 20CrNi2MoA<\/td>\n<\/tr>\n<tr>\n<td>traitement thermique<\/td>\n<td>C\u00e9mentation et trempe \/ Revenu \/ Nitruration \/ Carbonitruration \/ Trempe par induction<\/td>\n<\/tr>\n<tr>\n<td>Duret\u00e9<\/td>\n<td>58-62HRC<\/td>\n<\/tr>\n<tr>\n<td>Norme de qualit\u00e9<\/td>\n<td>GB\/ DIN\/ JIS\/ AGMA<\/td>\n<\/tr>\n<tr>\n<td>Classe de pr\u00e9cision<\/td>\n<td>Classe 5-8<\/td>\n<\/tr>\n<tr>\n<td>Exp\u00e9dition<\/td>\n<td>Transport maritime \/ Transport a\u00e9rien \/ Express<\/td>\n<\/tr>\n<tr>\n<td>D\u00e9lai de livraison<\/td>\n<td>30 jours<\/td>\n<\/tr>\n<\/tbody>\n<\/table>\n<h2>\u00c0 propos de FMP<\/h2>\n<p>FMP est un fabricant italien leader d&#039;engrenages et de cr\u00e9maill\u00e8res, reconnu pour son expertise dans la production de composants standards et de solutions sur mesure. Outre sa gamme de pi\u00e8ces standard, FMP est sp\u00e9cialis\u00e9 dans la fabrication d&#039;engrenages standards et sp\u00e9cialis\u00e9s \u00e0 partir de plans ou d&#039;\u00e9chantillons fournis par ses clients. Nos engrenages sont disponibles dans une vari\u00e9t\u00e9 de mat\u00e9riaux, notamment l&#039;acier au carbone, l&#039;acier inoxydable, l&#039;aluminium, le cuivre, le laiton et le plastique, avec des configurations h\u00e9lico\u00efdales ou cylindriques. Pour toute demande d&#039;engrenages personnalis\u00e9s, n&#039;h\u00e9sitez pas \u00e0 nous contacter par e-mail. L&#039;\u00e9quipe d&#039;ing\u00e9nieurs professionnels de FMP r\u00e9pondra \u00e0 votre demande sous 24 heures.<\/p>\n<p><img loading=\"lazy\" decoding=\"async\" class=\"alignnone size-full wp-image-7010\" src=\"https:\/\/fmp-components.com\/wp-content\/uploads\/2025\/03\/bevel-gear-3.webp\" alt=\"engrenage conique\" width=\"1076\" height=\"721\" title=\"\" srcset=\"https:\/\/fmp-components.com\/wp-content\/uploads\/2025\/03\/bevel-gear-3.webp 1076w, https:\/\/fmp-components.com\/wp-content\/uploads\/2025\/03\/bevel-gear-3-980x657.webp 980w, https:\/\/fmp-components.com\/wp-content\/uploads\/2025\/03\/bevel-gear-3-480x322.webp 480w\" sizes=\"(min-width: 0px) and (max-width: 480px) 480px, (min-width: 481px) and (max-width: 980px) 980px, (min-width: 981px) 1076px, 100vw\" \/><\/p>\n<\/div>","protected":false},"excerpt":{"rendered":"<p>Engrenage conique M3-M20, diam\u00e8tre inf\u00e9rieur \u00e0 1200 mm, en acier 20CrMiti\/20CrMnMo\/42CrMo, pour r\u00e9ducteurs, machines p\u00e9troli\u00e8res, engins de chantier, camions et machines agricoles. Sp\u00e9cifications\u00a0: Applications\u00a0: Machines, applications marines, machines agricoles, machines p\u00e9troli\u00e8res. Duret\u00e9\u00a0: Tremp\u00e9e. Position de la denture\u00a0: Externe. M\u00e9thode de fabrication\u00a0: Rectification. Forme de la denture\u00a0: Conique. Mat\u00e9riau de l\u2019arbre\u00a0: Acier 20CrMiti. Mod\u00e8le d\u2019arbre\u00a0: Sur mesure selon l\u2019\u00e9chantillon du client. [\u2026]<\/p>","protected":false},"featured_media":4336,"comment_status":"open","ping_status":"closed","template":"","meta":{"_et_pb_use_builder":"","_et_pb_old_content":"","_et_gb_content_width":""},"product_brand":[],"product_cat":[106],"product_tag":[],"class_list":{"0":"post-7020","1":"product","2":"type-product","3":"status-publish","4":"has-post-thumbnail","6":"product_cat-bevel-gears","8":"first","9":"instock","10":"shipping-taxable","11":"product-type-simple"},"_links":{"self":[{"href":"https:\/\/fmp-components.com\/fr\/wp-json\/wp\/v2\/product\/7020","targetHints":{"allow":["GET"]}}],"collection":[{"href":"https:\/\/fmp-components.com\/fr\/wp-json\/wp\/v2\/product"}],"about":[{"href":"https:\/\/fmp-components.com\/fr\/wp-json\/wp\/v2\/types\/product"}],"replies":[{"embeddable":true,"href":"https:\/\/fmp-components.com\/fr\/wp-json\/wp\/v2\/comments?post=7020"}],"wp:featuredmedia":[{"embeddable":true,"href":"https:\/\/fmp-components.com\/fr\/wp-json\/wp\/v2\/media\/4336"}],"wp:attachment":[{"href":"https:\/\/fmp-components.com\/fr\/wp-json\/wp\/v2\/media?parent=7020"}],"wp:term":[{"taxonomy":"product_brand","embeddable":true,"href":"https:\/\/fmp-components.com\/fr\/wp-json\/wp\/v2\/product_brand?post=7020"},{"taxonomy":"product_cat","embeddable":true,"href":"https:\/\/fmp-components.com\/fr\/wp-json\/wp\/v2\/product_cat?post=7020"},{"taxonomy":"product_tag","embeddable":true,"href":"https:\/\/fmp-components.com\/fr\/wp-json\/wp\/v2\/product_tag?post=7020"}],"curies":[{"name":"wp","href":"https:\/\/api.w.org\/{rel}","templated":true}]}}