{"id":7016,"date":"2025-03-14T06:40:35","date_gmt":"2025-03-14T06:40:35","guid":{"rendered":"https:\/\/fmp-components.com\/?post_type=product&#038;p=7016"},"modified":"2025-03-27T01:30:16","modified_gmt":"2025-03-27T01:30:16","slug":"automotive-bevel-gear","status":"publish","type":"product","link":"https:\/\/fmp-components.com\/fr\/product\/automotive-bevel-gear\/","title":{"rendered":"Engrenage conique automobile"},"content":{"rendered":"<p>Dimensions : \u03a63 mm - \u03a6120 mm<br \/>\nModule : M2.2<br \/>\nType de mat\u00e9riau : M\u00e9tal selon les exigences du client<\/p>\n<h2>Sp\u00e9cifications du produit<\/h2>\n<div class=\"table-responsive\">\n<table class=\"table\" style=\"width: 100.25%; height: 353px;\" border=\"1\">\n<tbody>\n<tr>\n<td colspan=\"2\">Engrenage conique automobile<\/td>\n<\/tr>\n<tr>\n<td>Dimension<\/td>\n<td>\u03a612mm<\/td>\n<\/tr>\n<tr>\n<td>Module<\/td>\n<td>M0.15-M2.2<\/td>\n<\/tr>\n<tr>\n<td>Type de mat\u00e9riau<\/td>\n<td>M\u00e9tal, bronze, acier, alliage, POM, zinc, aluminium, fer, acier inoxydable, laiton, cuivre<\/td>\n<\/tr>\n<tr>\n<td>Grade de maillage<\/td>\n<td>JGMA 1, JIS 6, AGMA 13, DIN 6, Din5, AGMA12<\/td>\n<\/tr>\n<tr>\n<td>Application<\/td>\n<td>Automobile, Militaire, A\u00e9ronautique, M\u00e9canique, Industrie, M\u00e9dical<\/td>\n<\/tr>\n<tr>\n<td>Personnalis\u00e9<\/td>\n<td>ODM\/OEM<\/td>\n<\/tr>\n<tr>\n<td>\u00c9chantillon<\/td>\n<td>\u00c9chantillon disponible<\/td>\n<\/tr>\n<tr>\n<td>Modes d'emballage<\/td>\n<td>Emball\u00e9 sous vide avec plateau en plastique<\/td>\n<\/tr>\n<tr>\n<td>Modes de livraison<\/td>\n<td>DHL et UPS<\/td>\n<\/tr>\n<tr>\n<td>Certificat<\/td>\n<td>ISO 9001:2008\/TS16949<\/td>\n<\/tr>\n<\/tbody>\n<\/table>\n<\/div>\n<h2>Caract\u00e9ristiques des engrenages coniques automobiles<\/h2>\n<div>\n<ul>\n<li class=\"break-words\"><strong>Transmission de puissance inclin\u00e9e<\/strong>: <a href=\"https:\/\/fmp-components.com\/fr\/bevel-gear-2\/\">Engrenages coniques<\/a> sont con\u00e7us pour transmettre la puissance entre des arbres qui se croisent \u00e0 un angle, g\u00e9n\u00e9ralement de 90 degr\u00e9s, ce qui les rend id\u00e9aux pour des applications comme les diff\u00e9rentiels de v\u00e9hicules o\u00f9 la direction du couple doit changer.<\/li>\n<li class=\"break-words\"><strong>Capacit\u00e9 de charge \u00e9lev\u00e9e<\/strong>Ces engrenages sont con\u00e7us pour supporter un couple et une charge importants, garantissant durabilit\u00e9 et fiabilit\u00e9 dans les conditions difficiles du fonctionnement automobile, notamment dans les syst\u00e8mes \u00e0 propulsion arri\u00e8re ou \u00e0 quatre roues motrices.<\/li>\n<li class=\"break-words\"><strong>Conception de dents de pr\u00e9cision<\/strong>Les dents des engrenages coniques sont taill\u00e9es en angle (droite, spirale ou hypo\u00efde), permettant un engr\u00e8nement en douceur et un transfert de puissance efficace tout en r\u00e9duisant le bruit et les vibrations pendant le fonctionnement.<\/li>\n<li class=\"break-words\"><strong>Compact et polyvalent<\/strong>Les engrenages coniques permettent des conceptions compactes dans les syst\u00e8mes automobiles, tels que les essieux et les m\u00e9canismes de direction, gr\u00e2ce \u00e0 leur capacit\u00e9 \u00e0 s'int\u00e9grer dans des espaces restreints tout en conservant leur fonctionnalit\u00e9 pour diff\u00e9rents rapports de transmission.<\/li>\n<li class=\"break-words\"><strong>R\u00e9sistance \u00e0 l'usure<\/strong>Fabriqu\u00e9s \u00e0 partir de mat\u00e9riaux robustes comme l'acier tremp\u00e9 ou des alliages, et souvent associ\u00e9s \u00e0 des syst\u00e8mes de lubrification, les engrenages coniques automobiles sont con\u00e7us pour r\u00e9sister \u00e0 l'usure et prolonger leur dur\u00e9e de vie dans des conditions de haute vitesse et de haute pression.<\/li>\n<\/ul>\n<\/div>\n<div class=\"table-responsive\">\n<h2>\u00c0 propos de FMP<\/h2>\n<p>FMP est un fabricant italien leader d&#039;engrenages et de cr\u00e9maill\u00e8res, reconnu pour son expertise dans la production de composants standards et de solutions sur mesure. Outre sa gamme de pi\u00e8ces standard, FMP est sp\u00e9cialis\u00e9 dans la fabrication d&#039;engrenages standards et sp\u00e9cialis\u00e9s \u00e0 partir de plans ou d&#039;\u00e9chantillons fournis par ses clients. Nos engrenages sont disponibles dans une vari\u00e9t\u00e9 de mat\u00e9riaux, notamment l&#039;acier au carbone, l&#039;acier inoxydable, l&#039;aluminium, le cuivre, le laiton et le plastique, avec des configurations h\u00e9lico\u00efdales ou cylindriques. Pour toute demande d&#039;engrenages personnalis\u00e9s, n&#039;h\u00e9sitez pas \u00e0 nous contacter par e-mail. L&#039;\u00e9quipe d&#039;ing\u00e9nieurs professionnels de FMP r\u00e9pondra \u00e0 votre demande sous 24 heures.<\/p>\n<p><img loading=\"lazy\" decoding=\"async\" class=\"alignnone size-full wp-image-7010\" src=\"https:\/\/fmp-components.com\/wp-content\/uploads\/2025\/03\/bevel-gear-3.webp\" alt=\"engrenage conique\" width=\"1076\" height=\"721\" title=\"\" srcset=\"https:\/\/fmp-components.com\/wp-content\/uploads\/2025\/03\/bevel-gear-3.webp 1076w, https:\/\/fmp-components.com\/wp-content\/uploads\/2025\/03\/bevel-gear-3-980x657.webp 980w, https:\/\/fmp-components.com\/wp-content\/uploads\/2025\/03\/bevel-gear-3-480x322.webp 480w\" sizes=\"(min-width: 0px) and (max-width: 480px) 480px, (min-width: 481px) and (max-width: 980px) 980px, (min-width: 981px) 1076px, 100vw\" \/><\/p>\n<\/div>","protected":false},"excerpt":{"rendered":"<p>Dimension:\u03a63mm- \u03a6120mm Module: M2.2 Material Type: Metal as customer required Product Specification Automotive Bevel Gear Dimension \u03a612mm Module M0.15-M2.2 Material Type Metal, Bronze, Steel, Alloy, POM, Zinc, Aluminum, Iron, Stainless, Brass, Copper Meshing Grade JGMA 1, JIS 6, AGMA 13, DIN 6,Din5,AGMA12 Application Automotive, Military, Aircraft, Mechanical, industrial, Medical Customized ODM\/OEM Sample Sample available Modes [&hellip;]<\/p>","protected":false},"featured_media":4331,"comment_status":"open","ping_status":"closed","template":"","meta":{"_et_pb_use_builder":"","_et_pb_old_content":"","_et_gb_content_width":""},"product_brand":[],"product_cat":[106],"product_tag":[],"class_list":{"0":"post-7016","1":"product","2":"type-product","3":"status-publish","4":"has-post-thumbnail","6":"product_cat-bevel-gears","8":"first","9":"instock","10":"shipping-taxable","11":"product-type-simple"},"_links":{"self":[{"href":"https:\/\/fmp-components.com\/fr\/wp-json\/wp\/v2\/product\/7016","targetHints":{"allow":["GET"]}}],"collection":[{"href":"https:\/\/fmp-components.com\/fr\/wp-json\/wp\/v2\/product"}],"about":[{"href":"https:\/\/fmp-components.com\/fr\/wp-json\/wp\/v2\/types\/product"}],"replies":[{"embeddable":true,"href":"https:\/\/fmp-components.com\/fr\/wp-json\/wp\/v2\/comments?post=7016"}],"wp:featuredmedia":[{"embeddable":true,"href":"https:\/\/fmp-components.com\/fr\/wp-json\/wp\/v2\/media\/4331"}],"wp:attachment":[{"href":"https:\/\/fmp-components.com\/fr\/wp-json\/wp\/v2\/media?parent=7016"}],"wp:term":[{"taxonomy":"product_brand","embeddable":true,"href":"https:\/\/fmp-components.com\/fr\/wp-json\/wp\/v2\/product_brand?post=7016"},{"taxonomy":"product_cat","embeddable":true,"href":"https:\/\/fmp-components.com\/fr\/wp-json\/wp\/v2\/product_cat?post=7016"},{"taxonomy":"product_tag","embeddable":true,"href":"https:\/\/fmp-components.com\/fr\/wp-json\/wp\/v2\/product_tag?post=7016"}],"curies":[{"name":"wp","href":"https:\/\/api.w.org\/{rel}","templated":true}]}}