{"id":7011,"date":"2025-03-14T06:16:24","date_gmt":"2025-03-14T06:16:24","guid":{"rendered":"https:\/\/fmp-components.com\/?post_type=product&#038;p=7011"},"modified":"2025-03-27T01:30:59","modified_gmt":"2025-03-27T01:30:59","slug":"metal-bevel-gear","status":"publish","type":"product","link":"https:\/\/fmp-components.com\/fr\/product\/metal-bevel-gear\/","title":{"rendered":"Engrenage conique en m\u00e9tal"},"content":{"rendered":"<p>Dimensions : \u03a63 mm - \u03a6120 mm<br \/>\nModule : M1.5<br \/>\nType de mat\u00e9riau : M\u00e9tal selon les exigences du client<\/p>\n<h2>Sp\u00e9cifications du produit<\/h2>\n<div class=\"table-responsive\">\n<table class=\"table\" style=\"width: 100%; height: 367px;\" border=\"1\">\n<tbody>\n<tr>\n<td colspan=\"2\">Engrenage conique en m\u00e9tal<\/td>\n<\/tr>\n<tr>\n<td>Dimension<\/td>\n<td>\u03a68 mm<\/td>\n<\/tr>\n<tr>\n<td>Module<\/td>\n<td>M0.15-M2.0<\/td>\n<\/tr>\n<tr>\n<td>Type de mat\u00e9riau<\/td>\n<td>M\u00e9tal, bronze, acier, alliage, POM, zinc, aluminium, fer, acier inoxydable, laiton, cuivre<\/td>\n<\/tr>\n<tr>\n<td>Grade de maillage<\/td>\n<td>JGMA 1, JIS 6, AGMA 13, DIN 6, Din5, AGMA12<\/td>\n<\/tr>\n<tr>\n<td>Application<\/td>\n<td>Automobile, Militaire, A\u00e9ronautique, M\u00e9canique, Industrie, M\u00e9dical<\/td>\n<\/tr>\n<tr>\n<td>Personnalis\u00e9<\/td>\n<td>ODM\/OEM<\/td>\n<\/tr>\n<tr>\n<td>\u00c9chantillon<\/td>\n<td>\u00c9chantillon disponible<\/td>\n<\/tr>\n<tr>\n<td>Modes d'emballage<\/td>\n<td>Emball\u00e9 sous vide avec plateau en plastique<\/td>\n<\/tr>\n<tr>\n<td>Modes de livraison<\/td>\n<td>DHL et UPS<\/td>\n<\/tr>\n<tr>\n<td>Certificat<\/td>\n<td>ISO 9001:2008\/TS16949<\/td>\n<\/tr>\n<\/tbody>\n<\/table>\n<\/div>\n<h2>Caract\u00e9ristiques des engrenages coniques en m\u00e9tal<\/h2>\n<p>Forme conique avec dents inclin\u00e9es : m\u00e9tal <a href=\"https:\/\/fmp-components.com\/fr\/bevel-gear-2\/\">engrenages coniques<\/a> ont une structure conique et effil\u00e9e avec des dents coup\u00e9es en biais, ce qui leur permet de transmettre la puissance entre les arbres qui se croisent, souvent \u00e0 un angle de 90 degr\u00e9s.<br \/>\nHaute r\u00e9sistance et durabilit\u00e9 : Fabriqu\u00e9s \u00e0 partir de m\u00e9taux robustes comme l'acier, l'aluminium ou le laiton, ils sont con\u00e7us pour r\u00e9sister \u00e0 des contraintes m\u00e9caniques importantes, \u00e0 l'usure et \u00e0 de lourdes charges au fil du temps.<br \/>\nIng\u00e9nierie de pr\u00e9cision : ils sont fabriqu\u00e9s avec des tol\u00e9rances rigoureuses pour garantir un maillage fluide, un transfert de puissance efficace et un jeu minimal, ce qui les rend adapt\u00e9s aux applications hautes performances.<br \/>\nR\u00e9sistance \u00e0 la corrosion : Selon le m\u00e9tal utilis\u00e9 (par exemple, l'acier inoxydable ou les alliages rev\u00eatus), ils pr\u00e9sentent souvent une r\u00e9sistance \u00e0 la rouille et \u00e0 la d\u00e9gradation environnementale, am\u00e9liorant ainsi la long\u00e9vit\u00e9 dans des conditions difficiles.<br \/>\nProfils de dents personnalisables : disponibles dans diff\u00e9rentes conceptions de dents, telles que droites, en spirale ou z\u00e9ro, offrant une polyvalence pour r\u00e9duire le bruit, am\u00e9liorer la r\u00e9partition de la charge et r\u00e9pondre \u00e0 des besoins op\u00e9rationnels sp\u00e9cifiques.<\/p>\n<div class=\"table-responsive\">\n<h2>\u00c0 propos de FMP<\/h2>\n<p>FMP est un fabricant italien leader d&#039;engrenages et de cr\u00e9maill\u00e8res, reconnu pour son expertise dans la production de composants standards et de solutions sur mesure. Outre sa gamme de pi\u00e8ces standard, FMP est sp\u00e9cialis\u00e9 dans la fabrication d&#039;engrenages standards et sp\u00e9cialis\u00e9s \u00e0 partir de plans ou d&#039;\u00e9chantillons fournis par ses clients. Nos engrenages sont disponibles dans une vari\u00e9t\u00e9 de mat\u00e9riaux, notamment l&#039;acier au carbone, l&#039;acier inoxydable, l&#039;aluminium, le cuivre, le laiton et le plastique, avec des configurations h\u00e9lico\u00efdales ou cylindriques. Pour toute demande d&#039;engrenages personnalis\u00e9s, n&#039;h\u00e9sitez pas \u00e0 nous contacter par e-mail. L&#039;\u00e9quipe d&#039;ing\u00e9nieurs professionnels de FMP r\u00e9pondra \u00e0 votre demande sous 24 heures.<\/p>\n<p><img loading=\"lazy\" decoding=\"async\" class=\"alignnone size-full wp-image-7010\" src=\"https:\/\/fmp-components.com\/wp-content\/uploads\/2025\/03\/bevel-gear-3.webp\" alt=\"engrenage conique\" width=\"1076\" height=\"721\" title=\"\" srcset=\"https:\/\/fmp-components.com\/wp-content\/uploads\/2025\/03\/bevel-gear-3.webp 1076w, https:\/\/fmp-components.com\/wp-content\/uploads\/2025\/03\/bevel-gear-3-980x657.webp 980w, https:\/\/fmp-components.com\/wp-content\/uploads\/2025\/03\/bevel-gear-3-480x322.webp 480w\" sizes=\"(min-width: 0px) and (max-width: 480px) 480px, (min-width: 481px) and (max-width: 980px) 980px, (min-width: 981px) 1076px, 100vw\" \/><\/p>\n<\/div>","protected":false},"excerpt":{"rendered":"<p>Dimension:\u03a63mm- \u03a6120mm Module: M1.5 Material Type: Metal as customer required Product Specification Metal Bevel Gear Dimension \u03a68mm Module M0.15-M2.0 Material Type Metal, Bronze, Steel, Alloy, POM, Zinc, Aluminum, Iron, Stainless, Brass, Copper Meshing Grade JGMA 1, JIS 6, AGMA 13, DIN 6,Din5,AGMA12 Application Automotive, Military, Aircraft, Mechanical, industrial, Medical Customized ODM\/OEM Sample Sample available Modes [&hellip;]<\/p>","protected":false},"featured_media":4337,"comment_status":"open","ping_status":"closed","template":"","meta":{"_et_pb_use_builder":"","_et_pb_old_content":"","_et_gb_content_width":""},"product_brand":[],"product_cat":[106],"product_tag":[],"class_list":{"0":"post-7011","1":"product","2":"type-product","3":"status-publish","4":"has-post-thumbnail","6":"product_cat-bevel-gears","8":"first","9":"instock","10":"shipping-taxable","11":"product-type-simple"},"_links":{"self":[{"href":"https:\/\/fmp-components.com\/fr\/wp-json\/wp\/v2\/product\/7011","targetHints":{"allow":["GET"]}}],"collection":[{"href":"https:\/\/fmp-components.com\/fr\/wp-json\/wp\/v2\/product"}],"about":[{"href":"https:\/\/fmp-components.com\/fr\/wp-json\/wp\/v2\/types\/product"}],"replies":[{"embeddable":true,"href":"https:\/\/fmp-components.com\/fr\/wp-json\/wp\/v2\/comments?post=7011"}],"wp:featuredmedia":[{"embeddable":true,"href":"https:\/\/fmp-components.com\/fr\/wp-json\/wp\/v2\/media\/4337"}],"wp:attachment":[{"href":"https:\/\/fmp-components.com\/fr\/wp-json\/wp\/v2\/media?parent=7011"}],"wp:term":[{"taxonomy":"product_brand","embeddable":true,"href":"https:\/\/fmp-components.com\/fr\/wp-json\/wp\/v2\/product_brand?post=7011"},{"taxonomy":"product_cat","embeddable":true,"href":"https:\/\/fmp-components.com\/fr\/wp-json\/wp\/v2\/product_cat?post=7011"},{"taxonomy":"product_tag","embeddable":true,"href":"https:\/\/fmp-components.com\/fr\/wp-json\/wp\/v2\/product_tag?post=7011"}],"curies":[{"name":"wp","href":"https:\/\/api.w.org\/{rel}","templated":true}]}}