{"id":7006,"date":"2025-03-14T06:03:43","date_gmt":"2025-03-14T06:03:43","guid":{"rendered":"https:\/\/fmp-components.com\/?post_type=product&#038;p=7006"},"modified":"2025-03-27T01:32:14","modified_gmt":"2025-03-27T01:32:14","slug":"aircraft-bevel-gear","status":"publish","type":"product","link":"https:\/\/fmp-components.com\/fr\/product\/aircraft-bevel-gear\/","title":{"rendered":"Engrenage conique d&#039;avion"},"content":{"rendered":"<p>Dimensions : \u03a63 mm - \u03a6120 mm<br \/>\nModule : M2.0<br \/>\nType de mat\u00e9riau : M\u00e9tal selon les exigences du client<\/p>\n<h2>Sp\u00e9cifications du produit<\/h2>\n<div class=\"table-responsive\">\n<table class=\"table\" style=\"width: 99.125%; height: 352px;\" border=\"1\">\n<tbody>\n<tr>\n<td style=\"width: 99.2395%;\" colspan=\"2\">Engrenage conique d&#039;avion<\/td>\n<\/tr>\n<tr>\n<td style=\"width: 18.5044%;\">Dimension<\/td>\n<td style=\"width: 80.7351%;\">\u03a610 mm<\/td>\n<\/tr>\n<tr>\n<td style=\"width: 18.5044%;\">Module<\/td>\n<td style=\"width: 80.7351%;\">M0.15-M2.2<\/td>\n<\/tr>\n<tr>\n<td style=\"width: 18.5044%;\">Type de mat\u00e9riau<\/td>\n<td style=\"width: 80.7351%;\">M\u00e9tal, bronze, acier, alliage, POM, zinc, aluminium, fer, acier inoxydable, laiton, cuivre<\/td>\n<\/tr>\n<tr>\n<td style=\"width: 18.5044%;\">Grade de maillage<\/td>\n<td style=\"width: 80.7351%;\">JGMA 1, JIS 6, AGMA 13, DIN 6, Din5, AGMA12<\/td>\n<\/tr>\n<tr>\n<td style=\"width: 18.5044%;\">Application<\/td>\n<td style=\"width: 80.7351%;\">Automobile, Militaire, A\u00e9ronautique, M\u00e9canique, Industrie, M\u00e9dical<\/td>\n<\/tr>\n<tr>\n<td style=\"width: 18.5044%;\">Personnalis\u00e9<\/td>\n<td style=\"width: 80.7351%;\">ODM\/OEM<\/td>\n<\/tr>\n<tr>\n<td style=\"width: 18.5044%;\">\u00c9chantillon<\/td>\n<td style=\"width: 80.7351%;\">\u00c9chantillon disponible<\/td>\n<\/tr>\n<tr>\n<td style=\"width: 18.5044%;\">Modes d'emballage<\/td>\n<td style=\"width: 80.7351%;\">Emball\u00e9 sous vide avec plateau en plastique<\/td>\n<\/tr>\n<tr>\n<td style=\"width: 18.5044%;\">Modes de livraison<\/td>\n<td style=\"width: 80.7351%;\">DHL et UPS<\/td>\n<\/tr>\n<tr>\n<td style=\"width: 18.5044%;\">Certificat<\/td>\n<td style=\"width: 80.7351%;\">ISO 9001:2008\/TS16949<\/td>\n<\/tr>\n<\/tbody>\n<\/table>\n<h2>Caract\u00e9ristiques des engrenages coniques d'avion<\/h2>\n<div>\n<ul>\n<li class=\"break-words\"><strong>Conception de dents inclin\u00e9es<\/strong>: Le <a href=\"https:\/\/fmp-components.com\/fr\/bevel-gear-2\/\">engrenage conique<\/a> poss\u00e8de des dents coup\u00e9es en biais sur une surface conique, ce qui lui permet de s'engr\u00e8ner avec un autre engrenage pour transmettre la puissance entre les arbres qui se croisent, g\u00e9n\u00e9ralement \u00e0 un angle de 90 degr\u00e9s.<\/li>\n<li class=\"break-words\"><strong>Haute pr\u00e9cision<\/strong>:Il est con\u00e7u avec des tol\u00e9rances strictes pour assurer un transfert de puissance fluide, pr\u00e9cis et fiable, essentiel pour les exigences de pr\u00e9cision des syst\u00e8mes a\u00e9ronautiques.<\/li>\n<li class=\"break-words\"><strong>Compact et l\u00e9ger<\/strong>:La conception est optimis\u00e9e pour \u00eatre peu encombrante et l\u00e9g\u00e8re, r\u00e9duisant le poids total de l'avion tout en maintenant l'int\u00e9grit\u00e9 structurelle dans les espaces confin\u00e9s.<\/li>\n<li class=\"break-words\"><strong>Capacit\u00e9 de charge<\/strong>:Fabriqu\u00e9 \u00e0 partir de mat\u00e9riaux durables comme l'acier tremp\u00e9 ou le titane, il peut g\u00e9rer un couple \u00e9lev\u00e9 et des charges lourdes, garantissant des performances sous les contraintes du vol.<\/li>\n<li class=\"break-words\"><strong>Versatilit\u00e9<\/strong>:Il prend en charge diverses configurations (par exemple, dents droites, en spirale ou z\u00e9ro), offrant une flexibilit\u00e9 adapt\u00e9e \u00e0 diff\u00e9rentes applications a\u00e9ronautiques, telles que les moteurs ou les m\u00e9canismes de contr\u00f4le, avec un minimum de vibrations et de bruit.<\/li>\n<\/ul>\n<p><img loading=\"lazy\" decoding=\"async\" class=\"size-full wp-image-4330 aligncenter\" src=\"https:\/\/fmp-components.com\/wp-content\/uploads\/2025\/01\/Aircraft-Bevel-Gear.webp\" alt=\"Engrenage conique d&#039;avion\" width=\"600\" height=\"600\" title=\"\" srcset=\"https:\/\/fmp-components.com\/wp-content\/uploads\/2025\/01\/Aircraft-Bevel-Gear.webp 600w, https:\/\/fmp-components.com\/wp-content\/uploads\/2025\/01\/Aircraft-Bevel-Gear-480x480.webp 480w\" sizes=\"(min-width: 0px) and (max-width: 480px) 480px, (min-width: 481px) 600px, 100vw\" \/><\/p>\n<\/div>\n<\/div>\n<div class=\"table-responsive\">\n<h2>\u00c0 propos de FMP<\/h2>\n<p>FMP est un fabricant italien leader d&#039;engrenages et de cr\u00e9maill\u00e8res, reconnu pour son expertise dans la production de composants standards et de solutions sur mesure. Outre sa gamme de pi\u00e8ces standard, FMP est sp\u00e9cialis\u00e9 dans la fabrication d&#039;engrenages standards et sp\u00e9cialis\u00e9s \u00e0 partir de plans ou d&#039;\u00e9chantillons fournis par ses clients. Nos engrenages sont disponibles dans une vari\u00e9t\u00e9 de mat\u00e9riaux, notamment l&#039;acier au carbone, l&#039;acier inoxydable, l&#039;aluminium, le cuivre, le laiton et le plastique, avec des configurations h\u00e9lico\u00efdales ou cylindriques. Pour toute demande d&#039;engrenages personnalis\u00e9s, n&#039;h\u00e9sitez pas \u00e0 nous contacter par e-mail. L&#039;\u00e9quipe d&#039;ing\u00e9nieurs professionnels de FMP r\u00e9pondra \u00e0 votre demande sous 24 heures.<\/p>\n<p><img loading=\"lazy\" decoding=\"async\" class=\"alignnone size-full wp-image-7010\" src=\"https:\/\/fmp-components.com\/wp-content\/uploads\/2025\/03\/bevel-gear-3.webp\" alt=\"engrenage conique\" width=\"1076\" height=\"721\" title=\"\" srcset=\"https:\/\/fmp-components.com\/wp-content\/uploads\/2025\/03\/bevel-gear-3.webp 1076w, https:\/\/fmp-components.com\/wp-content\/uploads\/2025\/03\/bevel-gear-3-980x657.webp 980w, https:\/\/fmp-components.com\/wp-content\/uploads\/2025\/03\/bevel-gear-3-480x322.webp 480w\" sizes=\"(min-width: 0px) and (max-width: 480px) 480px, (min-width: 481px) and (max-width: 980px) 980px, (min-width: 981px) 1076px, 100vw\" \/><\/p>\n<\/div>","protected":false},"excerpt":{"rendered":"<p>Dimension:\u03a63mm- \u03a6120mm Module: M2.0 Material Type: Metal as customer required Product Specification Aircraft Bevel Gear Dimension \u03a610mm Module M0.15-M2.2 Material Type Metal, Bronze, Steel, Alloy, POM, Zinc, Aluminum, Iron, Stainless, Brass, Copper Meshing Grade JGMA 1, JIS 6, AGMA 13, DIN 6,Din5,AGMA12 Application Automotive, Military, Aircraft, Mechanical, industrial, Medical Customized ODM\/OEM Sample Sample available Modes [&hellip;]<\/p>","protected":false},"featured_media":4330,"comment_status":"open","ping_status":"closed","template":"","meta":{"_et_pb_use_builder":"","_et_pb_old_content":"","_et_gb_content_width":""},"product_brand":[],"product_cat":[106],"product_tag":[],"class_list":{"0":"post-7006","1":"product","2":"type-product","3":"status-publish","4":"has-post-thumbnail","6":"product_cat-bevel-gears","8":"first","9":"instock","10":"shipping-taxable","11":"product-type-simple"},"_links":{"self":[{"href":"https:\/\/fmp-components.com\/fr\/wp-json\/wp\/v2\/product\/7006","targetHints":{"allow":["GET"]}}],"collection":[{"href":"https:\/\/fmp-components.com\/fr\/wp-json\/wp\/v2\/product"}],"about":[{"href":"https:\/\/fmp-components.com\/fr\/wp-json\/wp\/v2\/types\/product"}],"replies":[{"embeddable":true,"href":"https:\/\/fmp-components.com\/fr\/wp-json\/wp\/v2\/comments?post=7006"}],"wp:featuredmedia":[{"embeddable":true,"href":"https:\/\/fmp-components.com\/fr\/wp-json\/wp\/v2\/media\/4330"}],"wp:attachment":[{"href":"https:\/\/fmp-components.com\/fr\/wp-json\/wp\/v2\/media?parent=7006"}],"wp:term":[{"taxonomy":"product_brand","embeddable":true,"href":"https:\/\/fmp-components.com\/fr\/wp-json\/wp\/v2\/product_brand?post=7006"},{"taxonomy":"product_cat","embeddable":true,"href":"https:\/\/fmp-components.com\/fr\/wp-json\/wp\/v2\/product_cat?post=7006"},{"taxonomy":"product_tag","embeddable":true,"href":"https:\/\/fmp-components.com\/fr\/wp-json\/wp\/v2\/product_tag?post=7006"}],"curies":[{"name":"wp","href":"https:\/\/api.w.org\/{rel}","templated":true}]}}