{"id":6946,"date":"2025-03-13T03:46:50","date_gmt":"2025-03-13T03:46:50","guid":{"rendered":"https:\/\/fmp-components.com\/?post_type=product&#038;p=6946"},"modified":"2025-03-27T01:34:39","modified_gmt":"2025-03-27T01:34:39","slug":"sintered-metal-bevel-gears","status":"publish","type":"product","link":"https:\/\/fmp-components.com\/fr\/product\/sintered-metal-bevel-gears\/","title":{"rendered":"Engrenages coniques en m\u00e9tal fritt\u00e9"},"content":{"rendered":"<div>\n<h3>\u00c0 propos des engrenages coniques en m\u00e9tal fritt\u00e9<\/h3>\n<p class=\"break-words\">M\u00e9tal fritt\u00e9 <a href=\"https:\/\/fmp-components.com\/fr\/bevel-gear-2\/\">engrenages coniques<\/a> Les engrenages sont des composants de pr\u00e9cision fabriqu\u00e9s par frittage, un proc\u00e9d\u00e9 qui consiste \u00e0 compacter et chauffer des poudres m\u00e9talliques pour former des engrenages coniques robustes et durables. Largement utilis\u00e9s dans diverses industries pour leur capacit\u00e9 \u00e0 transmettre mouvement et puissance entre des arbres convergents, g\u00e9n\u00e9ralement \u00e0 angle droit, ces engrenages offrent des avantages tels qu'une r\u00e9sistance \u00e9lev\u00e9e, une excellente r\u00e9sistance \u00e0 l'usure et un co\u00fbt avantageux gr\u00e2ce au proc\u00e9d\u00e9 de m\u00e9tallurgie des poudres.<\/p>\n<p class=\"break-words\">Chez FMP Company, nous sommes sp\u00e9cialis\u00e9s dans la production d'une large gamme d'engrenages coniques en m\u00e9tal fritt\u00e9, con\u00e7us pour r\u00e9pondre \u00e0 divers besoins applicatifs. Nous proposons \u00e9galement des services de personnalisation afin d'adapter nos produits \u00e0 vos exigences sp\u00e9cifiques. Si vous ne trouvez pas le mod\u00e8le exact dont vous avez besoin dans notre catalogue, cela signifie simplement que nous n'avons pas encore eu le temps de le mettre \u00e0 jour. N'h\u00e9sitez pas \u00e0 nous envoyer un e-mail avec vos sp\u00e9cifications\u00a0; nos ing\u00e9nieurs vous r\u00e9pondront dans les 24\u00a0heures pour vous aider.\u00a0<img loading=\"lazy\" decoding=\"async\" class=\"alignnone size-full wp-image-6952\" src=\"https:\/\/fmp-components.com\/wp-content\/uploads\/2025\/03\/Sintered-Metal-bevel-gear-maintain.webp\" alt=\"Engrenage conique en m\u00e9tal fritt\u00e9\" width=\"1300\" height=\"946\" title=\"\" srcset=\"https:\/\/fmp-components.com\/wp-content\/uploads\/2025\/03\/Sintered-Metal-bevel-gear-maintain.webp 1300w, https:\/\/fmp-components.com\/wp-content\/uploads\/2025\/03\/Sintered-Metal-bevel-gear-maintain-1280x931.webp 1280w, https:\/\/fmp-components.com\/wp-content\/uploads\/2025\/03\/Sintered-Metal-bevel-gear-maintain-980x713.webp 980w, https:\/\/fmp-components.com\/wp-content\/uploads\/2025\/03\/Sintered-Metal-bevel-gear-maintain-480x349.webp 480w\" sizes=\"(min-width: 0px) and (max-width: 480px) 480px, (min-width: 481px) and (max-width: 980px) 980px, (min-width: 981px) and (max-width: 1280px) 1280px, (min-width: 1281px) 1300px, 100vw\" \/><\/p>\n<h3>Sp\u00e9cification<\/h3>\n<\/div>\n<table class=\"table\" border=\"1\" width=\"100%\" cellspacing=\"0\" cellpadding=\"0\">\n<tbody>\n<tr class=\"firstRow\">\n<td valign=\"center\" width=\"132\">Num\u00e9ro de mod\u00e8le<\/td>\n<td valign=\"center\" width=\"491\">M3, M4, M5, M8, M12 et etc.<\/td>\n<\/tr>\n<tr>\n<td valign=\"center\" width=\"132\">Mat\u00e9riel<\/td>\n<td valign=\"center\" width=\"491\">Laiton, acier C45, acier inoxydable, cuivre, POM, aluminium, alliage, etc.<\/td>\n<\/tr>\n<tr>\n<td valign=\"center\" width=\"132\">Traitement de surface<\/td>\n<td valign=\"center\" width=\"491\">Zingu\u00e9, Nickel\u00e9, Passivation, Oxydation, Anodisation,<br \/>\nG\u00e9omet, Dacromet, oxyde noir, phosphatation, rev\u00eatement en poudre et \u00e9lectrophor\u00e8se<\/td>\n<\/tr>\n<tr>\n<td valign=\"center\" width=\"132\">Standard<\/td>\n<td valign=\"center\" width=\"491\">ISO, DIN, ANSI, JIS, BS et non standard.<\/td>\n<\/tr>\n<tr>\n<td valign=\"center\" width=\"132\">Pr\u00e9cision<\/td>\n<td valign=\"center\" width=\"491\">DIN6, DIN7, DIN8, DIN9.<\/td>\n<\/tr>\n<tr>\n<td valign=\"center\" width=\"132\">Traitement des dents<\/td>\n<td valign=\"center\" width=\"491\">Tremp\u00e9, frais\u00e9 ou rectifi\u00e9<\/td>\n<\/tr>\n<tr>\n<td valign=\"center\" width=\"132\">Tol\u00e9rance<\/td>\n<td valign=\"center\" width=\"491\">0,001 mm-0,01 mm-0,1 mm<\/td>\n<\/tr>\n<tr>\n<td valign=\"center\" width=\"132\">Finition<\/td>\n<td valign=\"center\" width=\"491\">grenaillage\/sablage, traitement thermique, recuit, revenu, polissage, anodisation, zingage<\/td>\n<\/tr>\n<tr>\n<td valign=\"center\" width=\"132\">Emballage des articles<\/td>\n<td valign=\"center\" width=\"491\">Sac en plastique + cartons ou emballage en bois<\/td>\n<\/tr>\n<tr>\n<td valign=\"center\" width=\"132\">Conditions de paiement<\/td>\n<td valign=\"center\" width=\"491\">Virement bancaire, L\/C<\/td>\n<\/tr>\n<tr>\n<td valign=\"center\" width=\"132\">D\u00e9lai de production<\/td>\n<td valign=\"center\" width=\"491\">20 jours ouvrables pour l&#039;\u00e9chantillon, 25 jours pour le gros<\/td>\n<\/tr>\n<tr>\n<td valign=\"center\" width=\"132\">\u00c9chantillons<\/td>\n<td valign=\"center\" width=\"491\">Gamme de prix d&#039;\u00e9chantillon de $2 \u00e0 $100.<br \/>\nexemple de demande express pay\u00e9 par les clients<\/td>\n<\/tr>\n<tr>\n<td valign=\"center\" width=\"132\">Application<\/td>\n<td valign=\"center\" width=\"491\">1. Machine de contr\u00f4le automatique<br \/>\n2. Industrie des semi-conducteurs<br \/>\n3. Machines pour l&#039;industrie g\u00e9n\u00e9rale<br \/>\n4. \u00c9quipement m\u00e9dical<br \/>\n5. \u00c9quipement d&#039;\u00e9nergie solaire<br \/>\n6. Machine-outil<br \/>\n7. Syst\u00e8me de stationnement<br \/>\n8. \u00c9quipements de transport ferroviaire \u00e0 grande vitesse et a\u00e9rien, etc.<\/td>\n<\/tr>\n<\/tbody>\n<\/table>\n<p><img loading=\"lazy\" decoding=\"async\" class=\"alignnone wp-image-6953\" src=\"https:\/\/fmp-components.com\/wp-content\/uploads\/2025\/03\/Sintered-Metal-bevel-gear-work.webp\" alt=\"Engrenage conique en m\u00e9tal fritt\u00e9\" width=\"772\" height=\"587\" title=\"\" srcset=\"https:\/\/fmp-components.com\/wp-content\/uploads\/2025\/03\/Sintered-Metal-bevel-gear-work.webp 772w, https:\/\/fmp-components.com\/wp-content\/uploads\/2025\/03\/Sintered-Metal-bevel-gear-work-480x365.webp 480w\" sizes=\"(min-width: 0px) and (max-width: 480px) 480px, (min-width: 481px) 772px, 100vw\" \/><\/p>","protected":false},"excerpt":{"rendered":"<p>About Sintered Metal bevel gears Sintered metal bevel gears are precision-engineered components made through a sintering process, where metal powders are compacted and heated to form strong, durable gears with a conical shape. These gears are widely used in various industries for their ability to transmit motion and power between intersecting shafts, typically at a [&hellip;]<\/p>","protected":false},"featured_media":6951,"comment_status":"open","ping_status":"closed","template":"","meta":{"_et_pb_use_builder":"","_et_pb_old_content":"","_et_gb_content_width":""},"product_brand":[],"product_cat":[106],"product_tag":[],"class_list":{"0":"post-6946","1":"product","2":"type-product","3":"status-publish","4":"has-post-thumbnail","6":"product_cat-bevel-gears","8":"first","9":"instock","10":"shipping-taxable","11":"product-type-simple"},"_links":{"self":[{"href":"https:\/\/fmp-components.com\/fr\/wp-json\/wp\/v2\/product\/6946","targetHints":{"allow":["GET"]}}],"collection":[{"href":"https:\/\/fmp-components.com\/fr\/wp-json\/wp\/v2\/product"}],"about":[{"href":"https:\/\/fmp-components.com\/fr\/wp-json\/wp\/v2\/types\/product"}],"replies":[{"embeddable":true,"href":"https:\/\/fmp-components.com\/fr\/wp-json\/wp\/v2\/comments?post=6946"}],"wp:featuredmedia":[{"embeddable":true,"href":"https:\/\/fmp-components.com\/fr\/wp-json\/wp\/v2\/media\/6951"}],"wp:attachment":[{"href":"https:\/\/fmp-components.com\/fr\/wp-json\/wp\/v2\/media?parent=6946"}],"wp:term":[{"taxonomy":"product_brand","embeddable":true,"href":"https:\/\/fmp-components.com\/fr\/wp-json\/wp\/v2\/product_brand?post=6946"},{"taxonomy":"product_cat","embeddable":true,"href":"https:\/\/fmp-components.com\/fr\/wp-json\/wp\/v2\/product_cat?post=6946"},{"taxonomy":"product_tag","embeddable":true,"href":"https:\/\/fmp-components.com\/fr\/wp-json\/wp\/v2\/product_tag?post=6946"}],"curies":[{"name":"wp","href":"https:\/\/api.w.org\/{rel}","templated":true}]}}