{"id":6943,"date":"2025-03-13T03:22:40","date_gmt":"2025-03-13T03:22:40","guid":{"rendered":"https:\/\/fmp-components.com\/?post_type=product&#038;p=6943"},"modified":"2025-03-27T01:33:31","modified_gmt":"2025-03-27T01:33:31","slug":"90-degree-bevel-gears","status":"publish","type":"product","link":"https:\/\/fmp-components.com\/fr\/product\/90-degree-bevel-gears\/","title":{"rendered":"Engrenages coniques \u00e0 90 degr\u00e9s"},"content":{"rendered":"<div>\n<h2>Engrenages coniques \u00e0 environ 90 degr\u00e9s<\/h2>\n<p>90 degr\u00e9s <a href=\"https:\/\/fmp-components.com\/fr\/bevel-gear-2\/\">Engrenages coniques<\/a> Les engrenages sont des pi\u00e8ces exceptionnelles qui permettent de transmettre l'\u00e9nergie entre deux tiges reli\u00e9es par un angle droit. On les retrouve dans de nombreux objets, comme les voitures, les avions, les machines imposantes et m\u00eame les robots, car ils sont tr\u00e8s efficaces pour transmettre l'\u00e9nergie par petites rotations pr\u00e9cises. Ces engrenages ont une forme conique et poss\u00e8dent diff\u00e9rents types de dents\u00a0: droites, h\u00e9lico\u00efdales ou un type sp\u00e9cial appel\u00e9 \u00ab\u00a0z\u00e9rol\u00a0\u00bb. Ils peuvent ainsi \u00eatre utilis\u00e9s pour des t\u00e2ches simples et lentes comme pour des t\u00e2ches rapides et exigeantes, ce qui les rend indispensables dans la construction d'objets modernes.<\/p>\n<p>Chez FMP Company, nous fabriquons tous types d'engrenages coniques \u00e0 90\u00b0, qu'ils soient droits, h\u00e9lico\u00efdaux ou m\u00eame en coffrets. Tous nos engrenages sont extr\u00eamement robustes et de haute qualit\u00e9. Nous pouvons \u00e9galement les fabriquer sur mesure, selon vos sp\u00e9cifications : nombre de dents id\u00e9al, mat\u00e9riau adapt\u00e9 (m\u00e9tal ou plastique) et dimensions. Si l'engrenage que vous recherchez ne figure pas dans notre catalogue, n'h\u00e9sitez pas \u00e0 nous contacter. Il vous suffit de nous envoyer un e-mail d\u00e9crivant vos besoins, et nos ing\u00e9nieurs vous r\u00e9pondront sous 24 heures avec une solution optimale pour votre projet !<\/p>\n<table style=\"width: 100%;\" border=\"0\" width=\"100%\" cellspacing=\"0\" cellpadding=\"0\">\n<tbody>\n<tr style=\"height: 14.40pt;\">\n<td style=\"height: 14.4pt; width: 50.6281%;\" align=\"right\" width=\"80\" height=\"24\"><img loading=\"lazy\" decoding=\"async\" class=\"alignnone wp-image-6949\" src=\"https:\/\/fmp-components.com\/wp-content\/uploads\/2025\/03\/90-degree-bevel-gears-maintain.webp\" alt=\"engrenages coniques \u00e0 90 degr\u00e9s - entretien\" width=\"413\" height=\"413\" title=\"\"><\/td>\n<td style=\"width: 49.2462%;\" align=\"right\" width=\"154\"><img loading=\"lazy\" decoding=\"async\" class=\"alignnone wp-image-6950\" src=\"https:\/\/fmp-components.com\/wp-content\/uploads\/2025\/03\/90-degree-bevel-gears-advantages.webp\" alt=\"engrenages coniques \u00e0 90 degr\u00e9s\" width=\"392\" height=\"392\" title=\"\"><\/td>\n<\/tr>\n<\/tbody>\n<\/table>\n<\/div>\n<h3>1. Engrenage conique droit standard \u2013 Mod\u00e8le A<\/h3>\n<table style=\"width: 100%;\" border=\"1\" width=\"100%\" cellspacing=\"0\" cellpadding=\"0\">\n<tbody>\n<tr style=\"height: 57.60pt;\">\n<td class=\"et2\" style=\"height: 57.60pt; width: 106.80pt;\" width=\"178\" height=\"96\"><strong>Nom du mod\u00e8le<\/strong><\/td>\n<td class=\"et2\" style=\"width: 49.80pt;\" width=\"83\"><strong>Module<\/strong><\/td>\n<td class=\"et2\" style=\"width: 48.00pt;\" width=\"80\"><strong>Nombre de dents<\/strong><\/td>\n<td class=\"et2\" style=\"width: 92.40pt;\" width=\"154\"><strong>Rapport<\/strong><\/td>\n<td class=\"et2\" style=\"width: 48.00pt;\" width=\"80\"><strong>Diam\u00e8tre d'al\u00e9sage de l'arbre<\/strong><\/td>\n<td class=\"et2\" style=\"width: 91.80pt;\" width=\"153\"><strong>Mat\u00e9riel<\/strong><\/td>\n<td class=\"et2\" style=\"width: 48.00pt;\" width=\"80\"><strong>Angle de pression<\/strong><\/td>\n<td class=\"et2\" style=\"width: 86.40pt;\" width=\"144\"><strong>Diam\u00e8tre ext\u00e9rieur<\/strong><\/td>\n<td class=\"et2\" style=\"width: 115.20pt;\" width=\"192\"><strong>Duret\u00e9 de la surface des dents<\/strong><\/td>\n<td class=\"et2\" style=\"width: 60.60pt;\" width=\"101\"><strong>Vitesse maximale<\/strong><\/td>\n<td class=\"et2\" style=\"width: 108.60pt;\" width=\"181\"><strong>Application<\/strong><\/td>\n<\/tr>\n<tr style=\"height: 14.40pt;\">\n<td style=\"height: 14.40pt;\" height=\"24\">Engrenage conique droit A<\/td>\n<td align=\"right\">1<\/td>\n<td align=\"right\">20<\/td>\n<td>1:1 (engrenage \u00e0 onglet)<\/td>\n<td>10 mm<\/td>\n<td>Acier au carbone 45#<\/td>\n<td>20\u00b0<\/td>\n<td>22 mm<\/td>\n<td>Durci (HRC 40-45)<\/td>\n<td>1000 tr\/min<\/td>\n<td>Machines \u00e0 basse vitesse<\/td>\n<\/tr>\n<\/tbody>\n<\/table>\n<h3>2. Engrenage conique droit standard \u2013 Mod\u00e8le B<\/h3>\n<table style=\"width: 100%;\" border=\"1\" width=\"100%\" cellspacing=\"0\" cellpadding=\"0\">\n<tbody>\n<tr style=\"height: 57.60pt;\">\n<td class=\"et2\" style=\"height: 57.60pt; width: 106.80pt;\" width=\"178\" height=\"96\"><strong>Nom du mod\u00e8le<\/strong><\/td>\n<td class=\"et2\" style=\"width: 49.80pt;\" width=\"83\"><strong>Module<\/strong><\/td>\n<td class=\"et2\" style=\"width: 48.00pt;\" width=\"80\"><strong>Nombre de dents<\/strong><\/td>\n<td class=\"et2\" style=\"width: 92.40pt;\" width=\"154\"><strong>Rapport<\/strong><\/td>\n<td class=\"et2\" style=\"width: 48.00pt;\" width=\"80\"><strong>Diam\u00e8tre d'al\u00e9sage de l'arbre<\/strong><\/td>\n<td class=\"et2\" style=\"width: 91.80pt;\" width=\"153\"><strong>Mat\u00e9riel<\/strong><\/td>\n<td class=\"et2\" style=\"width: 48.00pt;\" width=\"80\"><strong>Angle de pression<\/strong><\/td>\n<td class=\"et2\" style=\"width: 86.40pt;\" width=\"144\"><strong>Diam\u00e8tre ext\u00e9rieur<\/strong><\/td>\n<td class=\"et2\" style=\"width: 115.20pt;\" width=\"192\"><strong>Duret\u00e9 de la surface des dents<\/strong><\/td>\n<td class=\"et2\" style=\"width: 60.60pt;\" width=\"101\"><strong>Vitesse maximale<\/strong><\/td>\n<td class=\"et2\" style=\"width: 108.60pt;\" width=\"181\"><strong>Application<\/strong><\/td>\n<\/tr>\n<tr style=\"height: 14.40pt;\">\n<td style=\"height: 14.40pt;\" height=\"24\">Engrenage conique droit B<\/td>\n<td align=\"right\">2<\/td>\n<td align=\"right\">30<\/td>\n<td class=\"et3\" align=\"right\">2:01<\/td>\n<td>14 mm<\/td>\n<td>Acier inoxydable<\/td>\n<td>20\u00b0<\/td>\n<td>64 mm<\/td>\n<td>Durci (HRC 45-50)<\/td>\n<td>800 tr\/min<\/td>\n<td>Transmissions pour v\u00e9hicules de puissance moyenne<\/td>\n<\/tr>\n<\/tbody>\n<\/table>\n<h3>3. Engrenage conique \u00e0 denture spirale \u2013 Mod\u00e8le C<\/h3>\n<table style=\"width: 100%;\" border=\"1\" width=\"100%\" cellspacing=\"0\" cellpadding=\"0\">\n<thead class=\"border-b border-primary\/20\">\n<tr class=\"border-primary\/10\">\n<th class=\"break-words\">Nom du mod\u00e8le<\/th>\n<th class=\"break-words\">Module<\/th>\n<th class=\"break-words\">Nombre de dents<\/th>\n<th class=\"break-words\">Rapport<\/th>\n<th class=\"break-words\">Diam\u00e8tre d'al\u00e9sage de l'arbre<\/th>\n<th class=\"break-words\">Mat\u00e9riel<\/th>\n<th class=\"break-words\">Angle de pression<\/th>\n<th class=\"break-words\">Diam\u00e8tre ext\u00e9rieur<\/th>\n<th class=\"break-words\">Duret\u00e9 de la surface des dents<\/th>\n<th class=\"break-words\">Contrecoup<\/th>\n<th class=\"break-words\">Vitesse maximale<\/th>\n<th class=\"break-words\">Application<\/th>\n<\/tr>\n<\/thead>\n<tbody>\n<tr class=\"border-primary\/10\">\n<td class=\"break-words\">Engrenage conique \u00e0 spirale C<\/td>\n<td class=\"break-words\">1.5<\/td>\n<td class=\"break-words\">25<\/td>\n<td class=\"break-words\">1:1<\/td>\n<td class=\"break-words\">12 mm<\/td>\n<td class=\"break-words\">Acier c\u00e9ment\u00e9<\/td>\n<td class=\"break-words\">20\u00b0<\/td>\n<td class=\"break-words\">40 mm<\/td>\n<td class=\"break-words\">Durci (HRC 50-55)<\/td>\n<td class=\"break-words\">5 \u00e0 10 minutes d'arc<\/td>\n<td class=\"break-words\">2000 tr\/min<\/td>\n<td class=\"break-words\">Robotique \u00e0 grande vitesse<\/td>\n<\/tr>\n<\/tbody>\n<\/table>\n<h4>4. Engrenage conique \u00e0 denture spirale \u2013 Mod\u00e8le D<\/h4>\n<table style=\"width: 100%;\" border=\"1\" width=\"100%\" cellspacing=\"0\" cellpadding=\"0\">\n<tbody>\n<tr style=\"height: 57.60pt;\">\n<td class=\"et2\" style=\"height: 57.60pt; width: 106.80pt;\" width=\"178\" height=\"96\"><strong>Nom du mod\u00e8le<\/strong><\/td>\n<td class=\"et2\" style=\"width: 49.80pt;\" width=\"83\"><strong>Module<\/strong><\/td>\n<td class=\"et2\" style=\"width: 48.00pt;\" width=\"80\"><strong>Nombre de dents<\/strong><\/td>\n<td class=\"et2\" style=\"width: 92.40pt;\" width=\"154\"><strong>Rapport<\/strong><\/td>\n<td class=\"et2\" style=\"width: 48.00pt;\" width=\"80\"><strong>Diam\u00e8tre d'al\u00e9sage de l'arbre<\/strong><\/td>\n<td class=\"et2\" style=\"width: 91.80pt;\" width=\"153\"><strong>Mat\u00e9riel<\/strong><\/td>\n<td class=\"et2\" style=\"width: 48.00pt;\" width=\"80\"><strong>Angle de pression<\/strong><\/td>\n<td class=\"et2\" style=\"width: 86.40pt;\" width=\"144\"><strong>Diam\u00e8tre ext\u00e9rieur<\/strong><\/td>\n<td class=\"et2\" style=\"width: 115.20pt;\" width=\"192\"><strong>Duret\u00e9 de la surface des dents<\/strong><\/td>\n<td class=\"et2\" style=\"width: 60.60pt;\" width=\"101\"><strong>Contrecoup<\/strong><\/td>\n<td class=\"et2\" style=\"width: 108.60pt;\" width=\"181\"><strong>Vitesse maximale<\/strong><\/td>\n<td class=\"et2\" style=\"width: 48.00pt;\" width=\"80\"><strong>Application<\/strong><\/td>\n<\/tr>\n<tr style=\"height: 14.40pt;\">\n<td style=\"height: 14.40pt;\" height=\"24\">Engrenage conique \u00e0 spirale D<\/td>\n<td align=\"right\">3<\/td>\n<td align=\"right\">40<\/td>\n<td>1.5:1<\/td>\n<td>16 mm<\/td>\n<td>Acier tremp\u00e9<\/td>\n<td>20\u00b0<\/td>\n<td>126 mm<\/td>\n<td>Durci (HRC 55-60)<\/td>\n<td>3-8 minutes d'arc<\/td>\n<td>1500 tr\/min<\/td>\n<td>Machinerie lourde<\/td>\n<\/tr>\n<\/tbody>\n<\/table>\n<h3>5. R\u00e9ducteur \u00e0 engrenages coniques \u00e0 90 degr\u00e9s \u2013 Mod\u00e8le E (Sortie simple)<\/h3>\n<table style=\"width: 100%; height: 57px;\" border=\"1\" width=\"100%\" cellspacing=\"0\" cellpadding=\"0\">\n<tbody>\n<tr style=\"height: 43.20pt;\">\n<td class=\"et2\" style=\"height: 43px; width: 106.8pt;\" width=\"178\" height=\"72\"><strong>Nom du mod\u00e8le<\/strong><\/td>\n<td class=\"et2\" style=\"width: 49.8pt; height: 43px;\" width=\"83\"><strong>Taper<\/strong><\/td>\n<td class=\"et2\" style=\"width: 48pt; height: 43px;\" width=\"80\"><strong>Module<\/strong><\/td>\n<td class=\"et2\" style=\"width: 92.4pt; height: 43px;\" width=\"154\"><strong>Nombre de dents<\/strong><\/td>\n<td class=\"et2\" style=\"width: 48pt; height: 43px;\" width=\"80\"><strong>Rapport<\/strong><\/td>\n<td class=\"et2\" style=\"width: 91.8pt; height: 43px;\" width=\"153\"><strong>Diam\u00e8tre de l'arbre<\/strong><\/td>\n<td class=\"et2\" style=\"width: 48pt; height: 43px;\" width=\"80\"><strong>Mat\u00e9riau du bo\u00eetier<\/strong><\/td>\n<td class=\"et2\" style=\"width: 86.4pt; height: 43px;\" width=\"144\"><strong>Couple de sortie nominal<\/strong><\/td>\n<td class=\"et2\" style=\"width: 115.2pt; height: 43px;\" width=\"192\"><strong>Vitesse maximale<\/strong><\/td>\n<td class=\"et2\" style=\"width: 60.6pt; height: 43px;\" width=\"101\"><strong>Indice de protection<\/strong><\/td>\n<td class=\"et2\" style=\"width: 108.6pt; height: 43px;\" width=\"181\"><strong>Poids<\/strong><\/td>\n<td class=\"et2\" style=\"width: 48pt; height: 43px;\" width=\"80\"><strong>Application<\/strong><\/td>\n<\/tr>\n<tr style=\"height: 14.40pt;\">\n<td style=\"height: 14px;\" height=\"24\">Bo\u00eete de vitesses conique E<\/td>\n<td style=\"height: 14px;\">Arbre de sortie unique<\/td>\n<td style=\"height: 14px;\" align=\"right\">1<\/td>\n<td style=\"height: 14px;\" align=\"right\">20<\/td>\n<td class=\"et3\" style=\"height: 14px;\" align=\"right\">1:01<\/td>\n<td style=\"height: 14px;\">8 mm<\/td>\n<td style=\"height: 14px;\">Fonte d&#039;aluminium<\/td>\n<td style=\"height: 14px;\">50 Nm<\/td>\n<td style=\"height: 14px;\">1800 tr\/min<\/td>\n<td style=\"height: 14px;\">IP65<\/td>\n<td style=\"height: 14px;\">0,8 kg<\/td>\n<td style=\"height: 14px;\">projets m\u00e9caniques de bricolage<\/td>\n<\/tr>\n<\/tbody>\n<\/table>\n<h3>6. R\u00e9ducteur \u00e0 engrenages coniques \u00e0 90 degr\u00e9s \u2013 Mod\u00e8le F (Double sortie)<\/h3>\n<table style=\"width: 100%;\" border=\"1\" width=\"100%\" cellspacing=\"0\" cellpadding=\"0\">\n<thead class=\"border-b border-primary\/20\">\n<tr class=\"border-primary\/10\">\n<th class=\"break-words\">Nom du mod\u00e8le<\/th>\n<th class=\"break-words\">Taper<\/th>\n<th class=\"break-words\">Module<\/th>\n<th class=\"break-words\">Nombre de dents<\/th>\n<th class=\"break-words\">Rapport<\/th>\n<th class=\"break-words\">Diam\u00e8tre de l'arbre<\/th>\n<th class=\"break-words\">Mat\u00e9riau du bo\u00eetier<\/th>\n<th class=\"break-words\">Couple de sortie nominal<\/th>\n<th class=\"break-words\">Vitesse maximale<\/th>\n<th class=\"break-words\">Indice de protection<\/th>\n<th class=\"break-words\">Poids<\/th>\n<th class=\"break-words\">Application<\/th>\n<\/tr>\n<\/thead>\n<tbody>\n<tr class=\"border-primary\/10\">\n<td class=\"break-words\">Bo\u00eete de vitesses \u00e0 engrenages coniques F<\/td>\n<td class=\"break-words\">Arbre de sortie double<\/td>\n<td class=\"break-words\">2<\/td>\n<td class=\"break-words\">30<\/td>\n<td class=\"break-words\">2:1<\/td>\n<td class=\"break-words\">12 mm<\/td>\n<td class=\"break-words\">Aluminium nickel\u00e9<\/td>\n<td class=\"break-words\">120 Nm<\/td>\n<td class=\"break-words\">1200 tr\/min<\/td>\n<td class=\"break-words\">IP67<\/td>\n<td class=\"break-words\">1,5 kg<\/td>\n<td class=\"break-words\">convoyeurs industriels<\/td>\n<\/tr>\n<\/tbody>\n<\/table>\n<h3>7. Engrenage conique droit standard \u2013 Mod\u00e8le G<\/h3>\n<table style=\"width: 100%;\" border=\"1\" width=\"100%\" cellspacing=\"0\" cellpadding=\"0\">\n<thead class=\"border-b border-primary\/20\">\n<tr class=\"border-primary\/10\">\n<th class=\"break-words\">Nom du mod\u00e8le<\/th>\n<th class=\"break-words\">Module<\/th>\n<th class=\"break-words\">Nombre de dents<\/th>\n<th class=\"break-words\">Rapport<\/th>\n<th class=\"break-words\">Diam\u00e8tre d'al\u00e9sage de l'arbre<\/th>\n<th class=\"break-words\">Mat\u00e9riel<\/th>\n<th class=\"break-words\">Angle de pression<\/th>\n<th class=\"break-words\">Diam\u00e8tre ext\u00e9rieur<\/th>\n<th class=\"break-words\">Duret\u00e9 de la surface des dents<\/th>\n<th class=\"break-words\">Vitesse maximale<\/th>\n<th class=\"break-words\">Application<\/th>\n<\/tr>\n<\/thead>\n<tbody>\n<tr class=\"border-primary\/10\">\n<td class=\"break-words\">Engrenage conique droit G<\/td>\n<td class=\"break-words\">2.5<\/td>\n<td class=\"break-words\">16<\/td>\n<td class=\"break-words\">1:1 (engrenage \u00e0 onglet)<\/td>\n<td class=\"break-words\">12 mm<\/td>\n<td class=\"break-words\">Aluminium<\/td>\n<td class=\"break-words\">14,5\u00b0<\/td>\n<td class=\"break-words\">42 mm<\/td>\n<td class=\"break-words\">Non durci<\/td>\n<td class=\"break-words\">900 tr\/min<\/td>\n<td class=\"break-words\">Syst\u00e8mes l\u00e9gers<\/td>\n<\/tr>\n<\/tbody>\n<\/table>\n<h3>8. Engrenage conique \u00e0 denture spirale \u2013 Mod\u00e8le H<\/h3>\n<table style=\"width: 100%;\" border=\"1\" width=\"100%\" cellspacing=\"0\" cellpadding=\"0\">\n<tbody>\n<tr style=\"height: 57.60pt;\">\n<td class=\"et2\" style=\"height: 57.60pt; width: 106.80pt;\" width=\"178\" height=\"96\"><strong>Nom du mod\u00e8le<\/strong><\/td>\n<td class=\"et2\" style=\"width: 49.80pt;\" width=\"83\"><strong>Module<\/strong><\/td>\n<td class=\"et2\" style=\"width: 48.00pt;\" width=\"80\"><strong>Nombre de dents<\/strong><\/td>\n<td class=\"et2\" style=\"width: 92.40pt;\" width=\"154\"><strong>Rapport<\/strong><\/td>\n<td class=\"et2\" style=\"width: 48.00pt;\" width=\"80\"><strong>Diam\u00e8tre d'al\u00e9sage de l'arbre<\/strong><\/td>\n<td class=\"et2\" style=\"width: 91.80pt;\" width=\"153\"><strong>Mat\u00e9riel<\/strong><\/td>\n<td class=\"et2\" style=\"width: 48.00pt;\" width=\"80\"><strong>Angle de pression<\/strong><\/td>\n<td class=\"et2\" style=\"width: 86.40pt;\" width=\"144\"><strong>Diam\u00e8tre ext\u00e9rieur<\/strong><\/td>\n<td class=\"et2\" style=\"width: 115.20pt;\" width=\"192\"><strong>Duret\u00e9 de la surface des dents<\/strong><\/td>\n<td class=\"et2\" style=\"width: 60.60pt;\" width=\"101\"><strong>Contrecoup<\/strong><\/td>\n<td class=\"et2\" style=\"width: 108.60pt;\" width=\"181\"><strong>Vitesse maximale<\/strong><\/td>\n<td class=\"et2\" style=\"width: 48.00pt;\" width=\"80\"><strong>Application<\/strong><\/td>\n<\/tr>\n<tr style=\"height: 14.40pt;\">\n<td style=\"height: 14.40pt;\" height=\"24\">Engrenage conique \u00e0 spirale H<\/td>\n<td align=\"right\">2.5<\/td>\n<td align=\"right\">35<\/td>\n<td class=\"et3\" align=\"right\">2:01<\/td>\n<td>14 mm<\/td>\n<td>Acier c\u00e9ment\u00e9<\/td>\n<td>20\u00b0<\/td>\n<td>90 mm<\/td>\n<td>Durci (HRC 50-55)<\/td>\n<td>4-12 minutes d'arc<\/td>\n<td>1800 tr\/min<\/td>\n<td>Diff\u00e9rentiels automobiles<\/td>\n<\/tr>\n<\/tbody>\n<\/table>\n<div>\n<h3>Caract\u00e9ristiques des engrenages coniques \u00e0 90 degr\u00e9s<\/h3>\n<p class=\"break-words\">Les engrenages coniques \u00e0 90\u00b0 sont des engrenages sp\u00e9ciaux en forme de c\u00f4ne qui transmettent la puissance entre deux arbres se rejoignant \u00e0 un angle de 90\u00b0. On les trouve dans les voitures, les avions et les machines. Il en existe deux principaux types\u00a0: les engrenages coniques droits, \u00e0 dents simples et droites, conviennent aux applications lentes, comme les machines d'impression, mais ne peuvent \u00eatre polis apr\u00e8s durcissement thermique. Les engrenages coniques h\u00e9lico\u00efdaux, \u00e0 dents courbes et torsad\u00e9es, sont plus silencieux et mieux adapt\u00e9s aux applications rapides ou exigeantes, comme les moteurs de voiture. Ils peuvent \u00eatre polis avec une grande pr\u00e9cision. Ces engrenages peuvent \u00eatre fabriqu\u00e9s dans des mat\u00e9riaux robustes comme l'acier ou m\u00eame le plastique. Les engrenages h\u00e9lico\u00efdaux sont plus complexes \u00e0 fabriquer, mais plus r\u00e9sistants et de plus en plus populaires gr\u00e2ce \u00e0 leurs performances exceptionnelles\u00a0!<\/p>\n<\/div>","protected":false},"excerpt":{"rendered":"<p>About 90 Degree Bevel Gears 90 Degree Bevel Gears are awesome parts that help pass energy between two rods that connect at a corner, making a 90-degree angle. You can find them in lots of things\u2014like cars, planes, huge machines, and even robots\u2014because they\u2019re really good at sending energy in small, careful twists. These gears [&hellip;]<\/p>","protected":false},"featured_media":6944,"comment_status":"open","ping_status":"closed","template":"","meta":{"_et_pb_use_builder":"","_et_pb_old_content":"","_et_gb_content_width":""},"product_brand":[],"product_cat":[91,106],"product_tag":[],"class_list":{"0":"post-6943","1":"product","2":"type-product","3":"status-publish","4":"has-post-thumbnail","6":"product_cat-gear-racks","7":"product_cat-bevel-gears","9":"first","10":"instock","11":"shipping-taxable","12":"product-type-simple"},"_links":{"self":[{"href":"https:\/\/fmp-components.com\/fr\/wp-json\/wp\/v2\/product\/6943","targetHints":{"allow":["GET"]}}],"collection":[{"href":"https:\/\/fmp-components.com\/fr\/wp-json\/wp\/v2\/product"}],"about":[{"href":"https:\/\/fmp-components.com\/fr\/wp-json\/wp\/v2\/types\/product"}],"replies":[{"embeddable":true,"href":"https:\/\/fmp-components.com\/fr\/wp-json\/wp\/v2\/comments?post=6943"}],"wp:featuredmedia":[{"embeddable":true,"href":"https:\/\/fmp-components.com\/fr\/wp-json\/wp\/v2\/media\/6944"}],"wp:attachment":[{"href":"https:\/\/fmp-components.com\/fr\/wp-json\/wp\/v2\/media?parent=6943"}],"wp:term":[{"taxonomy":"product_brand","embeddable":true,"href":"https:\/\/fmp-components.com\/fr\/wp-json\/wp\/v2\/product_brand?post=6943"},{"taxonomy":"product_cat","embeddable":true,"href":"https:\/\/fmp-components.com\/fr\/wp-json\/wp\/v2\/product_cat?post=6943"},{"taxonomy":"product_tag","embeddable":true,"href":"https:\/\/fmp-components.com\/fr\/wp-json\/wp\/v2\/product_tag?post=6943"}],"curies":[{"name":"wp","href":"https:\/\/api.w.org\/{rel}","templated":true}]}}