{"id":6654,"date":"2025-03-11T06:36:21","date_gmt":"2025-03-11T06:36:21","guid":{"rendered":"https:\/\/fmp-components.com\/product\/customized-3-stage-hydraulic-cylinder-telescopic-hydraulic-cylinder"},"modified":"2025-03-18T01:04:30","modified_gmt":"2025-03-18T01:04:30","slug":"customized-3-stage-hydraulic-cylinder-telescopic-hydraulic-cylinder","status":"publish","type":"product","link":"https:\/\/fmp-components.com\/fr\/product\/customized-3-stage-hydraulic-cylinder-telescopic-hydraulic-cylinder\/","title":{"rendered":"V\u00e9rin hydraulique t\u00e9lescopique \u00e0 3 \u00e9tages personnalis\u00e9"},"content":{"rendered":"<h2>V\u00e9rin hydraulique t\u00e9lescopique \u00e0 3 \u00e9tages personnalis\u00e9<\/h2>\n<p>D\u00e9couvrez les performances de pointe de notre v\u00e9rin hydraulique t\u00e9lescopique \u00e0 3 \u00e9tages personnalis\u00e9. Ce produit remarquable, une nouveaut\u00e9 pour 2025, est con\u00e7u pour offrir une efficacit\u00e9 maximale dans divers contextes industriels. Il est largement utilis\u00e9 dans des secteurs tels que les ateliers de r\u00e9paration de machines, l'agriculture, l'\u00e9nergie et les mines, la fabrication de machines et les usines de machines.<\/p>\n<h3>Caract\u00e9ristiques et sp\u00e9cifications du produit<\/h3>\n<p>Notre v\u00e9rin hydraulique est un v\u00e9rin \u00e0 piston standard, aliment\u00e9 par la force hydraulique. Gr\u00e2ce \u00e0 son corps en acier robuste, il offre une pouss\u00e9e maximale de 3\u00a0000 kg et une traction maximale de 20 tonnes. Certifi\u00e9 ISO9001:2000, il pr\u00e9sente un al\u00e9sage de 5 \u00e0 15 cm, une tige de 28 \u00e0 10 cm, une course de 10 \u00e0 254 cm et un axe de 13 \u00e0 5 cm. Disponible dans un \u00e9l\u00e9gant coloris noir, il p\u00e8se 28 kg et est garanti un an.<\/p>\n<table style=\"width: 92.2717%; height: 115px;\" border=\"\">\n<tbody>\n<tr style=\"height: 23px;\">\n<th style=\"width: 43.5028%; height: 23px;\">Taille de l&#039;al\u00e9sage<\/th>\n<td style=\"width: 444.068%; height: 23px;\">2 \u00e0 6 pouces<\/td>\n<\/tr>\n<tr style=\"height: 23px;\">\n<th style=\"width: 43.5028%; height: 23px;\">Taille de la tige<\/th>\n<td style=\"width: 444.068%; height: 23px;\">1,125-4 pouces<\/td>\n<\/tr>\n<tr style=\"height: 23px;\">\n<th style=\"width: 43.5028%; height: 23px;\">Taille de la course<\/th>\n<td style=\"width: 444.068%; height: 23px;\">4 \u00e0 100 pouces<\/td>\n<\/tr>\n<tr style=\"height: 23px;\">\n<th style=\"width: 43.5028%; height: 23px;\">Taille de la broche<\/th>\n<td style=\"width: 444.068%; height: 23px;\">0,5 \u00e0 2 pouces<\/td>\n<\/tr>\n<tr style=\"height: 23px;\">\n<th style=\"width: 43.5028%; height: 23px;\">Ports<\/th>\n<td style=\"width: 444.068%; height: 23px;\">G\/SAE\/NPT\/M<\/td>\n<\/tr>\n<\/tbody>\n<\/table>\n<h3>Principaux avantages<\/h3>\n<ul>\n<li>\u00c9conomie d'\u00e9nergie<\/li>\n<li>Tr\u00e8s efficace<\/li>\n<li>S\u00fbr et fiable<\/li>\n<\/ul>\n<p><img loading=\"lazy\" decoding=\"async\" class=\"alignnone wp-image-6661\" src=\"https:\/\/fmp-components.com\/wp-content\/uploads\/2025\/03\/telescopic-hydraulic-cylinder-10.webp\" alt=\"v\u00e9rin hydraulique t\u00e9lescopique\" width=\"904\" height=\"904\" title=\"\" srcset=\"https:\/\/fmp-components.com\/wp-content\/uploads\/2025\/03\/telescopic-hydraulic-cylinder-10.webp 904w, https:\/\/fmp-components.com\/wp-content\/uploads\/2025\/03\/telescopic-hydraulic-cylinder-10-480x480.webp 480w\" sizes=\"(min-width: 0px) and (max-width: 480px) 480px, (min-width: 481px) 904px, 100vw\" \/><\/p>\n<h3>Principe de fonctionnement et applications<\/h3>\n<p>Le v\u00e9rin hydraulique convertit l'\u00e9nergie hydraulique en mouvement m\u00e9canique, transformant ainsi la pression en force. Il est donc indispensable dans diverses applications industrielles, notamment les ateliers de r\u00e9paration de machines, les exploitations agricoles, les secteurs de l'\u00e9nergie et des mines, la fabrication de machines et les usines de machines.<\/p>\n<h2>V\u00e9rins hydrauliques et groupes motopropulseurs<\/h2>\n<p>Les v\u00e9rins hydrauliques et les groupes motopropulseurs font partie int\u00e9grante des syst\u00e8mes hydrauliques. La collaboration entre ces deux composants garantit une large application de la technologie hydraulique dans tous les secteurs industriels, fournissant une puissance et un contr\u00f4le fiables pour divers \u00e9quipements d'ing\u00e9nierie et de machines.<\/p>\n<h3>\u00c0 propos de FMP<\/h3>\n<p>FMP est un fabricant italien de premier plan, reconnu pour son expertise dans la conception, le d\u00e9veloppement et la production de v\u00e9rins hydrauliques de haute qualit\u00e9. Forts de plusieurs d\u00e9cennies d&#039;exp\u00e9rience dans le secteur, nous allions harmonieusement savoir-faire italien traditionnel et technologie de pointe pour proposer des solutions hydrauliques exceptionnelles, adapt\u00e9es aux besoins vari\u00e9s de nos clients internationaux. Implant\u00e9e en Italie, p\u00f4le d&#039;excellence en ing\u00e9nierie, FMP s&#039;est impos\u00e9e comme une r\u00e9f\u00e9rence dans le secteur hydraulique, s&#039;engageant \u00e0 fournir des produits fiables, durables et innovants qui dynamisent les entreprises du monde entier.<\/p>\n<p>Notre entreprise allie les meilleures pratiques de fabrication avanc\u00e9es \u00e0 une approche avant-gardiste. Forte de nombreuses ann\u00e9es d&#039;exp\u00e9rience dans les syst\u00e8mes hydrauliques, FMP est devenue une entreprise moderne qui excelle en recherche, conception et production. Nous proposons une large gamme de v\u00e9rins hydrauliques, notamment des v\u00e9rins \u00e0 double effet, des v\u00e9rins de levage pour automobiles et pour machines agricoles, ainsi que des solutions sur mesure pour diverses applications industrielles. Qu&#039;ils soient destin\u00e9s \u00e0 la construction, aux installations industrielles, \u00e0 l&#039;agriculture ou aux machines lourdes, nos v\u00e9rins hydrauliques sont con\u00e7us pour fonctionner dans les conditions les plus difficiles, garantissant s\u00e9curit\u00e9, efficacit\u00e9 et long\u00e9vit\u00e9.<\/p>\n<p>Chez FMP, nous sommes fiers de nos installations de production de pointe, \u00e9quip\u00e9es de machines de pr\u00e9cision et de syst\u00e8mes de test avanc\u00e9s. Nos processus de fabrication respectent des normes nationales et internationales strictes, garantissant que chaque v\u00e9rin hydraulique produit r\u00e9pond aux normes de qualit\u00e9 et de fiabilit\u00e9 les plus strictes. Gr\u00e2ce \u00e0 une \u00e9quipe technique qualifi\u00e9e et \u00e0 des \u00e9quipements de pointe, nous appliquons un contr\u00f4le qualit\u00e9 rigoureux \u00e0 chaque \u00e9tape de la production, de la s\u00e9lection des mati\u00e8res premi\u00e8res au contr\u00f4le final. Cet engagement envers l&#039;excellence nous a valu des certifications et la reconnaissance des autorit\u00e9s du secteur, renfor\u00e7ant ainsi notre r\u00e9putation de partenaire fiable.<\/p>\n<p><img loading=\"lazy\" decoding=\"async\" class=\"alignnone size-full wp-image-6720\" src=\"https:\/\/fmp-components.com\/wp-content\/uploads\/2025\/03\/hydraulic-cylinder-8.webp\" alt=\"V\u00e9rins hydrauliques t\u00e9lescopiques\" width=\"933\" height=\"526\" title=\"\" srcset=\"https:\/\/fmp-components.com\/wp-content\/uploads\/2025\/03\/hydraulic-cylinder-8.webp 933w, https:\/\/fmp-components.com\/wp-content\/uploads\/2025\/03\/hydraulic-cylinder-8-480x271.webp 480w\" sizes=\"(min-width: 0px) and (max-width: 480px) 480px, (min-width: 481px) 933px, 100vw\" \/><\/p>\n<p>Notre mission est \u00e0 la fois simple et ambitieuse\u00a0: fournir \u00e0 nos clients des v\u00e9rins hydrauliques qui surpassent leurs attentes en termes de performances, de durabilit\u00e9 et de rapport qualit\u00e9-prix. Nous adh\u00e9rons \u00e0 des principes fondamentaux\u00a0: professionnalisme, int\u00e9grit\u00e9 et orientation client. En favorisant une culture d&#039;innovation et de pr\u00e9cision, nous am\u00e9liorons continuellement nos produits pour conserver une longueur d&#039;avance sur un march\u00e9 concurrentiel. Notre vaste gamme de produits et notre capacit\u00e9 \u00e0 proposer des solutions sur mesure font de nous le choix privil\u00e9gi\u00e9 des entreprises \u00e0 la recherche de v\u00e9rins hydrauliques hautes performances.<\/p>\n<p>FMP est plus qu&#039;un simple fabricant\u00a0; nous sommes des partenaires engag\u00e9s dans votre r\u00e9ussite. Nous comprenons que nos clients comptent sur nous pour leur fournir des outils am\u00e9liorant leur productivit\u00e9 et leur s\u00e9curit\u00e9. C&#039;est pourquoi nous nous engageons \u00e0 fournir non seulement des produits haut de gamme, mais aussi un service exceptionnel. De la consultation initiale au service apr\u00e8s-vente, nous collaborons \u00e9troitement avec nos clients pour r\u00e9pondre \u00e0 leurs besoins avec professionnalisme et attention. Nos prix comp\u00e9titifs, associ\u00e9s \u00e0 un engagement ind\u00e9fectible envers la qualit\u00e9, font de FMP le choix id\u00e9al pour les entreprises souhaitant investir dans des solutions hydrauliques fiables.<\/p>","protected":false},"excerpt":{"rendered":"<p>Customized 3 Stage Hydraulic Cylinder Telescopic Hydraulic Cylinder Experience the cutting-edge performance of our Customized 3 Stage hydraulic cylinder Telescopic Hydraulic Cylinder. This remarkable product is a new offering for 2025, and is designed to deliver maximum efficiency in a variety of industrial contexts. Its application is widespread across industries such as Machinery Repair Shops, [&hellip;]<\/p>","protected":false},"featured_media":6780,"comment_status":"closed","ping_status":"closed","template":"","meta":{"_et_pb_use_builder":"","_et_pb_old_content":"","_et_gb_content_width":""},"product_brand":[],"product_cat":[103],"product_tag":[34,105],"class_list":{"0":"post-6654","1":"product","2":"type-product","3":"status-publish","4":"has-post-thumbnail","6":"product_cat-telescopic-hydraulic-cylinders","7":"product_tag-hydraulic-cylinder","8":"product_tag-telescopic-hydraulic-cylinders","10":"first","11":"instock","12":"product-type-simple"},"_links":{"self":[{"href":"https:\/\/fmp-components.com\/fr\/wp-json\/wp\/v2\/product\/6654","targetHints":{"allow":["GET"]}}],"collection":[{"href":"https:\/\/fmp-components.com\/fr\/wp-json\/wp\/v2\/product"}],"about":[{"href":"https:\/\/fmp-components.com\/fr\/wp-json\/wp\/v2\/types\/product"}],"replies":[{"embeddable":true,"href":"https:\/\/fmp-components.com\/fr\/wp-json\/wp\/v2\/comments?post=6654"}],"wp:featuredmedia":[{"embeddable":true,"href":"https:\/\/fmp-components.com\/fr\/wp-json\/wp\/v2\/media\/6780"}],"wp:attachment":[{"href":"https:\/\/fmp-components.com\/fr\/wp-json\/wp\/v2\/media?parent=6654"}],"wp:term":[{"taxonomy":"product_brand","embeddable":true,"href":"https:\/\/fmp-components.com\/fr\/wp-json\/wp\/v2\/product_brand?post=6654"},{"taxonomy":"product_cat","embeddable":true,"href":"https:\/\/fmp-components.com\/fr\/wp-json\/wp\/v2\/product_cat?post=6654"},{"taxonomy":"product_tag","embeddable":true,"href":"https:\/\/fmp-components.com\/fr\/wp-json\/wp\/v2\/product_tag?post=6654"}],"curies":[{"name":"wp","href":"https:\/\/api.w.org\/{rel}","templated":true}]}}