{"id":6653,"date":"2025-03-11T06:36:21","date_gmt":"2025-03-11T06:36:21","guid":{"rendered":"https:\/\/fmp-components.com\/product\/small-hydraulic-telescopic-cylinder-for-dump-trailer"},"modified":"2025-03-12T08:26:30","modified_gmt":"2025-03-12T08:26:30","slug":"small-hydraulic-telescopic-cylinder-for-dump-trailer","status":"publish","type":"product","link":"https:\/\/fmp-components.com\/fr\/product\/small-hydraulic-telescopic-cylinder-for-dump-trailer\/","title":{"rendered":"Petit v\u00e9rin hydraulique t\u00e9lescopique pour remorque \u00e0 benne basculante"},"content":{"rendered":"<h2>Petit v\u00e9rin hydraulique t\u00e9lescopique pour remorque \u00e0 benne basculante<\/h2>\n<p>D\u00e9couvrez notre petit v\u00e9rin hydraulique t\u00e9lescopique pour remorque \u00e0 benne basculante. Polyvalent et robuste, ce v\u00e9rin est con\u00e7u pour une large gamme d&#039;applications dans divers secteurs, tels que les ateliers de r\u00e9paration de machines, les exploitations agricoles, les secteurs de l&#039;\u00e9nergie et des mines, la fabrication de machines et les usines de machines. C&#039;est la solution id\u00e9ale pour ceux qui recherchent un v\u00e9rin hydraulique fiable et efficace.<\/p>\n<p><img loading=\"lazy\" decoding=\"async\" class=\"alignnone size-full wp-image-6660\" src=\"https:\/\/fmp-components.com\/wp-content\/uploads\/2025\/03\/hydraulic-cylinder-workshop-4.webp\" alt=\"v\u00e9rin hydraulique t\u00e9lescopique\" width=\"914\" height=\"733\" title=\"\" srcset=\"https:\/\/fmp-components.com\/wp-content\/uploads\/2025\/03\/hydraulic-cylinder-workshop-4.webp 914w, https:\/\/fmp-components.com\/wp-content\/uploads\/2025\/03\/hydraulic-cylinder-workshop-4-480x385.webp 480w\" sizes=\"(min-width: 0px) and (max-width: 480px) 480px, (min-width: 481px) 914px, 100vw\" \/><\/p>\n<h3>Principales caract\u00e9ristiques et avantages<\/h3>\n<p>Notre v\u00e9rin t\u00e9lescopique hydraulique est dot\u00e9 d&#039;une gamme de fonctionnalit\u00e9s et d&#039;avantages qui le distinguent de la concurrence :<\/p>\n<ul>\n<li>Garantie d&#039;un an<\/li>\n<li>Certification ISO9001:2000<\/li>\n<li>Structure standard d&#039;un cylindre plongeur<\/li>\n<li>\u00c9nergie hydraulique<\/li>\n<li>Mat\u00e9riau du corps en acier pour une durabilit\u00e9 maximale<\/li>\n<li>Pouss\u00e9e maximale de 3000 et traction maximale de 20 tonnes<\/li>\n<li>V\u00e9rin hydraulique \u00e0 plusieurs \u00e9tages<\/li>\n<li>Diff\u00e9rentes options de port : G\/SAE\/NPT\/M<\/li>\n<li>Couleur noire<\/li>\n<\/ul>\n<h3>Sp\u00e9cifications techniques<\/h3>\n<p>Les sp\u00e9cifications techniques de notre v\u00e9rin t\u00e9lescopique hydraulique sont les suivantes :<\/p>\n<table style=\"width: 95.4089%;\" border=\"\">\n<tbody>\n<tr>\n<td style=\"width: 42.9379%;\"><i>Taille de l&#039;al\u00e9sage<\/i><\/td>\n<td style=\"width: 450.282%;\">2 \u00e0 6 pouces<\/td>\n<\/tr>\n<tr>\n<td style=\"width: 42.9379%;\"><i>Taille de la tige<\/i><\/td>\n<td style=\"width: 450.282%;\">1,125-4 pouces<\/td>\n<\/tr>\n<tr>\n<td style=\"width: 42.9379%;\"><i>Taille de la course<\/i><\/td>\n<td style=\"width: 450.282%;\">4 \u00e0 100 pouces<\/td>\n<\/tr>\n<tr>\n<td style=\"width: 42.9379%;\"><i>Taille de la broche<\/i><\/td>\n<td style=\"width: 450.282%;\">0,5 \u00e0 2 pouces<\/td>\n<\/tr>\n<tr>\n<td style=\"width: 42.9379%;\"><i>Ports<\/i><\/td>\n<td style=\"width: 450.282%;\">G\/SAE\/NPT\/M<\/td>\n<\/tr>\n<\/tbody>\n<\/table>\n<h2>Principe de fonctionnement et applications<\/h2>\n<p>Le petit v\u00e9rin hydraulique t\u00e9lescopique utilise la puissance hydraulique pour cr\u00e9er une force m\u00e9canique. Cette force est ensuite utilis\u00e9e pour effectuer des t\u00e2ches dans diverses applications, notamment sur les machines et \u00e9quipements lourds des ateliers de r\u00e9paration, des exploitations agricoles, des secteurs de l&#039;\u00e9nergie et des mines, de la fabrication de machines et des usines de fabrication.<\/p>\n<h2>V\u00e9rins hydrauliques et groupes motopropulseurs<\/h2>\n<p>Le v\u00e9rin hydraulique et le groupe motopropulseur font partie int\u00e9grante des syst\u00e8mes hydrauliques. Le premier convertit l&#039;\u00e9nergie hydraulique en mouvement m\u00e9canique, tandis que le second fournit l&#039;\u00e9nergie et les signaux de commande n\u00e9cessaires au syst\u00e8me. Leur synergie garantit une large application de la technologie hydraulique dans le secteur industriel, fournissant une puissance et un contr\u00f4le fiables pour divers \u00e9quipements techniques et m\u00e9caniques. Nous proposons \u00e9galement des groupes motopropulseurs \u00e0 la vente.<\/p>\n<h3>Questions fr\u00e9quemment pos\u00e9es<\/h3>\n<p>Q : \u00cates-vous une soci\u00e9t\u00e9 commerciale ou un fabricant ?<br \/>\nR : Nous sommes un fabricant.<\/p>\n<p>Q : Quel est votre d\u00e9lai de livraison ?<br \/>\nR : En g\u00e9n\u00e9ral, cela prend entre 25 et 35 jours.<\/p>\n<p>Q\u00a0: Fournissez-vous des \u00e9chantillons\u00a0? Sont-ils gratuits ou avec suppl\u00e9ment\u00a0?<br \/>\nR : Oui, nous fournissons des \u00e9chantillons, mais ils ne sont pas gratuits.<\/p>\n<h3>\u00c0 propos de FMP<\/h3>\n<p>FMP est un fabricant italien de premier plan, reconnu pour son expertise dans la conception, le d\u00e9veloppement et la production de v\u00e9rins hydrauliques de haute qualit\u00e9. Forts de plusieurs d\u00e9cennies d&#039;exp\u00e9rience dans le secteur, nous allions harmonieusement savoir-faire italien traditionnel et technologie de pointe pour proposer des solutions hydrauliques exceptionnelles, adapt\u00e9es aux besoins vari\u00e9s de nos clients internationaux. Implant\u00e9e en Italie, p\u00f4le d&#039;excellence en ing\u00e9nierie, FMP s&#039;est impos\u00e9e comme une r\u00e9f\u00e9rence dans le secteur hydraulique, s&#039;engageant \u00e0 fournir des produits fiables, durables et innovants qui dynamisent les entreprises du monde entier.<\/p>\n<p>Notre entreprise allie les meilleures pratiques de fabrication avanc\u00e9es \u00e0 une approche avant-gardiste. Forte de nombreuses ann\u00e9es d&#039;exp\u00e9rience dans les syst\u00e8mes hydrauliques, FMP est devenue une entreprise moderne qui excelle en recherche, conception et production. Nous proposons une large gamme de v\u00e9rins hydrauliques, notamment des v\u00e9rins \u00e0 double effet, des v\u00e9rins de levage pour automobiles et pour machines agricoles, ainsi que des solutions sur mesure pour diverses applications industrielles. Qu&#039;ils soient destin\u00e9s \u00e0 la construction, aux installations industrielles, \u00e0 l&#039;agriculture ou aux machines lourdes, nos v\u00e9rins hydrauliques sont con\u00e7us pour fonctionner dans les conditions les plus difficiles, garantissant s\u00e9curit\u00e9, efficacit\u00e9 et long\u00e9vit\u00e9.<\/p>\n<p>Chez FMP, nous sommes fiers de nos installations de production de pointe, \u00e9quip\u00e9es de machines de pr\u00e9cision et de syst\u00e8mes de test avanc\u00e9s. Nos processus de fabrication respectent des normes nationales et internationales strictes, garantissant que chaque v\u00e9rin hydraulique produit r\u00e9pond aux normes de qualit\u00e9 et de fiabilit\u00e9 les plus strictes. Gr\u00e2ce \u00e0 une \u00e9quipe technique qualifi\u00e9e et \u00e0 des \u00e9quipements de pointe, nous appliquons un contr\u00f4le qualit\u00e9 rigoureux \u00e0 chaque \u00e9tape de la production, de la s\u00e9lection des mati\u00e8res premi\u00e8res au contr\u00f4le final. Cet engagement envers l&#039;excellence nous a valu des certifications et la reconnaissance des autorit\u00e9s du secteur, renfor\u00e7ant ainsi notre r\u00e9putation de partenaire fiable.<\/p>\n<p><img loading=\"lazy\" decoding=\"async\" class=\"alignnone size-full wp-image-6720\" src=\"https:\/\/fmp-components.com\/wp-content\/uploads\/2025\/03\/hydraulic-cylinder-8.webp\" alt=\"V\u00e9rins hydrauliques t\u00e9lescopiques\" width=\"933\" height=\"526\" title=\"\" srcset=\"https:\/\/fmp-components.com\/wp-content\/uploads\/2025\/03\/hydraulic-cylinder-8.webp 933w, https:\/\/fmp-components.com\/wp-content\/uploads\/2025\/03\/hydraulic-cylinder-8-480x271.webp 480w\" sizes=\"(min-width: 0px) and (max-width: 480px) 480px, (min-width: 481px) 933px, 100vw\" \/><\/p>\n<p>Notre mission est \u00e0 la fois simple et ambitieuse\u00a0: fournir \u00e0 nos clients des v\u00e9rins hydrauliques qui surpassent leurs attentes en termes de performances, de durabilit\u00e9 et de rapport qualit\u00e9-prix. Nous adh\u00e9rons \u00e0 des principes fondamentaux\u00a0: professionnalisme, int\u00e9grit\u00e9 et orientation client. En favorisant une culture d&#039;innovation et de pr\u00e9cision, nous am\u00e9liorons continuellement nos produits pour conserver une longueur d&#039;avance sur un march\u00e9 concurrentiel. Notre vaste gamme de produits et notre capacit\u00e9 \u00e0 proposer des solutions sur mesure font de nous le choix privil\u00e9gi\u00e9 des entreprises \u00e0 la recherche de v\u00e9rins hydrauliques hautes performances.<\/p>\n<p>FMP est plus qu&#039;un simple fabricant\u00a0; nous sommes des partenaires engag\u00e9s dans votre r\u00e9ussite. Nous comprenons que nos clients comptent sur nous pour leur fournir des outils am\u00e9liorant leur productivit\u00e9 et leur s\u00e9curit\u00e9. C&#039;est pourquoi nous nous engageons \u00e0 fournir non seulement des produits haut de gamme, mais aussi un service exceptionnel. De la consultation initiale au service apr\u00e8s-vente, nous collaborons \u00e9troitement avec nos clients pour r\u00e9pondre \u00e0 leurs besoins avec professionnalisme et attention. Nos prix comp\u00e9titifs, associ\u00e9s \u00e0 un engagement ind\u00e9fectible envers la qualit\u00e9, font de FMP le choix id\u00e9al pour les entreprises souhaitant investir dans des solutions hydrauliques fiables.<\/p>","protected":false},"excerpt":{"rendered":"<p>Small Hydraulic Telescopic Cylinder for Dump Trailer Introducing our Small Hydraulic Telescopic Cylinder for Dump Trailer. This versatile and robust cylinder is designed for a wide range of applications across several industries such as machinery repair shops, farms, energy and mining, machinery manufacturing, and machinery factories. It is the perfect solution for those seeking a [&hellip;]<\/p>","protected":false},"featured_media":6763,"comment_status":"closed","ping_status":"closed","template":"","meta":{"_et_pb_use_builder":"","_et_pb_old_content":"","_et_gb_content_width":""},"product_brand":[],"product_cat":[103],"product_tag":[34,105],"class_list":{"0":"post-6653","1":"product","2":"type-product","3":"status-publish","4":"has-post-thumbnail","6":"product_cat-telescopic-hydraulic-cylinders","7":"product_tag-hydraulic-cylinder","8":"product_tag-telescopic-hydraulic-cylinders","10":"first","11":"instock","12":"product-type-simple"},"_links":{"self":[{"href":"https:\/\/fmp-components.com\/fr\/wp-json\/wp\/v2\/product\/6653","targetHints":{"allow":["GET"]}}],"collection":[{"href":"https:\/\/fmp-components.com\/fr\/wp-json\/wp\/v2\/product"}],"about":[{"href":"https:\/\/fmp-components.com\/fr\/wp-json\/wp\/v2\/types\/product"}],"replies":[{"embeddable":true,"href":"https:\/\/fmp-components.com\/fr\/wp-json\/wp\/v2\/comments?post=6653"}],"wp:featuredmedia":[{"embeddable":true,"href":"https:\/\/fmp-components.com\/fr\/wp-json\/wp\/v2\/media\/6763"}],"wp:attachment":[{"href":"https:\/\/fmp-components.com\/fr\/wp-json\/wp\/v2\/media?parent=6653"}],"wp:term":[{"taxonomy":"product_brand","embeddable":true,"href":"https:\/\/fmp-components.com\/fr\/wp-json\/wp\/v2\/product_brand?post=6653"},{"taxonomy":"product_cat","embeddable":true,"href":"https:\/\/fmp-components.com\/fr\/wp-json\/wp\/v2\/product_cat?post=6653"},{"taxonomy":"product_tag","embeddable":true,"href":"https:\/\/fmp-components.com\/fr\/wp-json\/wp\/v2\/product_tag?post=6653"}],"curies":[{"name":"wp","href":"https:\/\/api.w.org\/{rel}","templated":true}]}}