{"id":6648,"date":"2025-03-11T06:36:21","date_gmt":"2025-03-11T06:36:21","guid":{"rendered":"https:\/\/fmp-components.com\/product\/20-ton-hydraulic-cylinder-double-acting-telescopic-hydraulic-cylinder"},"modified":"2025-03-18T01:55:17","modified_gmt":"2025-03-18T01:55:17","slug":"20-ton-hydraulic-cylinder-double-acting-telescopic-hydraulic-cylinder","status":"publish","type":"product","link":"https:\/\/fmp-components.com\/fr\/product\/20-ton-hydraulic-cylinder-double-acting-telescopic-hydraulic-cylinder\/","title":{"rendered":"V\u00e9rin hydraulique t\u00e9lescopique \u00e0 double effet de 20 tonnes"},"content":{"rendered":"<h2>V\u00e9rin hydraulique t\u00e9lescopique \u00e0 double effet de 20 tonnes<\/h2>\n<p>Ce v\u00e9rin hydraulique t\u00e9lescopique \u00e0 double effet de 20 tonnes est neuf et b\u00e9n\u00e9ficie d'une garantie d'un an. Il est adapt\u00e9 \u00e0 divers secteurs, notamment les ateliers de r\u00e9paration de machines, les exploitations agricoles, les secteurs de l'\u00e9nergie et des mines, la fabrication de machines et les usines de fabrication.<\/p>\n<h3>Sp\u00e9cifications du produit<\/h3>\n<p>Le v\u00e9rin hydraulique p\u00e8se 120 kg et poss\u00e8de une pouss\u00e9e maximale de 3\u00a0000 Nm. Il s'agit d'un v\u00e9rin hydraulique multi-\u00e9tages avec orifices G\/SAE\/NPT\/M et peut tirer une charge maximale de 20 tonnes. Certifi\u00e9 ISO9001:2000, il est disponible en noir standard.<\/p>\n<h3>Param\u00e8tres d\u00e9taill\u00e9s<\/h3>\n<table style=\"width: 93.7263%; height: 127px;\" border=\"\">\n<tbody>\n<tr>\n<th>Taille de l&#039;al\u00e9sage<\/th>\n<td>2 \u00e0 6 pouces<\/td>\n<\/tr>\n<tr>\n<th>Taille de la tige<\/th>\n<td>1,125-4 pouces<\/td>\n<\/tr>\n<tr>\n<th>Taille de la course<\/th>\n<td>4 \u00e0 100 pouces<\/td>\n<\/tr>\n<tr>\n<th>Taille de la broche<\/th>\n<td>0,5 \u00e0 2 pouces<\/td>\n<\/tr>\n<tr>\n<th>Ports<\/th>\n<td>G\/SAE\/NPT\/M<\/td>\n<\/tr>\n<\/tbody>\n<\/table>\n<h2>Caract\u00e9ristiques et avantages uniques<\/h2>\n<ul>\n<li>Efficacit\u00e9 \u00e9nerg\u00e9tique<\/li>\n<li>Tr\u00e8s efficace<\/li>\n<li>Utilisation s\u00fbre<\/li>\n<\/ul>\n<h2>Syst\u00e8me hydraulique et principe de fonctionnement<\/h2>\n<p>Le fonctionnement du v\u00e9rin hydraulique repose sur le principe fondamental de la conversion de l'\u00e9nergie hydraulique en mouvement m\u00e9canique. Cette transformation d\u00e9bute par la mise sous pression du fluide hydraulique \u00e0 l'int\u00e9rieur du v\u00e9rin. La pression appliqu\u00e9e au fluide exerce une force sur un piston \u00e0 l'int\u00e9rieur du v\u00e9rin, provoquant son d\u00e9placement. Ce mouvement g\u00e9n\u00e8re un mouvement lin\u00e9aire, exploitable pour r\u00e9aliser un large \u00e9ventail de t\u00e2ches m\u00e9caniques. L'efficacit\u00e9 de ce processus permet aux syst\u00e8mes hydrauliques de fournir une puissance importante \u00e0 partir de volumes d'entr\u00e9e relativement faibles, ce qui les rend id\u00e9aux pour les applications n\u00e9cessitant une force importante dans un format compact.<\/p>\n<p><img loading=\"lazy\" decoding=\"async\" class=\"alignnone wp-image-6656\" src=\"https:\/\/fmp-components.com\/wp-content\/uploads\/2025\/03\/telescopic-hydraulic-cylinder-5.webp\" alt=\"v\u00e9rin hydraulique t\u00e9lescopique\" width=\"917\" height=\"917\" title=\"\" srcset=\"https:\/\/fmp-components.com\/wp-content\/uploads\/2025\/03\/telescopic-hydraulic-cylinder-5.webp 917w, https:\/\/fmp-components.com\/wp-content\/uploads\/2025\/03\/telescopic-hydraulic-cylinder-5-480x480.webp 480w\" sizes=\"(min-width: 0px) and (max-width: 480px) 480px, (min-width: 481px) 917px, 100vw\" \/><\/p>\n<p>La conception complexe des v\u00e9rins hydrauliques leur permet de fonctionner efficacement dans des conditions vari\u00e9es. Gr\u00e2ce \u00e0 l'utilisation d'un fluide hydraulique incompressible, ces syst\u00e8mes peuvent transmettre la force sur de longues distances avec une perte d'\u00e9nergie minimale. De plus, la possibilit\u00e9 de contr\u00f4ler le d\u00e9bit et la pression du fluide hydraulique permet un contr\u00f4le pr\u00e9cis de la vitesse et de la position du piston, am\u00e9liorant ainsi la polyvalence et la r\u00e9activit\u00e9 des syst\u00e8mes hydrauliques.<\/p>\n<h2>Sc\u00e9narios d'application<\/h2>\n<p>Les v\u00e9rins hydrauliques font partie int\u00e9grante de nombreuses industries, d\u00e9montrant leur polyvalence et leur efficacit\u00e9 dans diverses applications, notamment :<\/p>\n<ul>\n<li><strong>Fabrication et maintenance de machines :<\/strong> Dans les environnements industriels, les v\u00e9rins hydrauliques sont utilis\u00e9s pour des t\u00e2ches telles que le levage de composants lourds, le pressage de mat\u00e9riaux et le fonctionnement de machines automatis\u00e9es. Ils jouent un r\u00f4le essentiel sur les cha\u00eenes de montage et lors des op\u00e9rations de maintenance, fournissant la force et la pr\u00e9cision n\u00e9cessaires au bon fonctionnement de l'appareil.<\/li>\n<li><strong>Agriculture:<\/strong> En agriculture, les v\u00e9rins hydrauliques \u00e9quipent divers \u00e9quipements, notamment les tracteurs et les moissonneuses-batteuses. Ils facilitent des t\u00e2ches telles que le levage et l'abaissement des outils, l'inclinaison des charrues et l'utilisation d'accessoires, am\u00e9liorant ainsi la productivit\u00e9 et l'efficacit\u00e9 des op\u00e9rations agricoles.<\/li>\n<li><strong>\u00c9nergie et mines :<\/strong> Les syst\u00e8mes hydrauliques sont essentiels dans les secteurs de l'\u00e9nergie et de l'exploitation mini\u00e8re, o\u00f9 ils sont utilis\u00e9s pour le forage, l'excavation et le levage de charges lourdes. Leur capacit\u00e9 \u00e0 fonctionner dans des conditions extr\u00eames et \u00e0 fournir une puissance \u00e9lev\u00e9e les rend indispensables dans ces environnements difficiles.<\/li>\n<li><strong>Construction:<\/strong> Les v\u00e9rins hydrauliques \u00e9quipent couramment les engins de chantier, tels que les excavatrices, les bulldozers et les grues. Ils offrent de puissantes capacit\u00e9s de levage et d'excavation, facilitant ainsi diverses t\u00e2ches de construction avec pr\u00e9cision et facilit\u00e9.<\/li>\n<li><strong>Transport:<\/strong> Dans le secteur des transports, les v\u00e9rins hydrauliques sont utilis\u00e9s dans les v\u00e9hicules pour diverses fonctions, notamment le levage des hayons, l'actionnement des freins hydrauliques et le contr\u00f4le des syst\u00e8mes de suspension, contribuant ainsi \u00e0 la s\u00e9curit\u00e9 et aux performances.<\/li>\n<\/ul>\n<p>La large application des v\u00e9rins hydrauliques dans ces industries met en \u00e9vidence leur r\u00f4le essentiel dans l\u2019ing\u00e9nierie et les machines modernes, favorisant l\u2019efficacit\u00e9 et la productivit\u00e9 dans de nombreux contextes.<\/p>\n<h2>V\u00e9rins hydrauliques et groupes motopropulseurs<\/h2>\n<p>Le v\u00e9rin hydraulique et le groupe motopropulseur font partie int\u00e9grante du syst\u00e8me hydraulique. Leur fonctionnement combin\u00e9 garantit une large application de la technologie hydraulique dans le secteur industriel, fournissant une puissance et un contr\u00f4le fiables \u00e0 divers \u00e9quipements m\u00e9caniques et d'ing\u00e9nierie. Le v\u00e9rin hydraulique, en tant qu'actionneur, convertit l'\u00e9nergie hydraulique en mouvement m\u00e9canique, transformant ainsi la pression en force. Le groupe motopropulseur est le c\u0153ur du syst\u00e8me hydraulique, fournissant l'\u00e9nergie et les signaux de commande n\u00e9cessaires \u00e0 son fonctionnement. Leur fonctionnement coordonn\u00e9 assure le bon fonctionnement du syst\u00e8me. FMP propose \u00e9galement des groupes motopropulseurs \u00e0 la vente.<\/p>\n<h2>FAQ<\/h2>\n<p>Q : \u00cates-vous une soci\u00e9t\u00e9 commerciale ou un fabricant ?<br \/>\nR : Nous sommes un fabricant.<\/p>\n<p>Q : Quel est le d\u00e9lai de livraison ?<br \/>\nR : En g\u00e9n\u00e9ral, cela prend entre 25 et 35 jours.<\/p>\n<p>Q\u00a0: Fournissez-vous des \u00e9chantillons\u00a0? Sont-ils gratuits ou en suppl\u00e9ment\u00a0?<br \/>\nR : Oui, nous pourrions proposer l&#039;\u00e9chantillon mais ce n&#039;est pas gratuit.<\/p>\n<h3>\u00c0 propos de FMP<\/h3>\n<p>FMP est un fabricant italien de premier plan, reconnu pour son expertise dans la conception, le d\u00e9veloppement et la production de v\u00e9rins hydrauliques de haute qualit\u00e9. Forts de plusieurs d\u00e9cennies d&#039;exp\u00e9rience dans le secteur, nous allions harmonieusement savoir-faire italien traditionnel et technologie de pointe pour proposer des solutions hydrauliques exceptionnelles, adapt\u00e9es aux besoins vari\u00e9s de nos clients internationaux. Implant\u00e9e en Italie, p\u00f4le d&#039;excellence en ing\u00e9nierie, FMP s&#039;est impos\u00e9e comme une r\u00e9f\u00e9rence dans le secteur hydraulique, s&#039;engageant \u00e0 fournir des produits fiables, durables et innovants qui dynamisent les entreprises du monde entier.<\/p>\n<p>Notre entreprise allie les meilleures pratiques de fabrication avanc\u00e9es \u00e0 une approche avant-gardiste. Forte de nombreuses ann\u00e9es d&#039;exp\u00e9rience dans les syst\u00e8mes hydrauliques, FMP est devenue une entreprise moderne qui excelle en recherche, conception et production. Nous proposons une large gamme de v\u00e9rins hydrauliques, notamment des v\u00e9rins \u00e0 double effet, des v\u00e9rins de levage pour automobiles et pour machines agricoles, ainsi que des solutions sur mesure pour diverses applications industrielles. Qu&#039;ils soient destin\u00e9s \u00e0 la construction, aux installations industrielles, \u00e0 l&#039;agriculture ou aux machines lourdes, nos v\u00e9rins hydrauliques sont con\u00e7us pour fonctionner dans les conditions les plus difficiles, garantissant s\u00e9curit\u00e9, efficacit\u00e9 et long\u00e9vit\u00e9.<\/p>\n<p>Chez FMP, nous sommes fiers de nos installations de production de pointe, \u00e9quip\u00e9es de machines de pr\u00e9cision et de syst\u00e8mes de test avanc\u00e9s. Nos processus de fabrication respectent des normes nationales et internationales strictes, garantissant que chaque v\u00e9rin hydraulique produit r\u00e9pond aux normes de qualit\u00e9 et de fiabilit\u00e9 les plus strictes. Gr\u00e2ce \u00e0 une \u00e9quipe technique qualifi\u00e9e et \u00e0 des \u00e9quipements de pointe, nous appliquons un contr\u00f4le qualit\u00e9 rigoureux \u00e0 chaque \u00e9tape de la production, de la s\u00e9lection des mati\u00e8res premi\u00e8res au contr\u00f4le final. Cet engagement envers l&#039;excellence nous a valu des certifications et la reconnaissance des autorit\u00e9s du secteur, renfor\u00e7ant ainsi notre r\u00e9putation de partenaire fiable.<\/p>\n<p><img loading=\"lazy\" decoding=\"async\" class=\"alignnone size-full wp-image-6720\" src=\"https:\/\/fmp-components.com\/wp-content\/uploads\/2025\/03\/hydraulic-cylinder-8.webp\" alt=\"V\u00e9rins hydrauliques t\u00e9lescopiques\" width=\"933\" height=\"526\" title=\"\" srcset=\"https:\/\/fmp-components.com\/wp-content\/uploads\/2025\/03\/hydraulic-cylinder-8.webp 933w, https:\/\/fmp-components.com\/wp-content\/uploads\/2025\/03\/hydraulic-cylinder-8-480x271.webp 480w\" sizes=\"(min-width: 0px) and (max-width: 480px) 480px, (min-width: 481px) 933px, 100vw\" \/><\/p>\n<p>Notre mission est \u00e0 la fois simple et ambitieuse\u00a0: fournir \u00e0 nos clients des v\u00e9rins hydrauliques qui surpassent leurs attentes en termes de performances, de durabilit\u00e9 et de rapport qualit\u00e9-prix. Nous adh\u00e9rons \u00e0 des principes fondamentaux\u00a0: professionnalisme, int\u00e9grit\u00e9 et orientation client. En favorisant une culture d&#039;innovation et de pr\u00e9cision, nous am\u00e9liorons continuellement nos produits pour conserver une longueur d&#039;avance sur un march\u00e9 concurrentiel. Notre vaste gamme de produits et notre capacit\u00e9 \u00e0 proposer des solutions sur mesure font de nous le choix privil\u00e9gi\u00e9 des entreprises \u00e0 la recherche de v\u00e9rins hydrauliques hautes performances.<\/p>\n<p>FMP est plus qu&#039;un simple fabricant\u00a0; nous sommes des partenaires engag\u00e9s dans votre r\u00e9ussite. Nous comprenons que nos clients comptent sur nous pour leur fournir des outils am\u00e9liorant leur productivit\u00e9 et leur s\u00e9curit\u00e9. C&#039;est pourquoi nous nous engageons \u00e0 fournir non seulement des produits haut de gamme, mais aussi un service exceptionnel. De la consultation initiale au service apr\u00e8s-vente, nous collaborons \u00e9troitement avec nos clients pour r\u00e9pondre \u00e0 leurs besoins avec professionnalisme et attention. Nos prix comp\u00e9titifs, associ\u00e9s \u00e0 un engagement ind\u00e9fectible envers la qualit\u00e9, font de FMP le choix id\u00e9al pour les entreprises souhaitant investir dans des solutions hydrauliques fiables.<\/p>","protected":false},"excerpt":{"rendered":"<p>20 Ton Hydraulic Cylinder Double Acting Telescopic Hydraulic Cylinder This 20 Ton hydraulic cylinder is a double acting telescopic hydraulic cylinder that is new with a 1-year warranty. It is suitable for use in various industries including machinery repair shops, farms, energy and mining, machinery manufacturing, and machinery factories. Product Specifications The hydraulic cylinder weighs [&hellip;]<\/p>","protected":false},"featured_media":6758,"comment_status":"closed","ping_status":"closed","template":"","meta":{"_et_pb_use_builder":"","_et_pb_old_content":"","_et_gb_content_width":""},"product_brand":[],"product_cat":[103],"product_tag":[34,105],"class_list":{"0":"post-6648","1":"product","2":"type-product","3":"status-publish","4":"has-post-thumbnail","6":"product_cat-telescopic-hydraulic-cylinders","7":"product_tag-hydraulic-cylinder","8":"product_tag-telescopic-hydraulic-cylinders","10":"first","11":"instock","12":"product-type-simple"},"_links":{"self":[{"href":"https:\/\/fmp-components.com\/fr\/wp-json\/wp\/v2\/product\/6648","targetHints":{"allow":["GET"]}}],"collection":[{"href":"https:\/\/fmp-components.com\/fr\/wp-json\/wp\/v2\/product"}],"about":[{"href":"https:\/\/fmp-components.com\/fr\/wp-json\/wp\/v2\/types\/product"}],"replies":[{"embeddable":true,"href":"https:\/\/fmp-components.com\/fr\/wp-json\/wp\/v2\/comments?post=6648"}],"wp:featuredmedia":[{"embeddable":true,"href":"https:\/\/fmp-components.com\/fr\/wp-json\/wp\/v2\/media\/6758"}],"wp:attachment":[{"href":"https:\/\/fmp-components.com\/fr\/wp-json\/wp\/v2\/media?parent=6648"}],"wp:term":[{"taxonomy":"product_brand","embeddable":true,"href":"https:\/\/fmp-components.com\/fr\/wp-json\/wp\/v2\/product_brand?post=6648"},{"taxonomy":"product_cat","embeddable":true,"href":"https:\/\/fmp-components.com\/fr\/wp-json\/wp\/v2\/product_cat?post=6648"},{"taxonomy":"product_tag","embeddable":true,"href":"https:\/\/fmp-components.com\/fr\/wp-json\/wp\/v2\/product_tag?post=6648"}],"curies":[{"name":"wp","href":"https:\/\/api.w.org\/{rel}","templated":true}]}}